{"id":6686,"date":"2025-08-28T06:44:51","date_gmt":"2025-08-28T06:44:51","guid":{"rendered":"https:\/\/dersuessestopp.com\/?post_type=product&#038;p=6686"},"modified":"2025-08-28T06:44:51","modified_gmt":"2025-08-28T06:44:51","slug":"stroj-za-slush-model-xsc-3-3-spremnika-od-15l-svaki-s-led-svjetlom","status":"publish","type":"product","link":"https:\/\/dersuessestopp.com\/hr\/product\/slush-machine-model-xsc-3-3-tanks-15l-each-with-led-light\/","title":{"rendered":"Stroj za bljuzgavicu \u2013 Model XSC-3 (3 spremnika, 15 l svaki, s LED svjetlom)"},"content":{"rendered":"<p data-start=\"253\" data-end=\"621\">The <strong data-start=\"257\" data-end=\"280\">XSC-3 stroj za bljuzganje<\/strong> je ultimativni izbor za poslu\u017eivanje pi\u0107a velike koli\u010dine. S <strong data-start=\"343\" data-end=\"367\">tri spremnika od 15 litara<\/strong> i <strong data-start=\"372\" data-end=\"399\">integrirana LED rasvjeta<\/strong>, nudi maksimalni kapacitet, vi\u0161e opcija okusa i privla\u010dnu prezentaciju. Dizajniran za restorane, kafi\u0107e, barove, zabavne parkove i velike doga\u0111aje, ovaj stroj osigurava vrhunske performanse i privla\u010dnost za kupce.<\/p>\n<h4 data-start=\"623\" data-end=\"642\">Klju\u010dne zna\u010dajke<\/h4>\n<ul data-start=\"643\" data-end=\"1309\">\n<li data-start=\"643\" data-end=\"755\">\n<p data-start=\"645\" data-end=\"755\"><strong data-start=\"645\" data-end=\"662\">LED rasvjeta:<\/strong> Stvara atraktivan izlo\u017ebeni prostor koji isti\u010de va\u0161a pi\u0107a i privla\u010di pa\u017enju kupaca.<\/p>\n<\/li>\n<li data-start=\"756\" data-end=\"846\">\n<p data-start=\"758\" data-end=\"846\"><strong data-start=\"758\" data-end=\"783\">Kapacitet trostrukog spremnika:<\/strong> Tri spremnika od 15 litara omogu\u0107uju vam poslu\u017eivanje vi\u0161e okusa odjednom.<\/p>\n<\/li>\n<li data-start=\"847\" data-end=\"932\">\n<p data-start=\"849\" data-end=\"932\"><strong data-start=\"849\" data-end=\"870\">Visoke performanse:<\/strong> Motor od 900 W s sna\u017enim hla\u0111enjem, napravljen za te\u0161ke uvjete rada.<\/p>\n<\/li>\n<li data-start=\"933\" data-end=\"1044\">\n<p data-start=\"935\" data-end=\"1044\"><strong data-start=\"935\" data-end=\"964\">Fleksibilne opcije napona:<\/strong> Kompatibilno s 220V\/50Hz, 60Hz i 110V\/60Hz \u2013 pogodno za globalna tr\u017ei\u0161ta.<\/p>\n<\/li>\n<li data-start=\"1045\" data-end=\"1126\">\n<p data-start=\"1047\" data-end=\"1126\"><strong data-start=\"1047\" data-end=\"1067\">Optimalno hla\u0111enje:<\/strong> Odr\u017eava <strong data-start=\"1078\" data-end=\"1094\">-1\u00b0C do -4\u00b0C<\/strong> za konzistentnu teksturu ka\u0161e.<\/p>\n<\/li>\n<li data-start=\"1127\" data-end=\"1217\">\n<p data-start=\"1129\" data-end=\"1217\"><strong data-start=\"1129\" data-end=\"1154\">Izdr\u017eljiva konstrukcija:<\/strong> Izra\u0111en od robusnih materijala za dugotrajnu komercijalnu upotrebu.<\/p>\n<\/li>\n<li data-start=\"1218\" data-end=\"1309\">\n<p data-start=\"1220\" data-end=\"1309\"><strong data-start=\"1220\" data-end=\"1253\">Veliki kapacitet, pametan dizajn:<\/strong> Unato\u010d svojoj veli\u010dini, lijepo se uklapa na ve\u0107inu radnih povr\u0161ina.<\/p>\n<\/li>\n<\/ul>\n<h4 data-start=\"1311\" data-end=\"1330\">Primjene<\/h4>\n<p data-start=\"1331\" data-end=\"1360\">The <strong data-start=\"1335\" data-end=\"1344\">XSC-3<\/strong> idealan je za:<\/p>\n<ul data-start=\"1361\" data-end=\"1436\">\n<li data-start=\"1361\" data-end=\"1380\">\n<p data-start=\"1363\" data-end=\"1380\">Ledena ka\u0161a i granit<\/p>\n<\/li>\n<li data-start=\"1381\" data-end=\"1401\">\n<p data-start=\"1383\" data-end=\"1401\">Smrznuti kokteli<\/p>\n<\/li>\n<li data-start=\"1402\" data-end=\"1436\">\n<p data-start=\"1404\" data-end=\"1436\">Milkshakeovi i hladna pi\u0107a<\/p>\n<\/li>\n<\/ul>\n<h4 data-start=\"1438\" data-end=\"1466\">Kvaliteta i pouzdanost<\/h4>\n<p data-start=\"1467\" data-end=\"1681\">Dizajniran za okru\u017eenja s velikim zahtjevima, XSC-3 kombinira <strong data-start=\"1528\" data-end=\"1579\">visoki kapacitet, izdr\u017eljivost i LED prezentacija<\/strong> pru\u017eiti performanse i stil u jednom. Vrhunsko rje\u0161enje za svaki profesionalni posao s pi\u0107ima.<\/p>\n<h4 data-start=\"1438\" data-end=\"1466\">Specifikacija<\/h4>\n<table>\n<thead>\n<tr>\n<th><strong>Model<\/strong><\/th>\n<th><strong>XSC-3 (s LED svjetlom)<\/strong><\/th>\n<\/tr>\n<\/thead>\n<tbody>\n<tr>\n<td><strong>Kapacitet<\/strong><\/td>\n<td>3 \u00d7 15L<\/td>\n<\/tr>\n<tr>\n<td><strong>Napon<\/strong><\/td>\n<td>220 V \/ 50 Hz, 60 Hz \/ 110 V 60 Hz<\/td>\n<\/tr>\n<tr>\n<td><strong>Vlast<\/strong><\/td>\n<td>900 W<\/td>\n<\/tr>\n<tr>\n<td><strong>Temperatura hla\u0111enja<\/strong><\/td>\n<td>-1\u00b0C ~ -4\u00b0C<\/td>\n<\/tr>\n<tr>\n<td><strong>Neto dimenzije (\u0160 \u00d7 D \u00d7 V)<\/strong><\/td>\n<td>545 \u00d7 475 \u00d7 720 mm<\/td>\n<\/tr>\n<tr>\n<td><strong>Dimenzije pakiranja (\u0160 \u00d7 D \u00d7 V)<\/strong><\/td>\n<td>615 \u00d7 545 \u00d7 800 mm<\/td>\n<\/tr>\n<tr>\n<td><strong>Neto te\u017eina (NW)<\/strong><\/td>\n<td>53 kg<\/td>\n<\/tr>\n<tr>\n<td><strong>Bruto te\u017eina (GW)<\/strong><\/td>\n<td>70 kg<\/td>\n<\/tr>\n<\/tbody>\n<\/table>","protected":false},"excerpt":{"rendered":"<p>The XSC-3 Slush Machine is the ultimate choice for high-volume beverage service. With three 15-liter tanks and integrated LED lighting, it offers maximum capacity, multiple flavor options, and an eye-catching presentation. Designed for restaurants, caf\u00e9s, bars, amusement parks, and large events, this machine ensures top performance and customer appeal. Key Features LED Lighting: Creates an [&hellip;]<\/p>\n","protected":false},"featured_media":6689,"comment_status":"open","ping_status":"closed","template":"","meta":[],"product_brand":[],"product_cat":[34],"product_tag":[],"class_list":{"0":"post-6686","1":"product","2":"type-product","3":"status-publish","4":"has-post-thumbnail","6":"product_cat-slush-machines","8":"first","9":"instock","10":"shipping-taxable","11":"product-type-simple"},"_links":{"self":[{"href":"https:\/\/dersuessestopp.com\/hr\/wp-json\/wp\/v2\/product\/6686","targetHints":{"allow":["GET"]}}],"collection":[{"href":"https:\/\/dersuessestopp.com\/hr\/wp-json\/wp\/v2\/product"}],"about":[{"href":"https:\/\/dersuessestopp.com\/hr\/wp-json\/wp\/v2\/types\/product"}],"replies":[{"embeddable":true,"href":"https:\/\/dersuessestopp.com\/hr\/wp-json\/wp\/v2\/comments?post=6686"}],"version-history":[{"count":1,"href":"https:\/\/dersuessestopp.com\/hr\/wp-json\/wp\/v2\/product\/6686\/revisions"}],"predecessor-version":[{"id":6690,"href":"https:\/\/dersuessestopp.com\/hr\/wp-json\/wp\/v2\/product\/6686\/revisions\/6690"}],"wp:featuredmedia":[{"embeddable":true,"href":"https:\/\/dersuessestopp.com\/hr\/wp-json\/wp\/v2\/media\/6689"}],"wp:attachment":[{"href":"https:\/\/dersuessestopp.com\/hr\/wp-json\/wp\/v2\/media?parent=6686"}],"wp:term":[{"taxonomy":"product_brand","embeddable":true,"href":"https:\/\/dersuessestopp.com\/hr\/wp-json\/wp\/v2\/product_brand?post=6686"},{"taxonomy":"product_cat","embeddable":true,"href":"https:\/\/dersuessestopp.com\/hr\/wp-json\/wp\/v2\/product_cat?post=6686"},{"taxonomy":"product_tag","embeddable":true,"href":"https:\/\/dersuessestopp.com\/hr\/wp-json\/wp\/v2\/product_tag?post=6686"}],"curies":[{"name":"wp","href":"https:\/\/api.w.org\/{rel}","templated":true}]}}