{"id":6673,"date":"2025-08-28T06:31:57","date_gmt":"2025-08-28T06:31:57","guid":{"rendered":"https:\/\/dersuessestopp.com\/?post_type=product&#038;p=6673"},"modified":"2025-08-28T06:31:57","modified_gmt":"2025-08-28T06:31:57","slug":"stroj-za-bljuzgavicu-model-xsc-2-2-spremnika-od-15l-svaki-s-led-svjetlom","status":"publish","type":"product","link":"https:\/\/dersuessestopp.com\/hr\/product\/slush-machine-model-xsc-2-2-tanks-15l-each-with-led-light\/","title":{"rendered":"Stroj za bljuzgavicu \u2013 Model XSC-2 (2 spremnika, 15 l svaki, s LED svjetlom)"},"content":{"rendered":"<p data-start=\"221\" data-end=\"552\">The <strong data-start=\"225\" data-end=\"248\">XSC-2 stroj za bljuzganje<\/strong> nudi savr\u0161enu ravnote\u017eu kapaciteta i prezentacije. S <strong data-start=\"311\" data-end=\"333\">dva spremnika od 15 litara<\/strong> i <strong data-start=\"338\" data-end=\"365\">integrirana LED rasvjeta<\/strong>, omogu\u0107uje vam poslu\u017eivanje vi\u0161e okusa uz stvaranje privla\u010dnog izgleda. Dizajniran za kafi\u0107e, barove, restorane i mjesta za doga\u0111anja, ovaj model osigurava i performanse i stil.<\/p>\n<h4 data-start=\"554\" data-end=\"573\">Klju\u010dne zna\u010dajke<\/h4>\n<ul data-start=\"574\" data-end=\"1252\">\n<li data-start=\"574\" data-end=\"676\">\n<p data-start=\"576\" data-end=\"676\"><strong data-start=\"576\" data-end=\"593\">LED rasvjeta:<\/strong> Pove\u0107ava vidljivost i privla\u010dnost va\u0161ih pi\u0107a, privla\u010de\u0107i vi\u0161e kupaca.<\/p>\n<\/li>\n<li data-start=\"677\" data-end=\"764\">\n<p data-start=\"679\" data-end=\"764\"><strong data-start=\"679\" data-end=\"702\">Kapacitet dvostrukog spremnika:<\/strong> Dva spremnika od 15 litara za istovremeno poslu\u017eivanje razli\u010ditih okusa.<\/p>\n<\/li>\n<li data-start=\"765\" data-end=\"854\">\n<p data-start=\"767\" data-end=\"854\"><strong data-start=\"767\" data-end=\"792\">Sna\u017ene performanse:<\/strong> Motor od 700 W s u\u010dinkovitim hla\u0111enjem za kontinuirani rad.<\/p>\n<\/li>\n<li data-start=\"855\" data-end=\"964\">\n<p data-start=\"857\" data-end=\"964\"><strong data-start=\"857\" data-end=\"886\">Fleksibilne opcije napona:<\/strong> Radi s 220V\/50Hz, 60Hz i 110V\/60Hz \u2013 pogodno za me\u0111unarodnu upotrebu.<\/p>\n<\/li>\n<li data-start=\"965\" data-end=\"1071\">\n<p data-start=\"967\" data-end=\"1071\"><strong data-start=\"967\" data-end=\"987\">Optimalno hla\u0111enje:<\/strong> Odr\u017eava konzistentan raspon <strong data-start=\"1020\" data-end=\"1036\">-1\u00b0C do -4\u00b0C<\/strong>, osiguravaju\u0107i savr\u0161enu teksturu ka\u0161e.<\/p>\n<\/li>\n<li data-start=\"1072\" data-end=\"1162\">\n<p data-start=\"1074\" data-end=\"1162\"><strong data-start=\"1074\" data-end=\"1092\">Izdr\u017eljiva konstrukcija:<\/strong> Izra\u0111en od visokokvalitetnih materijala za svakodnevnu profesionalnu upotrebu.<\/p>\n<\/li>\n<li data-start=\"1163\" data-end=\"1252\">\n<p data-start=\"1165\" data-end=\"1252\"><strong data-start=\"1165\" data-end=\"1187\">Kompaktni otisak:<\/strong> Unato\u010d dvostrukom kapacitetu, savr\u0161eno se uklapa na ve\u0107inu radnih povr\u0161ina.<\/p>\n<\/li>\n<\/ul>\n<h4 data-start=\"1254\" data-end=\"1273\">Primjene<\/h4>\n<p data-start=\"1274\" data-end=\"1325\">The <strong data-start=\"1278\" data-end=\"1287\">XSC-2<\/strong> idealno je za pripremu i poslu\u017eivanje:<\/p>\n<ul data-start=\"1326\" data-end=\"1407\">\n<li data-start=\"1326\" data-end=\"1345\">\n<p data-start=\"1328\" data-end=\"1345\">Ledena ka\u0161a i granit<\/p>\n<\/li>\n<li data-start=\"1346\" data-end=\"1366\">\n<p data-start=\"1348\" data-end=\"1366\">Smrznuti kokteli<\/p>\n<\/li>\n<li data-start=\"1367\" data-end=\"1407\">\n<p data-start=\"1369\" data-end=\"1407\">Milkshakeovi i ostala hladna pi\u0107a<\/p>\n<\/li>\n<\/ul>\n<h4 data-start=\"1409\" data-end=\"1437\">Kvaliteta i pouzdanost<\/h4>\n<p data-start=\"1438\" data-end=\"1629\">Kombiniraju\u0107i veliki kapacitet, pouzdano hla\u0111enje i atraktivnu LED prezentaciju, XSC-2 je dizajniran za dugotrajne performanse, a istovremeno dodaje da\u0161ak stila va\u0161oj usluzi pi\u0107a.<\/p>\n<h4 data-start=\"1409\" data-end=\"1437\">Specifikacija<\/h4>\n<table>\n<thead>\n<tr>\n<th><strong>Model<\/strong><\/th>\n<th><strong>XSC-2 (s LED svjetlom)<\/strong><\/th>\n<\/tr>\n<\/thead>\n<tbody>\n<tr>\n<td><strong>Kapacitet<\/strong><\/td>\n<td>2 \u00d7 15L<\/td>\n<\/tr>\n<tr>\n<td><strong>Napon<\/strong><\/td>\n<td>220 V \/ 50 Hz, 60 Hz \/ 110 V 60 Hz<\/td>\n<\/tr>\n<tr>\n<td><strong>Vlast<\/strong><\/td>\n<td>700 W<\/td>\n<\/tr>\n<tr>\n<td><strong>Temperatura hla\u0111enja<\/strong><\/td>\n<td>-1\u00b0C ~ -4\u00b0C<\/td>\n<\/tr>\n<tr>\n<td><strong>Neto dimenzije (\u0160 \u00d7 D \u00d7 V)<\/strong><\/td>\n<td>365 \u00d7 475 \u00d7 720 mm<\/td>\n<\/tr>\n<tr>\n<td><strong>Dimenzije pakiranja (\u0160 \u00d7 D \u00d7 V)<\/strong><\/td>\n<td>435 \u00d7 545 \u00d7 800 mm<\/td>\n<\/tr>\n<tr>\n<td><strong>Neto te\u017eina (NW)<\/strong><\/td>\n<td>40 kg<\/td>\n<\/tr>\n<tr>\n<td><strong>Bruto te\u017eina (GW)<\/strong><\/td>\n<td>50 kg<\/td>\n<\/tr>\n<\/tbody>\n<\/table>","protected":false},"excerpt":{"rendered":"<p>The XSC-2 Slush Machine offers the perfect balance of capacity and presentation. With two 15-liter tanks and integrated LED lighting, it allows you to serve multiple flavors while creating an eye-catching display. Designed for caf\u00e9s, bars, restaurants, and event venues, this model ensures both performance and style. Key Features LED Lighting: Enhances the visibility and [&hellip;]<\/p>\n","protected":false},"featured_media":6677,"comment_status":"open","ping_status":"closed","template":"","meta":[],"product_brand":[],"product_cat":[34],"product_tag":[],"class_list":{"0":"post-6673","1":"product","2":"type-product","3":"status-publish","4":"has-post-thumbnail","6":"product_cat-slush-machines","8":"first","9":"instock","10":"shipping-taxable","11":"product-type-simple"},"_links":{"self":[{"href":"https:\/\/dersuessestopp.com\/hr\/wp-json\/wp\/v2\/product\/6673","targetHints":{"allow":["GET"]}}],"collection":[{"href":"https:\/\/dersuessestopp.com\/hr\/wp-json\/wp\/v2\/product"}],"about":[{"href":"https:\/\/dersuessestopp.com\/hr\/wp-json\/wp\/v2\/types\/product"}],"replies":[{"embeddable":true,"href":"https:\/\/dersuessestopp.com\/hr\/wp-json\/wp\/v2\/comments?post=6673"}],"version-history":[{"count":1,"href":"https:\/\/dersuessestopp.com\/hr\/wp-json\/wp\/v2\/product\/6673\/revisions"}],"predecessor-version":[{"id":6678,"href":"https:\/\/dersuessestopp.com\/hr\/wp-json\/wp\/v2\/product\/6673\/revisions\/6678"}],"wp:featuredmedia":[{"embeddable":true,"href":"https:\/\/dersuessestopp.com\/hr\/wp-json\/wp\/v2\/media\/6677"}],"wp:attachment":[{"href":"https:\/\/dersuessestopp.com\/hr\/wp-json\/wp\/v2\/media?parent=6673"}],"wp:term":[{"taxonomy":"product_brand","embeddable":true,"href":"https:\/\/dersuessestopp.com\/hr\/wp-json\/wp\/v2\/product_brand?post=6673"},{"taxonomy":"product_cat","embeddable":true,"href":"https:\/\/dersuessestopp.com\/hr\/wp-json\/wp\/v2\/product_cat?post=6673"},{"taxonomy":"product_tag","embeddable":true,"href":"https:\/\/dersuessestopp.com\/hr\/wp-json\/wp\/v2\/product_tag?post=6673"}],"curies":[{"name":"wp","href":"https:\/\/api.w.org\/{rel}","templated":true}]}}