{"id":6668,"date":"2025-08-28T06:22:58","date_gmt":"2025-08-28T06:22:58","guid":{"rendered":"https:\/\/dersuessestopp.com\/?post_type=product&#038;p=6668"},"modified":"2025-08-28T06:38:54","modified_gmt":"2025-08-28T06:38:54","slug":"stroj-za-slush-model-xsc-1-1-spremnik-15l-s-led-svjetlom","status":"publish","type":"product","link":"https:\/\/dersuessestopp.com\/hr\/product\/slush-machine-model-xsc-1-1-tank-15l-with-led-light\/","title":{"rendered":"Stroj za bljuzgavicu \u2013 Model XSC-1 (1 spremnik, 15 l, s LED svjetlom)"},"content":{"rendered":"<p data-start=\"229\" data-end=\"536\">The <strong data-start=\"233\" data-end=\"256\">XSC-1 Stroj za bljuzganje<\/strong> je savr\u0161eno rje\u0161enje za tvrtke koje \u017eele stil i performanse u jednom. S <strong data-start=\"343\" data-end=\"360\">Spremnik od 15 litara<\/strong> i <strong data-start=\"365\" data-end=\"392\">integrirana LED rasvjeta<\/strong>, ovaj model osigurava ne samo u\u010dinkovito hla\u0111enje pi\u0107a ve\u0107 i atraktivnu prezentaciju \u2013 idealno za kafi\u0107e, barove, restorane i doga\u0111anja.<\/p>\n<h4 data-start=\"538\" data-end=\"557\">Klju\u010dne zna\u010dajke<\/h4>\n<ul data-start=\"558\" data-end=\"1254\">\n<li data-start=\"558\" data-end=\"674\">\n<p data-start=\"560\" data-end=\"674\"><strong data-start=\"560\" data-end=\"581\">LED osvjetljenje:<\/strong> Pobolj\u0161ava vizualnu privla\u010dnost va\u0161ih pi\u0107a, \u010dine\u0107i ih privla\u010dnijima za kupce.<\/p>\n<\/li>\n<li data-start=\"675\" data-end=\"747\">\n<p data-start=\"677\" data-end=\"747\"><strong data-start=\"677\" data-end=\"696\">Veliki kapacitet:<\/strong> Jedan spremnik od 15 litara, idealan za srednju potra\u017enju.<\/p>\n<\/li>\n<li data-start=\"748\" data-end=\"844\">\n<p data-start=\"750\" data-end=\"844\"><strong data-start=\"750\" data-end=\"776\">U\u010dinkovite performanse:<\/strong> Motor od 500 W s pouzdanim sustavom hla\u0111enja za dosljedne rezultate.<\/p>\n<\/li>\n<li data-start=\"845\" data-end=\"952\">\n<p data-start=\"847\" data-end=\"952\"><strong data-start=\"847\" data-end=\"876\">Fleksibilne opcije napona:<\/strong> Podr\u017eava 220V\/50Hz, 60Hz i 110V\/60Hz \u2013 pogodno za me\u0111unarodnu upotrebu.<\/p>\n<\/li>\n<li data-start=\"953\" data-end=\"1062\">\n<p data-start=\"955\" data-end=\"1062\"><strong data-start=\"955\" data-end=\"975\">Optimalno hla\u0111enje:<\/strong> Odr\u017eava temperaturni raspon <strong data-start=\"1009\" data-end=\"1025\">-1\u00b0C do -4\u00b0C<\/strong>, pru\u017eaju\u0107i savr\u0161enu teksturu ledene ka\u0161e.<\/p>\n<\/li>\n<li data-start=\"1063\" data-end=\"1157\">\n<p data-start=\"1065\" data-end=\"1157\"><strong data-start=\"1065\" data-end=\"1090\">Izdr\u017eljiva konstrukcija:<\/strong> Dizajniran od visokokvalitetnih materijala za profesionalnu svakodnevnu upotrebu.<\/p>\n<\/li>\n<li data-start=\"1158\" data-end=\"1254\">\n<p data-start=\"1160\" data-end=\"1254\"><strong data-start=\"1160\" data-end=\"1185\">Kompaktan, a opet mo\u0107an:<\/strong> Lako se uklapa u ve\u0107inu radnih prostora bez \u017ertvovanja kapaciteta.<\/p>\n<\/li>\n<\/ul>\n<h4 data-start=\"1256\" data-end=\"1275\">Primjene<\/h4>\n<p data-start=\"1276\" data-end=\"1315\">The <strong data-start=\"1280\" data-end=\"1289\">XSC-1<\/strong> idealno je za poslu\u017eivanje:<\/p>\n<ul data-start=\"1316\" data-end=\"1391\">\n<li data-start=\"1316\" data-end=\"1335\">\n<p data-start=\"1318\" data-end=\"1335\">Ledena ka\u0161a i granit<\/p>\n<\/li>\n<li data-start=\"1336\" data-end=\"1356\">\n<p data-start=\"1338\" data-end=\"1356\">Smrznuti kokteli<\/p>\n<\/li>\n<li data-start=\"1357\" data-end=\"1391\">\n<p data-start=\"1359\" data-end=\"1391\">Milkshakeovi i hladna pi\u0107a<\/p>\n<\/li>\n<\/ul>\n<h4 data-start=\"1393\" data-end=\"1421\">Kvaliteta i pouzdanost<\/h4>\n<p data-start=\"1422\" data-end=\"1602\">Svojom LED prezentacijom i robusnom konstrukcijom, XSC-1 kombinira performanse s estetikom, \u0161to ga \u010dini pametnim izborom za mjesta koja cijene i funkcionalnost i privla\u010dnost za kupce.<\/p>\n<h4 data-start=\"1393\" data-end=\"1421\">Specifikacija<\/h4>\n<table>\n<thead>\n<tr>\n<th><strong>Model<\/strong><\/th>\n<th><strong>XSC-1 (s LED svjetlom)<\/strong><\/th>\n<\/tr>\n<\/thead>\n<tbody>\n<tr>\n<td><strong>Kapacitet<\/strong><\/td>\n<td>1 \u00d7 15 l<\/td>\n<\/tr>\n<tr>\n<td><strong>Napon<\/strong><\/td>\n<td>220 V \/ 50 Hz, 60 Hz \/ 110 V 60 Hz<\/td>\n<\/tr>\n<tr>\n<td><strong>Vlast<\/strong><\/td>\n<td>500 W<\/td>\n<\/tr>\n<tr>\n<td><strong>Temperatura hla\u0111enja<\/strong><\/td>\n<td>-1\u00b0C ~ -4\u00b0C<\/td>\n<\/tr>\n<tr>\n<td><strong>Neto dimenzije (\u0160 \u00d7 D \u00d7 V)<\/strong><\/td>\n<td>305 \u00d7 475 \u00d7 720 mm<\/td>\n<\/tr>\n<tr>\n<td><strong>Dimenzije pakiranja (\u0160 \u00d7 D \u00d7 V)<\/strong><\/td>\n<td>375 \u00d7 545 \u00d7 800 mm<\/td>\n<\/tr>\n<tr>\n<td><strong>Neto te\u017eina (NW)<\/strong><\/td>\n<td>28 kg<\/td>\n<\/tr>\n<tr>\n<td><strong>Bruto te\u017eina (GW)<\/strong><\/td>\n<td>40 kg<\/td>\n<\/tr>\n<\/tbody>\n<\/table>","protected":false},"excerpt":{"rendered":"<p>The XSC-1 Slush Machine is the perfect solution for businesses that want style and performance in one. With a 15-liter tank and integrated LED lighting, this model ensures not only efficient beverage cooling but also an attractive presentation \u2013 ideal for caf\u00e9s, bars, restaurants, and events. Key Features LED Illumination: Enhances the visual appeal of [&hellip;]<\/p>\n","protected":false},"featured_media":6671,"comment_status":"open","ping_status":"closed","template":"","meta":[],"product_brand":[],"product_cat":[34],"product_tag":[],"class_list":{"0":"post-6668","1":"product","2":"type-product","3":"status-publish","4":"has-post-thumbnail","6":"product_cat-slush-machines","8":"first","9":"instock","10":"shipping-taxable","11":"product-type-simple"},"_links":{"self":[{"href":"https:\/\/dersuessestopp.com\/hr\/wp-json\/wp\/v2\/product\/6668","targetHints":{"allow":["GET"]}}],"collection":[{"href":"https:\/\/dersuessestopp.com\/hr\/wp-json\/wp\/v2\/product"}],"about":[{"href":"https:\/\/dersuessestopp.com\/hr\/wp-json\/wp\/v2\/types\/product"}],"replies":[{"embeddable":true,"href":"https:\/\/dersuessestopp.com\/hr\/wp-json\/wp\/v2\/comments?post=6668"}],"version-history":[{"count":1,"href":"https:\/\/dersuessestopp.com\/hr\/wp-json\/wp\/v2\/product\/6668\/revisions"}],"predecessor-version":[{"id":6672,"href":"https:\/\/dersuessestopp.com\/hr\/wp-json\/wp\/v2\/product\/6668\/revisions\/6672"}],"wp:featuredmedia":[{"embeddable":true,"href":"https:\/\/dersuessestopp.com\/hr\/wp-json\/wp\/v2\/media\/6671"}],"wp:attachment":[{"href":"https:\/\/dersuessestopp.com\/hr\/wp-json\/wp\/v2\/media?parent=6668"}],"wp:term":[{"taxonomy":"product_brand","embeddable":true,"href":"https:\/\/dersuessestopp.com\/hr\/wp-json\/wp\/v2\/product_brand?post=6668"},{"taxonomy":"product_cat","embeddable":true,"href":"https:\/\/dersuessestopp.com\/hr\/wp-json\/wp\/v2\/product_cat?post=6668"},{"taxonomy":"product_tag","embeddable":true,"href":"https:\/\/dersuessestopp.com\/hr\/wp-json\/wp\/v2\/product_tag?post=6668"}],"curies":[{"name":"wp","href":"https:\/\/api.w.org\/{rel}","templated":true}]}}