{"id":6661,"date":"2025-08-28T06:17:12","date_gmt":"2025-08-28T06:17:12","guid":{"rendered":"https:\/\/dersuessestopp.com\/?post_type=product&#038;p=6661"},"modified":"2025-08-28T06:17:12","modified_gmt":"2025-08-28T06:17:12","slug":"stroj-za-slush-model-sc-3-3-spremnika-po-12l","status":"publish","type":"product","link":"https:\/\/dersuessestopp.com\/hr\/product\/slush-machine-model-sc-3-3-tanks-12l-each\/","title":{"rendered":"Stroj za bljuzgavicu \u2013 Model SC-3 (3 spremnika, 12 l svaki)"},"content":{"rendered":"<p data-start=\"228\" data-end=\"563\">\u017delite li poslu\u017eiti \u0161irok izbor okusa s velikim kapacitetom? <strong data-start=\"292\" data-end=\"314\">SC-3 Stroj za bljuzganje<\/strong> je napravljen za prometna mjesta kojima su potrebne performanse i svestranost. S <strong data-start=\"384\" data-end=\"408\">tri spremnika od 12 litara<\/strong>, omogu\u0107uje vam pripremu i poslu\u017eivanje vi\u0161e okusa istovremeno - \u0161to ga \u010dini idealnim za restorane, kafi\u0107e, barove, zabavne parkove i velike doga\u0111aje.<\/p>\n<h4 data-start=\"565\" data-end=\"584\">Klju\u010dne zna\u010dajke<\/h4>\n<ul data-start=\"585\" data-end=\"1143\">\n<li data-start=\"585\" data-end=\"669\">\n<p data-start=\"587\" data-end=\"669\"><strong data-start=\"587\" data-end=\"610\">Dizajn s tri spremnika:<\/strong> Tri spremnika od 12 litara za maksimalni kapacitet i raznolikost okusa.<\/p>\n<\/li>\n<li data-start=\"670\" data-end=\"752\">\n<p data-start=\"672\" data-end=\"752\"><strong data-start=\"672\" data-end=\"693\">Visoke performanse:<\/strong> Motor od 900 W s mo\u0107nim i u\u010dinkovitim sustavom hla\u0111enja.<\/p>\n<\/li>\n<li data-start=\"753\" data-end=\"862\">\n<p data-start=\"755\" data-end=\"862\"><strong data-start=\"755\" data-end=\"784\">Fleksibilne opcije napona:<\/strong> Radi s 220V\/50Hz, 60Hz i 110V\/60Hz \u2013 pogodno za me\u0111unarodnu upotrebu.<\/p>\n<\/li>\n<li data-start=\"863\" data-end=\"956\">\n<p data-start=\"865\" data-end=\"956\"><strong data-start=\"865\" data-end=\"885\">Optimalno hla\u0111enje:<\/strong> Temperaturni raspon od <strong data-start=\"907\" data-end=\"923\">-1\u00b0C do -4\u00b0C<\/strong> za savr\u0161enu konzistenciju ka\u0161e.<\/p>\n<\/li>\n<li data-start=\"957\" data-end=\"1043\">\n<p data-start=\"959\" data-end=\"1043\"><strong data-start=\"959\" data-end=\"982\">Izdr\u017eljiv i pouzdan:<\/strong> Izra\u0111en od visokokvalitetnih materijala za intenzivnu svakodnevnu upotrebu.<\/p>\n<\/li>\n<li data-start=\"1044\" data-end=\"1143\">\n<p data-start=\"1046\" data-end=\"1143\"><strong data-start=\"1046\" data-end=\"1079\">Prostorno u\u010dinkovit za svoju veli\u010dinu:<\/strong> Unato\u010d svom kapacitetu, lijepo se uklapa na standardne radne plo\u010de.<\/p>\n<\/li>\n<\/ul>\n<h4 data-start=\"1145\" data-end=\"1164\">Primjene<\/h4>\n<p data-start=\"1165\" data-end=\"1203\">The <strong data-start=\"1169\" data-end=\"1177\">SC-3<\/strong> idealno je za poslu\u017eivanje:<\/p>\n<ul data-start=\"1204\" data-end=\"1279\">\n<li data-start=\"1204\" data-end=\"1223\">\n<p data-start=\"1206\" data-end=\"1223\">Ledena ka\u0161a i granit<\/p>\n<\/li>\n<li data-start=\"1224\" data-end=\"1244\">\n<p data-start=\"1226\" data-end=\"1244\">Smrznuti kokteli<\/p>\n<\/li>\n<li data-start=\"1245\" data-end=\"1279\">\n<p data-start=\"1247\" data-end=\"1279\">Milkshakeovi i hladna pi\u0107a<\/p>\n<\/li>\n<\/ul>\n<h4 data-start=\"1281\" data-end=\"1309\">Kvaliteta i pouzdanost<\/h4>\n<p data-start=\"1310\" data-end=\"1515\">Projektiran za te\u0161ku komercijalnu upotrebu, SC-3 kombinira robusnu konstrukciju s jednostavnim odr\u017eavanjem i dugotrajnim performansama. Savr\u0161eno rje\u0161enje za tvrtke kojima je potrebno oboje <strong data-start=\"1488\" data-end=\"1512\">kapacitet i raznolikost<\/strong>.<\/p>\n<h4 data-start=\"1281\" data-end=\"1309\">Specifikacija<\/h4>\n<table>\n<thead>\n<tr>\n<th><strong>Model<\/strong><\/th>\n<th><strong>SC-3<\/strong><\/th>\n<\/tr>\n<\/thead>\n<tbody>\n<tr>\n<td><strong>Kapacitet<\/strong><\/td>\n<td>3 \u00d7 12 l<\/td>\n<\/tr>\n<tr>\n<td><strong>Napon<\/strong><\/td>\n<td>220 V \/ 50 Hz, 60 Hz \/ 110 V 60 Hz<\/td>\n<\/tr>\n<tr>\n<td><strong>Vlast<\/strong><\/td>\n<td>900 W<\/td>\n<\/tr>\n<tr>\n<td><strong>Temperatura hla\u0111enja<\/strong><\/td>\n<td>-1\u00b0C ~ -4\u00b0C<\/td>\n<\/tr>\n<tr>\n<td><strong>Neto dimenzije (\u0160 \u00d7 D \u00d7 V)<\/strong><\/td>\n<td>545 \u00d7 475 \u00d7 700 mm<\/td>\n<\/tr>\n<tr>\n<td><strong>Dimenzije pakiranja (\u0160 \u00d7 D \u00d7 V)<\/strong><\/td>\n<td>615 \u00d7 545 \u00d7 735 mm<\/td>\n<\/tr>\n<tr>\n<td><strong>Neto te\u017eina (NW)<\/strong><\/td>\n<td>53 kg<\/td>\n<\/tr>\n<tr>\n<td><strong>Bruto te\u017eina (GW)<\/strong><\/td>\n<td>70 kg<\/td>\n<\/tr>\n<\/tbody>\n<\/table>","protected":false},"excerpt":{"rendered":"<p>Want to serve a wide variety of flavors with high capacity? The SC-3 Slush Machine is built for busy venues that need performance and versatility. With three 12-liter tanks, it allows you to prepare and serve multiple flavors at the same time \u2013 making it ideal for restaurants, caf\u00e9s, bars, amusement parks, and large events. [&hellip;]<\/p>\n","protected":false},"featured_media":6665,"comment_status":"open","ping_status":"closed","template":"","meta":[],"product_brand":[],"product_cat":[34],"product_tag":[],"class_list":{"0":"post-6661","1":"product","2":"type-product","3":"status-publish","4":"has-post-thumbnail","6":"product_cat-slush-machines","8":"first","9":"instock","10":"shipping-taxable","11":"product-type-simple"},"_links":{"self":[{"href":"https:\/\/dersuessestopp.com\/hr\/wp-json\/wp\/v2\/product\/6661","targetHints":{"allow":["GET"]}}],"collection":[{"href":"https:\/\/dersuessestopp.com\/hr\/wp-json\/wp\/v2\/product"}],"about":[{"href":"https:\/\/dersuessestopp.com\/hr\/wp-json\/wp\/v2\/types\/product"}],"replies":[{"embeddable":true,"href":"https:\/\/dersuessestopp.com\/hr\/wp-json\/wp\/v2\/comments?post=6661"}],"version-history":[{"count":1,"href":"https:\/\/dersuessestopp.com\/hr\/wp-json\/wp\/v2\/product\/6661\/revisions"}],"predecessor-version":[{"id":6667,"href":"https:\/\/dersuessestopp.com\/hr\/wp-json\/wp\/v2\/product\/6661\/revisions\/6667"}],"wp:featuredmedia":[{"embeddable":true,"href":"https:\/\/dersuessestopp.com\/hr\/wp-json\/wp\/v2\/media\/6665"}],"wp:attachment":[{"href":"https:\/\/dersuessestopp.com\/hr\/wp-json\/wp\/v2\/media?parent=6661"}],"wp:term":[{"taxonomy":"product_brand","embeddable":true,"href":"https:\/\/dersuessestopp.com\/hr\/wp-json\/wp\/v2\/product_brand?post=6661"},{"taxonomy":"product_cat","embeddable":true,"href":"https:\/\/dersuessestopp.com\/hr\/wp-json\/wp\/v2\/product_cat?post=6661"},{"taxonomy":"product_tag","embeddable":true,"href":"https:\/\/dersuessestopp.com\/hr\/wp-json\/wp\/v2\/product_tag?post=6661"}],"curies":[{"name":"wp","href":"https:\/\/api.w.org\/{rel}","templated":true}]}}