{"id":6335,"date":"2025-08-26T12:41:23","date_gmt":"2025-08-26T12:41:23","guid":{"rendered":"https:\/\/dersuessestopp.com\/?post_type=product&#038;p=6335"},"modified":"2025-08-27T10:02:45","modified_gmt":"2025-08-27T10:02:45","slug":"spaceman-6378-c-6378a-c-aparat-za-mekani-sladoled","status":"publish","type":"product","link":"https:\/\/dersuessestopp.com\/hr\/product\/spaceman-6378-c-6378a-c-soft-serve-ice-cream-machine\/","title":{"rendered":"Spaceman 6378-C \/ 6378A-C aparat za mekani sladoled"},"content":{"rendered":"<p data-start=\"254\" data-end=\"606\">The <strong data-start=\"258\" data-end=\"287\">Svemirac 6378-C \/ 6378A-C<\/strong> je <strong data-start=\"293\" data-end=\"341\">Dvostruko okretni zamrziva\u010d velikog kapaciteta za meko serviranje<\/strong> dizajniran za tvrtke koje zahtijevaju maksimalnu produktivnost i dosljednu kvalitetu. S mogu\u0107no\u0161\u0107u proizvodnje do <strong data-start=\"453\" data-end=\"484\">720 porcija (80 g) na sat<\/strong>, ovaj model je idealan za <strong data-start=\"510\" data-end=\"603\">prometne slasti\u010darnice, lanci smrznutog jogurta, zabavni parkovi i restorani s puno ljudi<\/strong>.<\/p>\n<p data-start=\"608\" data-end=\"933\">Ponuda <strong data-start=\"617\" data-end=\"652\">dva okusa plus mogu\u0107nost okretanja<\/strong>, serija 6378 pru\u017ea svestranost uz odr\u017eavanje konzistentnosti proizvoda zahvaljuju\u0107i Spacemanovoj naprednoj tehnologiji zamrzavanja i mije\u0161anja. Dostupna u <strong data-start=\"799\" data-end=\"824\">gravitacijsko punjenje (6378-C)<\/strong> ili <strong data-start=\"828\" data-end=\"851\">dovod pumpe (6378A-C)<\/strong>, omogu\u0107uje operaterima da odaberu najbolju konfiguraciju za svoj poslovni model.<\/p>\n<hr data-start=\"935\" data-end=\"938\" \/>\n<h3 data-start=\"940\" data-end=\"958\">Klju\u010dne zna\u010dajke<\/h3>\n<ul data-start=\"959\" data-end=\"1997\">\n<li data-start=\"959\" data-end=\"1045\">\n<p data-start=\"961\" data-end=\"1045\"><strong data-start=\"961\" data-end=\"986\">Doziranje s dvostrukim okretanjem<\/strong> \u2013 Dva okusa plus kombinacija zavoja za raznolikost jelovnika.<\/p>\n<\/li>\n<li data-start=\"1046\" data-end=\"1158\">\n<p data-start=\"1048\" data-end=\"1158\"><strong data-start=\"1048\" data-end=\"1069\">Ultra-visoki izlaz<\/strong> \u2013 Isporu\u010duje do <strong data-start=\"1087\" data-end=\"1109\">720 porcija (80 g)<\/strong> po satu, dizajniran za operacije velikog obima.<\/p>\n<\/li>\n<li data-start=\"1159\" data-end=\"1261\">\n<p data-start=\"1161\" data-end=\"1261\"><strong data-start=\"1161\" data-end=\"1185\">Veliki dvostruki cilindri<\/strong> \u2013 2 \u00d7 3,2 l cilindra za zamrzavanje za produ\u017eenu proizvodnju i brzi oporavak.<\/p>\n<\/li>\n<li data-start=\"1262\" data-end=\"1374\">\n<p data-start=\"1264\" data-end=\"1374\"><strong data-start=\"1264\" data-end=\"1293\">Hla\u0111eni dvostruki spremnici<\/strong> \u2013 Odr\u017eavajte smjesu svje\u017eom tijekom cijelog dana (kapacitet 2 \u00d7 12 l ili 2 \u00d7 10 l na modelu A).<\/p>\n<\/li>\n<li data-start=\"1375\" data-end=\"1459\">\n<p data-start=\"1377\" data-end=\"1459\"><strong data-start=\"1377\" data-end=\"1397\">Mije\u0161alice s lijevkom<\/strong> \u2013 Osigurati dosljednu kvalitetu proizvoda i sprije\u010diti odvajanje.<\/p>\n<\/li>\n<li data-start=\"1460\" data-end=\"1577\">\n<p data-start=\"1462\" data-end=\"1577\"><strong data-start=\"1462\" data-end=\"1496\">Jednostavne digitalne kontrole<\/strong> \u2013 Jednostavno rukovanje s pra\u0107enjem temperature, konzistencije i performansi.<\/p>\n<\/li>\n<li data-start=\"1578\" data-end=\"1678\">\n<p data-start=\"1580\" data-end=\"1678\"><strong data-start=\"1580\" data-end=\"1619\">Na\u010dini pripravnosti, mekog pokretanja i odmrzavanja<\/strong> \u2013 Maksimalna udobnost, sigurnost i jednostavnost odr\u017eavanja.<\/p>\n<\/li>\n<li data-start=\"1679\" data-end=\"1810\">\n<p data-start=\"1681\" data-end=\"1810\"><strong data-start=\"1681\" data-end=\"1708\">Ugra\u0111eni sigurnosni sustavi<\/strong> \u2013 Uklju\u010duje upozorenje na nisku razinu mje\u0161avine, isklju\u010divanje preoptere\u0107enja motora, prekida\u010d visokog tlaka i za\u0161titu od temperature.<\/p>\n<\/li>\n<li data-start=\"1811\" data-end=\"1908\">\n<p data-start=\"1813\" data-end=\"1908\"><strong data-start=\"1813\" data-end=\"1840\">Te\u0161ka konstrukcija<\/strong> \u2013 Izdr\u017eljiv dizajn od nehr\u0111aju\u0107eg \u010delika s kota\u010di\u0107ima za mobilnost.<\/p>\n<\/li>\n<li data-start=\"1909\" data-end=\"1997\">\n<p data-start=\"1911\" data-end=\"1997\"><strong data-start=\"1911\" data-end=\"1932\">Dostupne opcije<\/strong> \u2013 Vodeno hla\u0111eni sustav i zra\u010dni kanal za fleksibilnu ugradnju.<\/p>\n<\/li>\n<\/ul>\n<hr data-start=\"1999\" data-end=\"2002\" \/>\n<h3><strong>Tehni\u010dki podaci<\/strong><\/h3>\n<table>\n<tbody>\n<tr>\n<td>Okusi<\/td>\n<td>2 + Okret<\/td>\n<\/tr>\n<tr>\n<td>Kapacitet (80 g)<\/td>\n<td>720 porcija\/h<\/td>\n<\/tr>\n<tr>\n<td>Cilindri<\/td>\n<td>2 x 3,2 l<\/td>\n<\/tr>\n<tr>\n<td>Skaka\u010di<\/td>\n<td>\n<p class=\"p1\">2 x 12L (10L za A)<\/p>\n<\/td>\n<\/tr>\n<tr>\n<td>\n<p class=\"p1\">Snaga (50 Hz \/ 60 Hz)<\/p>\n<\/td>\n<td>\n<p class=\"p1\">4,7 kW \/ 5,0 kW<\/p>\n<\/td>\n<\/tr>\n<tr>\n<td>\n<p class=\"p1\">Neto\/te\u017eina broda (kg)<\/p>\n<\/td>\n<td>\n<p class=\"p1\">253 \/ 273 263 \/ 283 (A)<\/p>\n<\/td>\n<\/tr>\n<tr>\n<td>Neto dimenzije (mm)<\/td>\n<td>\n<p class=\"p1\">532 x 704 x 1563<\/p>\n<\/td>\n<\/tr>\n<tr>\n<td>Dimenzije broda (mm)<\/td>\n<td>\n<p class=\"p1\">710 x 890 x 1720<\/p>\n<\/td>\n<\/tr>\n<tr>\n<td>\n<p class=\"p1\">Napajanje<\/p>\n<\/td>\n<td>\n<p class=\"p1\">380 V\/3 faze\/50 Hz, 220 V\/3 faze\/60 Hz<\/p>\n<\/td>\n<\/tr>\n<tr>\n<td>Dostupne opcije<\/td>\n<td>Vodeno hla\u0111enje, zra\u010dni kanal<\/td>\n<\/tr>\n<\/tbody>\n<\/table>","protected":false},"excerpt":{"rendered":"<p>The Spaceman 6378-C \/ 6378A-C is a high-capacity, twin-twist soft serve freezer engineered for businesses that demand maximum output and consistent quality. With the ability to produce up to 720 servings (80g) per hour, this model is ideal for busy ice cream shops, frozen yogurt chains, amusement venues, and high-volume restaurants. Offering two flavors plus [&hellip;]<\/p>\n","protected":false},"featured_media":6336,"comment_status":"open","ping_status":"closed","template":"","meta":[],"product_brand":[],"product_cat":[32],"product_tag":[],"class_list":{"0":"post-6335","1":"product","2":"type-product","3":"status-publish","4":"has-post-thumbnail","6":"product_cat-premier-series","8":"first","9":"instock","10":"shipping-taxable","11":"product-type-simple"},"_links":{"self":[{"href":"https:\/\/dersuessestopp.com\/hr\/wp-json\/wp\/v2\/product\/6335","targetHints":{"allow":["GET"]}}],"collection":[{"href":"https:\/\/dersuessestopp.com\/hr\/wp-json\/wp\/v2\/product"}],"about":[{"href":"https:\/\/dersuessestopp.com\/hr\/wp-json\/wp\/v2\/types\/product"}],"replies":[{"embeddable":true,"href":"https:\/\/dersuessestopp.com\/hr\/wp-json\/wp\/v2\/comments?post=6335"}],"version-history":[{"count":5,"href":"https:\/\/dersuessestopp.com\/hr\/wp-json\/wp\/v2\/product\/6335\/revisions"}],"predecessor-version":[{"id":6380,"href":"https:\/\/dersuessestopp.com\/hr\/wp-json\/wp\/v2\/product\/6335\/revisions\/6380"}],"wp:featuredmedia":[{"embeddable":true,"href":"https:\/\/dersuessestopp.com\/hr\/wp-json\/wp\/v2\/media\/6336"}],"wp:attachment":[{"href":"https:\/\/dersuessestopp.com\/hr\/wp-json\/wp\/v2\/media?parent=6335"}],"wp:term":[{"taxonomy":"product_brand","embeddable":true,"href":"https:\/\/dersuessestopp.com\/hr\/wp-json\/wp\/v2\/product_brand?post=6335"},{"taxonomy":"product_cat","embeddable":true,"href":"https:\/\/dersuessestopp.com\/hr\/wp-json\/wp\/v2\/product_cat?post=6335"},{"taxonomy":"product_tag","embeddable":true,"href":"https:\/\/dersuessestopp.com\/hr\/wp-json\/wp\/v2\/product_tag?post=6335"}],"curies":[{"name":"wp","href":"https:\/\/api.w.org\/{rel}","templated":true}]}}