{"id":6331,"date":"2025-08-26T12:36:35","date_gmt":"2025-08-26T12:36:35","guid":{"rendered":"https:\/\/dersuessestopp.com\/?post_type=product&#038;p=6331"},"modified":"2025-08-27T09:17:33","modified_gmt":"2025-08-27T09:17:33","slug":"spaceman-6235-c-6235a-c-aparat-za-mekani-sladoled","status":"publish","type":"product","link":"https:\/\/dersuessestopp.com\/hr\/product\/spaceman-6235-c-6235a-c-soft-serve-ice-cream-machine\/","title":{"rendered":"Spaceman 6235-C \/ 6235A-C aparat za mekani sladoled"},"content":{"rendered":"<p data-start=\"336\" data-end=\"753\">The <strong data-start=\"340\" data-end=\"369\">Svemirac 6235-C \/ 6235A-C<\/strong> je <strong data-start=\"375\" data-end=\"425\">stroj za meko poslu\u017eivanje srednjeg kapaciteta s dvostrukim uvijanjem<\/strong> dizajniran za operatere kojima je potrebna svestranost i performanse u kompaktnom prostoru. Nudi <strong data-start=\"519\" data-end=\"554\">dva okusa plus mogu\u0107nost okretanja<\/strong>, ovaj model je savr\u0161en za slasti\u010darnice, barove sa smrznutim jogurtom, restorane i kafi\u0107e koji \u017eele poslu\u017eivati razne bezalkoholne proizvode, uklju\u010duju\u0107i <strong data-start=\"702\" data-end=\"750\">sladoled, smrznuti jogurt, gelato i sorbet<\/strong>.<\/p>\n<p data-start=\"755\" data-end=\"1052\">S mogu\u0107no\u0161\u0107u proizvodnje do <strong data-start=\"789\" data-end=\"820\">450 porcija (80 g) na sat<\/strong>, serija 6235 pru\u017ea pouzdan izlaz s glatkom konzistencijom. Dostupna u <strong data-start=\"901\" data-end=\"926\">gravitacijsko punjenje (6235-C)<\/strong> ili <strong data-start=\"930\" data-end=\"953\">dovod pumpe (6235A-C)<\/strong> verzije, pru\u017ea operaterima fleksibilnost na temelju njihovog stila poslu\u017eivanja i potreba za prekora\u010denjem.<\/p>\n<hr data-start=\"1054\" data-end=\"1057\" \/>\n<h3 data-start=\"1059\" data-end=\"1077\">Klju\u010dne zna\u010dajke<\/h3>\n<ul data-start=\"1078\" data-end=\"2120\">\n<li data-start=\"1078\" data-end=\"1162\">\n<p data-start=\"1080\" data-end=\"1162\"><strong data-start=\"1080\" data-end=\"1105\">Doziranje s dvostrukim okretanjem<\/strong> \u2013 Poslu\u017eite dva pojedina\u010dna okusa ili kombinaciju za\u010dina.<\/p>\n<\/li>\n<li data-start=\"1163\" data-end=\"1243\">\n<p data-start=\"1165\" data-end=\"1243\"><strong data-start=\"1165\" data-end=\"1191\">Izlaz srednjeg kapaciteta<\/strong> \u2013 Proizvodi do <strong data-start=\"1209\" data-end=\"1231\">450 porcija (80 g)<\/strong> na sat.<\/p>\n<\/li>\n<li data-start=\"1244\" data-end=\"1347\">\n<p data-start=\"1246\" data-end=\"1347\"><strong data-start=\"1246\" data-end=\"1273\">Dvostruki cilindri za zamrzavanje<\/strong> \u2013 2 \u00d7 1,7L cilindra za ujedna\u010denu teksturu proizvoda i brzi oporavak.<\/p>\n<\/li>\n<li data-start=\"1348\" data-end=\"1441\">\n<p data-start=\"1350\" data-end=\"1441\"><strong data-start=\"1350\" data-end=\"1379\">Hla\u0111eni dvostruki spremnici<\/strong> \u2013 Odr\u017eavajte smjesu svje\u017eom (2 \u00d7 12 l kapaciteta ili 2 \u00d7 8 l za model A).<\/p>\n<\/li>\n<li data-start=\"1442\" data-end=\"1536\">\n<p data-start=\"1444\" data-end=\"1536\"><strong data-start=\"1444\" data-end=\"1464\">Mije\u0161alice s lijevkom<\/strong> \u2013 Odr\u017eavati kvalitetu proizvoda i sprije\u010diti odvajanje tijekom dana.<\/p>\n<\/li>\n<li data-start=\"1537\" data-end=\"1652\">\n<p data-start=\"1539\" data-end=\"1652\"><strong data-start=\"1539\" data-end=\"1573\">Jednostavne digitalne kontrole<\/strong> \u2013 Jednostavno su\u010delje za pra\u0107enje temperature, konzistentnosti i performansi.<\/p>\n<\/li>\n<li data-start=\"1653\" data-end=\"1748\">\n<p data-start=\"1655\" data-end=\"1748\"><strong data-start=\"1655\" data-end=\"1682\">Na\u010dini pripravnosti i odmrzavanja<\/strong> \u2013 Odr\u017eava proizvod sigurnim tijekom neaktivnosti i pojednostavljuje \u010di\u0161\u0107enje.<\/p>\n<\/li>\n<li data-start=\"1749\" data-end=\"1837\">\n<p data-start=\"1751\" data-end=\"1837\"><strong data-start=\"1751\" data-end=\"1776\">Tehnologija mekog pokretanja<\/strong> \u2013 \u0160titi mehani\u010dke komponente i produ\u017euje vijek trajanja stroja.<\/p>\n<\/li>\n<li data-start=\"1838\" data-end=\"1959\">\n<p data-start=\"1840\" data-end=\"1959\"><strong data-start=\"1840\" data-end=\"1867\">Ugra\u0111eni sigurnosni sustavi<\/strong> \u2013 Indikator niske razine mije\u0161anja, termi\u010dko preoptere\u0107enje, za\u0161tita od visokog tlaka i temperaturni prekida\u010di.<\/p>\n<\/li>\n<li data-start=\"1960\" data-end=\"2057\">\n<p data-start=\"1962\" data-end=\"2057\"><strong data-start=\"1962\" data-end=\"1989\">Kompaktan, izdr\u017eljiv dizajn<\/strong> \u2013 Tijelo od nehr\u0111aju\u0107eg \u010delika s te\u0161kim kota\u010di\u0107ima za lako premje\u0161tanje.<\/p>\n<\/li>\n<li data-start=\"2058\" data-end=\"2120\">\n<p data-start=\"2060\" data-end=\"2120\"><strong data-start=\"2060\" data-end=\"2081\">Dostupne opcije<\/strong> \u2013 Vodeno hla\u0111eni sustav i zra\u010dni kanal.<\/p>\n<\/li>\n<\/ul>\n<hr data-start=\"2122\" data-end=\"2125\" \/>\n<h3 data-start=\"1059\" data-end=\"1077\">Tehni\u010dki podaci<\/h3>\n<table>\n<tbody>\n<tr>\n<td>Okusi<\/td>\n<td>2 + Okret<\/td>\n<\/tr>\n<tr>\n<td>Kapacitet (80 g)<\/td>\n<td>450 serviranja\/h<\/td>\n<\/tr>\n<tr>\n<td>Cilindri<\/td>\n<td>2 x 1,7 l<\/td>\n<\/tr>\n<tr>\n<td>Skaka\u010di<\/td>\n<td>\n<p class=\"p1\">2 x 12L (8L za A)<\/p>\n<\/td>\n<\/tr>\n<tr>\n<td>\n<p class=\"p1\">Snaga (50 Hz \/ 60 Hz)<\/p>\n<\/td>\n<td>\n<p class=\"p1\">3,3 kW \/ 3,6 kW<\/p>\n<\/td>\n<\/tr>\n<tr>\n<td>Neto\/te\u017eina broda (kg)<\/td>\n<td>\n<p class=\"p1\">186\/ 200 196\/ 210 (A)<\/p>\n<\/td>\n<\/tr>\n<tr>\n<td>\n<p class=\"p1\">Neto dimenzije (mm)<\/p>\n<\/td>\n<td>\n<p class=\"p1\">532 x 651 x 977<\/p>\n<\/td>\n<\/tr>\n<tr>\n<td>Dimenzije broda (mm)<\/td>\n<td>\n<p class=\"p1\">610 x 805 x 1100<\/p>\n<\/td>\n<\/tr>\n<tr>\n<td>\n<p class=\"p1\">Napajanje<\/p>\n<\/td>\n<td>\n<p class=\"p1\">220 V\/1 faza\/50 Hz, 220 V\/1 faza\/60 Hz<\/p>\n<\/td>\n<\/tr>\n<tr>\n<td>Dostupne opcije<\/td>\n<td>Vodeno hla\u0111enje, zra\u010dni kanal<\/td>\n<\/tr>\n<\/tbody>\n<\/table>","protected":false},"excerpt":{"rendered":"<p>The Spaceman 6235-C \/ 6235A-C is a medium-capacity, twin-twist soft serve machine designed for operators who need versatility and performance in a compact footprint. Offering two flavors plus a twist option, this model is perfect for ice cream shops, frozen yogurt bars, restaurants, and caf\u00e9s looking to serve a variety of soft serve products including [&hellip;]<\/p>\n","protected":false},"featured_media":6332,"comment_status":"open","ping_status":"closed","template":"","meta":[],"product_brand":[],"product_cat":[32],"product_tag":[],"class_list":{"0":"post-6331","1":"product","2":"type-product","3":"status-publish","4":"has-post-thumbnail","6":"product_cat-premier-series","8":"first","9":"instock","10":"shipping-taxable","11":"product-type-simple"},"_links":{"self":[{"href":"https:\/\/dersuessestopp.com\/hr\/wp-json\/wp\/v2\/product\/6331","targetHints":{"allow":["GET"]}}],"collection":[{"href":"https:\/\/dersuessestopp.com\/hr\/wp-json\/wp\/v2\/product"}],"about":[{"href":"https:\/\/dersuessestopp.com\/hr\/wp-json\/wp\/v2\/types\/product"}],"replies":[{"embeddable":true,"href":"https:\/\/dersuessestopp.com\/hr\/wp-json\/wp\/v2\/comments?post=6331"}],"version-history":[{"count":5,"href":"https:\/\/dersuessestopp.com\/hr\/wp-json\/wp\/v2\/product\/6331\/revisions"}],"predecessor-version":[{"id":6375,"href":"https:\/\/dersuessestopp.com\/hr\/wp-json\/wp\/v2\/product\/6331\/revisions\/6375"}],"wp:featuredmedia":[{"embeddable":true,"href":"https:\/\/dersuessestopp.com\/hr\/wp-json\/wp\/v2\/media\/6332"}],"wp:attachment":[{"href":"https:\/\/dersuessestopp.com\/hr\/wp-json\/wp\/v2\/media?parent=6331"}],"wp:term":[{"taxonomy":"product_brand","embeddable":true,"href":"https:\/\/dersuessestopp.com\/hr\/wp-json\/wp\/v2\/product_brand?post=6331"},{"taxonomy":"product_cat","embeddable":true,"href":"https:\/\/dersuessestopp.com\/hr\/wp-json\/wp\/v2\/product_cat?post=6331"},{"taxonomy":"product_tag","embeddable":true,"href":"https:\/\/dersuessestopp.com\/hr\/wp-json\/wp\/v2\/product_tag?post=6331"}],"curies":[{"name":"wp","href":"https:\/\/api.w.org\/{rel}","templated":true}]}}