{"id":6326,"date":"2025-08-26T12:30:19","date_gmt":"2025-08-26T12:30:19","guid":{"rendered":"https:\/\/dersuessestopp.com\/?post_type=product&#038;p=6326"},"modified":"2025-08-27T07:33:03","modified_gmt":"2025-08-27T07:33:03","slug":"spaceman-6250-c-6250a-c-aparat-za-mekani-sladoled","status":"publish","type":"product","link":"https:\/\/dersuessestopp.com\/hr\/product\/spaceman-6250-c-6250a-c-soft-serve-ice-cream-machine\/","title":{"rendered":"Spaceman 6250-C \/ 6250A-C aparat za mekani sladoled"},"content":{"rendered":"<p data-start=\"291\" data-end=\"656\">The <strong data-start=\"295\" data-end=\"324\">Svemirac 6250-C \/ 6250A-C<\/strong> je visokou\u010dinkoviti dvostruki twin twist zamrziva\u010d s mekim serviranjem dizajniran za tvrtke kojima je potreban pouzdan prinos i dosljedna kvaliteta. Savr\u0161en za poslu\u017eivanje <strong data-start=\"471\" data-end=\"530\">sladoled, smrznuti jogurt, gelato, kreme i sorbeti<\/strong>, ovaj samostoje\u0107i model s gravitacijskim punjenjem pru\u017ea izvrsnu u\u010dinkovitost i teksturu proizvoda u prodajnim mjestima srednjeg do velikog volumena.<\/p>\n<p data-start=\"658\" data-end=\"914\">S mogu\u0107no\u0161\u0107u proizvodnje do <strong data-start=\"692\" data-end=\"717\">450 porcija na sat<\/strong>, napredni rashladni sustavi i Spacemanov <strong data-start=\"766\" data-end=\"799\">patentirana V2 tehnologija mije\u0161alice<\/strong>, ovaj model osigurava brz oporavak, glatku konzistenciju i smanjeno odr\u017eavanje u usporedbi s tradicionalnim strojevima.<\/p>\n<hr data-start=\"916\" data-end=\"919\" \/>\n<h3 data-start=\"921\" data-end=\"937\">Klju\u010dne zna\u010dajke<\/h3>\n<ul data-start=\"938\" data-end=\"2024\">\n<li data-start=\"938\" data-end=\"1025\">\n<p data-start=\"940\" data-end=\"1025\"><strong data-start=\"940\" data-end=\"976\">Dozator s dvostrukim okretanjem (2 + okretanje)<\/strong> \u2013 Nudi dva okusa plus kombinaciju zavoja.<\/p>\n<\/li>\n<li data-start=\"1026\" data-end=\"1133\">\n<p data-start=\"1028\" data-end=\"1133\"><strong data-start=\"1028\" data-end=\"1043\">Visoki izlaz<\/strong> \u2013 Proizvodi do <strong data-start=\"1061\" data-end=\"1083\">450 porcija (80 g)<\/strong> po satu, idealno za operacije srednjeg kapaciteta.<\/p>\n<\/li>\n<li data-start=\"1134\" data-end=\"1254\">\n<p data-start=\"1136\" data-end=\"1254\"><strong data-start=\"1136\" data-end=\"1165\">Dvostruki rashladni spremnici<\/strong> \u2013 Odr\u017eavajte proizvod svje\u017eim i sigurnim dulje vrijeme (2 x 12 l kapaciteta ili 2 x 8 l na modelu A).<\/p>\n<\/li>\n<li data-start=\"1255\" data-end=\"1361\">\n<p data-start=\"1257\" data-end=\"1361\"><strong data-start=\"1257\" data-end=\"1280\">U\u010dinkoviti cilindri<\/strong> \u2013 2 x 1,7L cilindra za zamrzavanje s brzim vremenom oporavka za kontinuirani rad.<\/p>\n<\/li>\n<li data-start=\"1362\" data-end=\"1508\">\n<p data-start=\"1364\" data-end=\"1508\"><strong data-start=\"1364\" data-end=\"1398\">Jednostavne digitalne kontrole<\/strong> \u2013 Jednostavno su\u010delje osigurava konzistentnost proizvoda, pra\u0107enje temperature spremnika i kontrolu doziranja.<\/p>\n<\/li>\n<li data-start=\"1509\" data-end=\"1577\">\n<p data-start=\"1511\" data-end=\"1577\"><strong data-start=\"1511\" data-end=\"1535\">Na\u010din pripravnosti i spavanja<\/strong> \u2013 Odr\u017eava proizvod sigurnim tijekom neaktivnosti.<\/p>\n<\/li>\n<li data-start=\"1578\" data-end=\"1663\">\n<p data-start=\"1580\" data-end=\"1663\"><strong data-start=\"1580\" data-end=\"1600\">Mije\u0161alice s lijevkom<\/strong> \u2013 Odr\u017eavajte teksturu i svje\u017einu proizvoda tijekom cijelog dana.<\/p>\n<\/li>\n<li data-start=\"1664\" data-end=\"1810\">\n<p data-start=\"1666\" data-end=\"1810\"><strong data-start=\"1666\" data-end=\"1687\">Sigurnosna za\u0161tita<\/strong> \u2013 Opremljen indikatorom niske razine mije\u0161anja, termi\u010dkom za\u0161titom\/za\u0161titom od preoptere\u0107enja motora, visokotla\u010dnim prekida\u010dem i prekida\u010dima pri niskoj temperaturi.<\/p>\n<\/li>\n<li data-start=\"1811\" data-end=\"1940\">\n<p data-start=\"1813\" data-end=\"1940\"><strong data-start=\"1813\" data-end=\"1837\">Izdr\u017eljiva konstrukcija<\/strong> \u2013 Te\u0161ki kota\u010di s blokadom za jednostavnu pokretljivost i dizajn od nehr\u0111aju\u0107eg \u010delika za dugotrajnu pouzdanost.<\/p>\n<\/li>\n<li data-start=\"1941\" data-end=\"2024\">\n<p data-start=\"1943\" data-end=\"2024\"><strong data-start=\"1943\" data-end=\"1964\">Dostupne opcije<\/strong> \u2013 Vodeno hla\u0111enje i zra\u010dni kanal za dodatnu u\u010dinkovitost.<\/p>\n<\/li>\n<\/ul>\n<hr data-start=\"916\" data-end=\"919\" \/>\n<h4 data-start=\"1956\" data-end=\"1995\">Za\u0161to odabrati 6250-C \/ 6250A-C?<\/h4>\n<p data-start=\"1996\" data-end=\"2307\">Ovaj model je idealan za tvrtke koje \u017eele visoke performanse na <strong data-start=\"2063\" data-end=\"2097\">Jednofazno napajanje od 220 V<\/strong>, \u010dime se eliminira potreba za skupim trofaznim sustavom. S pouzdanim performansama, jednostavnim kori\u0161tenjem i kompaktnim dimenzijama, savr\u0161en je izbor za male trgovine, kioske, kamione s hranom i startupove.<\/p>\n<p data-start=\"2309\" data-end=\"2415\">Pru\u017eite vrhunsku, kremastu meku porciju uz maksimiziranje u\u010dinkovitosti \u2013 uz <strong data-start=\"2383\" data-end=\"2412\">Svemirac 6250-C \/ 6250A-C<\/strong>.<\/p>\n<h3><strong>Tehni\u010dki podaci<\/strong><\/h3>\n<table>\n<tbody>\n<tr>\n<td>Okusi<\/td>\n<td>2 + Okret<\/td>\n<\/tr>\n<tr>\n<td>Kapacitet (80 g)<\/td>\n<td>450 serviranja\/h<\/td>\n<\/tr>\n<tr>\n<td>Cilindri<\/td>\n<td>2 x 1,7 l<\/td>\n<\/tr>\n<tr>\n<td>Skaka\u010di<\/td>\n<td>\n<p class=\"p1\">2 x 12L (8L za A)<\/p>\n<\/td>\n<\/tr>\n<tr>\n<td>\n<p class=\"p1\">Snaga (50 Hz \/ 60 Hz)<\/p>\n<\/td>\n<td>\n<p class=\"p1\">3,3 kW \/ 3,6 kW<\/p>\n<\/td>\n<\/tr>\n<tr>\n<td>\n<p class=\"p1\">Neto\/te\u017eina broda (kg)<\/p>\n<\/td>\n<td>\n<p class=\"p1\">210 \/ 230 220 \/ 240 (A)<\/p>\n<\/td>\n<\/tr>\n<tr>\n<td>\n<p class=\"p1\">Neto dimenzije (mm)<\/p>\n<\/td>\n<td>\n<p class=\"p1\">532 x 652 x 1474<\/p>\n<\/td>\n<\/tr>\n<tr>\n<td>Dimenzije broda (mm)<\/td>\n<td>650 x 820 x 1640<\/td>\n<\/tr>\n<tr>\n<td>\n<p class=\"p1\">Napajanje<\/p>\n<\/td>\n<td>\n<p class=\"p1\">220 V\/1 faza\/50 Hz, 220 V\/1 faza\/60 Hz<\/p>\n<\/td>\n<\/tr>\n<tr>\n<td>Dostupne opcije<\/td>\n<td>Vodeno hla\u0111enje, zra\u010dni kanal<\/td>\n<\/tr>\n<\/tbody>\n<\/table>\n<p>&nbsp;<\/p>\n<p><a style=\"padding: 14px 40px;font-size: 18px;font-weight: 500;color: #324a6d;background: transparent;border: 2px solid #324A6D;border-radius: 40px;text-decoration: none;cursor: pointer\" href=\"https:\/\/dersuessestopp.com\/wp-content\/uploads\/2025\/08\/6250-C-6250A-C.pdf\" target=\"_blank\" rel=\"noopener\">Specifikacijski list<br \/>\n<\/a><\/p>","protected":false},"excerpt":{"rendered":"<p>The Spaceman 6250-C \/ 6250A-C is a high-performance twin twist soft serve freezer designed for businesses that need reliable output and consistent quality. Perfect for serving ice cream, frozen yogurt, gelato, custards, and sorbets, this floor-standing, gravity-fed model delivers excellent efficiency and product texture in medium to high-volume outlets. With the ability to produce up [&hellip;]<\/p>\n","protected":false},"featured_media":6353,"comment_status":"open","ping_status":"closed","template":"","meta":[],"product_brand":[],"product_cat":[32],"product_tag":[],"class_list":{"0":"post-6326","1":"product","2":"type-product","3":"status-publish","4":"has-post-thumbnail","6":"product_cat-premier-series","8":"first","9":"instock","10":"shipping-taxable","11":"product-type-simple"},"_links":{"self":[{"href":"https:\/\/dersuessestopp.com\/hr\/wp-json\/wp\/v2\/product\/6326","targetHints":{"allow":["GET"]}}],"collection":[{"href":"https:\/\/dersuessestopp.com\/hr\/wp-json\/wp\/v2\/product"}],"about":[{"href":"https:\/\/dersuessestopp.com\/hr\/wp-json\/wp\/v2\/types\/product"}],"replies":[{"embeddable":true,"href":"https:\/\/dersuessestopp.com\/hr\/wp-json\/wp\/v2\/comments?post=6326"}],"version-history":[{"count":14,"href":"https:\/\/dersuessestopp.com\/hr\/wp-json\/wp\/v2\/product\/6326\/revisions"}],"predecessor-version":[{"id":6360,"href":"https:\/\/dersuessestopp.com\/hr\/wp-json\/wp\/v2\/product\/6326\/revisions\/6360"}],"wp:featuredmedia":[{"embeddable":true,"href":"https:\/\/dersuessestopp.com\/hr\/wp-json\/wp\/v2\/media\/6353"}],"wp:attachment":[{"href":"https:\/\/dersuessestopp.com\/hr\/wp-json\/wp\/v2\/media?parent=6326"}],"wp:term":[{"taxonomy":"product_brand","embeddable":true,"href":"https:\/\/dersuessestopp.com\/hr\/wp-json\/wp\/v2\/product_brand?post=6326"},{"taxonomy":"product_cat","embeddable":true,"href":"https:\/\/dersuessestopp.com\/hr\/wp-json\/wp\/v2\/product_cat?post=6326"},{"taxonomy":"product_tag","embeddable":true,"href":"https:\/\/dersuessestopp.com\/hr\/wp-json\/wp\/v2\/product_tag?post=6326"}],"curies":[{"name":"wp","href":"https:\/\/api.w.org\/{rel}","templated":true}]}}