{"id":6310,"date":"2025-08-26T11:16:14","date_gmt":"2025-08-26T11:16:14","guid":{"rendered":"https:\/\/dersuessestopp.com\/?post_type=product&#038;p=6310"},"modified":"2025-08-27T09:01:06","modified_gmt":"2025-08-27T09:01:06","slug":"spaceman-6236-c-6236a-c-aparat-za-mekani-sladoled","status":"publish","type":"product","link":"https:\/\/dersuessestopp.com\/hr\/product\/spaceman-6236-c-6236a-c-soft-serve-ice-cream-machine\/","title":{"rendered":"Spaceman 6236-C \/ 6236A-C aparat za mekani sladoled"},"content":{"rendered":"<p data-start=\"330\" data-end=\"688\">The <strong data-start=\"334\" data-end=\"363\">Svemirac 6236-C \/ 6236A-C<\/strong> je <strong data-start=\"369\" data-end=\"420\">Zamrziva\u010d za meko serviranje velikog kapaciteta, s jednim okusom<\/strong> dizajniran za operatere kojima su potrebne pouzdane performanse i veliki u\u010dinak u kompaktnom prostoru. Pru\u017ea do <strong data-start=\"532\" data-end=\"563\">400 porcija (80 g) na sat<\/strong>, ovaj je stroj idealan za prodajna mjesta s velikom potra\u017enjom poput restorana brze usluge, slasti\u010darnica i mjesta za zabavu.<\/p>\n<p data-start=\"690\" data-end=\"1020\">Dostupno u <strong data-start=\"703\" data-end=\"728\">gravitacijsko punjenje (6236-C)<\/strong> ili <strong data-start=\"732\" data-end=\"755\">dovod pumpe (6236A-C)<\/strong>, stroj je izgra\u0111en s naprednom Spacemanovom tehnologijom zamrzavanja kako bi se osigurala glatka, kremasta konzistencija i u\u010dinkovit rad. <strong data-start=\"889\" data-end=\"912\">veliki cilindar od 3,2 l<\/strong> omogu\u0107uje dulje cikluse izme\u0111u punjenja uz odr\u017eavanje izvrsne brzine oporavka za kontinuirani rad.<\/p>\n<hr data-start=\"1022\" data-end=\"1025\" \/>\n<h3 data-start=\"1027\" data-end=\"1045\">Klju\u010dne zna\u010dajke<\/h3>\n<ul data-start=\"1046\" data-end=\"2094\">\n<li data-start=\"1046\" data-end=\"1132\">\n<p data-start=\"1048\" data-end=\"1132\"><strong data-start=\"1048\" data-end=\"1076\">Doziranje jednog okusa<\/strong> \u2013 Posve\u0107eno jednom okusu za pojednostavljeno poslovanje.<\/p>\n<\/li>\n<li data-start=\"1133\" data-end=\"1230\">\n<p data-start=\"1135\" data-end=\"1230\"><strong data-start=\"1135\" data-end=\"1150\">Visoki izlaz<\/strong> \u2013 Proizvodi do <strong data-start=\"1168\" data-end=\"1190\">400 porcija (80 g)<\/strong> po satu, idealno za prometne lokacije.<\/p>\n<\/li>\n<li data-start=\"1231\" data-end=\"1324\">\n<p data-start=\"1233\" data-end=\"1324\"><strong data-start=\"1233\" data-end=\"1260\">Veliki cilindar za zamrzavanje<\/strong> \u2013 1 \u00d7 3,2L cilindar za ve\u0107i kapacitet i br\u017ee ispiranje.<\/p>\n<\/li>\n<li data-start=\"1325\" data-end=\"1413\">\n<p data-start=\"1327\" data-end=\"1413\"><strong data-start=\"1327\" data-end=\"1350\">Rashladni spremnik<\/strong> \u2013 Odr\u017eava smjesu svje\u017eom i sigurnom (spremnik od 12 l na modelu C, 8 l na modelu A).<\/p>\n<\/li>\n<li data-start=\"1414\" data-end=\"1511\">\n<p data-start=\"1416\" data-end=\"1511\"><strong data-start=\"1416\" data-end=\"1435\">Mije\u0161alica s lijevkom<\/strong> \u2013 Osigurava konzistentnost proizvoda i sprje\u010dava odvajanje tijekom dana.<\/p>\n<\/li>\n<li data-start=\"1512\" data-end=\"1606\">\n<p data-start=\"1514\" data-end=\"1606\"><strong data-start=\"1514\" data-end=\"1534\">Digitalne kontrole<\/strong> \u2013 Jednostavno korisni\u010dko su\u010delje za upravljanje temperaturom i konzistencijom.<\/p>\n<\/li>\n<li data-start=\"1607\" data-end=\"1699\">\n<p data-start=\"1609\" data-end=\"1699\"><strong data-start=\"1609\" data-end=\"1636\">Na\u010dini pripravnosti i odmrzavanja<\/strong> \u2013 Odr\u017eavajte proizvod sigurnim tijekom neaktivnosti i pojednostavnite \u010di\u0161\u0107enje.<\/p>\n<\/li>\n<li data-start=\"1700\" data-end=\"1792\">\n<p data-start=\"1702\" data-end=\"1792\"><strong data-start=\"1702\" data-end=\"1727\">Tehnologija mekog pokretanja<\/strong> \u2013 Smanjuje tro\u0161enje unutarnjih komponenti, produ\u017euju\u0107i vijek trajanja stroja.<\/p>\n<\/li>\n<li data-start=\"1793\" data-end=\"1918\">\n<p data-start=\"1795\" data-end=\"1918\"><strong data-start=\"1795\" data-end=\"1823\">Ugra\u0111ene sigurnosne zna\u010dajke<\/strong> \u2013 Indikator niske razine mije\u0161anja, za\u0161tita od preoptere\u0107enja motora i temperaturni prekida\u010di osiguravaju rad.<\/p>\n<\/li>\n<li data-start=\"1919\" data-end=\"2031\">\n<p data-start=\"1921\" data-end=\"2031\"><strong data-start=\"1921\" data-end=\"1948\">Izdr\u017eljiv, kompaktan dizajn<\/strong> \u2013 Konstrukcija od nehr\u0111aju\u0107eg \u010delika s malim dimenzijama, idealna za komercijalnu upotrebu.<\/p>\n<\/li>\n<li data-start=\"2032\" data-end=\"2094\">\n<p data-start=\"2034\" data-end=\"2094\"><strong data-start=\"2034\" data-end=\"2055\">Dostupne opcije<\/strong> \u2013 Vodeno hla\u0111eni sustav i zra\u010dni kanal.<\/p>\n<\/li>\n<\/ul>\n<hr data-start=\"1022\" data-end=\"1025\" \/>\n<h3><strong>Tehni\u010dki podaci<\/strong><\/h3>\n<p>&nbsp;<\/p>\n<table>\n<tbody>\n<tr>\n<td>Okusi<\/td>\n<td>1<\/td>\n<\/tr>\n<tr>\n<td>Kapacitet (80 g)<\/td>\n<td>400 serviranja\/h<\/td>\n<\/tr>\n<tr>\n<td>Cilindri<\/td>\n<td>1 x 3,2 l<\/td>\n<\/tr>\n<tr>\n<td>Skaka\u010di<\/td>\n<td>\n<p class=\"p1\">1 x 12L (8L za A)<\/p>\n<\/td>\n<\/tr>\n<tr>\n<td>\n<p class=\"p1\">Snaga (50 Hz \/ 60 Hz)<\/p>\n<\/td>\n<td>\n<p class=\"p1\">2,5 kW \/ 2,8 kW<\/p>\n<\/td>\n<\/tr>\n<tr>\n<td>\n<p class=\"p1\">Neto\/te\u017eina broda (kg)<\/p>\n<\/td>\n<td>\n<p class=\"p1\">139 \/ 152 144 \/ 157 (A)<\/p>\n<\/td>\n<\/tr>\n<tr>\n<td>\n<p class=\"p1\">Neto dimenzije (mm)<\/p>\n<\/td>\n<td>\n<p class=\"p1\">454 x 681 x 930<\/p>\n<\/td>\n<\/tr>\n<tr>\n<td>Dimenzije broda (mm)<\/td>\n<td>\n<p class=\"p1\">500 x 870 x 1080<\/p>\n<\/td>\n<\/tr>\n<tr>\n<td>\n<p class=\"p1\">Napajanje<\/p>\n<\/td>\n<td>\n<p class=\"p1\">220 V\/1 faza\/50 Hz, 220 V\/1 faza\/60 Hz<\/p>\n<\/td>\n<\/tr>\n<tr>\n<td>\n<p class=\"p1\">Dostupne opcije<\/p>\n<\/td>\n<td>\n<p class=\"p1\">Vodeno hla\u0111enje, zra\u010dni kanal<\/p>\n<\/td>\n<\/tr>\n<\/tbody>\n<\/table>","protected":false},"excerpt":{"rendered":"<p>The Spaceman 6236-C \/ 6236A-C is a high-capacity, single-flavor soft serve freezer designed for operators who need reliable performance and large output in a compact footprint. Delivering up to 400 servings (80g) per hour, this machine is ideal for high-demand outlets such as quick-service restaurants, dessert shops, and entertainment venues. Available in gravity feed (6236-C) [&hellip;]<\/p>\n","protected":false},"featured_media":6311,"comment_status":"open","ping_status":"closed","template":"","meta":[],"product_brand":[],"product_cat":[32],"product_tag":[],"class_list":{"0":"post-6310","1":"product","2":"type-product","3":"status-publish","4":"has-post-thumbnail","6":"product_cat-premier-series","8":"first","9":"instock","10":"shipping-taxable","11":"product-type-simple"},"_links":{"self":[{"href":"https:\/\/dersuessestopp.com\/hr\/wp-json\/wp\/v2\/product\/6310","targetHints":{"allow":["GET"]}}],"collection":[{"href":"https:\/\/dersuessestopp.com\/hr\/wp-json\/wp\/v2\/product"}],"about":[{"href":"https:\/\/dersuessestopp.com\/hr\/wp-json\/wp\/v2\/types\/product"}],"replies":[{"embeddable":true,"href":"https:\/\/dersuessestopp.com\/hr\/wp-json\/wp\/v2\/comments?post=6310"}],"version-history":[{"count":6,"href":"https:\/\/dersuessestopp.com\/hr\/wp-json\/wp\/v2\/product\/6310\/revisions"}],"predecessor-version":[{"id":6368,"href":"https:\/\/dersuessestopp.com\/hr\/wp-json\/wp\/v2\/product\/6310\/revisions\/6368"}],"wp:featuredmedia":[{"embeddable":true,"href":"https:\/\/dersuessestopp.com\/hr\/wp-json\/wp\/v2\/media\/6311"}],"wp:attachment":[{"href":"https:\/\/dersuessestopp.com\/hr\/wp-json\/wp\/v2\/media?parent=6310"}],"wp:term":[{"taxonomy":"product_brand","embeddable":true,"href":"https:\/\/dersuessestopp.com\/hr\/wp-json\/wp\/v2\/product_brand?post=6310"},{"taxonomy":"product_cat","embeddable":true,"href":"https:\/\/dersuessestopp.com\/hr\/wp-json\/wp\/v2\/product_cat?post=6310"},{"taxonomy":"product_tag","embeddable":true,"href":"https:\/\/dersuessestopp.com\/hr\/wp-json\/wp\/v2\/product_tag?post=6310"}],"curies":[{"name":"wp","href":"https:\/\/api.w.org\/{rel}","templated":true}]}}