{"id":6257,"date":"2025-08-26T09:50:26","date_gmt":"2025-08-26T09:50:26","guid":{"rendered":"https:\/\/dersuessestopp.com\/?post_type=product&#038;p=6257"},"modified":"2025-08-27T08:44:55","modified_gmt":"2025-08-27T08:44:55","slug":"spaceman-6210-c-6210a-c-aparat-za-mekani-sladoled","status":"publish","type":"product","link":"https:\/\/dersuessestopp.com\/hr\/product\/spaceman-6210-c-6210a-c-soft-serve-ice-cream-machine\/","title":{"rendered":"Spaceman 6210-C \/ 6210A-C aparat za mekani sladoled"},"content":{"rendered":"<p data-start=\"311\" data-end=\"691\">The <strong data-start=\"315\" data-end=\"344\">Svemirac 6210-C \/ 6210A-C<\/strong> je kompaktan i u\u010dinkovit zamrziva\u010d s mekim serviranjem dizajniran za manje prodajne objekte ili tvrtke koje tra\u017ee pouzdano rje\u0161enje koje \u0161tedi prostor. S mogu\u0107no\u0161\u0107u poslu\u017eivanja do <strong data-start=\"513\" data-end=\"538\">360 porcija na sat<\/strong>, ovaj je stroj idealan za kafi\u0107e, slasti\u010darnice i restorane koji \u017eele ponuditi vrhunski meki sladoled, smrznuti jogurt, kreme ili sorbete.<\/p>\n<p data-start=\"693\" data-end=\"1005\">Izgra\u0111eno s <strong data-start=\"704\" data-end=\"729\">gravitacijsko punjenje (6210-C)<\/strong> ili <strong data-start=\"733\" data-end=\"756\">dovod pumpe (6210A-C)<\/strong> S razli\u010ditim opcijama, ure\u0111aj pru\u017ea izvrsnu svestranost ovisno o operativnim potrebama. Njegove digitalne kontrole, sigurnosne za\u0161tite i prakti\u010dne zna\u010dajke pripravnosti olak\u0161avaju rukovanje, a istovremeno osiguravaju dosljedno gladak i kremast proizvod svaki put.<\/p>\n<hr data-start=\"1007\" data-end=\"1010\" \/>\n<h3 data-start=\"1012\" data-end=\"1030\">Klju\u010dne zna\u010dajke<\/h3>\n<ul data-start=\"1031\" data-end=\"2108\">\n<li data-start=\"1031\" data-end=\"1117\">\n<p data-start=\"1033\" data-end=\"1117\"><strong data-start=\"1033\" data-end=\"1061\">Doziranje jednog okusa<\/strong> \u2013 Jednostavan i kompaktan dizajn, idealan za fokusirane izbornike.<\/p>\n<\/li>\n<li data-start=\"1118\" data-end=\"1236\">\n<p data-start=\"1120\" data-end=\"1236\"><strong data-start=\"1120\" data-end=\"1140\">U\u010dinkovit izlaz<\/strong> \u2013 Proizvodi do <strong data-start=\"1158\" data-end=\"1180\">360 porcija (80 g)<\/strong> po satu, idealno za lokacije s niskom do srednjom potra\u017enjom.<\/p>\n<\/li>\n<li data-start=\"1237\" data-end=\"1325\">\n<p data-start=\"1239\" data-end=\"1325\"><strong data-start=\"1239\" data-end=\"1260\">Cilindar za zamrzavanje<\/strong> \u2013 1 \u00d7 1,7L cilindar za brzo obnavljanje i ujedna\u010denu teksturu.<\/p>\n<\/li>\n<li data-start=\"1326\" data-end=\"1411\">\n<p data-start=\"1328\" data-end=\"1411\"><strong data-start=\"1328\" data-end=\"1351\">Rashladni spremnik<\/strong> \u2013 Odr\u017eava proizvod svje\u017eim (kapacitet 12 l ili 10 l za model A).<\/p>\n<\/li>\n<li data-start=\"1412\" data-end=\"1511\">\n<p data-start=\"1414\" data-end=\"1511\"><strong data-start=\"1414\" data-end=\"1433\">Mije\u0161alica s lijevkom<\/strong> \u2013 Odr\u017eava konzistenciju proizvoda i sprje\u010dava odvajanje tijekom dana.<\/p>\n<\/li>\n<li data-start=\"1512\" data-end=\"1609\">\n<p data-start=\"1514\" data-end=\"1609\"><strong data-start=\"1514\" data-end=\"1534\">Digitalne kontrole<\/strong> \u2013 Jednostavno su\u010delje za pra\u0107enje temperature i postavke proizvoda.<\/p>\n<\/li>\n<li data-start=\"1610\" data-end=\"1704\">\n<p data-start=\"1612\" data-end=\"1704\"><strong data-start=\"1612\" data-end=\"1639\">Na\u010dini pripravnosti i odmrzavanja<\/strong> \u2013 Osigurati sigurnost i prakti\u010dnost tijekom neaktivnosti ili \u010di\u0161\u0107enja.<\/p>\n<\/li>\n<li data-start=\"1705\" data-end=\"1799\">\n<p data-start=\"1707\" data-end=\"1799\"><strong data-start=\"1707\" data-end=\"1732\">Tehnologija mekog pokretanja<\/strong> \u2013 Smanjuje optere\u0107enje unutarnjih komponenti za dulji vijek trajanja stroja.<\/p>\n<\/li>\n<li data-start=\"1800\" data-end=\"1908\">\n<p data-start=\"1802\" data-end=\"1908\"><strong data-start=\"1802\" data-end=\"1824\">Sigurnosne za\u0161tite<\/strong> \u2013 Uklju\u010duje indikator niske razine mije\u0161anja, prekida\u010de za preoptere\u0107enje motora i temperaturne za\u0161tite.<\/p>\n<\/li>\n<li data-start=\"1909\" data-end=\"2021\">\n<p data-start=\"1911\" data-end=\"2021\"><strong data-start=\"1911\" data-end=\"1938\">Kompaktan, izdr\u017eljiv dizajn<\/strong> \u2013 Zavr\u0161na obrada od nehr\u0111aju\u0107eg \u010delika s robusnom konstrukcijom, idealna za manje prostore.<\/p>\n<\/li>\n<li data-start=\"2022\" data-end=\"2108\">\n<p data-start=\"2024\" data-end=\"2108\"><strong data-start=\"2024\" data-end=\"2045\">Dostupne opcije<\/strong> \u2013 Dostupna je konfiguracija sustava hla\u0111enja vodom i zra\u010dnog kanala.<\/p>\n<\/li>\n<\/ul>\n<hr data-start=\"2110\" data-end=\"2113\" \/>\n<h3><strong>Tehni\u010dki podaci<\/strong><\/h3>\n<table style=\"height: 529px\" width=\"425\">\n<tbody>\n<tr>\n<td>Okusi<\/td>\n<td>1<\/td>\n<\/tr>\n<tr>\n<td>Kapacitet (80 g)<\/td>\n<td>360 serviranja\/sat<\/td>\n<\/tr>\n<tr>\n<td>Cilindri<\/td>\n<td>1x 1,7 l<\/td>\n<\/tr>\n<tr>\n<td>Skaka\u010di<\/td>\n<td>1 x 12L (10L za A)<\/td>\n<\/tr>\n<tr>\n<td>Snaga (50 Hz \/ 60 Hz)<\/td>\n<td>2,5 kW \/ 2,7 kW<\/td>\n<\/tr>\n<tr>\n<td>Neto\/te\u017eina broda (kg)<\/td>\n<td>115 \/ 127 120 \/ 132 (A)<\/td>\n<\/tr>\n<tr>\n<td>Neto dimenzije (mm)<\/td>\n<td>384 x 720 x 846<\/td>\n<\/tr>\n<tr>\n<td>Dimenzije broda (mm)<\/td>\n<td>500 x 870 x 990<\/td>\n<\/tr>\n<tr>\n<td>Napajanje<\/td>\n<td>220 V\/1 faza\/50 Hz, 220 V\/1 faza\/60 Hz<\/td>\n<\/tr>\n<tr>\n<td>Dostupne opcije<\/td>\n<td>Vodeno hla\u0111enje, zra\u010dni kanal<\/td>\n<\/tr>\n<\/tbody>\n<\/table>","protected":false},"excerpt":{"rendered":"<p>The Spaceman 6210-C \/ 6210A-C is a compact and efficient soft serve freezer designed for smaller outlets or businesses looking for a reliable, space-saving solution. With the ability to serve up to 360 portions per hour, this machine is ideal for cafes, dessert shops, and restaurants that want to offer premium soft serve ice cream, [&hellip;]<\/p>\n","protected":false},"featured_media":6258,"comment_status":"open","ping_status":"closed","template":"","meta":[],"product_brand":[],"product_cat":[32],"product_tag":[],"class_list":{"0":"post-6257","1":"product","2":"type-product","3":"status-publish","4":"has-post-thumbnail","6":"product_cat-premier-series","8":"first","9":"instock","10":"shipping-taxable","11":"product-type-simple"},"_links":{"self":[{"href":"https:\/\/dersuessestopp.com\/hr\/wp-json\/wp\/v2\/product\/6257","targetHints":{"allow":["GET"]}}],"collection":[{"href":"https:\/\/dersuessestopp.com\/hr\/wp-json\/wp\/v2\/product"}],"about":[{"href":"https:\/\/dersuessestopp.com\/hr\/wp-json\/wp\/v2\/types\/product"}],"replies":[{"embeddable":true,"href":"https:\/\/dersuessestopp.com\/hr\/wp-json\/wp\/v2\/comments?post=6257"}],"version-history":[{"count":11,"href":"https:\/\/dersuessestopp.com\/hr\/wp-json\/wp\/v2\/product\/6257\/revisions"}],"predecessor-version":[{"id":6362,"href":"https:\/\/dersuessestopp.com\/hr\/wp-json\/wp\/v2\/product\/6257\/revisions\/6362"}],"wp:featuredmedia":[{"embeddable":true,"href":"https:\/\/dersuessestopp.com\/hr\/wp-json\/wp\/v2\/media\/6258"}],"wp:attachment":[{"href":"https:\/\/dersuessestopp.com\/hr\/wp-json\/wp\/v2\/media?parent=6257"}],"wp:term":[{"taxonomy":"product_brand","embeddable":true,"href":"https:\/\/dersuessestopp.com\/hr\/wp-json\/wp\/v2\/product_brand?post=6257"},{"taxonomy":"product_cat","embeddable":true,"href":"https:\/\/dersuessestopp.com\/hr\/wp-json\/wp\/v2\/product_cat?post=6257"},{"taxonomy":"product_tag","embeddable":true,"href":"https:\/\/dersuessestopp.com\/hr\/wp-json\/wp\/v2\/product_tag?post=6257"}],"curies":[{"name":"wp","href":"https:\/\/api.w.org\/{rel}","templated":true}]}}