{"id":1382,"date":"2025-05-03T11:35:25","date_gmt":"2025-05-03T11:35:25","guid":{"rendered":"https:\/\/dersuessestopp.com\/product\/professionelle-softeismaschine-pasmo-s520f\/"},"modified":"2025-09-24T20:21:03","modified_gmt":"2025-09-24T20:21:03","slug":"professionelle-softeismaschine-pasmo-s520f","status":"publish","type":"product","link":"https:\/\/dersuessestopp.com\/hr\/product\/professionelle-softeismaschine-pasmo-s520f\/","title":{"rendered":"Profesionalna softeismaschine PASMO S520F"},"content":{"rendered":"<p>\u201cQualit\u00e4t, die begeistert\u201d \u2013 profesionalna Softeismaschine Pasmo S520F je Ihre zuverl\u00e4ssige Wahl f\u00fcr Premium-Softeis. Als unverzichtbares Ger\u00e4t f\u00fcr jede Eisdiele und Gastronomiebetriebe, die auf die eigene Herstellung von Eis setzen, vereint diese professionelle Softeismaschine beeindruckende Leistung mit un\u00fcbertroffener Qualit\u00e4t.<\/p>\n<ul>\n<li><strong>Kapacitet:<\/strong> Produziert 50 Litre Eis pro Stunde<\/li>\n<li><strong>Trostruki kapacitet:<\/strong> Zwei Beh\u00e4lter mit je 12,5 litara<\/li>\n<li><strong>Merkmale:<\/strong>\n<ul>\n<li>Selbstpr\u00fcfungsfunktion und Mix-Low-Alarm za optimalnu Eisqualit\u00e4t<\/li>\n<li>Langlebiger und leicht zu reinigender SS304 Edelstahl-Beater<\/li>\n<li>Integrierter Hopper-Agitator f\u00fcr gleichm\u00e4\u00dfige Zutatenmischung<\/li>\n<li>Zwei EMBRACO\/TECUMSEH kompresor s 3753 BTU\/h Kapacit\u00e4t f\u00fcr schnelle K\u00fchlung<\/li>\n<li>Snaga motora: 2 x 550 W<\/li>\n<li>Verf\u00fcgbar in verschiedenen Spannungsvarianten (220V\/380V-50Hz\/60Hz)<\/li>\n<li>Robuste Abmessungen (940 x 640 x 1512 mm) und Weight von 226 kg<\/li>\n<\/ul>\n<\/li>\n<\/ul>\n<p>Pasmo S520F predstavljen je kao vrhunska, profesionalna softeismaschine savr\u0161ene kombinacije s visokim kapacitetom i izvrsnom kvalitetom. Ideal f\u00fcr Eisl\u00e4den und Gastronomiebetriebe, die ihre eigenes Eis herstellen m\u00f6chten und Wert auf vollst\u00e4ndige Kontrolle \u00fcber die Produktqualit\u00e4t legen.<\/p>","protected":false},"excerpt":{"rendered":"<p>&#8220;Qualit\u00e4t, die begeistert&#8221; \u2013 die professionelle Softeismaschine Pasmo S520F ist Ihre zuverl\u00e4ssige Wahl f\u00fcr Premium-Softeis. Als unverzichtbares Ger\u00e4t f\u00fcr jede Eisdiele und Gastronomiebetriebe, die auf die eigene Herstellung von Eis\u00a0setzen, vereint diese professionelle Softeismaschine beeindruckende Leistung mit un\u00fcbertroffener Qualit\u00e4t. Kapazit\u00e4t: Produziert 50 Liter Eis pro Stunde Trichterkapazit\u00e4t: Zwei Beh\u00e4lter mit je 12,5 Litern Merkmale: Selbstpr\u00fcfungsfunktion [&hellip;]<\/p>\n","protected":false},"featured_media":1701,"comment_status":"open","ping_status":"closed","template":"","meta":[],"product_brand":[],"product_cat":[63],"product_tag":[],"class_list":{"0":"post-1382","1":"product","2":"type-product","3":"status-publish","4":"has-post-thumbnail","6":"product_cat-pasmo","8":"first","9":"instock","10":"shipping-taxable","11":"purchasable","12":"product-type-simple"},"_links":{"self":[{"href":"https:\/\/dersuessestopp.com\/hr\/wp-json\/wp\/v2\/product\/1382","targetHints":{"allow":["GET"]}}],"collection":[{"href":"https:\/\/dersuessestopp.com\/hr\/wp-json\/wp\/v2\/product"}],"about":[{"href":"https:\/\/dersuessestopp.com\/hr\/wp-json\/wp\/v2\/types\/product"}],"replies":[{"embeddable":true,"href":"https:\/\/dersuessestopp.com\/hr\/wp-json\/wp\/v2\/comments?post=1382"}],"version-history":[{"count":1,"href":"https:\/\/dersuessestopp.com\/hr\/wp-json\/wp\/v2\/product\/1382\/revisions"}],"predecessor-version":[{"id":9283,"href":"https:\/\/dersuessestopp.com\/hr\/wp-json\/wp\/v2\/product\/1382\/revisions\/9283"}],"wp:featuredmedia":[{"embeddable":true,"href":"https:\/\/dersuessestopp.com\/hr\/wp-json\/wp\/v2\/media\/1701"}],"wp:attachment":[{"href":"https:\/\/dersuessestopp.com\/hr\/wp-json\/wp\/v2\/media?parent=1382"}],"wp:term":[{"taxonomy":"product_brand","embeddable":true,"href":"https:\/\/dersuessestopp.com\/hr\/wp-json\/wp\/v2\/product_brand?post=1382"},{"taxonomy":"product_cat","embeddable":true,"href":"https:\/\/dersuessestopp.com\/hr\/wp-json\/wp\/v2\/product_cat?post=1382"},{"taxonomy":"product_tag","embeddable":true,"href":"https:\/\/dersuessestopp.com\/hr\/wp-json\/wp\/v2\/product_tag?post=1382"}],"curies":[{"name":"wp","href":"https:\/\/api.w.org\/{rel}","templated":true}]}}