{"id":1378,"date":"2025-05-03T11:35:25","date_gmt":"2025-05-03T11:35:25","guid":{"rendered":"https:\/\/dersuessestopp.com\/product\/professionelle-softeismaschine-der-suse-stopp-6378a\/"},"modified":"2025-05-03T19:23:30","modified_gmt":"2025-05-03T19:23:30","slug":"professionelle-softeismaschine-der-suse-stopp-6378a","status":"publish","type":"product","link":"https:\/\/dersuessestopp.com\/hr\/product\/professionelle-softeismaschine-der-suse-stopp-6378a\/","title":{"rendered":"Profesionalna softeismaschine \u201cder s\u00fc\u00dfe Stopp 6378A\u201d"},"content":{"rendered":"<p>Entdecken Sie die faszinierende Welt der gfrorenen Desserts mit unserer Softeismaschine \u201cder s\u00fc\u00dfe Stopp 6378A\u201d.M\u00f6chten sie eine professionelle Softeismaschine kaufen die Ideal ist f\u00fcr Gastronomiebetriebe, die ihren Kunden eine vielf\u00e4ltige Auswahl an Softeis und Frozen Yogurt bieten m\u00f6chten. Diese Maschine kombinira inovativnu tehnologiju mit hoher Leistungsf\u00e4higkeit, um auch in den gesch\u00e4ftigsten Zeiten zuverl\u00e4ssig zu funktionieren.<\/p>\n<p>&nbsp;<\/p>\n<ul>\n<li><strong>Tip:<\/strong> Bodenmodell<\/li>\n<li><strong>F\u00f6rdersystem:<\/strong> Pumpenzufuhr<\/li>\n<li><strong>Materijal:<\/strong> Edelstahlpanele<\/li>\n<li><strong>Kapacitet cilindra:<\/strong> 2x 3,2 litre<\/li>\n<li><strong>Trostruki kapacitet:<\/strong> 2x 15 litara<\/li>\n<li><strong>Produktivni kapacitet:<\/strong> 78 litara po satu<\/li>\n<li><strong>Sustav hla\u0111enja:<\/strong> Luftk\u00fchlung mit optionaler Wasserk\u00fchlung<\/li>\n<li><strong>Besondere Merkmale:<\/strong>\n<ul>\n<li>Doppeltes unabh\u00e4ngiges Controllsystem<\/li>\n<li>3 kompresora, 2 motora<\/li>\n<li>Hla\u0111enje, funkcija pripravnosti<\/li>\n<li>Modeli s zra\u010dnim tiskom<\/li>\n<li>Ger\u00e4uscharme Inverter-Technologie<\/li>\n<li>Energetska u\u010dinkovitost<\/li>\n<li>Automatisch schlie\u00dfendes Ausgabeventil<\/li>\n<li>Umje\u0161ne za\u0161titne funkcije<\/li>\n<\/ul>\n<\/li>\n<\/ul>\n<p>Die Softeismaschine f\u00fcr Eiesdielen und Restaurants \u201cder s\u00fc\u00dfe Stopp 6378A\u201d ist eine robuste und leistungsf\u00e4hige Macchine, die selbst unter gr\u00f6\u00dftem Kundenaufkommen exzellentes Eis liefert. Setzen Sie auf Qualit\u00e4t und Zuverl\u00e4ssigkeit, um Ihre Kunden mit jedem L\u00f6ffel zu begeistern.<\/p>","protected":false},"excerpt":{"rendered":"<p>Entdecken Sie die faszinierende Welt der gefrorenen Desserts mit unserer Softeismaschine &#8220;der s\u00fc\u00dfe Stopp 6378A&#8221;.M\u00f6chten sie eine professionelle Softeismaschine kaufen die\u00a0Ideal ist f\u00fcr Gastronomiebetriebe, die ihren Kunden eine vielf\u00e4ltige Auswahl an Softeis und Frozen Yogurt bieten m\u00f6chten. Diese Maschine kombiniert innovative Technologie mit hoher Leistungsf\u00e4higkeit, um auch in den gesch\u00e4ftigsten Zeiten zuverl\u00e4ssig zu funktionieren. &nbsp; [&hellip;]<\/p>\n","protected":false},"featured_media":1694,"comment_status":"open","ping_status":"closed","template":"","meta":[],"product_brand":[],"product_cat":[20],"product_tag":[],"class_list":{"0":"post-1378","1":"product","2":"type-product","3":"status-publish","4":"has-post-thumbnail","6":"product_cat-softeismaschinen","8":"first","9":"instock","10":"shipping-taxable","11":"purchasable","12":"product-type-simple"},"_links":{"self":[{"href":"https:\/\/dersuessestopp.com\/hr\/wp-json\/wp\/v2\/product\/1378","targetHints":{"allow":["GET"]}}],"collection":[{"href":"https:\/\/dersuessestopp.com\/hr\/wp-json\/wp\/v2\/product"}],"about":[{"href":"https:\/\/dersuessestopp.com\/hr\/wp-json\/wp\/v2\/types\/product"}],"replies":[{"embeddable":true,"href":"https:\/\/dersuessestopp.com\/hr\/wp-json\/wp\/v2\/comments?post=1378"}],"version-history":[{"count":0,"href":"https:\/\/dersuessestopp.com\/hr\/wp-json\/wp\/v2\/product\/1378\/revisions"}],"wp:featuredmedia":[{"embeddable":true,"href":"https:\/\/dersuessestopp.com\/hr\/wp-json\/wp\/v2\/media\/1694"}],"wp:attachment":[{"href":"https:\/\/dersuessestopp.com\/hr\/wp-json\/wp\/v2\/media?parent=1378"}],"wp:term":[{"taxonomy":"product_brand","embeddable":true,"href":"https:\/\/dersuessestopp.com\/hr\/wp-json\/wp\/v2\/product_brand?post=1378"},{"taxonomy":"product_cat","embeddable":true,"href":"https:\/\/dersuessestopp.com\/hr\/wp-json\/wp\/v2\/product_cat?post=1378"},{"taxonomy":"product_tag","embeddable":true,"href":"https:\/\/dersuessestopp.com\/hr\/wp-json\/wp\/v2\/product_tag?post=1378"}],"curies":[{"name":"wp","href":"https:\/\/api.w.org\/{rel}","templated":true}]}}