{"id":12358,"date":"2025-10-09T03:40:09","date_gmt":"2025-10-09T03:40:09","guid":{"rendered":"https:\/\/dersuessestopp.com\/?post_type=product&#038;p=12358"},"modified":"2025-10-09T03:40:10","modified_gmt":"2025-10-09T03:40:10","slug":"set-3-kasete-cxf","status":"publish","type":"product","link":"https:\/\/dersuessestopp.com\/hr\/product\/set-3-cassetti-cxf\/","title":{"rendered":"SET 3 KASETA CXF"},"content":{"rendered":"<h2 data-start=\"214\" data-end=\"628\">Opis proizvoda<\/h2>\n<p data-start=\"214\" data-end=\"628\">The <strong data-start=\"218\" data-end=\"240\">SET 3 KASETA CXF<\/strong> je profesionalac <strong data-start=\"259\" data-end=\"273\">komplet ladica<\/strong> dizajnirano za <strong data-start=\"287\" data-end=\"323\">Hladni stolovi serije CXF<\/strong>, s udjelom <strong data-start=\"335\" data-end=\"377\">tri ladice od nehr\u0111aju\u0107eg \u010delika veli\u010dine 1\/3<\/strong>. Izgra\u0111eno u cijelosti od <strong data-start=\"399\" data-end=\"427\">Nehr\u0111aju\u0107i \u010delik AISI 304<\/strong>, osigurava higijenu, \u010dvrsto\u0107u i dugotrajne performanse. Idealan za restorane, hotele i kuhinje ugostiteljskih objekata, pru\u017ea organizirano i u\u010dinkovito skladi\u0161tenje u hladnjaku s nesmetanim radom ladica.<\/p>\n<p data-start=\"630\" data-end=\"649\"><strong data-start=\"630\" data-end=\"647\">Klju\u010dne zna\u010dajke:<\/strong><\/p>\n<ul data-start=\"650\" data-end=\"937\">\n<li data-start=\"650\" data-end=\"706\">\n<p data-start=\"652\" data-end=\"706\"><strong data-start=\"652\" data-end=\"704\">Kompatibilno s rashladnim stolovima serije CXF<\/strong><\/p>\n<\/li>\n<li data-start=\"707\" data-end=\"749\">\n<p data-start=\"709\" data-end=\"749\"><strong data-start=\"709\" data-end=\"747\">Uklju\u010duje 3 ladice (veli\u010dine 1\/3 svaka)<\/strong><\/p>\n<\/li>\n<li data-start=\"750\" data-end=\"790\">\n<p data-start=\"752\" data-end=\"790\"><strong data-start=\"752\" data-end=\"788\">Izra\u0111eno od nehr\u0111aju\u0107eg \u010delika AISI 304<\/strong><\/p>\n<\/li>\n<li data-start=\"791\" data-end=\"835\">\n<p data-start=\"793\" data-end=\"835\"><strong data-start=\"793\" data-end=\"833\">Izdr\u017eljiv, higijenski i jednostavan za \u010di\u0161\u0107enje<\/strong><\/p>\n<\/li>\n<li data-start=\"836\" data-end=\"881\">\n<p data-start=\"838\" data-end=\"881\"><strong data-start=\"838\" data-end=\"879\">Glatki klizni sustav za jednostavan pristup<\/strong><\/p>\n<\/li>\n<li data-start=\"882\" data-end=\"937\">\n<p data-start=\"884\" data-end=\"937\"><strong data-start=\"884\" data-end=\"935\">Idealno za profesionalnu upotrebu u kuhinji i ugostiteljstvu<\/strong><\/p>\n<\/li>\n<\/ul>","protected":false},"excerpt":{"rendered":"<p>Product description The SET 3 CASSETTI CXF is a professional drawer kit designed for CXF series refrigerated counters, featuring three 1\/3-size stainless steel drawers. Built entirely from AISI 304 stainless steel, it ensures hygiene, strength, and long-lasting performance. Ideal for restaurants, hotels, and catering kitchens, it provides organized, efficient refrigerated storage with smooth drawer operation. [&hellip;]<\/p>\n","protected":false},"featured_media":12359,"comment_status":"open","ping_status":"closed","template":"","meta":[],"product_brand":[],"product_cat":[51],"product_tag":[],"class_list":{"0":"post-12358","1":"product","2":"type-product","3":"status-publish","4":"has-post-thumbnail","6":"product_cat-kitchen-catering-cooling","8":"first","9":"instock","10":"shipping-taxable","11":"product-type-simple"},"_links":{"self":[{"href":"https:\/\/dersuessestopp.com\/hr\/wp-json\/wp\/v2\/product\/12358","targetHints":{"allow":["GET"]}}],"collection":[{"href":"https:\/\/dersuessestopp.com\/hr\/wp-json\/wp\/v2\/product"}],"about":[{"href":"https:\/\/dersuessestopp.com\/hr\/wp-json\/wp\/v2\/types\/product"}],"replies":[{"embeddable":true,"href":"https:\/\/dersuessestopp.com\/hr\/wp-json\/wp\/v2\/comments?post=12358"}],"version-history":[{"count":1,"href":"https:\/\/dersuessestopp.com\/hr\/wp-json\/wp\/v2\/product\/12358\/revisions"}],"predecessor-version":[{"id":12361,"href":"https:\/\/dersuessestopp.com\/hr\/wp-json\/wp\/v2\/product\/12358\/revisions\/12361"}],"wp:featuredmedia":[{"embeddable":true,"href":"https:\/\/dersuessestopp.com\/hr\/wp-json\/wp\/v2\/media\/12359"}],"wp:attachment":[{"href":"https:\/\/dersuessestopp.com\/hr\/wp-json\/wp\/v2\/media?parent=12358"}],"wp:term":[{"taxonomy":"product_brand","embeddable":true,"href":"https:\/\/dersuessestopp.com\/hr\/wp-json\/wp\/v2\/product_brand?post=12358"},{"taxonomy":"product_cat","embeddable":true,"href":"https:\/\/dersuessestopp.com\/hr\/wp-json\/wp\/v2\/product_cat?post=12358"},{"taxonomy":"product_tag","embeddable":true,"href":"https:\/\/dersuessestopp.com\/hr\/wp-json\/wp\/v2\/product_tag?post=12358"}],"curies":[{"name":"wp","href":"https:\/\/api.w.org\/{rel}","templated":true}]}}