{"id":12326,"date":"2025-10-09T03:12:06","date_gmt":"2025-10-09T03:12:06","guid":{"rendered":"https:\/\/dersuessestopp.com\/?post_type=product&#038;p=12326"},"modified":"2025-10-09T03:12:07","modified_gmt":"2025-10-09T03:12:07","slug":"cxf-3100-t","status":"publish","type":"product","link":"https:\/\/dersuessestopp.com\/hr\/product\/cxf-3100-tn\/","title":{"rendered":"CXF 3100 TN"},"content":{"rendered":"<p><img decoding=\"async\" src=\"https:\/\/customer.klimaitalia.it\/api\/file\/image\/6669\" \/><\/p>\n<p>&nbsp;<\/p>\n<h2>Opis proizvoda<\/h2>\n<p>The <strong data-start=\"210\" data-end=\"225\">CXF 3100 TN<\/strong> je profesionalac <strong data-start=\"244\" data-end=\"290\">rashladni pult s troja vrata, ventilirani<\/strong>, idealno za restorane, hotele i kuhinje ugostiteljskih objekata. Izra\u0111eno od <strong data-start=\"358\" data-end=\"386\">Nehr\u0111aju\u0107i \u010delik AISI 304<\/strong>, osigurava trajnost, higijenu i jednostavno \u010di\u0161\u0107enje. Rad u <strong data-start=\"454\" data-end=\"491\">temperaturni raspon od -2\u00b0C do +8\u00b0C<\/strong>, pru\u017ea dosljedne performanse hla\u0111enja za pripremu i skladi\u0161tenje hrane. Opremljen s <strong data-start=\"587\" data-end=\"612\">elektroni\u010dki termostat<\/strong>, <strong data-start=\"614\" data-end=\"641\">vrata s mekim zatvaranjem<\/strong>, i <strong data-start=\"647\" data-end=\"677\">automatsko elektri\u010dno odmrzavanje<\/strong>, pru\u017ea pouzdanost i energetsku u\u010dinkovitost.<\/p>\n<h2>Tehni\u010dke specifikacije<\/h2>\n<table>\n<tbody>\n<tr>\n<td>Dimenzije mm<\/td>\n<td>CXF 3100 TN<\/td>\n<td>CXF 3100 TNG<\/td>\n<td>CXF 3140 TN<\/td>\n<td>CXF 3100 BT<\/td>\n<\/tr>\n<tr>\n<td>Vanjske dimenzije (\u0160xDxV)<\/td>\n<td>1795 x 700 x 860*<\/td>\n<td>1795 x 700 x 860*<\/td>\n<td>1795 x 700 x 860*<\/td>\n<td>1795 x 700 x 860*<\/td>\n<\/tr>\n<tr>\n<td>Dimenzije pakiranja (\u0160xDxV)<\/td>\n<td>1825 x 730 x 910<\/td>\n<td>1825 x 730 x 910<\/td>\n<td>1825 x 730 x 910<\/td>\n<td>1825 x 730 x 910<\/td>\n<\/tr>\n<tr>\n<td>\u0160irina<\/td>\n<td>1234<\/td>\n<td>1234<\/td>\n<td>1234<\/td>\n<td>1234<\/td>\n<\/tr>\n<tr>\n<td>Dubina<\/td>\n<td>580<\/td>\n<td>580<\/td>\n<td>580<\/td>\n<td>580<\/td>\n<\/tr>\n<tr>\n<td>Visina<\/td>\n<td>560<\/td>\n<td>560<\/td>\n<td>560<\/td>\n<td>560<\/td>\n<\/tr>\n<tr>\n<td colspan=\"5\">Ukupna visina jedinica uklju\u010duje no\u017eice pode\u0161ene na minimalnu visinu.<\/td>\n<\/tr>\n<\/tbody>\n<\/table>\n<p>&nbsp;<\/p>\n<table style=\"height: 751px;\" width=\"1354\">\n<tbody>\n<tr>\n<td>Tehni\u010dke zna\u010dajke<\/td>\n<td>CXF 3100 TN<\/td>\n<td>CXF 3100 TNG<\/td>\n<td>CXF 3110 \/ 3130 TN<\/td>\n<td>CXF 3140 TN<\/td>\n<td>CXF 3100 BT<\/td>\n<\/tr>\n<tr>\n<td>Raspon temperature<\/td>\n<td>-2 \u00b0C \/ +8 \u00b0C<\/td>\n<td>+2 \u00b0C \/ +8 \u00b0C<\/td>\n<td>-2 \u00b0C \/ +8 \u00b0C<\/td>\n<td>-2 \u00b0C \/ +8 \u00b0C<\/td>\n<td>-22 \u00b0C \/ -18 \u00b0C<\/td>\n<\/tr>\n<tr>\n<td>Klimatski razred<\/td>\n<td>5<\/td>\n<td>4<\/td>\n<td>4<\/td>\n<td>4<\/td>\n<td>4<\/td>\n<\/tr>\n<tr>\n<td>Neto bruto volumen<\/td>\n<td>Poru\u010dnik 291\/358<\/td>\n<td>Poru\u010dnik 302\/358<\/td>\n<td>Poru\u010dnik 242\/358<\/td>\n<td>Poru\u010dnik 194 \/ 358<\/td>\n<td>Poru\u010dnik 281\/358<\/td>\n<\/tr>\n<tr>\n<td>Tijelo<\/td>\n<td>Nehr\u0111aju\u0107i \u010delik AISI 304<\/td>\n<td>Nehr\u0111aju\u0107i \u010delik AISI 304<\/td>\n<td>Nehr\u0111aju\u0107i \u010delik AISI 304<\/td>\n<td>Nehr\u0111aju\u0107i \u010delik AISI 304<\/td>\n<td>Nehr\u0111aju\u0107i \u010delik AISI 304<\/td>\n<\/tr>\n<tr>\n<td>Vrata<\/td>\n<td>&#8211;<\/td>\n<td>Staklo<\/td>\n<td>&#8211;<\/td>\n<td>&#8211;<\/td>\n<td>&#8211;<\/td>\n<\/tr>\n<tr>\n<td>Unutarnja obloga<\/td>\n<td>Nehr\u0111aju\u0107i \u010delik AISI 304<\/td>\n<td>Nehr\u0111aju\u0107i \u010delik AISI 304<\/td>\n<td>Nehr\u0111aju\u0107i \u010delik AISI 304<\/td>\n<td>Nehr\u0111aju\u0107i \u010delik AISI 304<\/td>\n<td>Nehr\u0111aju\u0107i \u010delik AISI 304<\/td>\n<\/tr>\n<tr>\n<td>Termostat<\/td>\n<td>Elektronika<\/td>\n<td>Elektronika<\/td>\n<td>Elektronika<\/td>\n<td>Elektronika<\/td>\n<td>Elektronika<\/td>\n<\/tr>\n<tr>\n<td>Razina buke<\/td>\n<td>dB 42<\/td>\n<td>dB 42<\/td>\n<td>dB 42<\/td>\n<td>dB 42<\/td>\n<td>dB 42<\/td>\n<\/tr>\n<tr>\n<td>Daljinski upravlja\u010d<\/td>\n<td>Izborno<\/td>\n<td>Izborno<\/td>\n<td>Izborno<\/td>\n<td>Izborno<\/td>\n<td>Izborno<\/td>\n<\/tr>\n<tr>\n<td>Debljina izolacije<\/td>\n<td>60 mm<\/td>\n<td>60 mm<\/td>\n<td>60 mm<\/td>\n<td>60 mm<\/td>\n<td>60 metara<\/td>\n<\/tr>\n<tr>\n<td>Odmrzavanje<\/td>\n<td>Automatski s elektri\u010dnim grija\u010dem<\/td>\n<td>Automatski s elektri\u010dnim grija\u010dem<\/td>\n<td>Automatski s elektri\u010dnim grija\u010dem<\/td>\n<td>Automatski s elektri\u010dnim grija\u010dem<\/td>\n<td>Automatski s elektri\u010dnim grija\u010dem<\/td>\n<\/tr>\n<tr>\n<td>Police (\u0160xV)<\/td>\n<td>Br. 3 \u2013 mm 335 x 530 + Br. 3 \u2013 mm 390 x 505<\/td>\n<td>Br. 3 \u2013 mm 335 x 530 + Br. 3 \u2013 mm 390 x 505<\/td>\n<td>Br. 2 \u2013 mm 335 x 530 + Br. 2 \u2013 mm 390 x 505<\/td>\n<td>Br. 1 \u2013 mm 335 x 530 + Br. 1 \u2013 mm 390 x 505<\/td>\n<td>Br. 3 \u2013 mm 335 x 530 + Br. 3 \u2013 mm 390 x 505<\/td>\n<\/tr>\n<tr>\n<td>Rasvjeta<\/td>\n<td>&#8211;<\/td>\n<td>LED 3,6 W<\/td>\n<td>&#8211;<\/td>\n<td>&#8211;<\/td>\n<td>&#8211;<\/td>\n<\/tr>\n<tr>\n<td>Samozatvaraju\u0107a vrata<\/td>\n<td>Meko zatvaranje<\/td>\n<td>Meko zatvaranje<\/td>\n<td>Meko zatvaranje<\/td>\n<td>Meko zatvaranje<\/td>\n<td>Meko zatvaranje<\/td>\n<\/tr>\n<tr>\n<td>Kota\u010di\u0107i-Noge<\/td>\n<td>1,8 metara<\/td>\n<td>1,8 metara<\/td>\n<td>1,8 metara<\/td>\n<td>1,8 metara<\/td>\n<td>1,8 metara<\/td>\n<\/tr>\n<tr>\n<td>Kota\u010di\u0107i<\/td>\n<td>Opcionalno \u2013 v mm 140<\/td>\n<td>Opcionalno \u2013 v mm 140<\/td>\n<td>Opcionalno \u2013 v mm 140<\/td>\n<td>Opcionalno \u2013 v mm 140<\/td>\n<td>Opcionalno \u2013 v mm 140<\/td>\n<\/tr>\n<tr>\n<td>Neto-bruto te\u017eina<\/td>\n<td>Kg 134 \/ 151<\/td>\n<td>Kg 134 \/ 151<\/td>\n<td>Kg 144 \/ 161<\/td>\n<td>Kg 154 \/ 171<\/td>\n<td>Kg 136 \/ 154<\/td>\n<\/tr>\n<tr>\n<td>Napon<\/td>\n<td>V 220-240<\/td>\n<td>V 220-240<\/td>\n<td>V 220-240<\/td>\n<td>V 220-240<\/td>\n<td>V 220-240<\/td>\n<\/tr>\n<tr>\n<td>Frekvencija<\/td>\n<td>Hz 50<\/td>\n<td>Hz 50<\/td>\n<td>Hz 50<\/td>\n<td>Hz 50<\/td>\n<td>Hz 50<\/td>\n<\/tr>\n<tr>\n<td>Rashladno sredstvo<\/td>\n<td>R600A<\/td>\n<td>R600A<\/td>\n<td>R600A<\/td>\n<td>R600A<\/td>\n<td>290 kuna<\/td>\n<\/tr>\n<tr>\n<td>Apsorpcija<\/td>\n<td>Z 300<\/td>\n<td>Z 300<\/td>\n<td>Z 300<\/td>\n<td>Z 300<\/td>\n<td>Z 570<\/td>\n<\/tr>\n<tr>\n<td>Potro\u0161nja energije<\/td>\n<td>kWh\/24 sata 2,25<\/td>\n<td>kWh\/24 sata 3.126<\/td>\n<td>kWh\/24 sata 2,25<\/td>\n<td>kWh\/24 sata 2,18<\/td>\n<td>kWh\/24 sata 8,11<\/td>\n<\/tr>\n<\/tbody>\n<\/table>","protected":false},"excerpt":{"rendered":"<p>&nbsp; Product Description The CXF 3100 TN is a professional three-door ventilated refrigerated counter, perfect for restaurants, hotels, and catering kitchens. Made from AISI 304 stainless steel, it ensures durability, hygiene, and easy cleaning. Operating in a temperature range of -2\u00b0C to +8\u00b0C, it provides consistent cooling performance for food preparation and storage. Equipped with [&hellip;]<\/p>\n","protected":false},"featured_media":12327,"comment_status":"open","ping_status":"closed","template":"","meta":[],"product_brand":[],"product_cat":[51],"product_tag":[],"class_list":{"0":"post-12326","1":"product","2":"type-product","3":"status-publish","4":"has-post-thumbnail","6":"product_cat-kitchen-catering-cooling","8":"first","9":"instock","10":"shipping-taxable","11":"product-type-simple"},"_links":{"self":[{"href":"https:\/\/dersuessestopp.com\/hr\/wp-json\/wp\/v2\/product\/12326","targetHints":{"allow":["GET"]}}],"collection":[{"href":"https:\/\/dersuessestopp.com\/hr\/wp-json\/wp\/v2\/product"}],"about":[{"href":"https:\/\/dersuessestopp.com\/hr\/wp-json\/wp\/v2\/types\/product"}],"replies":[{"embeddable":true,"href":"https:\/\/dersuessestopp.com\/hr\/wp-json\/wp\/v2\/comments?post=12326"}],"version-history":[{"count":1,"href":"https:\/\/dersuessestopp.com\/hr\/wp-json\/wp\/v2\/product\/12326\/revisions"}],"predecessor-version":[{"id":12328,"href":"https:\/\/dersuessestopp.com\/hr\/wp-json\/wp\/v2\/product\/12326\/revisions\/12328"}],"wp:featuredmedia":[{"embeddable":true,"href":"https:\/\/dersuessestopp.com\/hr\/wp-json\/wp\/v2\/media\/12327"}],"wp:attachment":[{"href":"https:\/\/dersuessestopp.com\/hr\/wp-json\/wp\/v2\/media?parent=12326"}],"wp:term":[{"taxonomy":"product_brand","embeddable":true,"href":"https:\/\/dersuessestopp.com\/hr\/wp-json\/wp\/v2\/product_brand?post=12326"},{"taxonomy":"product_cat","embeddable":true,"href":"https:\/\/dersuessestopp.com\/hr\/wp-json\/wp\/v2\/product_cat?post=12326"},{"taxonomy":"product_tag","embeddable":true,"href":"https:\/\/dersuessestopp.com\/hr\/wp-json\/wp\/v2\/product_tag?post=12326"}],"curies":[{"name":"wp","href":"https:\/\/api.w.org\/{rel}","templated":true}]}}