{"id":12319,"date":"2025-10-09T03:08:40","date_gmt":"2025-10-09T03:08:40","guid":{"rendered":"https:\/\/dersuessestopp.com\/?post_type=product&#038;p=12319"},"modified":"2025-10-09T03:08:40","modified_gmt":"2025-10-09T03:08:40","slug":"cxf-3100-btn","status":"publish","type":"product","link":"https:\/\/dersuessestopp.com\/hr\/product\/cxf-3100-btn\/","title":{"rendered":"CXF 3100 BTN"},"content":{"rendered":"<h2><img decoding=\"async\" src=\"https:\/\/customer.klimaitalia.it\/api\/file\/image\/8076\" \/><\/h2>\n<h2>Opis proizvoda<\/h2>\n<p>The <strong data-start=\"228\" data-end=\"244\">CXF 3100 BTN<\/strong> je profesionalac <strong data-start=\"263\" data-end=\"311\">ventilirani hladnjak-zamrziva\u010d s troja vrata<\/strong> izra\u0111eno od premium materijala <strong data-start=\"331\" data-end=\"359\">Nehr\u0111aju\u0107i \u010delik AISI 304<\/strong>, idealno za restorane, hotele i kuhinje ugostiteljskih objekata. Kombinira <strong data-start=\"429\" data-end=\"472\">rashladni odjeljak (-2\u00b0C do +8\u00b0C)<\/strong> i jedan <strong data-start=\"479\" data-end=\"519\">odjeljak za zamrzavanje (-20\u00b0C do -10\u00b0C)<\/strong> u jednoj, u\u010dinkovitoj jedinici. Dizajnirana za higijenu, pouzdanost i performanse, sadr\u017ei <strong data-start=\"613\" data-end=\"635\">vrata s mekim zatvaranjem<\/strong>, <strong data-start=\"637\" data-end=\"667\">automatsko elektri\u010dno odmrzavanje<\/strong>, i <strong data-start=\"676\" data-end=\"701\">elektroni\u010dki termostat<\/strong> za preciznu kontrolu temperature.<\/p>\n<h2>Tehni\u010dke specifikacije<\/h2>\n<table>\n<tbody>\n<tr>\n<td>\u00a0Dimenzije mm<\/td>\n<td>CXF 2100 BTN<\/td>\n<td>CXF 3100 BTN<\/td>\n<\/tr>\n<tr>\n<td>Vanjske dimenzije (\u0160xDxV)<\/td>\n<td>1360 x 700 x 860*<\/td>\n<td>1795 x 700 x 860*<\/td>\n<\/tr>\n<tr>\n<td>Dimenzije pakiranja (\u0160xDxV)<\/td>\n<td>1390 x 730 x 910<\/td>\n<td>1825 x 730 x 910<\/td>\n<\/tr>\n<tr>\n<td>\u0160irina<\/td>\n<td>Frigo 360 | Zamrziva\u010d 360<\/td>\n<td>Frigo 795 | Zamrziva\u010d 360<\/td>\n<\/tr>\n<tr>\n<td>Dubina<\/td>\n<td>Frigo 580 | Zamrziva\u010d 580<\/td>\n<td>Frigo 580 | Zamrziva\u010d 580<\/td>\n<\/tr>\n<tr>\n<td>Visina<\/td>\n<td>Frigo 560 | Zamrziva\u010d 560<\/td>\n<td>Frigo 560 | Zamrziva\u010d 560<\/td>\n<\/tr>\n<tr>\n<td colspan=\"3\">Ukupna visina jedinica uklju\u010duje no\u017eice pode\u0161ene na minimalnu visinu.<\/td>\n<\/tr>\n<\/tbody>\n<\/table>\n<p>&nbsp;<\/p>\n<table>\n<tbody>\n<tr>\n<td>\u00a0Tehni\u010dke zna\u010dajke<\/td>\n<td>CXF 2100 BTN<\/td>\n<td>CXF 3100 BTN<\/td>\n<\/tr>\n<tr>\n<td>Raspon temperature<\/td>\n<td>Hladnjak -2 \u00b0C \/ +8 \u00b0C Zamrziva\u010d -2 \u00b0C \/ +8 \u00b0C | -20 \u00b0C \/ -10 \u00b0C<\/td>\n<td>Hladnjak -2 \u00b0C \/ +8 \u00b0C Zamrziva\u010d -2 \u00b0C \/ +8 \u00b0C | -20 \u00b0C \/ -10 \u00b0C<\/td>\n<\/tr>\n<tr>\n<td>Bruto volumen<\/td>\n<td>Frigo Lt. 124 Zamrziva\u010d Lt. 124<\/td>\n<td>Frigo Lt. 314 Zamrziva\u010d Lt. 124<\/td>\n<\/tr>\n<tr>\n<td>Tijelo<\/td>\n<td>Nehr\u0111aju\u0107i \u010delik AISI 304<\/td>\n<td>Nehr\u0111aju\u0107i \u010delik AISI 304<\/td>\n<\/tr>\n<tr>\n<td>Unutarnja obloga<\/td>\n<td>Nehr\u0111aju\u0107i \u010delik AISI 304<\/td>\n<td>Nehr\u0111aju\u0107i \u010delik AISI 304<\/td>\n<\/tr>\n<tr>\n<td>Termostat<\/td>\n<td>Elektronika<\/td>\n<td>Elektronika<\/td>\n<\/tr>\n<tr>\n<td>Razina buke<\/td>\n<td>dB 52<\/td>\n<td>dB 52<\/td>\n<\/tr>\n<tr>\n<td>Daljinski upravlja\u010d<\/td>\n<td>Izborno<\/td>\n<td>Izborno<\/td>\n<\/tr>\n<tr>\n<td>Debljina izolacije<\/td>\n<td>60 mm<\/td>\n<td>60 mm<\/td>\n<\/tr>\n<tr>\n<td>Odmrzavanje<\/td>\n<td>Automatski s elektri\u010dnim grija\u010dem<\/td>\n<td>Automatski s elektri\u010dnim grija\u010dem<\/td>\n<\/tr>\n<tr>\n<td>Police (\u0160xV)<\/td>\n<td>Br. 2 \u2013 mm 335 x 530<\/td>\n<td>Br. 3 \u2013 mm 335 x 530<\/td>\n<\/tr>\n<tr>\n<td>Samozatvaraju\u0107a vrata<\/td>\n<td>Meko zatvaranje<\/td>\n<td>Meko zatvaranje<\/td>\n<\/tr>\n<tr>\n<td>\u00a0Kota\u010di\u0107i-Noge<\/td>\n<td>4 stope<\/td>\n<td>4 stope<\/td>\n<\/tr>\n<tr>\n<td>Kota\u010di\u0107i<\/td>\n<td>Opcionalno \u2013 v mm 140<\/td>\n<td>Opcionalno \u2013 v mm 140<\/td>\n<\/tr>\n<tr>\n<td>Neto-bruto te\u017eina<\/td>\n<td>Kg 140 \/ 155<\/td>\n<td>Kg 150 \/ 165<\/td>\n<\/tr>\n<tr>\n<td>Napon<\/td>\n<td>V 220-240<\/td>\n<td>V 220-240<\/td>\n<\/tr>\n<tr>\n<td>Frekvencija<\/td>\n<td>Hz 50<\/td>\n<td>Hz 50<\/td>\n<\/tr>\n<tr>\n<td>Rashladno sredstvo<\/td>\n<td>R600A \/ R290<\/td>\n<td>R600A \/ R290<\/td>\n<\/tr>\n<tr>\n<td>Apsorpcija<\/td>\n<td>Z 480<\/td>\n<td>Z 480<\/td>\n<\/tr>\n<\/tbody>\n<\/table>","protected":false},"excerpt":{"rendered":"<p>Product Description The CXF 3100 BTN is a professional three-door ventilated fridge-freezer counter built from premium AISI 304 stainless steel, ideal for restaurants, hotels, and catering kitchens. It combines a refrigerated compartment (-2\u00b0C to +8\u00b0C) and a freezer compartment (-20\u00b0C to -10\u00b0C) in a single, efficient unit. Designed for hygiene, reliability, and performance, it features [&hellip;]<\/p>\n","protected":false},"featured_media":12324,"comment_status":"open","ping_status":"closed","template":"","meta":[],"product_brand":[],"product_cat":[51],"product_tag":[],"class_list":{"0":"post-12319","1":"product","2":"type-product","3":"status-publish","4":"has-post-thumbnail","6":"product_cat-kitchen-catering-cooling","8":"first","9":"instock","10":"shipping-taxable","11":"product-type-simple"},"_links":{"self":[{"href":"https:\/\/dersuessestopp.com\/hr\/wp-json\/wp\/v2\/product\/12319","targetHints":{"allow":["GET"]}}],"collection":[{"href":"https:\/\/dersuessestopp.com\/hr\/wp-json\/wp\/v2\/product"}],"about":[{"href":"https:\/\/dersuessestopp.com\/hr\/wp-json\/wp\/v2\/types\/product"}],"replies":[{"embeddable":true,"href":"https:\/\/dersuessestopp.com\/hr\/wp-json\/wp\/v2\/comments?post=12319"}],"version-history":[{"count":1,"href":"https:\/\/dersuessestopp.com\/hr\/wp-json\/wp\/v2\/product\/12319\/revisions"}],"predecessor-version":[{"id":12325,"href":"https:\/\/dersuessestopp.com\/hr\/wp-json\/wp\/v2\/product\/12319\/revisions\/12325"}],"wp:featuredmedia":[{"embeddable":true,"href":"https:\/\/dersuessestopp.com\/hr\/wp-json\/wp\/v2\/media\/12324"}],"wp:attachment":[{"href":"https:\/\/dersuessestopp.com\/hr\/wp-json\/wp\/v2\/media?parent=12319"}],"wp:term":[{"taxonomy":"product_brand","embeddable":true,"href":"https:\/\/dersuessestopp.com\/hr\/wp-json\/wp\/v2\/product_brand?post=12319"},{"taxonomy":"product_cat","embeddable":true,"href":"https:\/\/dersuessestopp.com\/hr\/wp-json\/wp\/v2\/product_cat?post=12319"},{"taxonomy":"product_tag","embeddable":true,"href":"https:\/\/dersuessestopp.com\/hr\/wp-json\/wp\/v2\/product_tag?post=12319"}],"curies":[{"name":"wp","href":"https:\/\/api.w.org\/{rel}","templated":true}]}}