{"id":12304,"date":"2025-10-09T03:06:35","date_gmt":"2025-10-09T03:06:35","guid":{"rendered":"https:\/\/dersuessestopp.com\/?post_type=product&#038;p=12304"},"modified":"2025-10-09T03:06:35","modified_gmt":"2025-10-09T03:06:35","slug":"cxf-2100-btn","status":"publish","type":"product","link":"https:\/\/dersuessestopp.com\/hr\/product\/cxf-2100-btn\/","title":{"rendered":"CXF 2100 BTN"},"content":{"rendered":"<h2><\/h2>\n<h2><img decoding=\"async\" src=\"https:\/\/customer.klimaitalia.it\/api\/file\/image\/8076\" \/><\/h2>\n<h2>Opis proizvoda<\/h2>\n<p>The <strong data-start=\"240\" data-end=\"255\">CXF 2200 BT<\/strong> je profesionalac <strong data-start=\"274\" data-end=\"313\">Ventilirani zamrziva\u010d s dvoja vrata<\/strong> s <strong data-start=\"319\" data-end=\"338\">stra\u017enja za\u0161titna oplata<\/strong>, idealno za restorane, hotele i kuhinje u cateringu. Izra\u0111eno od <strong data-start=\"404\" data-end=\"432\">Nehr\u0111aju\u0107i \u010delik AISI 304<\/strong>, osigurava maksimalnu higijenu, trajnost i jednostavno \u010di\u0161\u0107enje. Rad unutar <strong data-start=\"512\" data-end=\"551\">temperaturni raspon od -22\u00b0C do -18\u00b0C<\/strong>, omogu\u0107uje u\u010dinkovito i dosljedno zamrzavanje za skladi\u0161tenje hrane. Opremljen je <strong data-start=\"634\" data-end=\"659\">elektroni\u010dki termostat<\/strong>, <strong data-start=\"661\" data-end=\"683\">vrata s mekim zatvaranjem<\/strong>, i <strong data-start=\"689\" data-end=\"719\">automatsko elektri\u010dno odmrzavanje<\/strong>, nudi pouzdane performanse za zahtjevnu profesionalnu upotrebu.<\/p>\n<h2>Tehni\u010dke specifikacije<\/h2>\n<table>\n<tbody>\n<tr>\n<td>\u00a0Dimenzije mm<\/td>\n<td>CXF 2100 BTN<\/td>\n<td>CXF 3100 BTN<\/td>\n<\/tr>\n<tr>\n<td>Vanjske dimenzije (\u0160xDxV)<\/td>\n<td>1360 x 700 x 860*<\/td>\n<td>1795 x 700 x 860*<\/td>\n<\/tr>\n<tr>\n<td>Dimenzije pakiranja (\u0160xDxV)<\/td>\n<td>1390 x 730 x 910<\/td>\n<td>1825 x 730 x 910<\/td>\n<\/tr>\n<tr>\n<td>\u0160irina<\/td>\n<td>Frigo 360 | Zamrziva\u010d 360<\/td>\n<td>Frigo 795 | Zamrziva\u010d 360<\/td>\n<\/tr>\n<tr>\n<td>Dubina<\/td>\n<td>Frigo 580 | Zamrziva\u010d 580<\/td>\n<td>Frigo 580 | Zamrziva\u010d 580<\/td>\n<\/tr>\n<tr>\n<td>Visina<\/td>\n<td>Frigo 560 | Zamrziva\u010d 560<\/td>\n<td>Frigo 560 | Zamrziva\u010d 560<\/td>\n<\/tr>\n<tr>\n<td colspan=\"3\">Ukupna visina jedinica uklju\u010duje no\u017eice pode\u0161ene na minimalnu visinu.<\/td>\n<\/tr>\n<\/tbody>\n<\/table>\n<p>&nbsp;<\/p>\n<table>\n<tbody>\n<tr>\n<td>\u00a0Tehni\u010dke zna\u010dajke<\/td>\n<td>CXF 2100 BTN<\/td>\n<td>CXF 3100 BTN<\/td>\n<\/tr>\n<tr>\n<td>Raspon temperature<\/td>\n<td>Hladnjak -2 \u00b0C \/ +8 \u00b0C Zamrziva\u010d -2 \u00b0C \/ +8 \u00b0C | -20 \u00b0C \/ -10 \u00b0C<\/td>\n<td>Hladnjak -2 \u00b0C \/ +8 \u00b0C Zamrziva\u010d -2 \u00b0C \/ +8 \u00b0C | -20 \u00b0C \/ -10 \u00b0C<\/td>\n<\/tr>\n<tr>\n<td>Bruto volumen<\/td>\n<td>Frigo Lt. 124 Zamrziva\u010d Lt. 124<\/td>\n<td>Frigo Lt. 314 Zamrziva\u010d Lt. 124<\/td>\n<\/tr>\n<tr>\n<td>Tijelo<\/td>\n<td>Nehr\u0111aju\u0107i \u010delik AISI 304<\/td>\n<td>Nehr\u0111aju\u0107i \u010delik AISI 304<\/td>\n<\/tr>\n<tr>\n<td>Unutarnja obloga<\/td>\n<td>Nehr\u0111aju\u0107i \u010delik AISI 304<\/td>\n<td>Nehr\u0111aju\u0107i \u010delik AISI 304<\/td>\n<\/tr>\n<tr>\n<td>Termostat<\/td>\n<td>Elektronika<\/td>\n<td>Elektronika<\/td>\n<\/tr>\n<tr>\n<td>Razina buke<\/td>\n<td>dB 52<\/td>\n<td>dB 52<\/td>\n<\/tr>\n<tr>\n<td>Daljinski upravlja\u010d<\/td>\n<td>Izborno<\/td>\n<td>Izborno<\/td>\n<\/tr>\n<tr>\n<td>Debljina izolacije<\/td>\n<td>60 mm<\/td>\n<td>60 mm<\/td>\n<\/tr>\n<tr>\n<td>Odmrzavanje<\/td>\n<td>Automatski s elektri\u010dnim grija\u010dem<\/td>\n<td>Automatski s elektri\u010dnim grija\u010dem<\/td>\n<\/tr>\n<tr>\n<td>Police (\u0160xV)<\/td>\n<td>Br. 2 \u2013 mm 335 x 530<\/td>\n<td>Br. 3 \u2013 mm 335 x 530<\/td>\n<\/tr>\n<tr>\n<td>Samozatvaraju\u0107a vrata<\/td>\n<td>Meko zatvaranje<\/td>\n<td>Meko zatvaranje<\/td>\n<\/tr>\n<tr>\n<td>\u00a0Kota\u010di\u0107i-Noge<\/td>\n<td>4 stope<\/td>\n<td>4 stope<\/td>\n<\/tr>\n<tr>\n<td>Kota\u010di\u0107i<\/td>\n<td>Opcionalno \u2013 v mm 140<\/td>\n<td>Opcionalno \u2013 v mm 140<\/td>\n<\/tr>\n<tr>\n<td>Neto-bruto te\u017eina<\/td>\n<td>Kg 140 \/ 155<\/td>\n<td>Kg 150 \/ 165<\/td>\n<\/tr>\n<tr>\n<td>Napon<\/td>\n<td>V 220-240<\/td>\n<td>V 220-240<\/td>\n<\/tr>\n<tr>\n<td>Frekvencija<\/td>\n<td>Hz 50<\/td>\n<td>Hz 50<\/td>\n<\/tr>\n<tr>\n<td>Rashladno sredstvo<\/td>\n<td>R600A \/ R290<\/td>\n<td>R600A \/ R290<\/td>\n<\/tr>\n<tr>\n<td>Apsorpcija<\/td>\n<td>Z 480<\/td>\n<td>Z 480<\/td>\n<\/tr>\n<\/tbody>\n<\/table>","protected":false},"excerpt":{"rendered":"<p>Product Description The CXF 2200 BT is a professional two-door ventilated freezer counter with rear splashback, ideal for restaurants, hotels, and catering kitchens. Made from AISI 304 stainless steel, it ensures maximum hygiene, durability, and easy cleaning. Operating within a temperature range of -22\u00b0C to -18\u00b0C, it provides efficient and consistent freezing for food storage. [&hellip;]<\/p>\n","protected":false},"featured_media":12308,"comment_status":"open","ping_status":"closed","template":"","meta":[],"product_brand":[],"product_cat":[51],"product_tag":[],"class_list":{"0":"post-12304","1":"product","2":"type-product","3":"status-publish","4":"has-post-thumbnail","6":"product_cat-kitchen-catering-cooling","8":"first","9":"instock","10":"shipping-taxable","11":"product-type-simple"},"_links":{"self":[{"href":"https:\/\/dersuessestopp.com\/hr\/wp-json\/wp\/v2\/product\/12304","targetHints":{"allow":["GET"]}}],"collection":[{"href":"https:\/\/dersuessestopp.com\/hr\/wp-json\/wp\/v2\/product"}],"about":[{"href":"https:\/\/dersuessestopp.com\/hr\/wp-json\/wp\/v2\/types\/product"}],"replies":[{"embeddable":true,"href":"https:\/\/dersuessestopp.com\/hr\/wp-json\/wp\/v2\/comments?post=12304"}],"version-history":[{"count":1,"href":"https:\/\/dersuessestopp.com\/hr\/wp-json\/wp\/v2\/product\/12304\/revisions"}],"predecessor-version":[{"id":12315,"href":"https:\/\/dersuessestopp.com\/hr\/wp-json\/wp\/v2\/product\/12304\/revisions\/12315"}],"wp:featuredmedia":[{"embeddable":true,"href":"https:\/\/dersuessestopp.com\/hr\/wp-json\/wp\/v2\/media\/12308"}],"wp:attachment":[{"href":"https:\/\/dersuessestopp.com\/hr\/wp-json\/wp\/v2\/media?parent=12304"}],"wp:term":[{"taxonomy":"product_brand","embeddable":true,"href":"https:\/\/dersuessestopp.com\/hr\/wp-json\/wp\/v2\/product_brand?post=12304"},{"taxonomy":"product_cat","embeddable":true,"href":"https:\/\/dersuessestopp.com\/hr\/wp-json\/wp\/v2\/product_cat?post=12304"},{"taxonomy":"product_tag","embeddable":true,"href":"https:\/\/dersuessestopp.com\/hr\/wp-json\/wp\/v2\/product_tag?post=12304"}],"curies":[{"name":"wp","href":"https:\/\/api.w.org\/{rel}","templated":true}]}}