{"id":12255,"date":"2025-10-09T02:53:36","date_gmt":"2025-10-09T02:53:36","guid":{"rendered":"https:\/\/dersuessestopp.com\/?post_type=product&#038;p=12255"},"modified":"2025-10-09T02:53:36","modified_gmt":"2025-10-09T02:53:36","slug":"gn-400-g-bt","status":"publish","type":"product","link":"https:\/\/dersuessestopp.com\/hr\/product\/gn-400-g-bt\/","title":{"rendered":"GN 400 G BT"},"content":{"rendered":"<p><img decoding=\"async\" src=\"https:\/\/customer.klimaitalia.it\/api\/file\/image\/9016\" \/><\/p>\n<p>&nbsp;<\/p>\n<h2>Opis proizvoda<\/h2>\n<p>The <strong data-start=\"194\" data-end=\"209\">GN 400 G BT<\/strong> je profesionalac <strong data-start=\"228\" data-end=\"272\">Stati\u010dki zamrziva\u010d sa staklenim vratima<\/strong>, idealno za slasti\u010darnice, restorane i ugostiteljske objekte. Izgra\u0111eno s <strong data-start=\"351\" data-end=\"392\">prethodno obojeno ku\u0107i\u0161te od \u010delika otpornog na koroziju<\/strong> i <strong data-start=\"397\" data-end=\"413\">ABS unutra\u0161njost<\/strong>, kombinira pouzdanost i moderan dizajn zaslona. Radi izme\u0111u <strong data-start=\"484\" data-end=\"503\">-22\u00b0C i -15\u00b0C<\/strong>, osigurava u\u010dinkovito skladi\u0161tenje smrznutih povr\u0161ina s izvrsnom vidljivo\u0161\u0107u. Zna\u010dajke uklju\u010duju <strong data-start=\"588\" data-end=\"613\">elektroni\u010dki termostat<\/strong>, <strong data-start=\"615\" data-end=\"631\">LED rasvjeta<\/strong>, <strong data-start=\"633\" data-end=\"651\">ru\u010dno odmrzavanje<\/strong>, i <strong data-start=\"659\" data-end=\"695\">samozatvaraju\u0107a vrata od kaljenog stakla<\/strong> s <strong data-start=\"701\" data-end=\"709\">brava<\/strong>.<\/p>\n<h2>Tehni\u010dke specifikacije<\/h2>\n<table>\n<tbody>\n<tr>\n<td>\u00a0Dimenzije mm<\/td>\n<td>GN 400 G BT \u2013 GN 400 G BT BLK<\/td>\n<\/tr>\n<tr>\n<td>Vanjske dimenzije (\u0160xDxV)<\/td>\n<td>600 x 625 x 1860<\/td>\n<\/tr>\n<tr>\n<td>Dimenzije pakiranja (\u0160xDxV)<\/td>\n<td>660 x 725 x 2000<\/td>\n<\/tr>\n<tr>\n<td>\u0160irina<\/td>\n<td>457<\/td>\n<\/tr>\n<tr>\n<td>Dubina<\/td>\n<td>474<\/td>\n<\/tr>\n<tr>\n<td>Visina<\/td>\n<td>1600<\/td>\n<\/tr>\n<tr>\n<td>Min. visina<\/td>\n<td>264<\/td>\n<\/tr>\n<tr>\n<td>Min. \u0161irina<\/td>\n<td>1390<\/td>\n<\/tr>\n<tr>\n<td>Bo\u010dna naljepnica<\/td>\n<td>525 x 1850<\/td>\n<\/tr>\n<tr>\n<td>Naljepnica za staklo<\/td>\n<td>408 x 1477<\/td>\n<\/tr>\n<\/tbody>\n<\/table>\n<p>&nbsp;<\/p>\n<table>\n<tbody>\n<tr>\n<td>\u00a0Tehni\u010dke zna\u010dajke<\/td>\n<td>GN 400 G BT \u2013 GN 400 G BT BLK<\/td>\n<\/tr>\n<tr>\n<td>Raspon temperature<\/td>\n<td>-22 \u00b0C \/ -15 \u00b0C<\/td>\n<\/tr>\n<tr>\n<td>Klimatski razred<\/td>\n<td>4<\/td>\n<\/tr>\n<tr>\n<td>Kapacitet<\/td>\n<td>Poru\u010dnik 400<\/td>\n<\/tr>\n<tr>\n<td>Tijelo<\/td>\n<td>\u00a0Prethodno obojeni lim s antikorozivnom obradom<\/td>\n<\/tr>\n<tr>\n<td>Unutarnja obloga<\/td>\n<td>ABS<\/td>\n<\/tr>\n<tr>\n<td>Termostat<\/td>\n<td>Elektronika<\/td>\n<\/tr>\n<tr>\n<td>Razina buke<\/td>\n<td>dB 38,4<\/td>\n<\/tr>\n<tr>\n<td>Daljinski upravlja\u010d<\/td>\n<td>Izborno<\/td>\n<\/tr>\n<tr>\n<td>Debljina izolacije<\/td>\n<td>70 mm<\/td>\n<\/tr>\n<tr>\n<td>Odmrzavanje<\/td>\n<td>Priru\u010dnik<\/td>\n<\/tr>\n<tr>\n<td>Rasvjeta<\/td>\n<td>2 vertikalne LED diode<\/td>\n<\/tr>\n<tr>\n<td>Samozatvaraju\u0107a vrata<\/td>\n<td>Da<\/td>\n<\/tr>\n<tr>\n<td>Brava i klju\u010d<\/td>\n<td>Da<\/td>\n<\/tr>\n<tr>\n<td>Vrata koja se mogu okrenuti<\/td>\n<td>&#8211;<\/td>\n<\/tr>\n<tr>\n<td>Police (\u0160xV)<\/td>\n<td>Br. 6 \u2013 468 x 405 mm<\/td>\n<\/tr>\n<tr>\n<td>Kota\u010di\u0107i-Noge<\/td>\n<td>2 noge + 2 kota\u010di\u0107a<\/td>\n<\/tr>\n<tr>\n<td>Vrata<\/td>\n<td>Kaljeno staklo<\/td>\n<\/tr>\n<tr>\n<td>Neto-bruto te\u017eina<\/td>\n<td>Kg 86 \/ 99<\/td>\n<\/tr>\n<tr>\n<td>Napon<\/td>\n<td>V 220-240<\/td>\n<\/tr>\n<tr>\n<td>Frekvencija<\/td>\n<td>Hz 50<\/td>\n<\/tr>\n<tr>\n<td>Rashladno sredstvo<\/td>\n<td>290 kuna<\/td>\n<\/tr>\n<tr>\n<td>Apsorpcija<\/td>\n<td>Z 330<\/td>\n<\/tr>\n<tr>\n<td>Potro\u0161nja energije<\/td>\n<td>kWh\/24 sata 6,08<\/td>\n<\/tr>\n<\/tbody>\n<\/table>","protected":false},"excerpt":{"rendered":"<p>&nbsp; Product Description The GN 400 G BT is a professional static freezer cabinet with a glass door, ideal for pastry shops, restaurants, and catering environments. Built with a pre-painted anti-corrosion steel body and ABS interior, it combines reliability and modern display design. Operating between -22\u00b0C and -15\u00b0C, it ensures efficient frozen storage with excellent [&hellip;]<\/p>\n","protected":false},"featured_media":12264,"comment_status":"open","ping_status":"closed","template":"","meta":[],"product_brand":[],"product_cat":[51],"product_tag":[],"class_list":{"0":"post-12255","1":"product","2":"type-product","3":"status-publish","4":"has-post-thumbnail","6":"product_cat-kitchen-catering-cooling","8":"first","9":"instock","10":"shipping-taxable","11":"product-type-simple"},"_links":{"self":[{"href":"https:\/\/dersuessestopp.com\/hr\/wp-json\/wp\/v2\/product\/12255","targetHints":{"allow":["GET"]}}],"collection":[{"href":"https:\/\/dersuessestopp.com\/hr\/wp-json\/wp\/v2\/product"}],"about":[{"href":"https:\/\/dersuessestopp.com\/hr\/wp-json\/wp\/v2\/types\/product"}],"replies":[{"embeddable":true,"href":"https:\/\/dersuessestopp.com\/hr\/wp-json\/wp\/v2\/comments?post=12255"}],"version-history":[{"count":1,"href":"https:\/\/dersuessestopp.com\/hr\/wp-json\/wp\/v2\/product\/12255\/revisions"}],"predecessor-version":[{"id":12268,"href":"https:\/\/dersuessestopp.com\/hr\/wp-json\/wp\/v2\/product\/12255\/revisions\/12268"}],"wp:featuredmedia":[{"embeddable":true,"href":"https:\/\/dersuessestopp.com\/hr\/wp-json\/wp\/v2\/media\/12264"}],"wp:attachment":[{"href":"https:\/\/dersuessestopp.com\/hr\/wp-json\/wp\/v2\/media?parent=12255"}],"wp:term":[{"taxonomy":"product_brand","embeddable":true,"href":"https:\/\/dersuessestopp.com\/hr\/wp-json\/wp\/v2\/product_brand?post=12255"},{"taxonomy":"product_cat","embeddable":true,"href":"https:\/\/dersuessestopp.com\/hr\/wp-json\/wp\/v2\/product_cat?post=12255"},{"taxonomy":"product_tag","embeddable":true,"href":"https:\/\/dersuessestopp.com\/hr\/wp-json\/wp\/v2\/product_tag?post=12255"}],"curies":[{"name":"wp","href":"https:\/\/api.w.org\/{rel}","templated":true}]}}