{"id":12232,"date":"2025-10-09T02:41:41","date_gmt":"2025-10-09T02:41:41","guid":{"rendered":"https:\/\/dersuessestopp.com\/?post_type=product&#038;p=12232"},"modified":"2025-10-09T02:42:24","modified_gmt":"2025-10-09T02:42:24","slug":"12232","status":"publish","type":"product","link":"https:\/\/dersuessestopp.com\/hr\/product\/12232\/","title":{"rendered":"GN 400 PS BT"},"content":{"rendered":"<h2><img decoding=\"async\" src=\"https:\/\/customer.klimaitalia.it\/api\/file\/image\/3914\" \/><\/h2>\n<h2>Opis proizvoda<\/h2>\n<p>The <strong data-start=\"193\" data-end=\"209\">GN 400 PS BT<\/strong> je profesionalac <strong data-start=\"228\" data-end=\"254\">stati\u010dki ormar za zamrzavanje<\/strong> dizajniran za restorane, barove i ugostiteljske objekte. Izgra\u0111en s <strong data-start=\"327\" data-end=\"368\">prethodno obojeno ku\u0107i\u0161te od \u010delika otpornog na koroziju<\/strong> i <strong data-start=\"373\" data-end=\"389\">ABS unutra\u0161njost<\/strong>, osigurava trajnost, higijenu i pouzdanost. Rad izme\u0111u <strong data-start=\"458\" data-end=\"477\">-22\u00b0C i -15\u00b0C<\/strong>, pru\u017ea sna\u017ene i stabilne performanse zamrzavanja. Opremljen s <strong data-start=\"550\" data-end=\"575\">elektroni\u010dki termostat<\/strong>, <strong data-start=\"577\" data-end=\"595\">ru\u010dno odmrzavanje<\/strong>, i <strong data-start=\"603\" data-end=\"635\">samozatvaraju\u0107a reverzibilna vrata<\/strong>, nudi u\u010dinkovitost i prakti\u010dnost za svakodnevnu profesionalnu upotrebu.<\/p>\n<h2>Tehni\u010dke specifikacije<\/h2>\n<table>\n<tbody>\n<tr>\n<td>\u00a0Dimenzije mm<\/td>\n<td>GN 400 PS TN<\/td>\n<td>GN 400 PS BT<\/td>\n<td>GN 600 PS TN<\/td>\n<td>GN 600 PS BT<\/td>\n<\/tr>\n<tr>\n<td>Vanjske dimenzije (\u0160xDxV)<\/td>\n<td>600 x 625 x 1860<\/td>\n<td>600 x 625 x 1860<\/td>\n<td>775 x 760 x 1860<\/td>\n<td>775 x 760 x 1860<\/td>\n<\/tr>\n<tr>\n<td>Dimenzije pakiranja (\u0160xDxV)<\/td>\n<td>660 x 725 x 2000<\/td>\n<td>660 x 725 x 2000<\/td>\n<td>850 x 790 x 2000<\/td>\n<td>850 x 790 x 2000<\/td>\n<\/tr>\n<tr>\n<td>\u0160irina<\/td>\n<td>457<\/td>\n<td>457<\/td>\n<td>632<\/td>\n<td>632<\/td>\n<\/tr>\n<tr>\n<td>Dubina<\/td>\n<td>474<\/td>\n<td>474<\/td>\n<td>610<\/td>\n<td>610<\/td>\n<\/tr>\n<tr>\n<td>Visina<\/td>\n<td>1600<\/td>\n<td>1600<\/td>\n<td>1600<\/td>\n<td>1600<\/td>\n<\/tr>\n<tr>\n<td>Min. dubina<\/td>\n<td>264<\/td>\n<td>264<\/td>\n<td>400<\/td>\n<td>400<\/td>\n<\/tr>\n<tr>\n<td>Min. visina<\/td>\n<td>1390<\/td>\n<td>1390<\/td>\n<td>1390<\/td>\n<td>1390<\/td>\n<\/tr>\n<\/tbody>\n<\/table>\n<p>&nbsp;<\/p>\n<table>\n<tbody>\n<tr>\n<td>Tehni\u010dke zna\u010dajke<\/td>\n<td>GN 400 PS TN<\/td>\n<td>GN 400 PS BT<\/td>\n<td>GN 600 PS TN<\/td>\n<td>GN 600 PS BT<\/td>\n<\/tr>\n<tr>\n<td>Raspon temperature<\/td>\n<td>0 \u00b0C \/ +10 \u00b0C<\/td>\n<td>-22 \u00b0C \/ -15 \u00b0C<\/td>\n<td>0 \u00b0C \/ +10 \u00b0C<\/td>\n<td>-22 \u00b0C \/ -15 \u00b0C<\/td>\n<\/tr>\n<tr>\n<td>Klimatski razred<\/td>\n<td>4<\/td>\n<td>4<\/td>\n<td>4<\/td>\n<td>4<\/td>\n<\/tr>\n<tr>\n<td>Kapacitet<\/td>\n<td>Poru\u010dnik 400<\/td>\n<td>Poru\u010dnik 400<\/td>\n<td>Poru\u010dnik 600<\/td>\n<td>Poru\u010dnik 600<\/td>\n<\/tr>\n<tr>\n<td>Tijelo<\/td>\n<td>Prethodno obojeni lim s antikorozivnom obradom<\/td>\n<td>Prethodno obojeni lim s antikorozivnom obradom<\/td>\n<td>Prethodno obojeni lim s antikorozivnom obradom<\/td>\n<td>Prethodno obojeni lim s antikorozivnom obradom<\/td>\n<\/tr>\n<tr>\n<td>Unutarnja obloga<\/td>\n<td>ABS<\/td>\n<td>ABS<\/td>\n<td>ABS<\/td>\n<td>ABS<\/td>\n<\/tr>\n<tr>\n<td>Termostat<\/td>\n<td>Elektronika<\/td>\n<td>Elektronika<\/td>\n<td>Elektronika<\/td>\n<td>Elektronika<\/td>\n<\/tr>\n<tr>\n<td>Razina buke<\/td>\n<td>dB 43,5<\/td>\n<td>dB 38,7<\/td>\n<td>dB 45,9<\/td>\n<td>dB 38,4<\/td>\n<\/tr>\n<tr>\n<td>Daljinski upravlja\u010d<\/td>\n<td>Izborno<\/td>\n<td>Izborno<\/td>\n<td>Izborno<\/td>\n<td>Izborno<\/td>\n<\/tr>\n<tr>\n<td>Debljina izolacije<\/td>\n<td>70 mm<\/td>\n<td>70 mm<\/td>\n<td>70 mm<\/td>\n<td>70 mm<\/td>\n<\/tr>\n<tr>\n<td>Odmrzavanje<\/td>\n<td>Automatski<\/td>\n<td>Priru\u010dnik<\/td>\n<td>Automatski<\/td>\n<td>Priru\u010dnik<\/td>\n<\/tr>\n<tr>\n<td>Rasvjeta<\/td>\n<td>1 horizontalna LED dioda<\/td>\n<td>1 horizontalna LED dioda<\/td>\n<td>1 horizontalna LED dioda<\/td>\n<td>1 horizontalna LED dioda<\/td>\n<\/tr>\n<tr>\n<td>Samozatvaraju\u0107a vrata<\/td>\n<td>Da<\/td>\n<td>Da<\/td>\n<td>Da<\/td>\n<td>Da<\/td>\n<\/tr>\n<tr>\n<td>Brava i klju\u010d<\/td>\n<td>Da<\/td>\n<td>Da<\/td>\n<td>Da<\/td>\n<td>Da<\/td>\n<\/tr>\n<tr>\n<td>Vrata s mogu\u0107no\u0161\u0107u otvaranja i zatvaranja<\/td>\n<td>Da<\/td>\n<td>Da<\/td>\n<td>Da<\/td>\n<td>Da<\/td>\n<\/tr>\n<tr>\n<td>Police (\u0160xV)<\/td>\n<td>Br. 5 \u2013 476 x 436 mm + Br. 1 \u2013 477 x 207 mm<\/td>\n<td>Br. 6 \u2013 mm 476 x 436<\/td>\n<td>Br. 5 \u2013 652 x 573 mm + Br. 1 \u2013 652 x 347 mm<\/td>\n<td>Br. 6 \u2013 652 x 573 mm<\/td>\n<\/tr>\n<tr>\n<td>Kota\u010di\u0107i-Noge<\/td>\n<td>2 noge + 2 kota\u010di\u0107a<\/td>\n<td>2 noge + 2 kota\u010di\u0107a<\/td>\n<td>2 noge + 2 kota\u010di\u0107a<\/td>\n<td>2 noge + 2 kota\u010di\u0107a<\/td>\n<\/tr>\n<tr>\n<td>Vrata<\/td>\n<td>ABS<\/td>\n<td>ABS<\/td>\n<td>ABS<\/td>\n<td>ABS<\/td>\n<\/tr>\n<tr>\n<td>Neto-bruto te\u017eina<\/td>\n<td>Kg 72 \/ 85<\/td>\n<td>Kg 65 \/ 78<\/td>\n<td>Kg 94 \/ 110<\/td>\n<td>Kg 84 \/ 99<\/td>\n<\/tr>\n<tr>\n<td>Napon<\/td>\n<td>V 220-240<\/td>\n<td>V 220-240<\/td>\n<td>V 220-240<\/td>\n<td>V 220-240<\/td>\n<\/tr>\n<tr>\n<td>Frekvencija<\/td>\n<td>Hz 50<\/td>\n<td>Hz 50<\/td>\n<td>Hz 50<\/td>\n<td>Hz 50<\/td>\n<\/tr>\n<tr>\n<td>Rashladno sredstvo<\/td>\n<td>R600A<\/td>\n<td>290 kuna<\/td>\n<td>R600A<\/td>\n<td>290 kuna<\/td>\n<\/tr>\n<tr>\n<td>Apsorpcija<\/td>\n<td>Z 176<\/td>\n<td>Z 200<\/td>\n<td>Z 194<\/td>\n<td>Z 260<\/td>\n<\/tr>\n<tr>\n<td>Potro\u0161nja energije<\/td>\n<td>kWh\/24 sata 1.374<\/td>\n<td>kWh\/24 sata 2.933<\/td>\n<td>kWh\/24 sata 1.709<\/td>\n<td>kWh\/24 sata 3.695<\/td>\n<\/tr>\n<\/tbody>\n<\/table>","protected":false},"excerpt":{"rendered":"<p>Product Description The GN 400 PS BT is a professional static freezer cabinet designed for restaurants, bars, and catering environments. Built with a pre-painted anti-corrosion steel body and ABS interior, it ensures durability, hygiene, and reliability. Operating between -22\u00b0C and -15\u00b0C, it provides powerful and stable freezing performance. Equipped with an electronic thermostat, manual defrost, [&hellip;]<\/p>\n","protected":false},"featured_media":12224,"comment_status":"open","ping_status":"closed","template":"","meta":[],"product_brand":[],"product_cat":[51],"product_tag":[],"class_list":{"0":"post-12232","1":"product","2":"type-product","3":"status-publish","4":"has-post-thumbnail","6":"product_cat-kitchen-catering-cooling","8":"first","9":"instock","10":"shipping-taxable","11":"product-type-simple"},"_links":{"self":[{"href":"https:\/\/dersuessestopp.com\/hr\/wp-json\/wp\/v2\/product\/12232","targetHints":{"allow":["GET"]}}],"collection":[{"href":"https:\/\/dersuessestopp.com\/hr\/wp-json\/wp\/v2\/product"}],"about":[{"href":"https:\/\/dersuessestopp.com\/hr\/wp-json\/wp\/v2\/types\/product"}],"replies":[{"embeddable":true,"href":"https:\/\/dersuessestopp.com\/hr\/wp-json\/wp\/v2\/comments?post=12232"}],"version-history":[{"count":2,"href":"https:\/\/dersuessestopp.com\/hr\/wp-json\/wp\/v2\/product\/12232\/revisions"}],"predecessor-version":[{"id":12238,"href":"https:\/\/dersuessestopp.com\/hr\/wp-json\/wp\/v2\/product\/12232\/revisions\/12238"}],"wp:featuredmedia":[{"embeddable":true,"href":"https:\/\/dersuessestopp.com\/hr\/wp-json\/wp\/v2\/media\/12224"}],"wp:attachment":[{"href":"https:\/\/dersuessestopp.com\/hr\/wp-json\/wp\/v2\/media?parent=12232"}],"wp:term":[{"taxonomy":"product_brand","embeddable":true,"href":"https:\/\/dersuessestopp.com\/hr\/wp-json\/wp\/v2\/product_brand?post=12232"},{"taxonomy":"product_cat","embeddable":true,"href":"https:\/\/dersuessestopp.com\/hr\/wp-json\/wp\/v2\/product_cat?post=12232"},{"taxonomy":"product_tag","embeddable":true,"href":"https:\/\/dersuessestopp.com\/hr\/wp-json\/wp\/v2\/product_tag?post=12232"}],"curies":[{"name":"wp","href":"https:\/\/api.w.org\/{rel}","templated":true}]}}