{"id":12212,"date":"2025-10-09T02:40:28","date_gmt":"2025-10-09T02:40:28","guid":{"rendered":"https:\/\/dersuessestopp.com\/?post_type=product&#038;p=12212"},"modified":"2025-10-09T02:40:28","modified_gmt":"2025-10-09T02:40:28","slug":"gn-400-ps-tn","status":"publish","type":"product","link":"https:\/\/dersuessestopp.com\/hr\/product\/gn-400-ps-tn\/","title":{"rendered":"GN 400 PS TN"},"content":{"rendered":"<p><img decoding=\"async\" src=\"https:\/\/customer.klimaitalia.it\/api\/file\/image\/3914\" \/><\/p>\n<p>&nbsp;<\/p>\n<h2>Opis proizvoda<\/h2>\n<p>The <strong data-start=\"203\" data-end=\"219\">GN 400 PS TN<\/strong> je profesionalac <strong data-start=\"238\" data-end=\"282\">hladnjak sa stati\u010dkim ventilatorom<\/strong> dizajniran za barove, restorane i ugostiteljske objekte. Izgra\u0111en s <strong data-start=\"355\" data-end=\"400\">vanjska strana od prethodno obojenog antikorozivnog \u010delika<\/strong> i <strong data-start=\"405\" data-end=\"421\">ABS unutra\u0161njost<\/strong>, nudi izdr\u017eljivost i jednostavno odr\u017eavanje. Rad izme\u0111u <strong data-start=\"484\" data-end=\"501\">0\u00b0C i +10\u00b0C<\/strong>, osigurava u\u010dinkovito i stabilno hla\u0111enje. Zna\u010dajke uklju\u010duju <strong data-start=\"561\" data-end=\"582\">automatsko odmrzavanje<\/strong>, <strong data-start=\"584\" data-end=\"600\">LED rasvjeta<\/strong>, <strong data-start=\"602\" data-end=\"627\">elektroni\u010dki termostat<\/strong>, i <strong data-start=\"635\" data-end=\"667\">samozatvaraju\u0107a reverzibilna vrata<\/strong> za maksimalnu udobnost.<\/p>\n<h2>Tehni\u010dke specifikacije<\/h2>\n<table>\n<tbody>\n<tr>\n<td>\u00a0Dimenzije mm<\/td>\n<td>GN 400 PS TN<\/td>\n<td>GN 400 PS BT<\/td>\n<td>GN 600 PS TN<\/td>\n<td>GN 600 PS BT<\/td>\n<\/tr>\n<tr>\n<td>Vanjske dimenzije (\u0160xDxV)<\/td>\n<td>600 x 625 x 1860<\/td>\n<td>600 x 625 x 1860<\/td>\n<td>775 x 760 x 1860<\/td>\n<td>775 x 760 x 1860<\/td>\n<\/tr>\n<tr>\n<td>Dimenzije pakiranja (\u0160xDxV)<\/td>\n<td>660 x 725 x 2000<\/td>\n<td>660 x 725 x 2000<\/td>\n<td>850 x 790 x 2000<\/td>\n<td>850 x 790 x 2000<\/td>\n<\/tr>\n<tr>\n<td>\u0160irina<\/td>\n<td>457<\/td>\n<td>457<\/td>\n<td>632<\/td>\n<td>632<\/td>\n<\/tr>\n<tr>\n<td>Dubina<\/td>\n<td>474<\/td>\n<td>474<\/td>\n<td>610<\/td>\n<td>610<\/td>\n<\/tr>\n<tr>\n<td>Visina<\/td>\n<td>1600<\/td>\n<td>1600<\/td>\n<td>1600<\/td>\n<td>1600<\/td>\n<\/tr>\n<tr>\n<td>Min. dubina<\/td>\n<td>264<\/td>\n<td>264<\/td>\n<td>400<\/td>\n<td>400<\/td>\n<\/tr>\n<tr>\n<td>Min. visina<\/td>\n<td>1390<\/td>\n<td>1390<\/td>\n<td>1390<\/td>\n<td>1390<\/td>\n<\/tr>\n<\/tbody>\n<\/table>\n<p>&nbsp;<\/p>\n<table>\n<tbody>\n<tr>\n<td>Tehni\u010dke zna\u010dajke<\/td>\n<td>GN 400 PS TN<\/td>\n<td>GN 400 PS BT<\/td>\n<td>GN 600 PS TN<\/td>\n<td>GN 600 PS BT<\/td>\n<\/tr>\n<tr>\n<td>Raspon temperature<\/td>\n<td>0 \u00b0C \/ +10 \u00b0C<\/td>\n<td>-22 \u00b0C \/ -15 \u00b0C<\/td>\n<td>0 \u00b0C \/ +10 \u00b0C<\/td>\n<td>-22 \u00b0C \/ -15 \u00b0C<\/td>\n<\/tr>\n<tr>\n<td>Klimatski razred<\/td>\n<td>4<\/td>\n<td>4<\/td>\n<td>4<\/td>\n<td>4<\/td>\n<\/tr>\n<tr>\n<td>Kapacitet<\/td>\n<td>Poru\u010dnik 400<\/td>\n<td>Poru\u010dnik 400<\/td>\n<td>Poru\u010dnik 600<\/td>\n<td>Poru\u010dnik 600<\/td>\n<\/tr>\n<tr>\n<td>Tijelo<\/td>\n<td>Prethodno obojeni lim s antikorozivnom obradom<\/td>\n<td>Prethodno obojeni lim s antikorozivnom obradom<\/td>\n<td>Prethodno obojeni lim s antikorozivnom obradom<\/td>\n<td>Prethodno obojeni lim s antikorozivnom obradom<\/td>\n<\/tr>\n<tr>\n<td>Unutarnja obloga<\/td>\n<td>ABS<\/td>\n<td>ABS<\/td>\n<td>ABS<\/td>\n<td>ABS<\/td>\n<\/tr>\n<tr>\n<td>Termostat<\/td>\n<td>Elektronika<\/td>\n<td>Elektronika<\/td>\n<td>Elektronika<\/td>\n<td>Elektronika<\/td>\n<\/tr>\n<tr>\n<td>Razina buke<\/td>\n<td>dB 43,5<\/td>\n<td>dB 38,7<\/td>\n<td>dB 45,9<\/td>\n<td>dB 38,4<\/td>\n<\/tr>\n<tr>\n<td>Daljinski upravlja\u010d<\/td>\n<td>Izborno<\/td>\n<td>Izborno<\/td>\n<td>Izborno<\/td>\n<td>Izborno<\/td>\n<\/tr>\n<tr>\n<td>Debljina izolacije<\/td>\n<td>70 mm<\/td>\n<td>70 mm<\/td>\n<td>70 mm<\/td>\n<td>70 mm<\/td>\n<\/tr>\n<tr>\n<td>Odmrzavanje<\/td>\n<td>Automatski<\/td>\n<td>Priru\u010dnik<\/td>\n<td>Automatski<\/td>\n<td>Priru\u010dnik<\/td>\n<\/tr>\n<tr>\n<td>Rasvjeta<\/td>\n<td>1 horizontalna LED dioda<\/td>\n<td>1 horizontalna LED dioda<\/td>\n<td>1 horizontalna LED dioda<\/td>\n<td>1 horizontalna LED dioda<\/td>\n<\/tr>\n<tr>\n<td>Samozatvaraju\u0107a vrata<\/td>\n<td>Da<\/td>\n<td>Da<\/td>\n<td>Da<\/td>\n<td>Da<\/td>\n<\/tr>\n<tr>\n<td>Brava i klju\u010d<\/td>\n<td>Da<\/td>\n<td>Da<\/td>\n<td>Da<\/td>\n<td>Da<\/td>\n<\/tr>\n<tr>\n<td>Vrata s mogu\u0107no\u0161\u0107u otvaranja i zatvaranja<\/td>\n<td>Da<\/td>\n<td>Da<\/td>\n<td>Da<\/td>\n<td>Da<\/td>\n<\/tr>\n<tr>\n<td>Police (\u0160xV)<\/td>\n<td>Br. 5 \u2013 476 x 436 mm + Br. 1 \u2013 477 x 207 mm<\/td>\n<td>Br. 6 \u2013 mm 476 x 436<\/td>\n<td>Br. 5 \u2013 652 x 573 mm + Br. 1 \u2013 652 x 347 mm<\/td>\n<td>Br. 6 \u2013 652 x 573 mm<\/td>\n<\/tr>\n<tr>\n<td>Kota\u010di\u0107i-Noge<\/td>\n<td>2 noge + 2 kota\u010di\u0107a<\/td>\n<td>2 noge + 2 kota\u010di\u0107a<\/td>\n<td>2 noge + 2 kota\u010di\u0107a<\/td>\n<td>2 noge + 2 kota\u010di\u0107a<\/td>\n<\/tr>\n<tr>\n<td>Vrata<\/td>\n<td>ABS<\/td>\n<td>ABS<\/td>\n<td>ABS<\/td>\n<td>ABS<\/td>\n<\/tr>\n<tr>\n<td>Neto-bruto te\u017eina<\/td>\n<td>Kg 72 \/ 85<\/td>\n<td>Kg 65 \/ 78<\/td>\n<td>Kg 94 \/ 110<\/td>\n<td>Kg 84 \/ 99<\/td>\n<\/tr>\n<tr>\n<td>Napon<\/td>\n<td>V 220-240<\/td>\n<td>V 220-240<\/td>\n<td>V 220-240<\/td>\n<td>V 220-240<\/td>\n<\/tr>\n<tr>\n<td>Frekvencija<\/td>\n<td>Hz 50<\/td>\n<td>Hz 50<\/td>\n<td>Hz 50<\/td>\n<td>Hz 50<\/td>\n<\/tr>\n<tr>\n<td>Rashladno sredstvo<\/td>\n<td>R600A<\/td>\n<td>290 kuna<\/td>\n<td>R600A<\/td>\n<td>290 kuna<\/td>\n<\/tr>\n<tr>\n<td>Apsorpcija<\/td>\n<td>Z 176<\/td>\n<td>Z 200<\/td>\n<td>Z 194<\/td>\n<td>Z 260<\/td>\n<\/tr>\n<tr>\n<td>Potro\u0161nja energije<\/td>\n<td>kWh\/24 sata 1.374<\/td>\n<td>kWh\/24 sata 2.933<\/td>\n<td>kWh\/24 sata 1.709<\/td>\n<td>kWh\/24 sata 3.695<\/td>\n<\/tr>\n<\/tbody>\n<\/table>","protected":false},"excerpt":{"rendered":"<p>&nbsp; Product Description The GN 400 PS TN is a professional static-fan assisted refrigerator cabinet designed for bars, restaurants, and catering environments. Built with a pre-painted anti-corrosion steel exterior and ABS interior, it offers durability and easy maintenance. Operating between 0\u00b0C and +10\u00b0C, it ensures efficient and stable cooling. Features include automatic defrost, LED lighting, [&hellip;]<\/p>\n","protected":false},"featured_media":12224,"comment_status":"open","ping_status":"closed","template":"","meta":[],"product_brand":[],"product_cat":[51],"product_tag":[],"class_list":{"0":"post-12212","1":"product","2":"type-product","3":"status-publish","4":"has-post-thumbnail","6":"product_cat-kitchen-catering-cooling","8":"first","9":"instock","10":"shipping-taxable","11":"product-type-simple"},"_links":{"self":[{"href":"https:\/\/dersuessestopp.com\/hr\/wp-json\/wp\/v2\/product\/12212","targetHints":{"allow":["GET"]}}],"collection":[{"href":"https:\/\/dersuessestopp.com\/hr\/wp-json\/wp\/v2\/product"}],"about":[{"href":"https:\/\/dersuessestopp.com\/hr\/wp-json\/wp\/v2\/types\/product"}],"replies":[{"embeddable":true,"href":"https:\/\/dersuessestopp.com\/hr\/wp-json\/wp\/v2\/comments?post=12212"}],"version-history":[{"count":1,"href":"https:\/\/dersuessestopp.com\/hr\/wp-json\/wp\/v2\/product\/12212\/revisions"}],"predecessor-version":[{"id":12231,"href":"https:\/\/dersuessestopp.com\/hr\/wp-json\/wp\/v2\/product\/12212\/revisions\/12231"}],"wp:featuredmedia":[{"embeddable":true,"href":"https:\/\/dersuessestopp.com\/hr\/wp-json\/wp\/v2\/media\/12224"}],"wp:attachment":[{"href":"https:\/\/dersuessestopp.com\/hr\/wp-json\/wp\/v2\/media?parent=12212"}],"wp:term":[{"taxonomy":"product_brand","embeddable":true,"href":"https:\/\/dersuessestopp.com\/hr\/wp-json\/wp\/v2\/product_brand?post=12212"},{"taxonomy":"product_cat","embeddable":true,"href":"https:\/\/dersuessestopp.com\/hr\/wp-json\/wp\/v2\/product_cat?post=12212"},{"taxonomy":"product_tag","embeddable":true,"href":"https:\/\/dersuessestopp.com\/hr\/wp-json\/wp\/v2\/product_tag?post=12212"}],"curies":[{"name":"wp","href":"https:\/\/api.w.org\/{rel}","templated":true}]}}