{"id":12208,"date":"2025-10-09T02:36:39","date_gmt":"2025-10-09T02:36:39","guid":{"rendered":"https:\/\/dersuessestopp.com\/?post_type=product&#038;p=12208"},"modified":"2025-10-09T02:36:39","modified_gmt":"2025-10-09T02:36:39","slug":"gn-200-g-bt-blk","status":"publish","type":"product","link":"https:\/\/dersuessestopp.com\/hr\/product\/gn-200-g-bt-blk\/","title":{"rendered":"GN 200 G BT BLK"},"content":{"rendered":"<h2><img decoding=\"async\" src=\"https:\/\/customer.klimaitalia.it\/api\/file\/image\/13156\" \/><\/h2>\n<h2>Opis proizvoda<\/h2>\n<p>The <strong data-start=\"203\" data-end=\"222\">GN 200 G BT BLK<\/strong> je moderan <strong data-start=\"236\" data-end=\"262\">kompaktni stati\u010dki zamrziva\u010d<\/strong> s <strong data-start=\"270\" data-end=\"289\">vrata od punog stakla<\/strong>, idealno za izlaganje smrznutih proizvoda u barovima, restoranima i ugostiteljskim objektima. Izra\u0111eno s <strong data-start=\"390\" data-end=\"435\">vanjska strana od prethodno obojenog antikorozivnog \u010delika<\/strong> i <strong data-start=\"440\" data-end=\"456\">ABS unutra\u0161njost<\/strong>, nudi izdr\u017eljivost i izvrsnu vidljivost. Rad izme\u0111u <strong data-start=\"523\" data-end=\"542\">-20\u00b0C i -15\u00b0C<\/strong>, pru\u017ea stabilne performanse zamrzavanja uz u\u010dinkovito kori\u0161tenje energije. Zna\u010dajke uklju\u010duju <strong data-start=\"628\" data-end=\"644\">LED rasvjeta<\/strong>, <strong data-start=\"646\" data-end=\"671\">elektroni\u010dki termostat<\/strong>, <strong data-start=\"673\" data-end=\"691\">ru\u010dno odmrzavanje<\/strong>, i <strong data-start=\"699\" data-end=\"730\">samozatvaraju\u0107a vrata s bravom<\/strong> za profesionalnu pouzdanost.<\/p>\n<h2>Tehni\u010dke specifikacije<\/h2>\n<table>\n<tbody>\n<tr>\n<td>Dimenzije mm<\/td>\n<td>GN 200 PS BT<\/td>\n<td>GN 200 G BT BLK<\/td>\n<\/tr>\n<tr>\n<td>Vanjske dimenzije (\u0160xDxV)<\/td>\n<td>600 x 625 x 850<\/td>\n<td>600 x 625 x 850<\/td>\n<\/tr>\n<tr>\n<td>Dimenzije pakiranja (\u0160xDxV)<\/td>\n<td>660 x 725 x 1000<\/td>\n<td>660 x 725 x 1000<\/td>\n<\/tr>\n<tr>\n<td>\u0160irina<\/td>\n<td>457<\/td>\n<td>457<\/td>\n<\/tr>\n<tr>\n<td>Dubina<\/td>\n<td>474<\/td>\n<td>474<\/td>\n<\/tr>\n<tr>\n<td>Visina<\/td>\n<td>600<\/td>\n<td>600<\/td>\n<\/tr>\n<tr>\n<td>Min. dubina<\/td>\n<td>264<\/td>\n<td>264<\/td>\n<\/tr>\n<tr>\n<td>Min. visina<\/td>\n<td>390<\/td>\n<td>390<\/td>\n<\/tr>\n<\/tbody>\n<\/table>\n<p>&nbsp;<\/p>\n<table>\n<tbody>\n<tr>\n<td>\u00a0Tehni\u010dke zna\u010dajke<\/td>\n<td>GN 200 PS BT<\/td>\n<td>GN 200 G BT BLK<\/td>\n<\/tr>\n<tr>\n<td>Raspon temperature<\/td>\n<td>-22 \u00b0C \/ -15 \u00b0C<\/td>\n<td>-20 \u00b0C \/ -15 \u00b0C<\/td>\n<\/tr>\n<tr>\n<td>Klimatski razred<\/td>\n<td>4<\/td>\n<td>3, 4<\/td>\n<\/tr>\n<tr>\n<td>Kapacitet<\/td>\n<td>Poru\u010dnik 200<\/td>\n<td>Poru\u010dnik 200<\/td>\n<\/tr>\n<tr>\n<td>Tijelo<\/td>\n<td>\u00a0Prethodno obojeni lim s antikorozivnom obradom<\/td>\n<td>Prethodno obojena plo\u010da s antikorozivnom obradom, vrata puna stakla.<\/td>\n<\/tr>\n<tr>\n<td>Unutarnja obloga<\/td>\n<td>ABS<\/td>\n<td>ABS<\/td>\n<\/tr>\n<tr>\n<td>Termostat<\/td>\n<td>Elektronika<\/td>\n<td>Elektronika<\/td>\n<\/tr>\n<tr>\n<td>Razina buke<\/td>\n<td>dB 46<\/td>\n<td>dB 44<\/td>\n<\/tr>\n<tr>\n<td>Daljinski upravlja\u010d<\/td>\n<td>Izborno<\/td>\n<td>Izborno<\/td>\n<\/tr>\n<tr>\n<td>Debljina izolacije<\/td>\n<td>70 mm<\/td>\n<td>70 mm<\/td>\n<\/tr>\n<tr>\n<td>Odmrzavanje<\/td>\n<td>Priru\u010dnik<\/td>\n<td>Priru\u010dnik<\/td>\n<\/tr>\n<tr>\n<td>Rasvjeta<\/td>\n<td>1 horizontalna LED \u017earulja 6w<\/td>\n<td>2 vertikalne LED \u017earulje 6w+6w<\/td>\n<\/tr>\n<tr>\n<td>Samozatvaraju\u0107a vrata<\/td>\n<td>Da<\/td>\n<td>Da<\/td>\n<\/tr>\n<tr>\n<td>Brava i klju\u010d<\/td>\n<td>Da<\/td>\n<td>Da<\/td>\n<\/tr>\n<tr>\n<td>\u00a0Vrata koja se mogu okrenuti<\/td>\n<td>Da<\/td>\n<td>&#8211;<\/td>\n<\/tr>\n<tr>\n<td>Police (\u0160xV)<\/td>\n<td>Br. 2 \u2013 mm 476 x 436 1 fiksna polica za isparavanje + 1 uklonjiva polica<\/td>\n<td>Br. 2 \u2013 mm 476 x 436 \/ 1 fiksna polica za isparavanje + 1 uklonjiva polica<\/td>\n<\/tr>\n<tr>\n<td>\u00a0Kota\u010di\u0107i-Noge<\/td>\n<td>2 noge + 2 kota\u010di\u0107a<\/td>\n<td>2 noge + 2 kota\u010di\u0107a<\/td>\n<\/tr>\n<tr>\n<td>Vrata<\/td>\n<td>ABS<\/td>\n<td>Staklo<\/td>\n<\/tr>\n<tr>\n<td>Neto-bruto te\u017eina<\/td>\n<td>Kg 36 \/ 39<\/td>\n<td>Kg 47 \/ 51<\/td>\n<\/tr>\n<tr>\n<td>Napon<\/td>\n<td>V 220-240<\/td>\n<td>V 220-240<\/td>\n<\/tr>\n<tr>\n<td>Frekvencija<\/td>\n<td>Hz 50<\/td>\n<td>Hz 50<\/td>\n<\/tr>\n<tr>\n<td>Rashladno sredstvo<\/td>\n<td>R600A<\/td>\n<td>290 kuna<\/td>\n<\/tr>\n<tr>\n<td>Apsorpcija<\/td>\n<td>Z 130<\/td>\n<td>Z 190<\/td>\n<\/tr>\n<tr>\n<td>Potro\u0161nja energije<\/td>\n<td>kWh\/24 sata 2,12<\/td>\n<td>kWh\/24 sata 3,75<\/td>\n<\/tr>\n<\/tbody>\n<\/table>","protected":false},"excerpt":{"rendered":"<p>Product Description The GN 200 G BT BLK is a stylish compact static freezer with a full glass door, ideal for displaying frozen products in bars, restaurants, and catering environments. Built with a pre-painted anti-corrosion steel exterior and ABS interior, it offers durability and excellent visibility. Operating between -20\u00b0C and -15\u00b0C, it provides stable freezing [&hellip;]<\/p>\n","protected":false},"featured_media":12210,"comment_status":"open","ping_status":"closed","template":"","meta":[],"product_brand":[],"product_cat":[51],"product_tag":[],"class_list":{"0":"post-12208","1":"product","2":"type-product","3":"status-publish","4":"has-post-thumbnail","6":"product_cat-kitchen-catering-cooling","8":"first","9":"instock","10":"shipping-taxable","11":"product-type-simple"},"_links":{"self":[{"href":"https:\/\/dersuessestopp.com\/hr\/wp-json\/wp\/v2\/product\/12208","targetHints":{"allow":["GET"]}}],"collection":[{"href":"https:\/\/dersuessestopp.com\/hr\/wp-json\/wp\/v2\/product"}],"about":[{"href":"https:\/\/dersuessestopp.com\/hr\/wp-json\/wp\/v2\/types\/product"}],"replies":[{"embeddable":true,"href":"https:\/\/dersuessestopp.com\/hr\/wp-json\/wp\/v2\/comments?post=12208"}],"version-history":[{"count":1,"href":"https:\/\/dersuessestopp.com\/hr\/wp-json\/wp\/v2\/product\/12208\/revisions"}],"predecessor-version":[{"id":12211,"href":"https:\/\/dersuessestopp.com\/hr\/wp-json\/wp\/v2\/product\/12208\/revisions\/12211"}],"wp:featuredmedia":[{"embeddable":true,"href":"https:\/\/dersuessestopp.com\/hr\/wp-json\/wp\/v2\/media\/12210"}],"wp:attachment":[{"href":"https:\/\/dersuessestopp.com\/hr\/wp-json\/wp\/v2\/media?parent=12208"}],"wp:term":[{"taxonomy":"product_brand","embeddable":true,"href":"https:\/\/dersuessestopp.com\/hr\/wp-json\/wp\/v2\/product_brand?post=12208"},{"taxonomy":"product_cat","embeddable":true,"href":"https:\/\/dersuessestopp.com\/hr\/wp-json\/wp\/v2\/product_cat?post=12208"},{"taxonomy":"product_tag","embeddable":true,"href":"https:\/\/dersuessestopp.com\/hr\/wp-json\/wp\/v2\/product_tag?post=12208"}],"curies":[{"name":"wp","href":"https:\/\/api.w.org\/{rel}","templated":true}]}}