{"id":12182,"date":"2025-10-09T02:29:36","date_gmt":"2025-10-09T02:29:36","guid":{"rendered":"https:\/\/dersuessestopp.com\/?post_type=product&#038;p=12182"},"modified":"2025-10-09T02:29:36","modified_gmt":"2025-10-09T02:29:36","slug":"axf-700-btg","status":"publish","type":"product","link":"https:\/\/dersuessestopp.com\/hr\/product\/axf-700-btg\/","title":{"rendered":"AXF 700 BTG"},"content":{"rendered":"<p>&nbsp;<\/p>\n<h2><img decoding=\"async\" src=\"https:\/\/customer.klimaitalia.it\/api\/file\/image\/8271\" \/><\/h2>\n<h2>Opis proizvoda<\/h2>\n<p>The <strong data-start=\"209\" data-end=\"224\">AXF 700 TNG<\/strong> je profesionalac <strong data-start=\"243\" data-end=\"294\">ventilirani ormar za hladnjak od nehr\u0111aju\u0107eg \u010delika<\/strong> s <strong data-start=\"302\" data-end=\"316\">staklena vrata<\/strong>, idealno za restorane, barove i ugostiteljske objekte. Izra\u0111eno od <strong data-start=\"387\" data-end=\"415\">Nehr\u0111aju\u0107i \u010delik AISI 304<\/strong>, osigurava trajnost, higijenu i elegantan izgled. Rad izme\u0111u <strong data-start=\"491\" data-end=\"508\">+2\u00b0C i +8\u00b0C<\/strong>, osigurava u\u010dinkovito i ravnomjerno hla\u0111enje. Opremljen s <strong data-start=\"567\" data-end=\"583\">LED rasvjeta<\/strong>, <strong data-start=\"585\" data-end=\"606\">vrata s mekim zatvaranjem<\/strong>, <strong data-start=\"608\" data-end=\"629\">automatsko odmrzavanje<\/strong>, i <strong data-start=\"635\" data-end=\"660\">elektroni\u010dki termostat<\/strong>, nudi performanse, stil i prakti\u010dnost.<\/p>\n<h2>Tehni\u010dke specifikacije<\/h2>\n<table>\n<tbody>\n<tr>\n<td>\u00a0Dimenzije mm<\/td>\n<td>AXF 700 TN<\/td>\n<td>AXF 700 TNG<\/td>\n<td>AXF 700 BT<\/td>\n<td>AXF 700 BTG<\/td>\n<\/tr>\n<tr>\n<td>Vanjske dimenzije (\u0160xDxV)<\/td>\n<td>740 x 830 x 2010*<\/td>\n<td>740 x 830 x 2010*<\/td>\n<td>740 x 830 x 2010*<\/td>\n<td>680 x 845 x 2000*<\/td>\n<\/tr>\n<tr>\n<td>Dimenzije pakiranja (\u0160xDxV)<\/td>\n<td>765 x 855 x 2070<\/td>\n<td>765 x 855 x 2070<\/td>\n<td>765 x 855 x 2070<\/td>\n<td>710 x 875 x 2050<\/td>\n<\/tr>\n<tr>\n<td>\u0160irina<\/td>\n<td>624<\/td>\n<td>624<\/td>\n<td>624<\/td>\n<td>560<\/td>\n<\/tr>\n<tr>\n<td>Dubina<\/td>\n<td>700<\/td>\n<td>700<\/td>\n<td>700<\/td>\n<td>680<\/td>\n<\/tr>\n<tr>\n<td>Visina<\/td>\n<td>1410<\/td>\n<td>1410<\/td>\n<td>1410<\/td>\n<td>1380<\/td>\n<\/tr>\n<tr>\n<td colspan=\"5\">Ukupna visina jedinica uklju\u010duje no\u017eice pode\u0161ene na minimalnu visinu.<\/td>\n<\/tr>\n<\/tbody>\n<\/table>\n<p>&nbsp;<\/p>\n<table>\n<tbody>\n<tr>\n<td>Tehni\u010dke zna\u010dajke<\/td>\n<td>AXF 700 TN<\/td>\n<td>AXF 700 TNG<\/td>\n<td>AXF 700 BT<\/td>\n<td>AXF 700 BTG<\/td>\n<\/tr>\n<tr>\n<td>Raspon temperature<\/td>\n<td>-2 \u00b0C \/ +8 \u00b0C<\/td>\n<td>+2 \u00b0C \/ +8 \u00b0C<\/td>\n<td>-22 \u00b0C \/ -18 \u00b0C<\/td>\n<td>-22 \u00b0C \/ -18 \u00b0C<\/td>\n<\/tr>\n<tr>\n<td>Klimatski razred<\/td>\n<td>5<\/td>\n<td>4<\/td>\n<td>4<\/td>\n<td>4<\/td>\n<\/tr>\n<tr>\n<td>Neto bruto volumen<\/td>\n<td>Poru\u010dnik 427 \/ 685<\/td>\n<td>Poru\u010dnik 416 \/ 685<\/td>\n<td>Poru\u010dnik 427 \/ 685<\/td>\n<td>Poru\u010dnik 339 \/ 537<\/td>\n<\/tr>\n<tr>\n<td>Tijelo<\/td>\n<td colspan=\"2\">Nehr\u0111aju\u0107i \u010delik AISI 304<\/td>\n<td colspan=\"2\">Nehr\u0111aju\u0107i \u010delik AISI 304<\/td>\n<\/tr>\n<tr>\n<td>Vrata<\/td>\n<td>&#8211;<\/td>\n<td>Staklo<\/td>\n<td>&#8211;<\/td>\n<td>Staklo<\/td>\n<\/tr>\n<tr>\n<td>Unutarnja obloga<\/td>\n<td colspan=\"2\">Nehr\u0111aju\u0107i \u010delik AISI 304<\/td>\n<td colspan=\"2\">Nehr\u0111aju\u0107i \u010delik AISI 304<\/td>\n<\/tr>\n<tr>\n<td>Termostat<\/td>\n<td colspan=\"2\">Elektronika<\/td>\n<td colspan=\"2\">Elektronika<\/td>\n<\/tr>\n<tr>\n<td>Razina buke<\/td>\n<td>dB 52<\/td>\n<td>dB 52<\/td>\n<td>dB 48<\/td>\n<td>dB 52<\/td>\n<\/tr>\n<tr>\n<td>Daljinski upravlja\u010d<\/td>\n<td>Izborno<\/td>\n<td>Izborno<\/td>\n<td>Izborno<\/td>\n<td>Izborno<\/td>\n<\/tr>\n<tr>\n<td>Debljina izolacije<\/td>\n<td>60 mm<\/td>\n<td>60 mm<\/td>\n<td>60 mm<\/td>\n<td>60 mm<\/td>\n<\/tr>\n<tr>\n<td>Odmrzavanje<\/td>\n<td colspan=\"2\">Automatski s elektri\u010dnim grija\u010dem<\/td>\n<td colspan=\"2\">Automatski s elektri\u010dnim grija\u010dem<\/td>\n<\/tr>\n<tr>\n<td>Sustav hla\u0111enja<\/td>\n<td colspan=\"2\">Stropni ispariva\u010d<\/td>\n<td colspan=\"2\">Stropni ispariva\u010d<\/td>\n<\/tr>\n<tr>\n<td>Rasvjeta<\/td>\n<td>LED 220 \/ 0,6 W<\/td>\n<td>LED 24V \/ 2,7W<\/td>\n<td>LED 220 \/ 0,6 W<\/td>\n<td>LED 24V \/ 2,7W<\/td>\n<\/tr>\n<tr>\n<td>Samozatvaraju\u0107a vrata<\/td>\n<td colspan=\"2\">Meko zatvaranje<\/td>\n<td colspan=\"2\">Meko zatvaranje<\/td>\n<\/tr>\n<tr>\n<td>Brava i klju\u010d<\/td>\n<td>Da<\/td>\n<td>Da<\/td>\n<td>Da<\/td>\n<td>Da<\/td>\n<\/tr>\n<tr>\n<td>\u00a0Vrata koja se mogu okrenuti<\/td>\n<td>Da<\/td>\n<td>&#8211;<\/td>\n<td>Da<\/td>\n<td>&#8211;<\/td>\n<\/tr>\n<tr>\n<td>Police (\u0160xV)<\/td>\n<td colspan=\"2\">Br. 3 \u2013 534 x 650 mm + Br. 1 \u2013 536 x 650 mm<\/td>\n<td>Br. 3 \u2013 534 x 650 mm + Br. 1 \u2013 536 x 650 mm<\/td>\n<td>Br. 3 \u2013 534 x 640 mm + Br. 1 \u2013 525 x 630 mm<\/td>\n<\/tr>\n<tr>\n<td>Kota\u010di\u0107i-Noge<\/td>\n<td colspan=\"2\">4 stope<\/td>\n<td colspan=\"2\">4 stope<\/td>\n<\/tr>\n<tr>\n<td>Kota\u010di\u0107i<\/td>\n<td colspan=\"2\">Opcionalno \u2013 v mm 140<\/td>\n<td colspan=\"2\">Opcionalno \u2013 v mm 140<\/td>\n<\/tr>\n<tr>\n<td>Neto-bruto te\u017eina<\/td>\n<td>Kg 134 \/ 143<\/td>\n<td>Kg 138 \/ 147<\/td>\n<td>Kg 138 \/ 147<\/td>\n<td>Kg 148 \/ 158<\/td>\n<\/tr>\n<tr>\n<td>Napon<\/td>\n<td>V 220-240<\/td>\n<td>V 220-240<\/td>\n<td>V 220-240<\/td>\n<td>V 220-240<\/td>\n<\/tr>\n<tr>\n<td>Frekvencija<\/td>\n<td>Hz 50<\/td>\n<td>Hz 50<\/td>\n<td>Hz 50<\/td>\n<td>Hz 50<\/td>\n<\/tr>\n<tr>\n<td>Rashladno sredstvo<\/td>\n<td>600 \/ 290 R<\/td>\n<td>290 kuna<\/td>\n<td>290 kuna<\/td>\n<td>290 kuna<\/td>\n<\/tr>\n<tr>\n<td>Apsorpcija<\/td>\n<td>Z 250<\/td>\n<td>Z 315<\/td>\n<td>Z 500<\/td>\n<td>Z 610<\/td>\n<\/tr>\n<tr>\n<td>Potro\u0161nja energije<\/td>\n<td>kWh\/24 sata 1.536<\/td>\n<td>kWh\/24 sata 2.596<\/td>\n<td>kWh\/24 sata 6,57<\/td>\n<td>kWh\/24 sata 8.279<\/td>\n<\/tr>\n<\/tbody>\n<\/table>","protected":false},"excerpt":{"rendered":"<p>&nbsp; Product Description The AXF 700 TNG is a professional ventilated stainless steel refrigerator cabinet with a glass door, perfect for restaurants, bars, and catering environments. Built from AISI 304 stainless steel, it ensures durability, hygiene, and an elegant display. Operating between +2\u00b0C and +8\u00b0C, it provides efficient and uniform cooling. Equipped with LED lighting, [&hellip;]<\/p>\n","protected":false},"featured_media":12180,"comment_status":"open","ping_status":"closed","template":"","meta":[],"product_brand":[],"product_cat":[51],"product_tag":[],"class_list":{"0":"post-12182","1":"product","2":"type-product","3":"status-publish","4":"has-post-thumbnail","6":"product_cat-kitchen-catering-cooling","8":"first","9":"instock","10":"shipping-taxable","11":"product-type-simple"},"_links":{"self":[{"href":"https:\/\/dersuessestopp.com\/hr\/wp-json\/wp\/v2\/product\/12182","targetHints":{"allow":["GET"]}}],"collection":[{"href":"https:\/\/dersuessestopp.com\/hr\/wp-json\/wp\/v2\/product"}],"about":[{"href":"https:\/\/dersuessestopp.com\/hr\/wp-json\/wp\/v2\/types\/product"}],"replies":[{"embeddable":true,"href":"https:\/\/dersuessestopp.com\/hr\/wp-json\/wp\/v2\/comments?post=12182"}],"version-history":[{"count":1,"href":"https:\/\/dersuessestopp.com\/hr\/wp-json\/wp\/v2\/product\/12182\/revisions"}],"predecessor-version":[{"id":12189,"href":"https:\/\/dersuessestopp.com\/hr\/wp-json\/wp\/v2\/product\/12182\/revisions\/12189"}],"wp:featuredmedia":[{"embeddable":true,"href":"https:\/\/dersuessestopp.com\/hr\/wp-json\/wp\/v2\/media\/12180"}],"wp:attachment":[{"href":"https:\/\/dersuessestopp.com\/hr\/wp-json\/wp\/v2\/media?parent=12182"}],"wp:term":[{"taxonomy":"product_brand","embeddable":true,"href":"https:\/\/dersuessestopp.com\/hr\/wp-json\/wp\/v2\/product_brand?post=12182"},{"taxonomy":"product_cat","embeddable":true,"href":"https:\/\/dersuessestopp.com\/hr\/wp-json\/wp\/v2\/product_cat?post=12182"},{"taxonomy":"product_tag","embeddable":true,"href":"https:\/\/dersuessestopp.com\/hr\/wp-json\/wp\/v2\/product_tag?post=12182"}],"curies":[{"name":"wp","href":"https:\/\/api.w.org\/{rel}","templated":true}]}}