{"id":12171,"date":"2025-10-09T02:24:42","date_gmt":"2025-10-09T02:24:42","guid":{"rendered":"https:\/\/dersuessestopp.com\/?post_type=product&#038;p=12171"},"modified":"2025-10-09T02:49:41","modified_gmt":"2025-10-09T02:49:41","slug":"12171","status":"publish","type":"product","link":"https:\/\/dersuessestopp.com\/hr\/product\/12171\/","title":{"rendered":"GN 1410 BT"},"content":{"rendered":"<h2 class=\"elementor-heading-title elementor-size-default\">Opis proizvoda<\/h2>\n<p>The <strong data-start=\"230\" data-end=\"244\">GN 1410 BT<\/strong> je profesionalac <strong data-start=\"263\" data-end=\"321\">Dvokrilni ventilirani zamrziva\u010d od nehr\u0111aju\u0107eg \u010delika<\/strong> s <strong data-start=\"329\" data-end=\"364\">veliki bruto kapacitet od 1400 litara<\/strong>, idealno za restorane, hotele i kuhinje ugostiteljskih objekata. Izra\u0111eno od izdr\u017eljivog <strong data-start=\"438\" data-end=\"466\">Nehr\u0111aju\u0107i \u010delik AISI 201<\/strong>, osigurava higijenu, \u010dvrsto\u0107u i pouzdanost. Rad izme\u0111u <strong data-start=\"533\" data-end=\"552\">-22\u00b0C i -15\u00b0C<\/strong>, nudi sna\u017eno zamrzavanje i stabilnu kontrolu temperature. Opremljen s <strong data-start=\"628\" data-end=\"650\">vrata s mekim zatvaranjem<\/strong>, <strong data-start=\"652\" data-end=\"673\">automatsko odmrzavanje<\/strong>, i <strong data-start=\"679\" data-end=\"705\">\u0161est podesivih polica<\/strong>, izgra\u0111en je za u\u010dinkovitu i dugotrajnu upotrebu u zahtjevnim profesionalnim okru\u017eenjima.<\/p>\n<h2>Tehni\u010dke specifikacije<\/h2>\n<table>\n<tbody>\n<tr>\n<td colspan=\"2\">TEHNI\u010cKE INFORMACIJE<\/td>\n<td><\/td>\n<\/tr>\n<tr>\n<td>Model<\/td>\n<td>GN 1410 TN<\/td>\n<td>GN 1410 BT<\/td>\n<\/tr>\n<tr>\n<td>Raspon temperature<\/td>\n<td>2\u00b0C\/8\u00b0C<\/td>\n<td>\u2013 22\u00b0C\/- 15\u00b0C<\/td>\n<\/tr>\n<tr>\n<td>Vanjske dimenzije \u0160xDxV<\/td>\n<td>1480x830x2010 mm<\/td>\n<td>1480x830x2010 mm<\/td>\n<\/tr>\n<tr>\n<td>\u00a0Dimenzije pakiranja \u0160xDxV<\/td>\n<td>1511x861x2055 mm<\/td>\n<td>1511x861x2055 mm<\/td>\n<\/tr>\n<tr>\n<td>Unutarnje dimenzije \u0160xDxV<\/td>\n<td>1364x702x1414 mm<\/td>\n<td>1364x702x1414 mm<\/td>\n<\/tr>\n<tr>\n<td>Neto volumen<\/td>\n<td>1035\/1300<\/td>\n<td>1035\/1300<\/td>\n<\/tr>\n<tr>\n<td>Neto te\u017eina<\/td>\n<td>174\/220 kg<\/td>\n<td>177\/223 kg<\/td>\n<\/tr>\n<tr>\n<td>Tijelo<\/td>\n<td>Nehr\u0111aju\u0107i \u010delik AISI 201<\/td>\n<td>Nehr\u0111aju\u0107i \u010delik AISI 201<\/td>\n<\/tr>\n<tr>\n<td>Unutarnja obloga<\/td>\n<td>Nehr\u0111aju\u0107i \u010delik AISI 201<\/td>\n<td>Nehr\u0111aju\u0107i \u010delik AISI 201<\/td>\n<\/tr>\n<tr>\n<td>Police<\/td>\n<td>Police 530\u00d7650 mm<\/td>\n<td>Police 530\u00d7650 mm<\/td>\n<\/tr>\n<tr>\n<td>Valjci i stopala<\/td>\n<td>4 stope<\/td>\n<td>4 stope<\/td>\n<\/tr>\n<tr>\n<td>Brava i klju\u010d<\/td>\n<td>Da<\/td>\n<td>Da<\/td>\n<\/tr>\n<tr>\n<td>Samozatvaraju\u0107a vrata<\/td>\n<td>Meko zatvaranje<\/td>\n<td>Meko zatvaranje<\/td>\n<\/tr>\n<tr>\n<td>Sustav hla\u0111enja<\/td>\n<td>\u00a0Stropni ventilirani ispariva\u010d<\/td>\n<td>Stropni ventilirani ispariva\u010d<\/td>\n<\/tr>\n<tr>\n<td>Rashladno sredstvo<\/td>\n<td>290 R<\/td>\n<td>290 R<\/td>\n<\/tr>\n<tr>\n<td>Debljina izolacije<\/td>\n<td>60 mm<\/td>\n<td>60 mm<\/td>\n<\/tr>\n<tr>\n<td>\u00a0Frekvencija\/Napon<\/td>\n<td>50 Hz\/220 V<\/td>\n<td>50 Hz\/220 V<\/td>\n<\/tr>\n<tr>\n<td>Klimatski razred<\/td>\n<td>4<\/td>\n<td>4<\/td>\n<\/tr>\n<tr>\n<td>Apsorpcija<\/td>\n<td>500 W<\/td>\n<td>720 W<\/td>\n<\/tr>\n<tr>\n<td>Potro\u0161nja energije<\/td>\n<td>kWh\/24 sata 4,18<\/td>\n<td>kWh\/24 sata 13,61<\/td>\n<\/tr>\n<\/tbody>\n<\/table>","protected":false},"excerpt":{"rendered":"<p>Product description The GN 1410 BT is a professional double-door ventilated stainless steel freezer cabinet with a large 1400-liter gross capacity, ideal for restaurants, hotels, and catering kitchens. Made from durable AISI 201 stainless steel, it ensures hygiene, strength, and reliability. Operating between -22\u00b0C and -15\u00b0C, it offers powerful freezing and stable temperature control. Equipped [&hellip;]<\/p>\n","protected":false},"featured_media":12152,"comment_status":"open","ping_status":"closed","template":"","meta":[],"product_brand":[],"product_cat":[51],"product_tag":[],"class_list":{"0":"post-12171","1":"product","2":"type-product","3":"status-publish","4":"has-post-thumbnail","6":"product_cat-kitchen-catering-cooling","8":"first","9":"instock","10":"shipping-taxable","11":"product-type-simple"},"_links":{"self":[{"href":"https:\/\/dersuessestopp.com\/hr\/wp-json\/wp\/v2\/product\/12171","targetHints":{"allow":["GET"]}}],"collection":[{"href":"https:\/\/dersuessestopp.com\/hr\/wp-json\/wp\/v2\/product"}],"about":[{"href":"https:\/\/dersuessestopp.com\/hr\/wp-json\/wp\/v2\/types\/product"}],"replies":[{"embeddable":true,"href":"https:\/\/dersuessestopp.com\/hr\/wp-json\/wp\/v2\/comments?post=12171"}],"version-history":[{"count":2,"href":"https:\/\/dersuessestopp.com\/hr\/wp-json\/wp\/v2\/product\/12171\/revisions"}],"predecessor-version":[{"id":12260,"href":"https:\/\/dersuessestopp.com\/hr\/wp-json\/wp\/v2\/product\/12171\/revisions\/12260"}],"wp:featuredmedia":[{"embeddable":true,"href":"https:\/\/dersuessestopp.com\/hr\/wp-json\/wp\/v2\/media\/12152"}],"wp:attachment":[{"href":"https:\/\/dersuessestopp.com\/hr\/wp-json\/wp\/v2\/media?parent=12171"}],"wp:term":[{"taxonomy":"product_brand","embeddable":true,"href":"https:\/\/dersuessestopp.com\/hr\/wp-json\/wp\/v2\/product_brand?post=12171"},{"taxonomy":"product_cat","embeddable":true,"href":"https:\/\/dersuessestopp.com\/hr\/wp-json\/wp\/v2\/product_cat?post=12171"},{"taxonomy":"product_tag","embeddable":true,"href":"https:\/\/dersuessestopp.com\/hr\/wp-json\/wp\/v2\/product_tag?post=12171"}],"curies":[{"name":"wp","href":"https:\/\/api.w.org\/{rel}","templated":true}]}}