{"id":12148,"date":"2025-10-09T02:22:50","date_gmt":"2025-10-09T02:22:50","guid":{"rendered":"https:\/\/dersuessestopp.com\/?post_type=product&#038;p=12148"},"modified":"2025-10-09T02:22:50","modified_gmt":"2025-10-09T02:22:50","slug":"gn-1410-tn","status":"publish","type":"product","link":"https:\/\/dersuessestopp.com\/hr\/product\/gn-1410-tn\/","title":{"rendered":"GN 1410 TN"},"content":{"rendered":"<p>&nbsp;<\/p>\n<h2>Opis proizvoda<\/h2>\n<p>The <strong data-start=\"224\" data-end=\"238\">GN 1410 TN<\/strong> je profesionalac <strong data-start=\"257\" data-end=\"320\">Dvokrilni ventilirani hladnjak od nehr\u0111aju\u0107eg \u010delika<\/strong> s <strong data-start=\"328\" data-end=\"363\">veliki bruto kapacitet od 1400 litara<\/strong>, idealno za restorane, hotele i kuhinje za catering. Izra\u0111eno od <strong data-start=\"430\" data-end=\"458\">Nehr\u0111aju\u0107i \u010delik AISI 201<\/strong>, jam\u010di trajnost, higijenu i pouzdanu kontrolu temperature. Rad izme\u0111u <strong data-start=\"547\" data-end=\"564\">+2\u00b0C i +8\u00b0C<\/strong>, nudi stabilno hla\u0111enje i ravnomjernu raspodjelu zraka. Opremljen s <strong data-start=\"632\" data-end=\"654\">vrata s mekim zatvaranjem<\/strong>, <strong data-start=\"656\" data-end=\"677\">automatsko odmrzavanje<\/strong>, i <strong data-start=\"683\" data-end=\"709\">\u0161est podesivih polica<\/strong>, dizajniran je za u\u010dinkovito skladi\u0161tenje i dugotrajne performanse.<\/p>\n<h2>Tehni\u010dke specifikacije<\/h2>\n<table>\n<tbody>\n<tr>\n<td colspan=\"2\">TEHNI\u010cKE INFORMACIJE<\/td>\n<td><\/td>\n<\/tr>\n<tr>\n<td>Model<\/td>\n<td>GN 1410 TN<\/td>\n<td>GN 1410 BT<\/td>\n<\/tr>\n<tr>\n<td>Raspon temperature<\/td>\n<td>2\u00b0C\/8\u00b0C<\/td>\n<td>\u2013 22\u00b0C\/- 15\u00b0C<\/td>\n<\/tr>\n<tr>\n<td>Vanjske dimenzije \u0160xDxV<\/td>\n<td>1480x830x2010 mm<\/td>\n<td>1480x830x2010 mm<\/td>\n<\/tr>\n<tr>\n<td>\u00a0Dimenzije pakiranja \u0160xDxV<\/td>\n<td>1511x861x2055 mm<\/td>\n<td>1511x861x2055 mm<\/td>\n<\/tr>\n<tr>\n<td>Unutarnje dimenzije \u0160xDxV<\/td>\n<td>1364x702x1414 mm<\/td>\n<td>1364x702x1414 mm<\/td>\n<\/tr>\n<tr>\n<td>Neto volumen<\/td>\n<td>1035\/1300<\/td>\n<td>1035\/1300<\/td>\n<\/tr>\n<tr>\n<td>Neto te\u017eina<\/td>\n<td>174\/220 kg<\/td>\n<td>177\/223 kg<\/td>\n<\/tr>\n<tr>\n<td>Tijelo<\/td>\n<td>Nehr\u0111aju\u0107i \u010delik AISI 201<\/td>\n<td>Nehr\u0111aju\u0107i \u010delik AISI 201<\/td>\n<\/tr>\n<tr>\n<td>Unutarnja obloga<\/td>\n<td>Nehr\u0111aju\u0107i \u010delik AISI 201<\/td>\n<td>Nehr\u0111aju\u0107i \u010delik AISI 201<\/td>\n<\/tr>\n<tr>\n<td>Police<\/td>\n<td>Police 530\u00d7650 mm<\/td>\n<td>Police 530\u00d7650 mm<\/td>\n<\/tr>\n<tr>\n<td>Valjci i stopala<\/td>\n<td>4 stope<\/td>\n<td>4 stope<\/td>\n<\/tr>\n<tr>\n<td>Brava i klju\u010d<\/td>\n<td>Da<\/td>\n<td>Da<\/td>\n<\/tr>\n<tr>\n<td>Samozatvaraju\u0107a vrata<\/td>\n<td>Meko zatvaranje<\/td>\n<td>Meko zatvaranje<\/td>\n<\/tr>\n<tr>\n<td>Sustav hla\u0111enja<\/td>\n<td>\u00a0Stropni ventilirani ispariva\u010d<\/td>\n<td>Stropni ventilirani ispariva\u010d<\/td>\n<\/tr>\n<tr>\n<td>Rashladno sredstvo<\/td>\n<td>290 R<\/td>\n<td>290 R<\/td>\n<\/tr>\n<tr>\n<td>Debljina izolacije<\/td>\n<td>60 mm<\/td>\n<td>60 mm<\/td>\n<\/tr>\n<tr>\n<td>\u00a0Frekvencija\/Napon<\/td>\n<td>50 Hz\/220 V<\/td>\n<td>50 Hz\/220 V<\/td>\n<\/tr>\n<tr>\n<td>Klimatski razred<\/td>\n<td>4<\/td>\n<td>4<\/td>\n<\/tr>\n<tr>\n<td>Apsorpcija<\/td>\n<td>500 W<\/td>\n<td>720 W<\/td>\n<\/tr>\n<tr>\n<td>Potro\u0161nja energije<\/td>\n<td>kWh\/24 sata 4,18<\/td>\n<td>kWh\/24 sata 13,61<\/td>\n<\/tr>\n<\/tbody>\n<\/table>","protected":false},"excerpt":{"rendered":"<p>&nbsp; Product Description The GN 1410 TN is a professional double-door ventilated stainless steel refrigerator cabinet with a large 1400-liter gross capacity, ideal for restaurants, hotels, and catering kitchens. Built from AISI 201 stainless steel, it guarantees durability, hygiene, and reliable temperature control. Operating between +2\u00b0C and +8\u00b0C, it offers stable cooling and even air [&hellip;]<\/p>\n","protected":false},"featured_media":12152,"comment_status":"open","ping_status":"closed","template":"","meta":[],"product_brand":[],"product_cat":[51],"product_tag":[],"class_list":{"0":"post-12148","1":"product","2":"type-product","3":"status-publish","4":"has-post-thumbnail","6":"product_cat-kitchen-catering-cooling","8":"first","9":"instock","10":"shipping-taxable","11":"product-type-simple"},"_links":{"self":[{"href":"https:\/\/dersuessestopp.com\/hr\/wp-json\/wp\/v2\/product\/12148","targetHints":{"allow":["GET"]}}],"collection":[{"href":"https:\/\/dersuessestopp.com\/hr\/wp-json\/wp\/v2\/product"}],"about":[{"href":"https:\/\/dersuessestopp.com\/hr\/wp-json\/wp\/v2\/types\/product"}],"replies":[{"embeddable":true,"href":"https:\/\/dersuessestopp.com\/hr\/wp-json\/wp\/v2\/comments?post=12148"}],"version-history":[{"count":1,"href":"https:\/\/dersuessestopp.com\/hr\/wp-json\/wp\/v2\/product\/12148\/revisions"}],"predecessor-version":[{"id":12167,"href":"https:\/\/dersuessestopp.com\/hr\/wp-json\/wp\/v2\/product\/12148\/revisions\/12167"}],"wp:featuredmedia":[{"embeddable":true,"href":"https:\/\/dersuessestopp.com\/hr\/wp-json\/wp\/v2\/media\/12152"}],"wp:attachment":[{"href":"https:\/\/dersuessestopp.com\/hr\/wp-json\/wp\/v2\/media?parent=12148"}],"wp:term":[{"taxonomy":"product_brand","embeddable":true,"href":"https:\/\/dersuessestopp.com\/hr\/wp-json\/wp\/v2\/product_brand?post=12148"},{"taxonomy":"product_cat","embeddable":true,"href":"https:\/\/dersuessestopp.com\/hr\/wp-json\/wp\/v2\/product_cat?post=12148"},{"taxonomy":"product_tag","embeddable":true,"href":"https:\/\/dersuessestopp.com\/hr\/wp-json\/wp\/v2\/product_tag?post=12148"}],"curies":[{"name":"wp","href":"https:\/\/api.w.org\/{rel}","templated":true}]}}