{"id":12139,"date":"2025-10-09T02:14:33","date_gmt":"2025-10-09T02:14:33","guid":{"rendered":"https:\/\/dersuessestopp.com\/?post_type=product&#038;p=12139"},"modified":"2025-10-09T02:14:33","modified_gmt":"2025-10-09T02:14:33","slug":"gn-650-t","status":"publish","type":"product","link":"https:\/\/dersuessestopp.com\/hr\/product\/gn-650-tn\/","title":{"rendered":"GN 650 TN"},"content":{"rendered":"<p>&nbsp;<\/p>\n<h2>Opis proizvoda<\/h2>\n<p>The <strong data-start=\"218\" data-end=\"231\">GN 650 TN<\/strong> je profesionalac <strong data-start=\"250\" data-end=\"301\">ventilirani ormar za hladnjak od nehr\u0111aju\u0107eg \u010delika<\/strong> s <strong data-start=\"309\" data-end=\"337\">Bruto kapacitet od 700 litara<\/strong>, idealno za restorane, kuhinje za catering i skladi\u0161ta hrane. Izra\u0111eno od izdr\u017eljivog <strong data-start=\"424\" data-end=\"452\">Nehr\u0111aju\u0107i \u010delik AISI 201<\/strong>, osigurava higijenu i dugotrajnost. Rad u <strong data-start=\"503\" data-end=\"540\">temperaturni raspon od +2\u00b0C do +8\u00b0C<\/strong>, pru\u017ea stabilno i u\u010dinkovito hla\u0111enje. Opremljen s <strong data-start=\"598\" data-end=\"619\">vrata s mekim zatvaranjem<\/strong>, <strong data-start=\"621\" data-end=\"646\">elektroni\u010dki termostat<\/strong>, i <strong data-start=\"652\" data-end=\"673\">automatsko odmrzavanje<\/strong>, nudi pouzdane performanse za svakodnevnu komercijalnu upotrebu.<\/p>\n<h2>Tehni\u010dke specifikacije<\/h2>\n<table>\n<tbody>\n<tr>\n<td colspan=\"2\">\u00a0TEHNI\u010cKE INFORMACIJE<\/td>\n<td><\/td>\n<\/tr>\n<tr>\n<td>\u00a0Model<\/td>\n<td>GN 650 TN<\/td>\n<td>GN 650 BT<\/td>\n<\/tr>\n<tr>\n<td>Raspon temperature<\/td>\n<td>+2 \u00b0C \/ +8 \u00b0C<\/td>\n<td>-22 \u00b0C \/ -15 \u00b0C<\/td>\n<\/tr>\n<tr>\n<td>Vanjske dimenzije (\u0160xDxV)<\/td>\n<td>740 x 830 x 2010 mm<\/td>\n<td>740 x 830 x 2010 mm<\/td>\n<\/tr>\n<tr>\n<td>Dimenzije pakiranja (\u0160xDxV)<\/td>\n<td>771 x 861 x 2055 mm<\/td>\n<td>771 x 861 x 2055 mm<\/td>\n<\/tr>\n<tr>\n<td>Unutarnje dimenzije (\u0160xDxV)<\/td>\n<td>624 x 702 x 1414 mm<\/td>\n<td>624 x 702 x 1414 mm<\/td>\n<\/tr>\n<tr>\n<td>\u00a0Bruto volumen<\/td>\n<td>440 \/ 650 l<\/td>\n<td>440 \/ 650 l<\/td>\n<\/tr>\n<tr>\n<td>Bruto te\u017eina<\/td>\n<td>112\/140 kg<\/td>\n<td>115\/143 kg<\/td>\n<\/tr>\n<tr>\n<td>\u00a0Tijelo<\/td>\n<td>\u00a0Nehr\u0111aju\u0107i \u010delik AISI 201<\/td>\n<td>\u00a0Nehr\u0111aju\u0107i \u010delik AISI 201<\/td>\n<\/tr>\n<tr>\n<td>\u00a0Unutarnja obloga<\/td>\n<td>\u00a0Nehr\u0111aju\u0107i \u010delik AISI 201<\/td>\n<td>\u00a0Nehr\u0111aju\u0107i \u010delik AISI 201<\/td>\n<\/tr>\n<tr>\n<td>Police<\/td>\n<td>Police 530 x 650 mm<\/td>\n<td>Police 530 x 650 mm<\/td>\n<\/tr>\n<tr>\n<td>\u00a0Valjci i stopala<\/td>\n<td>\u00a04 stope<\/td>\n<td>4 stope<\/td>\n<\/tr>\n<tr>\n<td>\u00a0Brava i klju\u010d<\/td>\n<td>\u00a0Da<\/td>\n<td>Da<\/td>\n<\/tr>\n<tr>\n<td>\u00a0Samozatvaraju\u0107a vrata<\/td>\n<td>\u00a0Meko zatvaranje<\/td>\n<td>\u00a0Meko zatvaranje<\/td>\n<\/tr>\n<tr>\n<td>\u00a0Vrata koja se mogu okrenuti<\/td>\n<td>Da<\/td>\n<td>\u00a0Da<\/td>\n<\/tr>\n<tr>\n<td>Raffreddamento Sustav hla\u0111enja<\/td>\n<td>Stropni ventilirani ispariva\u010d<\/td>\n<td>\u00a0Stropni ventilirani ispariva\u010d<\/td>\n<\/tr>\n<tr>\n<td>Rashladno sredstvo<\/td>\n<td>290 kuna<\/td>\n<td>290 kuna<\/td>\n<\/tr>\n<tr>\n<td>\u00a0Debljina izolacije<\/td>\n<td>60 mm<\/td>\n<td>60 mm<\/td>\n<\/tr>\n<tr>\n<td>\u00a0Frekvencija \/ Napon<\/td>\n<td>50Hz \/ 220 V<\/td>\n<td>50Hz \/ 220 V<\/td>\n<\/tr>\n<tr>\n<td>\u00a0Klimatski razred<\/td>\n<td>4<\/td>\n<td>4<\/td>\n<\/tr>\n<tr>\n<td>\u00a0Apsorpcija<\/td>\n<td>360 W<\/td>\n<td>520 W<\/td>\n<\/tr>\n<tr>\n<td>\u00a0Potro\u0161nja energije<\/td>\n<td>kWh\/24 sata 1,78<\/td>\n<td>kWh\/24 sata 8,26<\/td>\n<\/tr>\n<\/tbody>\n<\/table>","protected":false},"excerpt":{"rendered":"<p>&nbsp; Product Description The GN 650 TN is a professional ventilated stainless steel refrigerator cabinet with a 700-liter gross capacity, ideal for restaurants, catering kitchens, and food storage areas. Built from durable AISI 201 stainless steel, it ensures hygiene and longevity. Operating in a temperature range of +2\u00b0C to +8\u00b0C, it provides stable and efficient [&hellip;]<\/p>\n","protected":false},"featured_media":12140,"comment_status":"open","ping_status":"closed","template":"","meta":[],"product_brand":[],"product_cat":[51],"product_tag":[],"class_list":{"0":"post-12139","1":"product","2":"type-product","3":"status-publish","4":"has-post-thumbnail","6":"product_cat-kitchen-catering-cooling","8":"first","9":"instock","10":"shipping-taxable","11":"product-type-simple"},"_links":{"self":[{"href":"https:\/\/dersuessestopp.com\/hr\/wp-json\/wp\/v2\/product\/12139","targetHints":{"allow":["GET"]}}],"collection":[{"href":"https:\/\/dersuessestopp.com\/hr\/wp-json\/wp\/v2\/product"}],"about":[{"href":"https:\/\/dersuessestopp.com\/hr\/wp-json\/wp\/v2\/types\/product"}],"replies":[{"embeddable":true,"href":"https:\/\/dersuessestopp.com\/hr\/wp-json\/wp\/v2\/comments?post=12139"}],"version-history":[{"count":1,"href":"https:\/\/dersuessestopp.com\/hr\/wp-json\/wp\/v2\/product\/12139\/revisions"}],"predecessor-version":[{"id":12147,"href":"https:\/\/dersuessestopp.com\/hr\/wp-json\/wp\/v2\/product\/12139\/revisions\/12147"}],"wp:featuredmedia":[{"embeddable":true,"href":"https:\/\/dersuessestopp.com\/hr\/wp-json\/wp\/v2\/media\/12140"}],"wp:attachment":[{"href":"https:\/\/dersuessestopp.com\/hr\/wp-json\/wp\/v2\/media?parent=12139"}],"wp:term":[{"taxonomy":"product_brand","embeddable":true,"href":"https:\/\/dersuessestopp.com\/hr\/wp-json\/wp\/v2\/product_brand?post=12139"},{"taxonomy":"product_cat","embeddable":true,"href":"https:\/\/dersuessestopp.com\/hr\/wp-json\/wp\/v2\/product_cat?post=12139"},{"taxonomy":"product_tag","embeddable":true,"href":"https:\/\/dersuessestopp.com\/hr\/wp-json\/wp\/v2\/product_tag?post=12139"}],"curies":[{"name":"wp","href":"https:\/\/api.w.org\/{rel}","templated":true}]}}