{"id":12109,"date":"2025-10-09T01:58:22","date_gmt":"2025-10-09T01:58:22","guid":{"rendered":"https:\/\/dersuessestopp.com\/?post_type=product&#038;p=12109"},"modified":"2025-10-09T01:58:22","modified_gmt":"2025-10-09T01:58:22","slug":"grickalica-400-btf","status":"publish","type":"product","link":"https:\/\/dersuessestopp.com\/hr\/product\/snack-400-btf\/","title":{"rendered":"SNACK 400 BTF"},"content":{"rendered":"<p>&nbsp;<\/p>\n<h2><img decoding=\"async\" src=\"https:\/\/customer.klimaitalia.it\/api\/file\/image\/6863\" \/><\/h2>\n<h2>Opis proizvoda (HR)<\/h2>\n<p>The <strong data-start=\"208\" data-end=\"225\">SNACK 400 BTF<\/strong> je profesionalac <strong data-start=\"244\" data-end=\"282\">ventilirani zamrziva\u010d od nehr\u0111aju\u0107eg \u010delika<\/strong> dizajnirano za male komercijalne kuhinje, barove i ugostiteljske prostore. Izra\u0111eno od <strong data-start=\"361\" data-end=\"389\">Nehr\u0111aju\u0107i \u010delik AISI 304<\/strong>, osigurava trajnost, higijenu i dugotrajne performanse. Rad izme\u0111u <strong data-start=\"471\" data-end=\"490\">-22\u00b0C i -18\u00b0C<\/strong>, omogu\u0107uje u\u010dinkovito skladi\u0161tenje u dubokom zamrzavanju s dosljednom kontrolom temperature. Opremljen s <strong data-start=\"588\" data-end=\"613\">elektroni\u010dki termostat<\/strong>, <strong data-start=\"615\" data-end=\"636\">vrata s mekim zatvaranjem<\/strong>, <strong data-start=\"638\" data-end=\"654\">LED rasvjeta<\/strong>, i <strong data-start=\"660\" data-end=\"681\">automatsko odmrzavanje<\/strong>, kombinira pouzdanost s energetskom u\u010dinkovito\u0161\u0107u.<\/p>\n<h2>Tehni\u010dke specifikacije<\/h2>\n<table>\n<tbody>\n<tr>\n<td>\u00a0Dimenzije mm<\/td>\n<td>SNACK 400 TNF<\/td>\n<td>SNACK 400 BTF<\/td>\n<\/tr>\n<tr>\n<td>Vanjske dimenzije (\u0160xDxV)<\/td>\n<td>680 x 715 x 2000*<\/td>\n<td>680 x 715 x 2000*<\/td>\n<\/tr>\n<tr>\n<td>Dimenzije pakiranja (\u0160xDxV)<\/td>\n<td>710 x 740 x 2170<\/td>\n<td>710 x 740 x 2170<\/td>\n<\/tr>\n<tr>\n<td>\u0160irina<\/td>\n<td>560<\/td>\n<td>624<\/td>\n<\/tr>\n<tr>\n<td>Dubina<\/td>\n<td>570<\/td>\n<td>700<\/td>\n<\/tr>\n<tr>\n<td>Visina<\/td>\n<td>1380<\/td>\n<td>1410<\/td>\n<\/tr>\n<tr>\n<td colspan=\"3\">Ukupna visina jedinica uklju\u010duje no\u017eice pode\u0161ene na minimalnu visinu.<\/td>\n<\/tr>\n<\/tbody>\n<\/table>\n<p>&nbsp;<\/p>\n<table>\n<tbody>\n<tr>\n<td>Tehni\u010dke zna\u010dajke<\/td>\n<td>SNACK 400 TNF<\/td>\n<td>SNACK 400 BTF<\/td>\n<\/tr>\n<tr>\n<td>Raspon temperature<\/td>\n<td>-2 \u00b0C \/ +8 \u00b0C<\/td>\n<td>-22 \u00b0C \/ -18 \u00b0C<\/td>\n<\/tr>\n<tr>\n<td>Klimatski razred<\/td>\n<td>4<\/td>\n<td>4<\/td>\n<\/tr>\n<tr>\n<td>Neto bruto volumen<\/td>\n<td>Poru\u010dnik 293 \/ 500<\/td>\n<td>Poru\u010dnik 293 \/ 500<\/td>\n<\/tr>\n<tr>\n<td>Tijelo<\/td>\n<td>Nehr\u0111aju\u0107i \u010delik AISI 304<\/td>\n<td>Nehr\u0111aju\u0107i \u010delik AISI 304<\/td>\n<\/tr>\n<tr>\n<td>Unutarnja obloga<\/td>\n<td>Nehr\u0111aju\u0107i \u010delik AISI 304<\/td>\n<td>Nehr\u0111aju\u0107i \u010delik AISI 304<\/td>\n<\/tr>\n<tr>\n<td>Termostat<\/td>\n<td>Elektronika<\/td>\n<td>Elektronika<\/td>\n<\/tr>\n<tr>\n<td>Razina buke<\/td>\n<td>dB 44<\/td>\n<td>dB 46<\/td>\n<\/tr>\n<tr>\n<td>Daljinski upravlja\u010d<\/td>\n<td>Izborno<\/td>\n<td>Izborno<\/td>\n<\/tr>\n<tr>\n<td>Debljina izolacije<\/td>\n<td>60 mm<\/td>\n<td>60 mm<\/td>\n<\/tr>\n<tr>\n<td>Odmrzavanje<\/td>\n<td>Automatski s elektri\u010dnim grija\u010dem<\/td>\n<td>Automatski s elektri\u010dnim grija\u010dem<\/td>\n<\/tr>\n<tr>\n<td>Sustav hla\u0111enja<\/td>\n<td>Stropni ispariva\u010d<\/td>\n<td>Stropni ispariva\u010d<\/td>\n<\/tr>\n<tr>\n<td>Rasvjeta<\/td>\n<td>Vo\u0111eno<\/td>\n<td>Vo\u0111eno<\/td>\n<\/tr>\n<tr>\n<td>Samozatvaraju\u0107a vrata<\/td>\n<td>Meko zatvaranje<\/td>\n<td>Meko zatvaranje<\/td>\n<\/tr>\n<tr>\n<td>Brava i klju\u010d<\/td>\n<td>Da<\/td>\n<td>Da<\/td>\n<\/tr>\n<tr>\n<td>Vrata koja se mogu okrenuti<\/td>\n<td>Da<\/td>\n<td>Da<\/td>\n<\/tr>\n<tr>\n<td>Police (\u0160xV)<\/td>\n<td>Br. 3 \u2013 530 x 540 mm + Br. 1 \u2013 525 x 530 mm<\/td>\n<td>Br. 3 \u2013 530 x 540 mm + Br. 1 \u2013 525 x 530 mm<\/td>\n<\/tr>\n<tr>\n<td>Kota\u010di\u0107i-Noge<\/td>\n<td>4 stope<\/td>\n<td>4 stope<\/td>\n<\/tr>\n<tr>\n<td>Kota\u010di\u0107i<\/td>\n<td>Opcionalno \u2013 v mm 140<\/td>\n<td>Opcionalno \u2013 v mm 140<\/td>\n<\/tr>\n<tr>\n<td>Neto-bruto te\u017eina<\/td>\n<td>Kg 135 \/ 145<\/td>\n<td>Kg 135 \/ 145<\/td>\n<\/tr>\n<tr>\n<td>Napon<\/td>\n<td>V 220-240<\/td>\n<td>V 220-240<\/td>\n<\/tr>\n<tr>\n<td>Frekvencija<\/td>\n<td>Hz 50<\/td>\n<td>Hz 50<\/td>\n<\/tr>\n<tr>\n<td>Rashladno sredstvo<\/td>\n<td>R600A<\/td>\n<td>290 kuna<\/td>\n<\/tr>\n<tr>\n<td>Apsorpcija<\/td>\n<td>Z 255<\/td>\n<td>Z 510<\/td>\n<\/tr>\n<tr>\n<td>Potro\u0161nja energije<\/td>\n<td>kWh\/24 sata 1,46<\/td>\n<td>kWh\/24 sata 5,25<\/td>\n<\/tr>\n<\/tbody>\n<\/table>","protected":false},"excerpt":{"rendered":"<p>&nbsp; Product Description (EN) The SNACK 400 BTF is a professional ventilated stainless steel freezer designed for small commercial kitchens, bars, and catering spaces. Built from AISI 304 stainless steel, it ensures durability, hygiene, and long-lasting performance. Operating between -22\u00b0C and -18\u00b0C, it provides efficient deep-freeze storage with consistent temperature control. Equipped with an electronic [&hellip;]<\/p>\n","protected":false},"featured_media":12107,"comment_status":"open","ping_status":"closed","template":"","meta":[],"product_brand":[],"product_cat":[51],"product_tag":[],"class_list":{"0":"post-12109","1":"product","2":"type-product","3":"status-publish","4":"has-post-thumbnail","6":"product_cat-kitchen-catering-cooling","8":"first","9":"instock","10":"shipping-taxable","11":"product-type-simple"},"_links":{"self":[{"href":"https:\/\/dersuessestopp.com\/hr\/wp-json\/wp\/v2\/product\/12109","targetHints":{"allow":["GET"]}}],"collection":[{"href":"https:\/\/dersuessestopp.com\/hr\/wp-json\/wp\/v2\/product"}],"about":[{"href":"https:\/\/dersuessestopp.com\/hr\/wp-json\/wp\/v2\/types\/product"}],"replies":[{"embeddable":true,"href":"https:\/\/dersuessestopp.com\/hr\/wp-json\/wp\/v2\/comments?post=12109"}],"version-history":[{"count":1,"href":"https:\/\/dersuessestopp.com\/hr\/wp-json\/wp\/v2\/product\/12109\/revisions"}],"predecessor-version":[{"id":12110,"href":"https:\/\/dersuessestopp.com\/hr\/wp-json\/wp\/v2\/product\/12109\/revisions\/12110"}],"wp:featuredmedia":[{"embeddable":true,"href":"https:\/\/dersuessestopp.com\/hr\/wp-json\/wp\/v2\/media\/12107"}],"wp:attachment":[{"href":"https:\/\/dersuessestopp.com\/hr\/wp-json\/wp\/v2\/media?parent=12109"}],"wp:term":[{"taxonomy":"product_brand","embeddable":true,"href":"https:\/\/dersuessestopp.com\/hr\/wp-json\/wp\/v2\/product_brand?post=12109"},{"taxonomy":"product_cat","embeddable":true,"href":"https:\/\/dersuessestopp.com\/hr\/wp-json\/wp\/v2\/product_cat?post=12109"},{"taxonomy":"product_tag","embeddable":true,"href":"https:\/\/dersuessestopp.com\/hr\/wp-json\/wp\/v2\/product_tag?post=12109"}],"curies":[{"name":"wp","href":"https:\/\/api.w.org\/{rel}","templated":true}]}}