{"id":12106,"date":"2025-10-09T01:56:00","date_gmt":"2025-10-09T01:56:00","guid":{"rendered":"https:\/\/dersuessestopp.com\/?post_type=product&#038;p=12106"},"modified":"2025-10-09T01:56:01","modified_gmt":"2025-10-09T01:56:01","slug":"meduobrok-400-tf","status":"publish","type":"product","link":"https:\/\/dersuessestopp.com\/hr\/product\/snack-400-tnf\/","title":{"rendered":"SNACK 400 TNF"},"content":{"rendered":"<p><img decoding=\"async\" src=\"https:\/\/customer.klimaitalia.it\/api\/file\/image\/6857\" \/><\/p>\n<p>&nbsp;<\/p>\n<h2>Opis proizvoda<\/h2>\n<p>The <strong data-start=\"230\" data-end=\"247\">SNACK 400 TNF<\/strong> je profesionalac <strong data-start=\"266\" data-end=\"309\">ventilirani hladnjak od nehr\u0111aju\u0107eg \u010delika<\/strong> dizajniran za kompaktne komercijalne kuhinje, barove i ugostiteljske objekte. Izra\u0111en od izdr\u017eljivog <strong data-start=\"404\" data-end=\"432\">Nehr\u0111aju\u0107i \u010delik AISI 304<\/strong>, osigurava higijenu i dugotrajnost. Rad izme\u0111u <strong data-start=\"486\" data-end=\"503\">-2\u00b0C i +8\u00b0C<\/strong>, nudi u\u010dinkovito i stabilno hla\u0111enje svje\u017eih sastojaka. Opremljen je <strong data-start=\"584\" data-end=\"609\">elektroni\u010dki termostat<\/strong>, <strong data-start=\"611\" data-end=\"632\">vrata s mekim zatvaranjem<\/strong>, <strong data-start=\"634\" data-end=\"650\">LED rasvjeta<\/strong>, i <strong data-start=\"656\" data-end=\"677\">automatsko odmrzavanje<\/strong>, pru\u017ea pouzdane performanse uz nisku potro\u0161nju energije.<\/p>\n<h2>Tehni\u010dke specifikacije<\/h2>\n<table>\n<tbody>\n<tr>\n<td>\u00a0Dimenzije mm<\/td>\n<td>SNACK 400 TNF<\/td>\n<td>SNACK 400 BTF<\/td>\n<\/tr>\n<tr>\n<td>Vanjske dimenzije (\u0160xDxV)<\/td>\n<td>680 x 715 x 2000*<\/td>\n<td>680 x 715 x 2000*<\/td>\n<\/tr>\n<tr>\n<td>Dimenzije pakiranja (\u0160xDxV)<\/td>\n<td>710 x 740 x 2170<\/td>\n<td>710 x 740 x 2170<\/td>\n<\/tr>\n<tr>\n<td>\u0160irina<\/td>\n<td>560<\/td>\n<td>624<\/td>\n<\/tr>\n<tr>\n<td>Dubina<\/td>\n<td>570<\/td>\n<td>700<\/td>\n<\/tr>\n<tr>\n<td>Visina<\/td>\n<td>1380<\/td>\n<td>1410<\/td>\n<\/tr>\n<tr>\n<td colspan=\"3\">Ukupna visina jedinica uklju\u010duje no\u017eice pode\u0161ene na minimalnu visinu.<\/td>\n<\/tr>\n<\/tbody>\n<\/table>\n<p>&nbsp;<\/p>\n<table>\n<tbody>\n<tr>\n<td>\u00a0Tehni\u010dke zna\u010dajke<\/td>\n<td>SNACK 400 TNF<\/td>\n<td>SNACK 400 BTF<\/td>\n<\/tr>\n<tr>\n<td>Raspon temperature<\/td>\n<td>-2 \u00b0C \/ +8 \u00b0C<\/td>\n<td>-22 \u00b0C \/ -18 \u00b0C<\/td>\n<\/tr>\n<tr>\n<td>Klimatski razred<\/td>\n<td>4<\/td>\n<td>4<\/td>\n<\/tr>\n<tr>\n<td>Neto bruto volumen<\/td>\n<td>Poru\u010dnik 293 \/ 500<\/td>\n<td>Poru\u010dnik 293 \/ 500<\/td>\n<\/tr>\n<tr>\n<td>Tijelo<\/td>\n<td>Nehr\u0111aju\u0107i \u010delik AISI 304<\/td>\n<td>Nehr\u0111aju\u0107i \u010delik AISI 304<\/td>\n<\/tr>\n<tr>\n<td>Unutarnja obloga<\/td>\n<td>Nehr\u0111aju\u0107i \u010delik AISI 304<\/td>\n<td>Nehr\u0111aju\u0107i \u010delik AISI 304<\/td>\n<\/tr>\n<tr>\n<td>Termostat<\/td>\n<td>Elektronika<\/td>\n<td>Elektronika<\/td>\n<\/tr>\n<tr>\n<td>Razina buke<\/td>\n<td>dB 44<\/td>\n<td>dB 46<\/td>\n<\/tr>\n<tr>\n<td>Daljinski upravlja\u010d<\/td>\n<td>Izborno<\/td>\n<td>Izborno<\/td>\n<\/tr>\n<tr>\n<td>Debljina izolacije<\/td>\n<td>60 mm<\/td>\n<td>60 mm<\/td>\n<\/tr>\n<tr>\n<td>Odmrzavanje<\/td>\n<td>Automatski s elektri\u010dnim grija\u010dem<\/td>\n<td>Automatski s elektri\u010dnim grija\u010dem<\/td>\n<\/tr>\n<tr>\n<td>Sustav hla\u0111enja<\/td>\n<td>Stropni ispariva\u010d<\/td>\n<td>Stropni ispariva\u010d<\/td>\n<\/tr>\n<tr>\n<td>Rasvjeta<\/td>\n<td>Vo\u0111eno<\/td>\n<td>Vo\u0111eno<\/td>\n<\/tr>\n<tr>\n<td>Samozatvaraju\u0107a vrata<\/td>\n<td>Meko zatvaranje<\/td>\n<td>Meko zatvaranje<\/td>\n<\/tr>\n<tr>\n<td>Brava i klju\u010d<\/td>\n<td>Da<\/td>\n<td>Da<\/td>\n<\/tr>\n<tr>\n<td>Vrata koja se mogu okrenuti<\/td>\n<td>Da<\/td>\n<td>Da<\/td>\n<\/tr>\n<tr>\n<td>Police (\u0160xV)<\/td>\n<td>Br. 3 \u2013 530 x 540 mm + Br. 1 \u2013 525 x 530 mm<\/td>\n<td>Br. 3 \u2013 530 x 540 mm + Br. 1 \u2013 525 x 530 mm<\/td>\n<\/tr>\n<tr>\n<td>\u00a0Kota\u010di\u0107i-Noge<\/td>\n<td>4 stope<\/td>\n<td>4 stope<\/td>\n<\/tr>\n<tr>\n<td>Kota\u010di\u0107i<\/td>\n<td>Opcionalno \u2013 v mm 140<\/td>\n<td>Opcionalno \u2013 v mm 140<\/td>\n<\/tr>\n<tr>\n<td>Neto-bruto te\u017eina<\/td>\n<td>Kg 135 \/ 145<\/td>\n<td>Kg 135 \/ 145<\/td>\n<\/tr>\n<tr>\n<td>Napon<\/td>\n<td>V 220-240<\/td>\n<td>V 220-240<\/td>\n<\/tr>\n<tr>\n<td>Frekvencija<\/td>\n<td>Hz 50<\/td>\n<td>Hz 50<\/td>\n<\/tr>\n<tr>\n<td>Rashladno sredstvo<\/td>\n<td>R600A<\/td>\n<td>290 kuna<\/td>\n<\/tr>\n<tr>\n<td>Apsorpcija<\/td>\n<td>Z 255<\/td>\n<td>Z 510<\/td>\n<\/tr>\n<tr>\n<td>Potro\u0161nja energije<\/td>\n<td>kWh\/24 sata 1,46<\/td>\n<td>kWh\/24 sata 5,25<\/td>\n<\/tr>\n<\/tbody>\n<\/table>","protected":false},"excerpt":{"rendered":"<p>&nbsp; Product Description The SNACK 400 TNF is a professional ventilated stainless steel refrigerator designed for compact commercial kitchens, bars, and catering environments. Built from durable AISI 304 stainless steel, it ensures hygiene and longevity. Operating between -2\u00b0C and +8\u00b0C, it offers efficient and stable cooling for fresh ingredients. Equipped with an electronic thermostat, soft-closing [&hellip;]<\/p>\n","protected":false},"featured_media":12107,"comment_status":"open","ping_status":"closed","template":"","meta":[],"product_brand":[],"product_cat":[51],"product_tag":[],"class_list":{"0":"post-12106","1":"product","2":"type-product","3":"status-publish","4":"has-post-thumbnail","6":"product_cat-kitchen-catering-cooling","8":"first","9":"instock","10":"shipping-taxable","11":"product-type-simple"},"_links":{"self":[{"href":"https:\/\/dersuessestopp.com\/hr\/wp-json\/wp\/v2\/product\/12106","targetHints":{"allow":["GET"]}}],"collection":[{"href":"https:\/\/dersuessestopp.com\/hr\/wp-json\/wp\/v2\/product"}],"about":[{"href":"https:\/\/dersuessestopp.com\/hr\/wp-json\/wp\/v2\/types\/product"}],"replies":[{"embeddable":true,"href":"https:\/\/dersuessestopp.com\/hr\/wp-json\/wp\/v2\/comments?post=12106"}],"version-history":[{"count":1,"href":"https:\/\/dersuessestopp.com\/hr\/wp-json\/wp\/v2\/product\/12106\/revisions"}],"predecessor-version":[{"id":12108,"href":"https:\/\/dersuessestopp.com\/hr\/wp-json\/wp\/v2\/product\/12106\/revisions\/12108"}],"wp:featuredmedia":[{"embeddable":true,"href":"https:\/\/dersuessestopp.com\/hr\/wp-json\/wp\/v2\/media\/12107"}],"wp:attachment":[{"href":"https:\/\/dersuessestopp.com\/hr\/wp-json\/wp\/v2\/media?parent=12106"}],"wp:term":[{"taxonomy":"product_brand","embeddable":true,"href":"https:\/\/dersuessestopp.com\/hr\/wp-json\/wp\/v2\/product_brand?post=12106"},{"taxonomy":"product_cat","embeddable":true,"href":"https:\/\/dersuessestopp.com\/hr\/wp-json\/wp\/v2\/product_cat?post=12106"},{"taxonomy":"product_tag","embeddable":true,"href":"https:\/\/dersuessestopp.com\/hr\/wp-json\/wp\/v2\/product_tag?post=12106"}],"curies":[{"name":"wp","href":"https:\/\/api.w.org\/{rel}","templated":true}]}}