{"id":12103,"date":"2025-10-09T01:52:41","date_gmt":"2025-10-09T01:52:41","guid":{"rendered":"https:\/\/dersuessestopp.com\/?post_type=product&#038;p=12103"},"modified":"2025-10-09T01:52:42","modified_gmt":"2025-10-09T01:52:42","slug":"axf-600-riba","status":"publish","type":"product","link":"https:\/\/dersuessestopp.com\/hr\/product\/axf-600-fish\/","title":{"rendered":"AXF 600 RIBA"},"content":{"rendered":"<p>&nbsp;<\/p>\n<h2><img decoding=\"async\" src=\"https:\/\/customer.klimaitalia.it\/api\/file\/image\/6637\" \/><\/h2>\n<h2>Opis proizvoda<\/h2>\n<p>The <strong data-start=\"228\" data-end=\"244\">AXF 600 RIBA<\/strong> je profesionalac <strong data-start=\"263\" data-end=\"307\">stati\u010dki hladnjak za ribu od nehr\u0111aju\u0107eg \u010delika<\/strong>, dizajniran za ribarnice, restorane i kuhinje s morskim plodovima. Izra\u0111en od <strong data-start=\"381\" data-end=\"409\">Nehr\u0111aju\u0107i \u010delik AISI 304<\/strong>, osigurava maksimalnu higijenu i otpornost na koroziju. Rad izme\u0111u <strong data-start=\"482\" data-end=\"499\">-2\u00b0C i +8\u00b0C<\/strong>, \u010duva ribu i morske plodove u idealnim uvjetima. Zna\u010dajke uklju\u010duju <strong data-start=\"569\" data-end=\"600\">7 uklonjivih plasti\u010dnih ko\u0161ara<\/strong>, jedan <strong data-start=\"605\" data-end=\"630\">elektroni\u010dki termostat<\/strong>, <strong data-start=\"632\" data-end=\"653\">vrata s mekim zatvaranjem<\/strong>, i <strong data-start=\"659\" data-end=\"677\">ru\u010dno odmrzavanje<\/strong> za pouzdan rad.<\/p>\n<h2>Tehni\u010dke specifikacije<\/h2>\n<table>\n<tbody>\n<tr>\n<td>\u00a0Dimenzije mm<\/td>\n<td>AXF 600 RIBA<\/td>\n<\/tr>\n<tr>\n<td>Vanjske dimenzije (\u0160xDxV)<\/td>\n<td>680 x 810 x 2000*<\/td>\n<\/tr>\n<tr>\n<td>Dimenzije pakiranja (\u0160xDxV)<\/td>\n<td>710 x 875 x 2050<\/td>\n<\/tr>\n<tr>\n<td>\u0160irina<\/td>\n<td>560<\/td>\n<\/tr>\n<tr>\n<td>Dubina<\/td>\n<td>680<\/td>\n<\/tr>\n<tr>\n<td>Visina<\/td>\n<td>1380<\/td>\n<\/tr>\n<tr>\n<td colspan=\"2\">Ukupna visina jedinica uklju\u010duje no\u017eice pode\u0161ene na minimalnu visinu.<\/td>\n<\/tr>\n<\/tbody>\n<\/table>\n<p>&nbsp;<\/p>\n<table>\n<tbody>\n<tr>\n<td>\u00a0Tehni\u010dke zna\u010dajke<\/td>\n<td>AXF 600 RIBA<\/td>\n<\/tr>\n<tr>\n<td>Raspon temperature<\/td>\n<td>-2 \u00b0C \/ +8 \u00b0C<\/td>\n<\/tr>\n<tr>\n<td>Klimatski razred<\/td>\n<td>5 (tropski)<\/td>\n<\/tr>\n<tr>\n<td>Neto bruto volumen<\/td>\n<td>Poru\u010dnik 397 \/ 537<\/td>\n<\/tr>\n<tr>\n<td>Tijelo<\/td>\n<td>Nehr\u0111aju\u0107i \u010delik AISI 304<\/td>\n<\/tr>\n<tr>\n<td>Unutarnja obloga<\/td>\n<td>Nehr\u0111aju\u0107i \u010delik AISI 304<\/td>\n<\/tr>\n<tr>\n<td>Termostat<\/td>\n<td>Elektronika<\/td>\n<\/tr>\n<tr>\n<td>Razina buke<\/td>\n<td>dB 42<\/td>\n<\/tr>\n<tr>\n<td>Daljinski upravlja\u010d<\/td>\n<td>Izborno<\/td>\n<\/tr>\n<tr>\n<td>Debljina izolacije<\/td>\n<td>60 mm<\/td>\n<\/tr>\n<tr>\n<td>Odmrzavanje<\/td>\n<td>Priru\u010dnik<\/td>\n<\/tr>\n<tr>\n<td>Sustav hla\u0111enja<\/td>\n<td>Stropni ispariva\u010d<\/td>\n<\/tr>\n<tr>\n<td>Samozatvaraju\u0107a vrata<\/td>\n<td>Meko zatvaranje<\/td>\n<\/tr>\n<tr>\n<td>Brava i klju\u010d<\/td>\n<td>Da<\/td>\n<\/tr>\n<tr>\n<td>Vrata koja se mogu okrenuti<\/td>\n<td>Da<\/td>\n<\/tr>\n<tr>\n<td>Plasti\u010dne ko\u0161are (\u0160xV)<\/td>\n<td>Br. 7 \u2013 600 x 405 mm<\/td>\n<\/tr>\n<tr>\n<td>Kota\u010di\u0107i-Noge<\/td>\n<td>4 stope<\/td>\n<\/tr>\n<tr>\n<td>Kota\u010di\u0107i<\/td>\n<td>Opcionalno \u2013 v mm 140<\/td>\n<\/tr>\n<tr>\n<td>Neto-bruto te\u017eina<\/td>\n<td>Kg 135 \/ 145<\/td>\n<\/tr>\n<tr>\n<td>Napon<\/td>\n<td>V 220-240<\/td>\n<\/tr>\n<tr>\n<td>Frekvencija<\/td>\n<td>Hz 50<\/td>\n<\/tr>\n<tr>\n<td>Rashladno sredstvo<\/td>\n<td>R600A<\/td>\n<\/tr>\n<tr>\n<td>Apsorpcija<\/td>\n<td>Z 260<\/td>\n<\/tr>\n<tr>\n<td>Potro\u0161nja energije<\/td>\n<td>kWh\/24 sata 1,61<\/td>\n<\/tr>\n<\/tbody>\n<\/table>","protected":false},"excerpt":{"rendered":"<p>&nbsp; Product Description The AXF 600 FISH is a professional static stainless steel fish refrigerator, designed for fishmongers, restaurants, and seafood kitchens. Built from AISI 304 stainless steel, it ensures maximum hygiene and corrosion resistance. Operating between -2\u00b0C and +8\u00b0C, it preserves fish and seafood at ideal conditions. Features include 7 removable plastic baskets, an [&hellip;]<\/p>\n","protected":false},"featured_media":12104,"comment_status":"open","ping_status":"closed","template":"","meta":[],"product_brand":[],"product_cat":[51],"product_tag":[],"class_list":{"0":"post-12103","1":"product","2":"type-product","3":"status-publish","4":"has-post-thumbnail","6":"product_cat-kitchen-catering-cooling","8":"first","9":"instock","10":"shipping-taxable","11":"product-type-simple"},"_links":{"self":[{"href":"https:\/\/dersuessestopp.com\/hr\/wp-json\/wp\/v2\/product\/12103","targetHints":{"allow":["GET"]}}],"collection":[{"href":"https:\/\/dersuessestopp.com\/hr\/wp-json\/wp\/v2\/product"}],"about":[{"href":"https:\/\/dersuessestopp.com\/hr\/wp-json\/wp\/v2\/types\/product"}],"replies":[{"embeddable":true,"href":"https:\/\/dersuessestopp.com\/hr\/wp-json\/wp\/v2\/comments?post=12103"}],"version-history":[{"count":1,"href":"https:\/\/dersuessestopp.com\/hr\/wp-json\/wp\/v2\/product\/12103\/revisions"}],"predecessor-version":[{"id":12105,"href":"https:\/\/dersuessestopp.com\/hr\/wp-json\/wp\/v2\/product\/12103\/revisions\/12105"}],"wp:featuredmedia":[{"embeddable":true,"href":"https:\/\/dersuessestopp.com\/hr\/wp-json\/wp\/v2\/media\/12104"}],"wp:attachment":[{"href":"https:\/\/dersuessestopp.com\/hr\/wp-json\/wp\/v2\/media?parent=12103"}],"wp:term":[{"taxonomy":"product_brand","embeddable":true,"href":"https:\/\/dersuessestopp.com\/hr\/wp-json\/wp\/v2\/product_brand?post=12103"},{"taxonomy":"product_cat","embeddable":true,"href":"https:\/\/dersuessestopp.com\/hr\/wp-json\/wp\/v2\/product_cat?post=12103"},{"taxonomy":"product_tag","embeddable":true,"href":"https:\/\/dersuessestopp.com\/hr\/wp-json\/wp\/v2\/product_tag?post=12103"}],"curies":[{"name":"wp","href":"https:\/\/api.w.org\/{rel}","templated":true}]}}