{"id":12088,"date":"2025-10-09T01:49:16","date_gmt":"2025-10-09T01:49:16","guid":{"rendered":"https:\/\/dersuessestopp.com\/?post_type=product&#038;p=12088"},"modified":"2025-10-09T01:49:16","modified_gmt":"2025-10-09T01:49:16","slug":"axf-1520-bt","status":"publish","type":"product","link":"https:\/\/dersuessestopp.com\/hr\/product\/axf-1520-bt\/","title":{"rendered":"AXF 1520 BT"},"content":{"rendered":"<p>&nbsp;<\/p>\n<h2><img decoding=\"async\" src=\"https:\/\/customer.klimaitalia.it\/api\/file\/image\/6631\" \/><\/h2>\n<h2>Opis proizvoda<\/h2>\n<p>The <strong data-start=\"218\" data-end=\"233\">AXF 1520 BT<\/strong> je profesionalac <strong data-start=\"252\" data-end=\"294\">Ventilirani zamrziva\u010d s dvostrukim vratima<\/strong> izra\u0111eno od izdr\u017eljivog <strong data-start=\"314\" data-end=\"342\">Nehr\u0111aju\u0107i \u010delik AISI 304<\/strong>, idealno za restorane, hotele i kuhinje za catering. Rad izme\u0111u <strong data-start=\"416\" data-end=\"435\">-22\u00b0C i -18\u00b0C<\/strong>, omogu\u0107uje pouzdano skladi\u0161tenje u dubokom zamrzavanju i stabilnu kontrolu temperature. S <strong data-start=\"523\" data-end=\"548\">elektroni\u010dki termostat<\/strong>, <strong data-start=\"550\" data-end=\"572\">vrata s mekim zatvaranjem<\/strong>, <strong data-start=\"574\" data-end=\"590\">LED rasvjeta<\/strong>, i <strong data-start=\"596\" data-end=\"617\">automatsko odmrzavanje<\/strong>, kombinira energetsku u\u010dinkovitost, performanse i dugotrajnu kvalitetu.<\/p>\n<h2>Tehni\u010dke specifikacije<\/h2>\n<table>\n<tbody>\n<tr>\n<td>Dimenzije mm<\/td>\n<td>AXF 1520 TN<\/td>\n<td>AXF 1520 BT<\/td>\n<\/tr>\n<tr>\n<td>Vanjske dimenzije (\u0160xDxV)<\/td>\n<td>1340 x 875 x 2090*<\/td>\n<td>1340 x 875 x 2090*<\/td>\n<\/tr>\n<tr>\n<td>Dimenzije pakiranja (\u0160xDxV)<\/td>\n<td>1370 x 905 x 2150<\/td>\n<td>1370 x 905 x 2150<\/td>\n<\/tr>\n<tr>\n<td>\u0160irina<\/td>\n<td>1193<\/td>\n<td>1193<\/td>\n<\/tr>\n<tr>\n<td>Dubina<\/td>\n<td>700<\/td>\n<td>700<\/td>\n<\/tr>\n<tr>\n<td>Visina<\/td>\n<td>1501<\/td>\n<td>1501<\/td>\n<\/tr>\n<tr>\n<td colspan=\"3\">Ukupna visina jedinica uklju\u010duje no\u017eice pode\u0161ene na minimalnu visinu.<\/td>\n<\/tr>\n<\/tbody>\n<\/table>\n<p>&nbsp;<\/p>\n<table>\n<tbody>\n<tr>\n<td>\u00a0Tehni\u010dke zna\u010dajke<\/td>\n<td>AXF 1520 TN<\/td>\n<td>AXF 1520 BT<\/td>\n<\/tr>\n<tr>\n<td>Raspon temperature<\/td>\n<td>-2 \u00b0C \/ +8 \u00b0C<\/td>\n<td>-22 \u00b0C \/ -18 \u00b0C<\/td>\n<\/tr>\n<tr>\n<td>Klimatski razred<\/td>\n<td>5<\/td>\n<td>5<\/td>\n<\/tr>\n<tr>\n<td>Neto bruto volumen<\/td>\n<td>Poru\u010dnik 887 \/ 1152<\/td>\n<td>Poru\u010dnik 887 \/ 1152<\/td>\n<\/tr>\n<tr>\n<td>Tijelo<\/td>\n<td>Nehr\u0111aju\u0107i \u010delik AISI 304<\/td>\n<td>Nehr\u0111aju\u0107i \u010delik AISI 304<\/td>\n<\/tr>\n<tr>\n<td>Unutarnja obloga<\/td>\n<td>Nehr\u0111aju\u0107i \u010delik AISI 304<\/td>\n<td>Nehr\u0111aju\u0107i \u010delik AISI 304<\/td>\n<\/tr>\n<tr>\n<td>Termostat<\/td>\n<td>Elektronika<\/td>\n<td>Elektronika<\/td>\n<\/tr>\n<tr>\n<td>Razina buke<\/td>\n<td>dB 45<\/td>\n<td>dB 47<\/td>\n<\/tr>\n<tr>\n<td>Daljinski upravlja\u010d<\/td>\n<td>Izborno<\/td>\n<td>Izborno<\/td>\n<\/tr>\n<tr>\n<td>Debljina izolacije<\/td>\n<td>73,5 mm<\/td>\n<td>73,5 mm<\/td>\n<\/tr>\n<tr>\n<td>Odmrzavanje<\/td>\n<td>Automatski s elektri\u010dnim grija\u010dem<\/td>\n<td>Automatski s elektri\u010dnim grija\u010dem<\/td>\n<\/tr>\n<tr>\n<td>Sustav hla\u0111enja<\/td>\n<td>Stropni ispariva\u010d<\/td>\n<td>Stropni ispariva\u010d<\/td>\n<\/tr>\n<tr>\n<td>Rasvjeta<\/td>\n<td>LED 12V \/ 2,4W<\/td>\n<td>LED 12V \/ 2,4W<\/td>\n<\/tr>\n<tr>\n<td>Samozatvaraju\u0107a vrata<\/td>\n<td>Meko zatvaranje<\/td>\n<td>Meko zatvaranje<\/td>\n<\/tr>\n<tr>\n<td>Brava i klju\u010d<\/td>\n<td>Da<\/td>\n<td>Da<\/td>\n<\/tr>\n<tr>\n<td>Police (\u0160xV)<\/td>\n<td>Br. 6 \u2013 531 x 650 mm + Br. 2 \u2013 580 x 605 mm<\/td>\n<td>Br. 6 \u2013 531 x 650 mm + Br. 2 \u2013 580 x 605 mm<\/td>\n<\/tr>\n<tr>\n<td>\u00a0Kota\u010di\u0107i-Noge<\/td>\n<td>4 stope<\/td>\n<td>4 stope<\/td>\n<\/tr>\n<tr>\n<td>Kota\u010di\u0107i<\/td>\n<td>Opcionalno \u2013 v mm 140<\/td>\n<td>Opcionalno \u2013 v mm 140<\/td>\n<\/tr>\n<tr>\n<td>Neto-bruto te\u017eina<\/td>\n<td>Kg 163 \/ 192<\/td>\n<td>Kg 169 \/ 198<\/td>\n<\/tr>\n<tr>\n<td>Napon<\/td>\n<td>V 220-240<\/td>\n<td>V 220-240<\/td>\n<\/tr>\n<tr>\n<td>Frekvencija<\/td>\n<td>Hz 50<\/td>\n<td>Hz 50<\/td>\n<\/tr>\n<tr>\n<td>Rashladno sredstvo<\/td>\n<td>R600A<\/td>\n<td>290 kuna<\/td>\n<\/tr>\n<tr>\n<td>Apsorpcija<\/td>\n<td>Z 350<\/td>\n<td>Z 680<\/td>\n<\/tr>\n<tr>\n<td>Potro\u0161nja energije<\/td>\n<td>kWh\/24 sata 1,66<\/td>\n<td>kWh\/24 sata 9,34<\/td>\n<\/tr>\n<\/tbody>\n<\/table>","protected":false},"excerpt":{"rendered":"<p>&nbsp; Product Description The AXF 1520 BT is a professional double-door ventilated freezer cabinet built from durable AISI 304 stainless steel, ideal for restaurants, hotels, and catering kitchens. Operating between -22\u00b0C and -18\u00b0C, it provides reliable deep-freeze storage and stable temperature control. Featuring an electronic thermostat, soft-closing doors, LED lighting, and automatic defrost, it combines [&hellip;]<\/p>\n","protected":false},"featured_media":12084,"comment_status":"open","ping_status":"closed","template":"","meta":[],"product_brand":[],"product_cat":[51],"product_tag":[],"class_list":{"0":"post-12088","1":"product","2":"type-product","3":"status-publish","4":"has-post-thumbnail","6":"product_cat-kitchen-catering-cooling","8":"first","9":"instock","10":"shipping-taxable","11":"product-type-simple"},"_links":{"self":[{"href":"https:\/\/dersuessestopp.com\/hr\/wp-json\/wp\/v2\/product\/12088","targetHints":{"allow":["GET"]}}],"collection":[{"href":"https:\/\/dersuessestopp.com\/hr\/wp-json\/wp\/v2\/product"}],"about":[{"href":"https:\/\/dersuessestopp.com\/hr\/wp-json\/wp\/v2\/types\/product"}],"replies":[{"embeddable":true,"href":"https:\/\/dersuessestopp.com\/hr\/wp-json\/wp\/v2\/comments?post=12088"}],"version-history":[{"count":1,"href":"https:\/\/dersuessestopp.com\/hr\/wp-json\/wp\/v2\/product\/12088\/revisions"}],"predecessor-version":[{"id":12102,"href":"https:\/\/dersuessestopp.com\/hr\/wp-json\/wp\/v2\/product\/12088\/revisions\/12102"}],"wp:featuredmedia":[{"embeddable":true,"href":"https:\/\/dersuessestopp.com\/hr\/wp-json\/wp\/v2\/media\/12084"}],"wp:attachment":[{"href":"https:\/\/dersuessestopp.com\/hr\/wp-json\/wp\/v2\/media?parent=12088"}],"wp:term":[{"taxonomy":"product_brand","embeddable":true,"href":"https:\/\/dersuessestopp.com\/hr\/wp-json\/wp\/v2\/product_brand?post=12088"},{"taxonomy":"product_cat","embeddable":true,"href":"https:\/\/dersuessestopp.com\/hr\/wp-json\/wp\/v2\/product_cat?post=12088"},{"taxonomy":"product_tag","embeddable":true,"href":"https:\/\/dersuessestopp.com\/hr\/wp-json\/wp\/v2\/product_tag?post=12088"}],"curies":[{"name":"wp","href":"https:\/\/api.w.org\/{rel}","templated":true}]}}