{"id":12072,"date":"2025-10-09T01:37:47","date_gmt":"2025-10-09T01:37:47","guid":{"rendered":"https:\/\/dersuessestopp.com\/?post_type=product&#038;p=12072"},"modified":"2025-10-09T01:38:46","modified_gmt":"2025-10-09T01:38:46","slug":"axf-1500-bt","status":"publish","type":"product","link":"https:\/\/dersuessestopp.com\/hr\/product\/axf-1500-bt\/","title":{"rendered":"AXF 1500 BT"},"content":{"rendered":"<p><img decoding=\"async\" src=\"https:\/\/customer.klimaitalia.it\/api\/file\/image\/6613\" \/><\/p>\n<p>&nbsp;<\/p>\n<h2>Opis proizvoda<\/h2>\n<p data-start=\"202\" data-end=\"647\">The <strong data-start=\"206\" data-end=\"221\">AXF 1500 BT<\/strong> je profesionalac <strong data-start=\"240\" data-end=\"282\">Ventilirani zamrziva\u010d s dvostrukim vratima<\/strong> izgra\u0111eno od <strong data-start=\"294\" data-end=\"322\">Nehr\u0111aju\u0107i \u010delik AISI 304<\/strong>, idealno za restorane, hotele i kuhinje za catering. Djeluje na <strong data-start=\"393\" data-end=\"411\">-22\u00b0C do -18\u00b0C<\/strong>, \u0161to osigurava pouzdane performanse dubokog zamrzavanja za velike potrebe skladi\u0161tenja. S <strong data-start=\"493\" data-end=\"518\">elektroni\u010dki termostat<\/strong>, <strong data-start=\"520\" data-end=\"542\">vrata s mekim zatvaranjem<\/strong>, <strong data-start=\"544\" data-end=\"560\">LED rasvjeta<\/strong>, i <strong data-start=\"566\" data-end=\"587\">automatsko odmrzavanje<\/strong>, kombinira energetsku u\u010dinkovitost s dugotrajno\u0161\u0107u.<\/p>\n<h2>Tehni\u010dke specifikacije<\/h2>\n<table>\n<tbody>\n<tr>\n<td>Dimenzije mm<\/td>\n<td>AXF 710 TN<\/td>\n<td>AXF 710 BT<\/td>\n<\/tr>\n<tr>\n<td>Vanjske dimenzije (\u0160xDxV)<\/td>\n<td>680 x 875 x 2090*<\/td>\n<td>680 x 875 x 2090*<\/td>\n<\/tr>\n<tr>\n<td>Dimenzije pakiranja (\u0160xDxV)<\/td>\n<td>705 x 905 x 2150<\/td>\n<td>705 x 905 x 2150<\/td>\n<\/tr>\n<tr>\n<td>\u0160irina<\/td>\n<td>533<\/td>\n<td>533<\/td>\n<\/tr>\n<tr>\n<td>Dubina<\/td>\n<td>700<\/td>\n<td>700<\/td>\n<\/tr>\n<tr>\n<td>Visina<\/td>\n<td>1501<\/td>\n<td>1501<\/td>\n<\/tr>\n<tr>\n<td colspan=\"3\">Ukupna visina jedinica uklju\u010duje no\u017eice pode\u0161ene na minimalnu visinu.<\/td>\n<\/tr>\n<\/tbody>\n<\/table>\n<p>&nbsp;<\/p>\n<table>\n<tbody>\n<tr>\n<td>Tehni\u010dke zna\u010dajke<\/td>\n<td>AXF 710 TN<\/td>\n<td>AXF 710 BT<\/td>\n<\/tr>\n<tr>\n<td>Raspon temperature<\/td>\n<td>-2 \u00b0C \/ +8 \u00b0C<\/td>\n<td>-22 \u00b0C \/ -18 \u00b0C<\/td>\n<\/tr>\n<tr>\n<td>Klimatski razred<\/td>\n<td>5<\/td>\n<td>5<\/td>\n<\/tr>\n<tr>\n<td>Neto bruto volumen<\/td>\n<td>Poru\u010dnik 428\/514<\/td>\n<td>Poru\u010dnik 428\/514<\/td>\n<\/tr>\n<tr>\n<td>Tijelo<\/td>\n<td>Nehr\u0111aju\u0107i \u010delik AISI 304<\/td>\n<td>Nehr\u0111aju\u0107i \u010delik AISI 304<\/td>\n<\/tr>\n<tr>\n<td>Unutarnja obloga<\/td>\n<td>Nehr\u0111aju\u0107i \u010delik AISI 304<\/td>\n<td>Nehr\u0111aju\u0107i \u010delik AISI 304<\/td>\n<\/tr>\n<tr>\n<td>Termostat<\/td>\n<td>Elektronika<\/td>\n<td>Elektronika<\/td>\n<\/tr>\n<tr>\n<td>Razina buke<\/td>\n<td>dB 44<\/td>\n<td>dB 46<\/td>\n<\/tr>\n<tr>\n<td>Daljinski upravlja\u010d<\/td>\n<td>Izborno<\/td>\n<td>Izborno<\/td>\n<\/tr>\n<tr>\n<td>Debljina izolacije<\/td>\n<td>73,5 mm<\/td>\n<td>73,5 mm<\/td>\n<\/tr>\n<tr>\n<td>Odmrzavanje<\/td>\n<td>Automatski s elektri\u010dnim grija\u010dem<\/td>\n<td>Automatski s elektri\u010dnim grija\u010dem<\/td>\n<\/tr>\n<tr>\n<td>Sustav hla\u0111enja<\/td>\n<td>Stropni ispariva\u010d<\/td>\n<td>Stropni ispariva\u010d<\/td>\n<\/tr>\n<tr>\n<td>Rasvjeta<\/td>\n<td>Vo\u0111eno<\/td>\n<td>Vo\u0111eno<\/td>\n<\/tr>\n<tr>\n<td>Samozatvaraju\u0107a vrata<\/td>\n<td>Meko zatvaranje<\/td>\n<td>Meko zatvaranje<\/td>\n<\/tr>\n<tr>\n<td>Brava i klju\u010d<\/td>\n<td>Da<\/td>\n<td>Da<\/td>\n<\/tr>\n<tr>\n<td>\u00a0Vrata koja se mogu okrenuti<\/td>\n<td>Da<\/td>\n<td>Da<\/td>\n<\/tr>\n<tr>\n<td>Police (\u0160xV)<\/td>\n<td>Br. 3 \u2013 531 x 650 mm + Br. 1 \u2013 510 x 605 mm<\/td>\n<td>Br. 3 \u2013 531 x 650 mm + Br. 1 \u2013 510 x 605 mm<\/td>\n<\/tr>\n<tr>\n<td>Kota\u010di\u0107i-Noge<\/td>\n<td>4 stope<\/td>\n<td>4 stope<\/td>\n<\/tr>\n<tr>\n<td>Kota\u010di\u0107i<\/td>\n<td>Opcionalno \u2013 v mm 140<\/td>\n<td>Opcionalno \u2013 v mm 140<\/td>\n<\/tr>\n<tr>\n<td>Neto-bruto te\u017eina<\/td>\n<td>Kg 106 \/ 122<\/td>\n<td>Kg 111 \/ 127<\/td>\n<\/tr>\n<tr>\n<td>Napon<\/td>\n<td>V 220-240<\/td>\n<td>V 220-240<\/td>\n<\/tr>\n<tr>\n<td>Frekvencija<\/td>\n<td>Hz 50<\/td>\n<td>Hz 50<\/td>\n<\/tr>\n<tr>\n<td>Rashladno sredstvo<\/td>\n<td>290 kuna<\/td>\n<td>290 kuna<\/td>\n<\/tr>\n<tr>\n<td>Apsorpcija<\/td>\n<td>Z 220<\/td>\n<td>Z 480<\/td>\n<\/tr>\n<tr>\n<td>Potro\u0161nja energije<\/td>\n<td>kWh\/24 sata 1.070<\/td>\n<td>kWh\/24 sata 3.870<\/td>\n<\/tr>\n<\/tbody>\n<\/table>","protected":false},"excerpt":{"rendered":"<p>&nbsp; Product Description The AXF 1500 BT is a professional double-door ventilated freezer cabinet built from AISI 304 stainless steel, ideal for restaurants, hotels, and catering kitchens. It operates at -22\u00b0C to -18\u00b0C, ensuring reliable deep-freeze performance for large storage needs. Featuring an electronic thermostat, soft-closing doors, LED lighting, and automatic defrost, it combines energy [&hellip;]<\/p>\n","protected":false},"featured_media":12076,"comment_status":"open","ping_status":"closed","template":"","meta":[],"product_brand":[],"product_cat":[51],"product_tag":[],"class_list":{"0":"post-12072","1":"product","2":"type-product","3":"status-publish","4":"has-post-thumbnail","6":"product_cat-kitchen-catering-cooling","8":"first","9":"instock","10":"shipping-taxable","11":"product-type-simple"},"_links":{"self":[{"href":"https:\/\/dersuessestopp.com\/hr\/wp-json\/wp\/v2\/product\/12072","targetHints":{"allow":["GET"]}}],"collection":[{"href":"https:\/\/dersuessestopp.com\/hr\/wp-json\/wp\/v2\/product"}],"about":[{"href":"https:\/\/dersuessestopp.com\/hr\/wp-json\/wp\/v2\/types\/product"}],"replies":[{"embeddable":true,"href":"https:\/\/dersuessestopp.com\/hr\/wp-json\/wp\/v2\/comments?post=12072"}],"version-history":[{"count":2,"href":"https:\/\/dersuessestopp.com\/hr\/wp-json\/wp\/v2\/product\/12072\/revisions"}],"predecessor-version":[{"id":12078,"href":"https:\/\/dersuessestopp.com\/hr\/wp-json\/wp\/v2\/product\/12072\/revisions\/12078"}],"wp:featuredmedia":[{"embeddable":true,"href":"https:\/\/dersuessestopp.com\/hr\/wp-json\/wp\/v2\/media\/12076"}],"wp:attachment":[{"href":"https:\/\/dersuessestopp.com\/hr\/wp-json\/wp\/v2\/media?parent=12072"}],"wp:term":[{"taxonomy":"product_brand","embeddable":true,"href":"https:\/\/dersuessestopp.com\/hr\/wp-json\/wp\/v2\/product_brand?post=12072"},{"taxonomy":"product_cat","embeddable":true,"href":"https:\/\/dersuessestopp.com\/hr\/wp-json\/wp\/v2\/product_cat?post=12072"},{"taxonomy":"product_tag","embeddable":true,"href":"https:\/\/dersuessestopp.com\/hr\/wp-json\/wp\/v2\/product_tag?post=12072"}],"curies":[{"name":"wp","href":"https:\/\/api.w.org\/{rel}","templated":true}]}}