{"id":12060,"date":"2025-10-09T01:31:21","date_gmt":"2025-10-09T01:31:21","guid":{"rendered":"https:\/\/dersuessestopp.com\/?post_type=product&#038;p=12060"},"modified":"2025-10-09T01:31:21","modified_gmt":"2025-10-09T01:31:21","slug":"axf-700-bt","status":"publish","type":"product","link":"https:\/\/dersuessestopp.com\/hr\/product\/axf-700-bt\/","title":{"rendered":"AXF 700 BT"},"content":{"rendered":"<p><img decoding=\"async\" src=\"https:\/\/customer.klimaitalia.it\/api\/file\/image\/6601\" \/><\/p>\n<p>&nbsp;<\/p>\n<h2>Opis proizvoda<\/h2>\n<p data-start=\"210\" data-end=\"662\">The <strong data-start=\"214\" data-end=\"228\">AXF 700 BT<\/strong> je profesionalac <strong data-start=\"247\" data-end=\"285\">ventilirani zamrziva\u010d od nehr\u0111aju\u0107eg \u010delika<\/strong> dizajnirano za komercijalne kuhinje, hotele i ugostiteljske objekte. Rad u <strong data-start=\"370\" data-end=\"409\">temperaturni raspon od -22\u00b0C do -18\u00b0C<\/strong>, osigurava u\u010dinkovito i stabilno zamrzavanje. Izra\u0111eno od <strong data-start=\"476\" data-end=\"504\">Nehr\u0111aju\u0107i \u010delik AISI 304<\/strong>, sadr\u017ei <strong data-start=\"521\" data-end=\"546\">elektroni\u010dki termostat<\/strong>, <strong data-start=\"548\" data-end=\"569\">vrata s mekim zatvaranjem<\/strong>, <strong data-start=\"571\" data-end=\"587\">LED rasvjeta<\/strong>, i <strong data-start=\"593\" data-end=\"623\">automatsko elektri\u010dno odmrzavanje<\/strong> za jednostavno odr\u017eavanje i trajnost.<\/p>\n<p data-start=\"664\" data-end=\"683\"><strong data-start=\"664\" data-end=\"681\">Klju\u010dne zna\u010dajke:<\/strong><\/p>\n<ul data-start=\"684\" data-end=\"1063\">\n<li data-start=\"684\" data-end=\"725\">\n<p data-start=\"686\" data-end=\"725\"><strong data-start=\"686\" data-end=\"708\">Raspon temperature:<\/strong> -22\u00b0C do -18\u00b0C<\/p>\n<\/li>\n<li data-start=\"726\" data-end=\"749\">\n<p data-start=\"728\" data-end=\"749\"><strong data-start=\"728\" data-end=\"741\">Kapacitet:<\/strong> 427 L<\/p>\n<\/li>\n<li data-start=\"750\" data-end=\"800\">\n<p data-start=\"752\" data-end=\"800\"><strong data-start=\"752\" data-end=\"780\">Nehr\u0111aju\u0107i \u010delik AISI 304<\/strong> tijelo i unutra\u0161njost<\/p>\n<\/li>\n<li data-start=\"801\" data-end=\"842\">\n<p data-start=\"803\" data-end=\"842\"><strong data-start=\"803\" data-end=\"840\">Ventilirani stropni sustav hla\u0111enja<\/strong><\/p>\n<\/li>\n<li data-start=\"843\" data-end=\"877\">\n<p data-start=\"845\" data-end=\"877\"><strong data-start=\"845\" data-end=\"875\">Automatsko elektri\u010dno odmrzavanje<\/strong><\/p>\n<\/li>\n<li data-start=\"878\" data-end=\"931\">\n<p data-start=\"880\" data-end=\"931\"><strong data-start=\"880\" data-end=\"915\">Vrata s mekim zatvaranjem, sama se zatvaraju<\/strong> s <strong data-start=\"921\" data-end=\"929\">brava<\/strong><\/p>\n<\/li>\n<li data-start=\"932\" data-end=\"982\">\n<p data-start=\"934\" data-end=\"982\"><strong data-start=\"934\" data-end=\"950\">LED rasvjeta<\/strong>, <strong data-start=\"952\" data-end=\"980\">Smart Link WiFi opcija<\/strong><\/p>\n<\/li>\n<li data-start=\"983\" data-end=\"1023\">\n<p data-start=\"985\" data-end=\"1023\"><strong data-start=\"985\" data-end=\"1008\">Potro\u0161nja energije:<\/strong> 6,57 kWh\/24 h<\/p>\n<\/li>\n<li data-start=\"1024\" data-end=\"1063\">\n<p data-start=\"1026\" data-end=\"1063\"><strong data-start=\"1026\" data-end=\"1041\">Dimenzije:<\/strong> 740 \u00d7 830 \u00d7 2010 mm<\/p>\n<\/li>\n<\/ul>\n<h2>Tehni\u010dke specifikacije<\/h2>\n<table>\n<tbody>\n<tr>\n<td>Dimenzije mm<\/td>\n<td>AXF 700 TN<\/td>\n<td>AXF 700 TNG<\/td>\n<td>AXF 700 BT<\/td>\n<td>AXF 700 BTG<\/td>\n<\/tr>\n<tr>\n<td>Vanjske dimenzije (\u0160xDxV)<\/td>\n<td>740 x 830 x 2010*<\/td>\n<td>740 x 830 x 2010*<\/td>\n<td>740 x 830 x 2010*<\/td>\n<td>680 x 845 x 2000*<\/td>\n<\/tr>\n<tr>\n<td>Dimenzije pakiranja (\u0160xDxV)<\/td>\n<td>765 x 855 x 2070<\/td>\n<td>765 x 855 x 2070<\/td>\n<td>765 x 855 x 2070<\/td>\n<td>710 x 875 x 2050<\/td>\n<\/tr>\n<tr>\n<td>\u0160irina<\/td>\n<td>624<\/td>\n<td>624<\/td>\n<td>624<\/td>\n<td>560<\/td>\n<\/tr>\n<tr>\n<td>Dubina<\/td>\n<td>700<\/td>\n<td>700<\/td>\n<td>700<\/td>\n<td>680<\/td>\n<\/tr>\n<tr>\n<td>Visina<\/td>\n<td>1410<\/td>\n<td>1410<\/td>\n<td>1410<\/td>\n<td>1380<\/td>\n<\/tr>\n<tr>\n<td colspan=\"5\">Ukupna visina jedinica uklju\u010duje no\u017eice pode\u0161ene na minimalnu visinu.<\/td>\n<\/tr>\n<\/tbody>\n<\/table>\n<p>&nbsp;<\/p>\n<table>\n<tbody>\n<tr>\n<td>\u00a0Tehni\u010dke zna\u010dajke<\/td>\n<td>AXF 700 TN<\/td>\n<td>AXF 700 TNG<\/td>\n<td>AXF 700 BT<\/td>\n<td>AXF 700 BTG<\/td>\n<\/tr>\n<tr>\n<td>Raspon temperature<\/td>\n<td>-2 \u00b0C \/ +8 \u00b0C<\/td>\n<td>+2 \u00b0C \/ +8 \u00b0C<\/td>\n<td>-22 \u00b0C \/ -18 \u00b0C<\/td>\n<td>-22 \u00b0C \/ -18 \u00b0C<\/td>\n<\/tr>\n<tr>\n<td>Klimatski razred<\/td>\n<td>5<\/td>\n<td>4<\/td>\n<td>4<\/td>\n<td>4<\/td>\n<\/tr>\n<tr>\n<td>Neto bruto volumen<\/td>\n<td>Poru\u010dnik 427 \/ 685<\/td>\n<td>Poru\u010dnik 416 \/ 685<\/td>\n<td>Poru\u010dnik 427 \/ 685<\/td>\n<td>Poru\u010dnik 339 \/ 537<\/td>\n<\/tr>\n<tr>\n<td>Tijelo<\/td>\n<td colspan=\"2\">Nehr\u0111aju\u0107i \u010delik AISI 304<\/td>\n<td colspan=\"2\">Nehr\u0111aju\u0107i \u010delik AISI 304<\/td>\n<\/tr>\n<tr>\n<td>Vrata<\/td>\n<td>&#8211;<\/td>\n<td>Staklo<\/td>\n<td>&#8211;<\/td>\n<td>Staklo<\/td>\n<\/tr>\n<tr>\n<td>Unutarnja obloga<\/td>\n<td colspan=\"2\">Nehr\u0111aju\u0107i \u010delik AISI 304<\/td>\n<td colspan=\"2\">Nehr\u0111aju\u0107i \u010delik AISI 304<\/td>\n<\/tr>\n<tr>\n<td>Termostat<\/td>\n<td colspan=\"2\">Elektronika<\/td>\n<td colspan=\"2\">Elektronika<\/td>\n<\/tr>\n<tr>\n<td>Razina buke<\/td>\n<td>dB 52<\/td>\n<td>dB 52<\/td>\n<td>dB 48<\/td>\n<td>dB 52<\/td>\n<\/tr>\n<tr>\n<td>Daljinski upravlja\u010d<\/td>\n<td>Izborno<\/td>\n<td>Izborno<\/td>\n<td>Izborno<\/td>\n<td>Izborno<\/td>\n<\/tr>\n<tr>\n<td>Debljina izolacije<\/td>\n<td>60 mm<\/td>\n<td>60 mm<\/td>\n<td>60 mm<\/td>\n<td>60 mm<\/td>\n<\/tr>\n<tr>\n<td>Odmrzavanje<\/td>\n<td colspan=\"2\">Automatski s elektri\u010dnim grija\u010dem<\/td>\n<td colspan=\"2\">Automatski s elektri\u010dnim grija\u010dem<\/td>\n<\/tr>\n<tr>\n<td>Sustav hla\u0111enja<\/td>\n<td colspan=\"2\">Stropni ispariva\u010d<\/td>\n<td colspan=\"2\">Stropni ispariva\u010d<\/td>\n<\/tr>\n<tr>\n<td>Rasvjeta<\/td>\n<td>LED 220 \/ 0,6 W<\/td>\n<td>LED 24V \/ 2,7W<\/td>\n<td>LED 220 \/ 0,6 W<\/td>\n<td>LED 24V \/ 2,7W<\/td>\n<\/tr>\n<tr>\n<td>Samozatvaraju\u0107a vrata<\/td>\n<td colspan=\"2\">Meko zatvaranje<\/td>\n<td colspan=\"2\">Meko zatvaranje<\/td>\n<\/tr>\n<tr>\n<td>Brava i klju\u010d<\/td>\n<td>Da<\/td>\n<td>Da<\/td>\n<td>Da<\/td>\n<td>Da<\/td>\n<\/tr>\n<tr>\n<td>Vrata koja se mogu okrenuti<\/td>\n<td>Da<\/td>\n<td>&#8211;<\/td>\n<td>Da<\/td>\n<td>&#8211;<\/td>\n<\/tr>\n<tr>\n<td>Police (\u0160xV)<\/td>\n<td colspan=\"2\">Br. 3 \u2013 534 x 650 mm + Br. 1 \u2013 536 x 650 mm<\/td>\n<td>Br. 3 \u2013 534 x 650 mm + Br. 1 \u2013 536 x 650 mm<\/td>\n<td>Br. 3 \u2013 534 x 640 mm + Br. 1 \u2013 525 x 630 mm<\/td>\n<\/tr>\n<tr>\n<td>Kota\u010di\u0107i-Noge<\/td>\n<td colspan=\"2\">4 stope<\/td>\n<td colspan=\"2\">4 stope<\/td>\n<\/tr>\n<tr>\n<td>Kota\u010di\u0107i<\/td>\n<td colspan=\"2\">Opcionalno \u2013 v mm 140<\/td>\n<td colspan=\"2\">Opcionalno \u2013 v mm 140<\/td>\n<\/tr>\n<tr>\n<td>Neto-bruto te\u017eina<\/td>\n<td>Kg 134 \/ 143<\/td>\n<td>Kg 138 \/ 147<\/td>\n<td>Kg 138 \/ 147<\/td>\n<td>Kg 148 \/ 158<\/td>\n<\/tr>\n<tr>\n<td>Napon<\/td>\n<td>V 220-240<\/td>\n<td>V 220-240<\/td>\n<td>V 220-240<\/td>\n<td>V 220-240<\/td>\n<\/tr>\n<tr>\n<td>Frekvencija<\/td>\n<td>Hz 50<\/td>\n<td>Hz 50<\/td>\n<td>Hz 50<\/td>\n<td>Hz 50<\/td>\n<\/tr>\n<tr>\n<td>Rashladno sredstvo<\/td>\n<td>600 \/ 290 R<\/td>\n<td>290 kuna<\/td>\n<td>290 kuna<\/td>\n<td>290 kuna<\/td>\n<\/tr>\n<tr>\n<td>Apsorpcija<\/td>\n<td>Z 250<\/td>\n<td>Z 315<\/td>\n<td>Z 500<\/td>\n<td>Z 610<\/td>\n<\/tr>\n<tr>\n<td>Potro\u0161nja energije<\/td>\n<td>kWh\/24 sata 1.536<\/td>\n<td>kWh\/24 sata 2.596<\/td>\n<td>kWh\/24 sata 6,57<\/td>\n<td>kWh\/24 sata 8.279<\/td>\n<\/tr>\n<\/tbody>\n<\/table>","protected":false},"excerpt":{"rendered":"<p>&nbsp; Product Description The AXF 700 BT is a professional ventilated stainless steel freezer designed for commercial kitchens, hotels, and catering environments. Operating in a temperature range of -22\u00b0C to -18\u00b0C, it ensures efficient and stable freezing performance. Built from AISI 304 stainless steel, it features an electronic thermostat, soft-closing door, LED lighting, and automatic [&hellip;]<\/p>\n","protected":false},"featured_media":12061,"comment_status":"open","ping_status":"closed","template":"","meta":[],"product_brand":[],"product_cat":[51],"product_tag":[],"class_list":{"0":"post-12060","1":"product","2":"type-product","3":"status-publish","4":"has-post-thumbnail","6":"product_cat-kitchen-catering-cooling","8":"first","9":"instock","10":"shipping-taxable","11":"product-type-simple"},"_links":{"self":[{"href":"https:\/\/dersuessestopp.com\/hr\/wp-json\/wp\/v2\/product\/12060","targetHints":{"allow":["GET"]}}],"collection":[{"href":"https:\/\/dersuessestopp.com\/hr\/wp-json\/wp\/v2\/product"}],"about":[{"href":"https:\/\/dersuessestopp.com\/hr\/wp-json\/wp\/v2\/types\/product"}],"replies":[{"embeddable":true,"href":"https:\/\/dersuessestopp.com\/hr\/wp-json\/wp\/v2\/comments?post=12060"}],"version-history":[{"count":1,"href":"https:\/\/dersuessestopp.com\/hr\/wp-json\/wp\/v2\/product\/12060\/revisions"}],"predecessor-version":[{"id":12062,"href":"https:\/\/dersuessestopp.com\/hr\/wp-json\/wp\/v2\/product\/12060\/revisions\/12062"}],"wp:featuredmedia":[{"embeddable":true,"href":"https:\/\/dersuessestopp.com\/hr\/wp-json\/wp\/v2\/media\/12061"}],"wp:attachment":[{"href":"https:\/\/dersuessestopp.com\/hr\/wp-json\/wp\/v2\/media?parent=12060"}],"wp:term":[{"taxonomy":"product_brand","embeddable":true,"href":"https:\/\/dersuessestopp.com\/hr\/wp-json\/wp\/v2\/product_brand?post=12060"},{"taxonomy":"product_cat","embeddable":true,"href":"https:\/\/dersuessestopp.com\/hr\/wp-json\/wp\/v2\/product_cat?post=12060"},{"taxonomy":"product_tag","embeddable":true,"href":"https:\/\/dersuessestopp.com\/hr\/wp-json\/wp\/v2\/product_tag?post=12060"}],"curies":[{"name":"wp","href":"https:\/\/api.w.org\/{rel}","templated":true}]}}