{"id":12057,"date":"2025-10-09T01:27:50","date_gmt":"2025-10-09T01:27:50","guid":{"rendered":"https:\/\/dersuessestopp.com\/?post_type=product&#038;p=12057"},"modified":"2025-10-09T01:27:50","modified_gmt":"2025-10-09T01:27:50","slug":"axf-1600-tn","status":"publish","type":"product","link":"https:\/\/dersuessestopp.com\/hr\/product\/axf-1600-tn\/","title":{"rendered":"AXF 1600 TN"},"content":{"rendered":"<p>&nbsp;<\/p>\n<h2><img decoding=\"async\" src=\"https:\/\/customer.klimaitalia.it\/api\/file\/image\/6595\" \/><\/h2>\n<h2>Opis proizvoda<\/h2>\n<p data-start=\"221\" data-end=\"679\">The <strong data-start=\"225\" data-end=\"240\">AXF 1600 TN<\/strong> je profesionalac <strong data-start=\"259\" data-end=\"306\">ventilirani hladnjak s dvostrukim vratima<\/strong> napravljeno od <strong data-start=\"317\" data-end=\"345\">Nehr\u0111aju\u0107i \u010delik AISI 304<\/strong>, idealno za komercijalne kuhinje i ugostiteljske objekte. S <strong data-start=\"411\" data-end=\"448\">temperaturni raspon od -2\u00b0C do +8\u00b0C<\/strong>, osigurava pouzdano hla\u0111enje i dosljedne performanse. Opremljen s <strong data-start=\"523\" data-end=\"548\">elektroni\u010dki termostat<\/strong>, <strong data-start=\"550\" data-end=\"572\">vrata s mekim zatvaranjem<\/strong>, <strong data-start=\"574\" data-end=\"590\">LED rasvjeta<\/strong>, i <strong data-start=\"596\" data-end=\"617\">automatsko odmrzavanje<\/strong>, nudi higijenu, u\u010dinkovitost i trajnost u jednoj jedinici.<\/p>\n<p data-start=\"681\" data-end=\"700\"><strong data-start=\"681\" data-end=\"698\">Klju\u010dne zna\u010dajke:<\/strong><\/p>\n<ul data-start=\"701\" data-end=\"1077\">\n<li data-start=\"701\" data-end=\"740\">\n<p data-start=\"703\" data-end=\"740\"><strong data-start=\"703\" data-end=\"725\">Raspon temperature:<\/strong> -2\u00b0C do +8\u00b0C<\/p>\n<\/li>\n<li data-start=\"741\" data-end=\"764\">\n<p data-start=\"743\" data-end=\"764\"><strong data-start=\"743\" data-end=\"756\">Kapacitet:<\/strong> 940 L<\/p>\n<\/li>\n<li data-start=\"765\" data-end=\"819\">\n<p data-start=\"767\" data-end=\"819\"><strong data-start=\"767\" data-end=\"795\">Nehr\u0111aju\u0107i \u010delik AISI 304<\/strong> interijera i eksterijera<\/p>\n<\/li>\n<li data-start=\"820\" data-end=\"861\">\n<p data-start=\"822\" data-end=\"861\"><strong data-start=\"822\" data-end=\"859\">Ventilirani stropni sustav hla\u0111enja<\/strong><\/p>\n<\/li>\n<li data-start=\"862\" data-end=\"896\">\n<p data-start=\"864\" data-end=\"896\"><strong data-start=\"864\" data-end=\"894\">Automatsko elektri\u010dno odmrzavanje<\/strong><\/p>\n<\/li>\n<li data-start=\"897\" data-end=\"944\">\n<p data-start=\"899\" data-end=\"944\"><strong data-start=\"899\" data-end=\"928\">Dvokrilna vrata s mekim zatvaranjem<\/strong> s <strong data-start=\"934\" data-end=\"942\">brava<\/strong><\/p>\n<\/li>\n<li data-start=\"945\" data-end=\"995\">\n<p data-start=\"947\" data-end=\"995\"><strong data-start=\"947\" data-end=\"963\">LED rasvjeta<\/strong>, <strong data-start=\"965\" data-end=\"993\">Smart Link WiFi opcija<\/strong><\/p>\n<\/li>\n<li data-start=\"996\" data-end=\"1036\">\n<p data-start=\"998\" data-end=\"1036\"><strong data-start=\"998\" data-end=\"1021\">Potro\u0161nja energije:<\/strong> 1,31 kWh\/24 h<\/p>\n<\/li>\n<li data-start=\"1037\" data-end=\"1077\">\n<p data-start=\"1039\" data-end=\"1077\"><strong data-start=\"1039\" data-end=\"1054\">Dimenzije:<\/strong> 1420 \u00d7 875 \u00d7 2090 mm<\/p>\n<\/li>\n<\/ul>\n<p>)<\/p>\n<h2>Tehni\u010dke specifikacije<\/h2>\n<table>\n<tbody>\n<tr>\n<td>\u00a0Dimenzije mm<\/td>\n<td>AXF 1600 TN<\/td>\n<td>AXF 1600 BT<\/td>\n<\/tr>\n<tr>\n<td>Vanjske dimenzije (\u0160xDxV)<\/td>\n<td>1420 x 875 x 2090*<\/td>\n<td>1420 x 875 x 2090*<\/td>\n<\/tr>\n<tr>\n<td>Dimenzije pakiranja (\u0160xDxV)<\/td>\n<td>1445 x 905 x 2150<\/td>\n<td>1445 x 905 x 2150<\/td>\n<\/tr>\n<tr>\n<td>\u0160irina<\/td>\n<td>1240<\/td>\n<td>1240<\/td>\n<\/tr>\n<tr>\n<td>Dubina<\/td>\n<td>700<\/td>\n<td>700<\/td>\n<\/tr>\n<tr>\n<td>Visina<\/td>\n<td>1501<\/td>\n<td>1501<\/td>\n<\/tr>\n<tr>\n<td colspan=\"3\">Ukupna visina jedinica uklju\u010duje no\u017eice pode\u0161ene na minimalnu visinu.<\/td>\n<\/tr>\n<\/tbody>\n<\/table>\n<p>&nbsp;<\/p>\n<table>\n<tbody>\n<tr>\n<td>Tehni\u010dke zna\u010dajke<\/td>\n<td>AXF 1600 TN<\/td>\n<td>AXF 1600 BT<\/td>\n<\/tr>\n<tr>\n<td>Raspon temperature<\/td>\n<td>-2 \u00b0C \/ +8 \u00b0C<\/td>\n<td>-22 \u00b0C \/ -18 \u00b0C<\/td>\n<\/tr>\n<tr>\n<td>Klimatski razred<\/td>\n<td>5<\/td>\n<td>5<\/td>\n<\/tr>\n<tr>\n<td>Neto bruto volumen<\/td>\n<td>Poru\u010dnik 940 \/ 1300<\/td>\n<td>Poru\u010dnik 940 \/ 1300<\/td>\n<\/tr>\n<tr>\n<td>Tijelo<\/td>\n<td>Nehr\u0111aju\u0107i \u010delik AISI 304<\/td>\n<td>Nehr\u0111aju\u0107i \u010delik AISI 304<\/td>\n<\/tr>\n<tr>\n<td>Unutarnja obloga<\/td>\n<td>Nehr\u0111aju\u0107i \u010delik AISI 304<\/td>\n<td>Nehr\u0111aju\u0107i \u010delik AISI 304<\/td>\n<\/tr>\n<tr>\n<td>Termostat<\/td>\n<td>Elektronika<\/td>\n<td>Elektronika<\/td>\n<\/tr>\n<tr>\n<td>Razina buke<\/td>\n<td>dB 38<\/td>\n<td>dB 38<\/td>\n<\/tr>\n<tr>\n<td>Daljinski upravlja\u010d<\/td>\n<td>Izborno<\/td>\n<td>Izborno<\/td>\n<\/tr>\n<tr>\n<td>Debljina izolacije<\/td>\n<td>90 mm<\/td>\n<td>90 mm<\/td>\n<\/tr>\n<tr>\n<td>Odmrzavanje<\/td>\n<td>Automatski s elektri\u010dnim grija\u010dem<\/td>\n<td>Automatski s elektri\u010dnim grija\u010dem<\/td>\n<\/tr>\n<tr>\n<td>Sustav hla\u0111enja<\/td>\n<td>Stropni ispariva\u010d<\/td>\n<td>Stropni ispariva\u010d<\/td>\n<\/tr>\n<tr>\n<td>Rasvjeta<\/td>\n<td>LED 12V\/2.4W<\/td>\n<td>LED 12V\/2.4W<\/td>\n<\/tr>\n<tr>\n<td>Samozatvaraju\u0107a vrata<\/td>\n<td>Meko zatvaranje<\/td>\n<td>Meko zatvaranje<\/td>\n<\/tr>\n<tr>\n<td>Brava i klju\u010d<\/td>\n<td>Da<\/td>\n<td>Da<\/td>\n<\/tr>\n<tr>\n<td>Police (\u0160xV)<\/td>\n<td>Br. 6 \u2013 mm 530 x 650 + Br. 2 \u2013 mm 538 x 630<\/td>\n<td>Br. 6 \u2013 mm 530 x 650 + Br. 2 \u2013 mm 538 x 630<\/td>\n<\/tr>\n<tr>\n<td>Kota\u010di\u0107i-Noge<\/td>\n<td>4 stope<\/td>\n<td>4 stope<\/td>\n<\/tr>\n<tr>\n<td>Kota\u010di\u0107i<\/td>\n<td>Opcionalno \u2013 v mm 140<\/td>\n<td>Opcionalno \u2013 v mm 140<\/td>\n<\/tr>\n<tr>\n<td>Neto-bruto te\u017eina<\/td>\n<td>Kg 198 \/ 213<\/td>\n<td>Kg 208 \/ 226<\/td>\n<\/tr>\n<tr>\n<td>Napon<\/td>\n<td>V 220-240<\/td>\n<td>V 220-240<\/td>\n<\/tr>\n<tr>\n<td>Frekvencija<\/td>\n<td>Hz 50<\/td>\n<td>Hz 50<\/td>\n<\/tr>\n<tr>\n<td>Rashladno sredstvo<\/td>\n<td>R600A<\/td>\n<td>290 kuna<\/td>\n<\/tr>\n<tr>\n<td>Apsorpcija<\/td>\n<td>Z 360<\/td>\n<td>Z 480<\/td>\n<\/tr>\n<tr>\n<td>Potro\u0161nja energije<\/td>\n<td>kWh\/24 sata 1,31<\/td>\n<td>kWh\/24 sata 4,34<\/td>\n<\/tr>\n<\/tbody>\n<\/table>","protected":false},"excerpt":{"rendered":"<p>&nbsp; Product Description The AXF 1600 TN is a professional double-door ventilated refrigerator cabinet made from AISI 304 stainless steel, ideal for commercial kitchens and catering environments. With a temperature range of -2\u00b0C to +8\u00b0C, it ensures reliable cooling and consistent performance. Equipped with an electronic thermostat, soft-closing doors, LED lighting, and automatic defrost, it [&hellip;]<\/p>\n","protected":false},"featured_media":12058,"comment_status":"open","ping_status":"closed","template":"","meta":[],"product_brand":[],"product_cat":[51],"product_tag":[],"class_list":{"0":"post-12057","1":"product","2":"type-product","3":"status-publish","4":"has-post-thumbnail","6":"product_cat-kitchen-catering-cooling","8":"first","9":"instock","10":"shipping-taxable","11":"product-type-simple"},"_links":{"self":[{"href":"https:\/\/dersuessestopp.com\/hr\/wp-json\/wp\/v2\/product\/12057","targetHints":{"allow":["GET"]}}],"collection":[{"href":"https:\/\/dersuessestopp.com\/hr\/wp-json\/wp\/v2\/product"}],"about":[{"href":"https:\/\/dersuessestopp.com\/hr\/wp-json\/wp\/v2\/types\/product"}],"replies":[{"embeddable":true,"href":"https:\/\/dersuessestopp.com\/hr\/wp-json\/wp\/v2\/comments?post=12057"}],"version-history":[{"count":1,"href":"https:\/\/dersuessestopp.com\/hr\/wp-json\/wp\/v2\/product\/12057\/revisions"}],"predecessor-version":[{"id":12059,"href":"https:\/\/dersuessestopp.com\/hr\/wp-json\/wp\/v2\/product\/12057\/revisions\/12059"}],"wp:featuredmedia":[{"embeddable":true,"href":"https:\/\/dersuessestopp.com\/hr\/wp-json\/wp\/v2\/media\/12058"}],"wp:attachment":[{"href":"https:\/\/dersuessestopp.com\/hr\/wp-json\/wp\/v2\/media?parent=12057"}],"wp:term":[{"taxonomy":"product_brand","embeddable":true,"href":"https:\/\/dersuessestopp.com\/hr\/wp-json\/wp\/v2\/product_brand?post=12057"},{"taxonomy":"product_cat","embeddable":true,"href":"https:\/\/dersuessestopp.com\/hr\/wp-json\/wp\/v2\/product_cat?post=12057"},{"taxonomy":"product_tag","embeddable":true,"href":"https:\/\/dersuessestopp.com\/hr\/wp-json\/wp\/v2\/product_tag?post=12057"}],"curies":[{"name":"wp","href":"https:\/\/api.w.org\/{rel}","templated":true}]}}