{"id":12052,"date":"2025-10-09T01:25:03","date_gmt":"2025-10-09T01:25:03","guid":{"rendered":"https:\/\/dersuessestopp.com\/?post_type=product&#038;p=12052"},"modified":"2025-10-09T01:25:03","modified_gmt":"2025-10-09T01:25:03","slug":"axf-710-tn","status":"publish","type":"product","link":"https:\/\/dersuessestopp.com\/hr\/product\/axf-710-tn\/","title":{"rendered":"AXF 710 TN"},"content":{"rendered":"<p>&nbsp;<\/p>\n<h2><img decoding=\"async\" src=\"https:\/\/customer.klimaitalia.it\/api\/file\/image\/6582\" \/><\/h2>\n<h2>Opis proizvoda<\/h2>\n<p data-start=\"187\" data-end=\"530\">The <strong data-start=\"191\" data-end=\"205\">AXF 710 TN<\/strong> je <strong data-start=\"211\" data-end=\"254\">ventilirani hladnjak od nehr\u0111aju\u0107eg \u010delika<\/strong> s <strong data-start=\"262\" data-end=\"299\">temperaturni raspon od -2\u00b0C do +8\u00b0C<\/strong>. Izgra\u0111eno od <strong data-start=\"312\" data-end=\"340\">Nehr\u0111aju\u0107i \u010delik AISI 304<\/strong>, osigurava higijenu i trajnost. Opremljen s <strong data-start=\"394\" data-end=\"419\">elektroni\u010dki termostat<\/strong>, <strong data-start=\"421\" data-end=\"442\">vrata s mekim zatvaranjem<\/strong>, <strong data-start=\"444\" data-end=\"460\">LED rasvjeta<\/strong>, i <strong data-start=\"466\" data-end=\"487\">automatsko odmrzavanje<\/strong>, savr\u0161en je za profesionalne kuhinje.<\/p>\n<p data-start=\"532\" data-end=\"551\"><strong data-start=\"532\" data-end=\"549\">Klju\u010dne zna\u010dajke:<\/strong><\/p>\n<ul data-start=\"552\" data-end=\"790\">\n<li data-start=\"552\" data-end=\"585\">\n<p data-start=\"554\" data-end=\"585\"><strong data-start=\"554\" data-end=\"570\">Temperatura:<\/strong> -2\u00b0C do +8\u00b0C<\/p>\n<\/li>\n<li data-start=\"586\" data-end=\"609\">\n<p data-start=\"588\" data-end=\"609\"><strong data-start=\"588\" data-end=\"601\">Kapacitet:<\/strong> 428 L<\/p>\n<\/li>\n<li data-start=\"610\" data-end=\"659\">\n<p data-start=\"612\" data-end=\"659\"><strong data-start=\"612\" data-end=\"634\">Ventilirano hla\u0111enje<\/strong>, <strong data-start=\"636\" data-end=\"657\">automatsko odmrzavanje<\/strong><\/p>\n<\/li>\n<li data-start=\"660\" data-end=\"699\">\n<p data-start=\"662\" data-end=\"699\"><strong data-start=\"662\" data-end=\"683\">Vrata s mekim zatvaranjem<\/strong> s <strong data-start=\"689\" data-end=\"697\">brava<\/strong><\/p>\n<\/li>\n<li data-start=\"700\" data-end=\"750\">\n<p data-start=\"702\" data-end=\"750\"><strong data-start=\"702\" data-end=\"718\">LED rasvjeta<\/strong>, <strong data-start=\"720\" data-end=\"748\">Smart Link WiFi opcija<\/strong><\/p>\n<\/li>\n<li data-start=\"751\" data-end=\"790\">\n<p data-start=\"753\" data-end=\"790\"><strong data-start=\"753\" data-end=\"768\">Dimenzije:<\/strong> 680 \u00d7 875 \u00d7 2090 mm**<\/p>\n<\/li>\n<\/ul>\n<h2>Tehni\u010dke specifikacije<\/h2>\n<table>\n<tbody>\n<tr>\n<td>Dimenzije mm<\/td>\n<td>AXF 710 TN<\/td>\n<td>AXF 710 BT<\/td>\n<\/tr>\n<tr>\n<td>Vanjske dimenzije (\u0160xDxV)<\/td>\n<td>680 x 875 x 2090*<\/td>\n<td>680 x 875 x 2090*<\/td>\n<\/tr>\n<tr>\n<td>Dimenzije pakiranja (\u0160xDxV)<\/td>\n<td>705 x 905 x 2150<\/td>\n<td>705 x 905 x 2150<\/td>\n<\/tr>\n<tr>\n<td>\u0160irina<\/td>\n<td>533<\/td>\n<td>533<\/td>\n<\/tr>\n<tr>\n<td>Dubina<\/td>\n<td>700<\/td>\n<td>700<\/td>\n<\/tr>\n<tr>\n<td>Visina<\/td>\n<td>1501<\/td>\n<td>1501<\/td>\n<\/tr>\n<tr>\n<td colspan=\"3\">Ukupna visina jedinica uklju\u010duje no\u017eice pode\u0161ene na minimalnu visinu.<\/td>\n<\/tr>\n<\/tbody>\n<\/table>\n<p>&nbsp;<\/p>\n<table>\n<tbody>\n<tr>\n<td>Tehni\u010dke zna\u010dajke<\/td>\n<td>AXF 710 TN<\/td>\n<td>AXF 710 BT<\/td>\n<\/tr>\n<tr>\n<td>Raspon temperature<\/td>\n<td>-2 \u00b0C \/ +8 \u00b0C<\/td>\n<td>-22 \u00b0C \/ -18 \u00b0C<\/td>\n<\/tr>\n<tr>\n<td>Klimatski razred<\/td>\n<td>5<\/td>\n<td>5<\/td>\n<\/tr>\n<tr>\n<td>Neto bruto volumen<\/td>\n<td>Poru\u010dnik 428\/514<\/td>\n<td>Poru\u010dnik 428\/514<\/td>\n<\/tr>\n<tr>\n<td>Tijelo<\/td>\n<td>Nehr\u0111aju\u0107i \u010delik AISI 304<\/td>\n<td>Nehr\u0111aju\u0107i \u010delik AISI 304<\/td>\n<\/tr>\n<tr>\n<td>Unutarnja obloga<\/td>\n<td>Nehr\u0111aju\u0107i \u010delik AISI 304<\/td>\n<td>Nehr\u0111aju\u0107i \u010delik AISI 304<\/td>\n<\/tr>\n<tr>\n<td>Termostat<\/td>\n<td>Elektronika<\/td>\n<td>Elektronika<\/td>\n<\/tr>\n<tr>\n<td>Razina buke<\/td>\n<td>dB 44<\/td>\n<td>dB 46<\/td>\n<\/tr>\n<tr>\n<td>Daljinski upravlja\u010d<\/td>\n<td>Izborno<\/td>\n<td>Izborno<\/td>\n<\/tr>\n<tr>\n<td>Debljina izolacije<\/td>\n<td>73,5 mm<\/td>\n<td>73,5 mm<\/td>\n<\/tr>\n<tr>\n<td>Odmrzavanje<\/td>\n<td>Automatski s elektri\u010dnim grija\u010dem<\/td>\n<td>Automatski s elektri\u010dnim grija\u010dem<\/td>\n<\/tr>\n<tr>\n<td>Sustav hla\u0111enja<\/td>\n<td>Stropni ispariva\u010d<\/td>\n<td>Stropni ispariva\u010d<\/td>\n<\/tr>\n<tr>\n<td>Rasvjeta<\/td>\n<td>Vo\u0111eno<\/td>\n<td>Vo\u0111eno<\/td>\n<\/tr>\n<tr>\n<td>Samozatvaraju\u0107a vrata<\/td>\n<td>Meko zatvaranje<\/td>\n<td>Meko zatvaranje<\/td>\n<\/tr>\n<tr>\n<td>Brava i klju\u010d<\/td>\n<td>Da<\/td>\n<td>Da<\/td>\n<\/tr>\n<tr>\n<td>Vrata koja se mogu okrenuti<\/td>\n<td>Da<\/td>\n<td>Da<\/td>\n<\/tr>\n<tr>\n<td>Police (\u0160xV)<\/td>\n<td>Br. 3 \u2013 531 x 650 mm + Br. 1 \u2013 510 x 605 mm<\/td>\n<td>Br. 3 \u2013 531 x 650 mm + Br. 1 \u2013 510 x 605 mm<\/td>\n<\/tr>\n<tr>\n<td>Stopala<\/td>\n<td>4 stope<\/td>\n<td>4 stope<\/td>\n<\/tr>\n<tr>\n<td>Kota\u010di\u0107i<\/td>\n<td>Opcionalno \u2013 v mm 140<\/td>\n<td>Opcionalno \u2013 v mm 140<\/td>\n<\/tr>\n<tr>\n<td>Neto-bruto te\u017eina<\/td>\n<td>Kg 106 \/ 122<\/td>\n<td>Kg 111 \/ 127<\/td>\n<\/tr>\n<tr>\n<td>Napon<\/td>\n<td>V 220-240<\/td>\n<td>V 220-240<\/td>\n<\/tr>\n<tr>\n<td>Frekvencija<\/td>\n<td>Hz 50<\/td>\n<td>Hz 50<\/td>\n<\/tr>\n<tr>\n<td>Rashladno sredstvo<\/td>\n<td>290 kuna<\/td>\n<td>290 kuna<\/td>\n<\/tr>\n<tr>\n<td>Apsorpcija<\/td>\n<td>Z 220<\/td>\n<td>Z 480<\/td>\n<\/tr>\n<tr>\n<td>Potro\u0161nja energije<\/td>\n<td>kWh\/24 sata 1.070<\/td>\n<td>kWh\/24 sata 3.870<\/td>\n<\/tr>\n<\/tbody>\n<\/table>","protected":false},"excerpt":{"rendered":"<p>&nbsp; Product Description The AXF 710 TN is a ventilated stainless steel refrigerator with a temperature range of -2\u00b0C to +8\u00b0C. Built from AISI 304 stainless steel, it ensures hygiene and durability. Equipped with an electronic thermostat, soft-closing door, LED lighting, and automatic defrost, it\u2019s perfect for professional kitchens. Key features: Temperature: -2\u00b0C to +8\u00b0C [&hellip;]<\/p>\n","protected":false},"featured_media":12055,"comment_status":"open","ping_status":"closed","template":"","meta":[],"product_brand":[],"product_cat":[51],"product_tag":[],"class_list":{"0":"post-12052","1":"product","2":"type-product","3":"status-publish","4":"has-post-thumbnail","6":"product_cat-kitchen-catering-cooling","8":"first","9":"instock","10":"shipping-taxable","11":"product-type-simple"},"_links":{"self":[{"href":"https:\/\/dersuessestopp.com\/hr\/wp-json\/wp\/v2\/product\/12052","targetHints":{"allow":["GET"]}}],"collection":[{"href":"https:\/\/dersuessestopp.com\/hr\/wp-json\/wp\/v2\/product"}],"about":[{"href":"https:\/\/dersuessestopp.com\/hr\/wp-json\/wp\/v2\/types\/product"}],"replies":[{"embeddable":true,"href":"https:\/\/dersuessestopp.com\/hr\/wp-json\/wp\/v2\/comments?post=12052"}],"version-history":[{"count":1,"href":"https:\/\/dersuessestopp.com\/hr\/wp-json\/wp\/v2\/product\/12052\/revisions"}],"predecessor-version":[{"id":12056,"href":"https:\/\/dersuessestopp.com\/hr\/wp-json\/wp\/v2\/product\/12052\/revisions\/12056"}],"wp:featuredmedia":[{"embeddable":true,"href":"https:\/\/dersuessestopp.com\/hr\/wp-json\/wp\/v2\/media\/12055"}],"wp:attachment":[{"href":"https:\/\/dersuessestopp.com\/hr\/wp-json\/wp\/v2\/media?parent=12052"}],"wp:term":[{"taxonomy":"product_brand","embeddable":true,"href":"https:\/\/dersuessestopp.com\/hr\/wp-json\/wp\/v2\/product_brand?post=12052"},{"taxonomy":"product_cat","embeddable":true,"href":"https:\/\/dersuessestopp.com\/hr\/wp-json\/wp\/v2\/product_cat?post=12052"},{"taxonomy":"product_tag","embeddable":true,"href":"https:\/\/dersuessestopp.com\/hr\/wp-json\/wp\/v2\/product_tag?post=12052"}],"curies":[{"name":"wp","href":"https:\/\/api.w.org\/{rel}","templated":true}]}}