{"id":12039,"date":"2025-10-09T01:16:56","date_gmt":"2025-10-09T01:16:56","guid":{"rendered":"https:\/\/dersuessestopp.com\/?post_type=product&#038;p=12039"},"modified":"2025-10-09T01:16:56","modified_gmt":"2025-10-09T01:16:56","slug":"axf-800-bt","status":"publish","type":"product","link":"https:\/\/dersuessestopp.com\/hr\/product\/axf-800-bt\/","title":{"rendered":"AXF 800 BT"},"content":{"rendered":"<p>&nbsp;<\/p>\n<h2><img decoding=\"async\" src=\"https:\/\/customer.klimaitalia.it\/api\/file\/image\/2971\" \/><\/h2>\n<h2>Opis proizvoda<\/h2>\n<p data-start=\"168\" data-end=\"577\">The <strong data-start=\"172\" data-end=\"186\">AXF 800 BT<\/strong> je profesionalac <strong data-start=\"205\" data-end=\"243\">ventilirani zamrziva\u010d od nehr\u0111aju\u0107eg \u010delika<\/strong> s <strong data-start=\"251\" data-end=\"290\">temperaturni raspon od -22\u00b0C do -18\u00b0C<\/strong>. Izgra\u0111eno od <strong data-start=\"303\" data-end=\"331\">Nehr\u0111aju\u0107i \u010delik AISI 304<\/strong>, osigurava higijenu, trajnost i izvrsne performanse. Uz <strong data-start=\"405\" data-end=\"430\">elektroni\u010dki termostat<\/strong>, <strong data-start=\"432\" data-end=\"453\">vrata s mekim zatvaranjem<\/strong>, <strong data-start=\"455\" data-end=\"471\">LED rasvjeta<\/strong>, i <strong data-start=\"477\" data-end=\"507\">automatsko elektri\u010dno odmrzavanje<\/strong>, idealan je za komercijalne kuhinje, restorane i ugostiteljstvo.<\/p>\n<p data-start=\"579\" data-end=\"598\"><strong data-start=\"579\" data-end=\"596\">Klju\u010dne zna\u010dajke:<\/strong><\/p>\n<ul data-start=\"599\" data-end=\"908\">\n<li data-start=\"599\" data-end=\"634\">\n<p data-start=\"601\" data-end=\"634\">Temperatura: <strong data-start=\"614\" data-end=\"632\">-22\u00b0C do -18\u00b0C<\/strong><\/p>\n<\/li>\n<li data-start=\"635\" data-end=\"658\">\n<p data-start=\"637\" data-end=\"658\">Kapacitet: <strong data-start=\"647\" data-end=\"656\">408 L<\/strong><\/p>\n<\/li>\n<li data-start=\"659\" data-end=\"709\">\n<p data-start=\"661\" data-end=\"709\"><strong data-start=\"661\" data-end=\"689\">Nehr\u0111aju\u0107i \u010delik AISI 304<\/strong> tijelo i unutra\u0161njost<\/p>\n<\/li>\n<li data-start=\"710\" data-end=\"744\">\n<p data-start=\"712\" data-end=\"744\"><strong data-start=\"712\" data-end=\"742\">Ventilirani sustav zamrzavanja<\/strong><\/p>\n<\/li>\n<li data-start=\"745\" data-end=\"779\">\n<p data-start=\"747\" data-end=\"779\"><strong data-start=\"747\" data-end=\"777\">Automatsko elektri\u010dno odmrzavanje<\/strong><\/p>\n<\/li>\n<li data-start=\"780\" data-end=\"819\">\n<p data-start=\"782\" data-end=\"819\"><strong data-start=\"782\" data-end=\"803\">Vrata s mekim zatvaranjem<\/strong> s <strong data-start=\"809\" data-end=\"817\">brava<\/strong><\/p>\n<\/li>\n<li data-start=\"820\" data-end=\"870\">\n<p data-start=\"822\" data-end=\"870\"><strong data-start=\"822\" data-end=\"838\">LED rasvjeta<\/strong>, <strong data-start=\"840\" data-end=\"868\">Smart Link WiFi opcija<\/strong><\/p>\n<\/li>\n<li data-start=\"871\" data-end=\"908\">\n<p data-start=\"873\" data-end=\"908\">Dimenzije: <strong data-start=\"885\" data-end=\"908\">740 \u00d7 875 \u00d7 2090 mm<\/strong><\/p>\n<\/li>\n<\/ul>\n<h2>Tehni\u010dke specifikacije<\/h2>\n<p>&nbsp;<\/p>\n<table>\n<tbody>\n<tr>\n<td>Dimenzije mm<\/td>\n<td>AXF 800 TN<\/td>\n<td>AXF 800 BT<\/td>\n<\/tr>\n<tr>\n<td>Vanjske dimenzije (\u0160xDxV)<\/td>\n<td>740 x 875 x 2090*<\/td>\n<td>740 x 875 x 2090*<\/td>\n<\/tr>\n<tr>\n<td>Dimenzije pakiranja (\u0160xDxV)<\/td>\n<td>760 x 905 x 2150<\/td>\n<td>760 x 905 x 2150<\/td>\n<\/tr>\n<tr>\n<td>\u0160irina<\/td>\n<td>533<\/td>\n<td>533<\/td>\n<\/tr>\n<tr>\n<td>Dubina<\/td>\n<td>700<\/td>\n<td>700<\/td>\n<\/tr>\n<tr>\n<td>Visina<\/td>\n<td>1501<\/td>\n<td>1501<\/td>\n<\/tr>\n<tr>\n<td colspan=\"3\">Ukupna visina jedinica uklju\u010duje no\u017eice pode\u0161ene na minimalnu visinu.<\/td>\n<\/tr>\n<\/tbody>\n<\/table>\n<p>&nbsp;<\/p>\n<table>\n<tbody>\n<tr>\n<td>Tehni\u010dke zna\u010dajke<\/td>\n<td>AXF 800 TN<\/td>\n<td>AXF 800 BT<\/td>\n<\/tr>\n<tr>\n<td>Raspon temperature<\/td>\n<td>-2 \u00b0C \/ +8 \u00b0C<\/td>\n<td>-22 \u00b0C \/ -18 \u00b0C<\/td>\n<\/tr>\n<tr>\n<td>Klimatski razred<\/td>\n<td>5 (tropski)<\/td>\n<td>5 (tropski)<\/td>\n<\/tr>\n<tr>\n<td>Neto bruto volumen<\/td>\n<td>Poru\u010dnik 408\/560<\/td>\n<td>Poru\u010dnik 408\/560<\/td>\n<\/tr>\n<tr>\n<td>Tijelo<\/td>\n<td>Nehr\u0111aju\u0107i \u010delik AISI 304<\/td>\n<td>Nehr\u0111aju\u0107i \u010delik AISI 304<\/td>\n<\/tr>\n<tr>\n<td>Unutarnja obloga<\/td>\n<td>Nehr\u0111aju\u0107i \u010delik AISI 304<\/td>\n<td>Nehr\u0111aju\u0107i \u010delik AISI 304<\/td>\n<\/tr>\n<tr>\n<td>Termostat<\/td>\n<td>Elektronika<\/td>\n<td>Elektronika<\/td>\n<\/tr>\n<tr>\n<td>Razina buke<\/td>\n<td>dB 38<\/td>\n<td>dB 38<\/td>\n<\/tr>\n<tr>\n<td>Daljinski upravlja\u010d<\/td>\n<td>Izborno<\/td>\n<td>Izborno<\/td>\n<\/tr>\n<tr>\n<td>Debljina izolacije<\/td>\n<td>103,5 mm<\/td>\n<td>103,5 mm<\/td>\n<\/tr>\n<tr>\n<td>Odmrzavanje<\/td>\n<td>Automatski ciklus kompresora<\/td>\n<td>Automatski s elektri\u010dnim grija\u010dem<\/td>\n<\/tr>\n<tr>\n<td>Sustav hla\u0111enja<\/td>\n<td>Stropni ispariva\u010d<\/td>\n<td>Stropni ispariva\u010d<\/td>\n<\/tr>\n<tr>\n<td>Rasvjeta<\/td>\n<td>Horizontalno<\/td>\n<td>Horizontalno<\/td>\n<\/tr>\n<tr>\n<td>Samozatvaraju\u0107a vrata<\/td>\n<td>Meko zatvaranje<\/td>\n<td>Meko zatvaranje<\/td>\n<\/tr>\n<tr>\n<td>Brava i klju\u010d<\/td>\n<td>Da<\/td>\n<td>Da<\/td>\n<\/tr>\n<tr>\n<td>\u00a0Vrata koja se mogu okrenuti<\/td>\n<td>Da<\/td>\n<td>Da<\/td>\n<\/tr>\n<tr>\n<td>Police (\u0160xV)<\/td>\n<td>Br. 3 \u2013 530 x 650 mm + Br. 1 \u2013 510 x 605 mm<\/td>\n<td>Br. 3 \u2013 530 x 650 mm + Br. 1 \u2013 510 x 605 mm<\/td>\n<\/tr>\n<tr>\n<td>Stopala<\/td>\n<td>4 stope<\/td>\n<td>4 stope<\/td>\n<\/tr>\n<tr>\n<td>Kota\u010di\u0107i<\/td>\n<td>Opcionalno \u2013 v 140 mm<\/td>\n<td>Opcionalno \u2013 v 140 mm<\/td>\n<\/tr>\n<tr>\n<td>Neto-bruto te\u017eina<\/td>\n<td>Kg 134 \/ 143<\/td>\n<td>Kg 138 \/ 147<\/td>\n<\/tr>\n<tr>\n<td>Napon<\/td>\n<td>V 220<\/td>\n<td>V 220<\/td>\n<\/tr>\n<tr>\n<td>Frekvencija<\/td>\n<td>Hz 50<\/td>\n<td>Hz 50<\/td>\n<\/tr>\n<tr>\n<td>Rashladno sredstvo<\/td>\n<td>R600A<\/td>\n<td>R290A<\/td>\n<\/tr>\n<tr>\n<td>Apsorpcija<\/td>\n<td>Z 250<\/td>\n<td>Z 380<\/td>\n<\/tr>\n<tr>\n<td>Potro\u0161nja energije<\/td>\n<td>kWh\/24 sata 0,812<\/td>\n<td>kWh\/24 sata 2,62<\/td>\n<\/tr>\n<\/tbody>\n<\/table>","protected":false},"excerpt":{"rendered":"<p>&nbsp; Product Description The AXF 800 BT is a professional ventilated stainless steel freezer with a temperature range of -22\u00b0C to -18\u00b0C. Built from AISI 304 stainless steel, it ensures hygiene, durability, and excellent performance. Featuring an electronic thermostat, soft-closing door, LED lighting, and automatic electric defrost, it\u2019s ideal for commercial kitchens, restaurants, and catering [&hellip;]<\/p>\n","protected":false},"featured_media":12040,"comment_status":"open","ping_status":"closed","template":"","meta":[],"product_brand":[],"product_cat":[51],"product_tag":[],"class_list":{"0":"post-12039","1":"product","2":"type-product","3":"status-publish","4":"has-post-thumbnail","6":"product_cat-kitchen-catering-cooling","8":"first","9":"instock","10":"shipping-taxable","11":"product-type-simple"},"_links":{"self":[{"href":"https:\/\/dersuessestopp.com\/hr\/wp-json\/wp\/v2\/product\/12039","targetHints":{"allow":["GET"]}}],"collection":[{"href":"https:\/\/dersuessestopp.com\/hr\/wp-json\/wp\/v2\/product"}],"about":[{"href":"https:\/\/dersuessestopp.com\/hr\/wp-json\/wp\/v2\/types\/product"}],"replies":[{"embeddable":true,"href":"https:\/\/dersuessestopp.com\/hr\/wp-json\/wp\/v2\/comments?post=12039"}],"version-history":[{"count":1,"href":"https:\/\/dersuessestopp.com\/hr\/wp-json\/wp\/v2\/product\/12039\/revisions"}],"predecessor-version":[{"id":12041,"href":"https:\/\/dersuessestopp.com\/hr\/wp-json\/wp\/v2\/product\/12039\/revisions\/12041"}],"wp:featuredmedia":[{"embeddable":true,"href":"https:\/\/dersuessestopp.com\/hr\/wp-json\/wp\/v2\/media\/12040"}],"wp:attachment":[{"href":"https:\/\/dersuessestopp.com\/hr\/wp-json\/wp\/v2\/media?parent=12039"}],"wp:term":[{"taxonomy":"product_brand","embeddable":true,"href":"https:\/\/dersuessestopp.com\/hr\/wp-json\/wp\/v2\/product_brand?post=12039"},{"taxonomy":"product_cat","embeddable":true,"href":"https:\/\/dersuessestopp.com\/hr\/wp-json\/wp\/v2\/product_cat?post=12039"},{"taxonomy":"product_tag","embeddable":true,"href":"https:\/\/dersuessestopp.com\/hr\/wp-json\/wp\/v2\/product_tag?post=12039"}],"curies":[{"name":"wp","href":"https:\/\/api.w.org\/{rel}","templated":true}]}}