{"id":12028,"date":"2025-10-09T01:09:45","date_gmt":"2025-10-09T01:09:45","guid":{"rendered":"https:\/\/dersuessestopp.com\/?post_type=product&#038;p=12028"},"modified":"2025-10-09T01:09:45","modified_gmt":"2025-10-09T01:09:45","slug":"oko-05","status":"publish","type":"product","link":"https:\/\/dersuessestopp.com\/hr\/product\/abt-05\/","title":{"rendered":"ABT 05"},"content":{"rendered":"<p><img decoding=\"async\" src=\"https:\/\/customer.klimaitalia.it\/api\/file\/image\/3841\" \/><\/p>\n<p>&nbsp;<\/p>\n<h2>Opis proizvoda<\/h2>\n<p data-start=\"199\" data-end=\"811\">The <strong data-start=\"203\" data-end=\"213\">ABT 05<\/strong> je profesionalac <strong data-start=\"232\" data-end=\"261\">brzi hladnjak i zamrziva\u010d<\/strong> dizajniran za brzo sni\u017eavanje temperature hrane u komercijalnim kuhinjama, pekarama i ugostiteljskim objektima. Izra\u0111en od visokokvalitetnog <strong data-start=\"389\" data-end=\"417\">Nehr\u0111aju\u0107i \u010delik AISI 304<\/strong>, osigurava higijenu, trajnost i pouzdanost. S <strong data-start=\"475\" data-end=\"515\">temperaturni raspon od -35\u00b0C do +5\u00b0C<\/strong>, brzo sni\u017eava temperaturu hrane s +70\u00b0C na +3\u00b0C za 90 minuta ili na -18\u00b0C za 240 minuta. <strong data-start=\"617\" data-end=\"665\">elektroni\u010dki termostat s 4 unaprijed postavljena programa<\/strong> i jedan <strong data-start=\"672\" data-end=\"701\">sonda za temperaturu proizvoda<\/strong> omogu\u0107uju preciznu kontrolu, dok <strong data-start=\"735\" data-end=\"772\">ispariva\u010d obra\u0111en antikorozivnom obradom<\/strong> jam\u010di dugotrajne performanse.<\/p>\n<p data-start=\"813\" data-end=\"832\"><strong data-start=\"813\" data-end=\"830\">Klju\u010dne zna\u010dajke:<\/strong><\/p>\n<ul data-start=\"833\" data-end=\"1349\">\n<li data-start=\"833\" data-end=\"873\">\n<p data-start=\"835\" data-end=\"873\"><strong data-start=\"835\" data-end=\"857\">Raspon temperature:<\/strong> -35\u00b0C do +5\u00b0C<\/p>\n<\/li>\n<li data-start=\"874\" data-end=\"921\">\n<p data-start=\"876\" data-end=\"921\"><strong data-start=\"876\" data-end=\"889\">Kapacitet:<\/strong> 5 GN 1\/1 posuda (400 \u00d7 600 mm)<\/p>\n<\/li>\n<li data-start=\"922\" data-end=\"981\">\n<p data-start=\"924\" data-end=\"981\"><strong data-start=\"924\" data-end=\"943\">Brzo hla\u0111enje:<\/strong> +70\u00b0C do +3\u00b0C u 90 minuta (18 kg)<\/p>\n<\/li>\n<li data-start=\"982\" data-end=\"1037\">\n<p data-start=\"984\" data-end=\"1037\"><strong data-start=\"984\" data-end=\"997\">Zamrzavanje:<\/strong> +70\u00b0C do -18\u00b0C za 240 minuta (14 kg)<\/p>\n<\/li>\n<li data-start=\"1038\" data-end=\"1092\">\n<p data-start=\"1040\" data-end=\"1092\"><strong data-start=\"1040\" data-end=\"1068\">Nehr\u0111aju\u0107i \u010delik AISI 304<\/strong> interijera i eksterijera<\/p>\n<\/li>\n<li data-start=\"1093\" data-end=\"1138\">\n<p data-start=\"1095\" data-end=\"1138\"><strong data-start=\"1095\" data-end=\"1136\">Elektroni\u010dki termostat s 4 programa<\/strong><\/p>\n<\/li>\n<li data-start=\"1139\" data-end=\"1177\">\n<p data-start=\"1141\" data-end=\"1177\"><strong data-start=\"1141\" data-end=\"1175\">Sonda za mjerenje temperature jezgre proizvoda<\/strong><\/p>\n<\/li>\n<li data-start=\"1178\" data-end=\"1227\">\n<p data-start=\"1180\" data-end=\"1227\"><strong data-start=\"1180\" data-end=\"1225\">Automatski + ru\u010dni sustav odmrzavanja vru\u0107im plinom<\/strong><\/p>\n<\/li>\n<li data-start=\"1228\" data-end=\"1269\">\n<p data-start=\"1230\" data-end=\"1269\"><strong data-start=\"1230\" data-end=\"1267\">Ispariva\u010d obra\u0111en antikorozivno<\/strong><\/p>\n<\/li>\n<li data-start=\"1270\" data-end=\"1310\">\n<p data-start=\"1272\" data-end=\"1310\"><strong data-start=\"1272\" data-end=\"1288\">Rashladno sredstvo:<\/strong> R290 (ekolo\u0161ki prihvatljivo)<\/p>\n<\/li>\n<li data-start=\"1311\" data-end=\"1349\">\n<p data-start=\"1313\" data-end=\"1349\"><strong data-start=\"1313\" data-end=\"1328\">Dimenzije:<\/strong> 800 \u00d7 877 \u00d7 840 mm<\/p>\n<\/li>\n<\/ul>\n<h2>Tehni\u010dke specifikacije<\/h2>\n<table>\n<tbody>\n<tr>\n<td>\u00a0Dimenzije mm<\/td>\n<td>ABT 05<\/td>\n<td>ABT 10<\/td>\n<\/tr>\n<tr>\n<td>Vanjske dimenzije (\u0160xDxV)<\/td>\n<td>800 x 877 x 840*<\/td>\n<td>800 x 877 x 1665<\/td>\n<\/tr>\n<tr>\n<td>Dimenzije pakiranja (\u0160xDxV)<\/td>\n<td>870 x 955 x 1100<\/td>\n<td>870 x 955 x 1730<\/td>\n<\/tr>\n<tr>\n<td>\u0160irina<\/td>\n<td>440<\/td>\n<td>440<\/td>\n<\/tr>\n<tr>\n<td>Dubina<\/td>\n<td>695<\/td>\n<td>695<\/td>\n<\/tr>\n<tr>\n<td>Visina<\/td>\n<td>370<\/td>\n<td>870<\/td>\n<\/tr>\n<tr>\n<td colspan=\"3\">Ukupna visina jedinica uklju\u010duje no\u017eice pode\u0161ene na minimalnu visinu.<\/td>\n<\/tr>\n<\/tbody>\n<\/table>\n<p>&nbsp;<\/p>\n<table>\n<tbody>\n<tr>\n<td>Tehni\u010dke zna\u010dajke<\/td>\n<td>ABT 05<\/td>\n<td>ABT 10<\/td>\n<\/tr>\n<tr>\n<td>Raspon temperature<\/td>\n<td>-35 \u00b0C \/ +5 \u00b0C<\/td>\n<td>-35 \u00b0C \/ +5 \u00b0C<\/td>\n<\/tr>\n<tr>\n<td>Klimatski razred<\/td>\n<td>5<\/td>\n<td>5<\/td>\n<\/tr>\n<tr>\n<td>Neto bruto volumen<\/td>\n<td>Poru\u010dnik 102\/156<\/td>\n<td>Poru\u010dnik 240\/368<\/td>\n<\/tr>\n<tr>\n<td>Tijelo<\/td>\n<td>Nehr\u0111aju\u0107i \u010delik AISI 304<\/td>\n<td>Nehr\u0111aju\u0107i \u010delik AISI 304<\/td>\n<\/tr>\n<tr>\n<td>Unutarnja obloga, uklju\u010den poklopac ispariva\u010da<\/td>\n<td>Nehr\u0111aju\u0107i \u010delik AISI 304<\/td>\n<td>Nehr\u0111aju\u0107i \u010delik AISI 304<\/td>\n<\/tr>\n<tr>\n<td>Termostat<\/td>\n<td>Elektronika<\/td>\n<td>Elektronika<\/td>\n<\/tr>\n<tr>\n<td>Razina buke<\/td>\n<td>dB 60<\/td>\n<td>dB 60<\/td>\n<\/tr>\n<tr>\n<td>Debljina izolacije<\/td>\n<td>70 mm<\/td>\n<td>70 mm<\/td>\n<\/tr>\n<tr>\n<td>Odmrzavanje<\/td>\n<td>Automatski s sustavom vru\u0107eg plina + Ru\u010dni<\/td>\n<td>Automatski s sustavom vru\u0107eg plina + Ru\u010dni<\/td>\n<\/tr>\n<tr>\n<td>Vrijeme brzog hla\u0111enja od 70 C\u00b0 do +3\u00b0C<\/td>\n<td>minuta<\/td>\n<td>minuta<\/td>\n<\/tr>\n<tr>\n<td>Vrijeme brzog hla\u0111enja od 70 C\u00b0 do -18\u00b0C<\/td>\n<td>minuta<\/td>\n<td>minuta<\/td>\n<\/tr>\n<tr>\n<td>Tave (nisu uklju\u010dene) \u2013 Kapacitet i dimenzije (\u0160xV)<\/td>\n<td>tave<\/td>\n<td>tave<\/td>\n<\/tr>\n<tr>\n<td>Stopala<\/td>\n<td>4 stope<\/td>\n<td>4 stope<\/td>\n<\/tr>\n<tr>\n<td>Kota\u010di\u0107i<\/td>\n<td>Izborno<\/td>\n<td>Izborno<\/td>\n<\/tr>\n<tr>\n<td>Neto-bruto te\u017eina<\/td>\n<td>Kg 105 \/ 138<\/td>\n<td>Kg 150 \/ 190<\/td>\n<\/tr>\n<tr>\n<td>Napon<\/td>\n<td>V 220<\/td>\n<td>V 220<\/td>\n<\/tr>\n<tr>\n<td>Frekvencija<\/td>\n<td>Hz 50<\/td>\n<td>Hz 50<\/td>\n<\/tr>\n<tr>\n<td>Rashladno sredstvo<\/td>\n<td>290 kuna<\/td>\n<td>290 kuna<\/td>\n<\/tr>\n<tr>\n<td>Apsorpcija<\/td>\n<td>Z 720<\/td>\n<td>Z 900<\/td>\n<\/tr>\n<\/tbody>\n<\/table>","protected":false},"excerpt":{"rendered":"<p>&nbsp; Product Description The ABT 05 is a professional blast chiller and freezer designed for rapid food temperature reduction in commercial kitchens, bakeries, and catering operations. Built from high-grade AISI 304 stainless steel, it ensures hygiene, durability, and reliability. With a temperature range from -35\u00b0C to +5\u00b0C, it quickly lowers food temperature from +70\u00b0C to [&hellip;]<\/p>\n","protected":false},"featured_media":12031,"comment_status":"open","ping_status":"closed","template":"","meta":[],"product_brand":[],"product_cat":[51],"product_tag":[],"class_list":{"0":"post-12028","1":"product","2":"type-product","3":"status-publish","4":"has-post-thumbnail","6":"product_cat-kitchen-catering-cooling","8":"first","9":"instock","10":"shipping-taxable","11":"product-type-simple"},"_links":{"self":[{"href":"https:\/\/dersuessestopp.com\/hr\/wp-json\/wp\/v2\/product\/12028","targetHints":{"allow":["GET"]}}],"collection":[{"href":"https:\/\/dersuessestopp.com\/hr\/wp-json\/wp\/v2\/product"}],"about":[{"href":"https:\/\/dersuessestopp.com\/hr\/wp-json\/wp\/v2\/types\/product"}],"replies":[{"embeddable":true,"href":"https:\/\/dersuessestopp.com\/hr\/wp-json\/wp\/v2\/comments?post=12028"}],"version-history":[{"count":1,"href":"https:\/\/dersuessestopp.com\/hr\/wp-json\/wp\/v2\/product\/12028\/revisions"}],"predecessor-version":[{"id":12032,"href":"https:\/\/dersuessestopp.com\/hr\/wp-json\/wp\/v2\/product\/12028\/revisions\/12032"}],"wp:featuredmedia":[{"embeddable":true,"href":"https:\/\/dersuessestopp.com\/hr\/wp-json\/wp\/v2\/media\/12031"}],"wp:attachment":[{"href":"https:\/\/dersuessestopp.com\/hr\/wp-json\/wp\/v2\/media?parent=12028"}],"wp:term":[{"taxonomy":"product_brand","embeddable":true,"href":"https:\/\/dersuessestopp.com\/hr\/wp-json\/wp\/v2\/product_brand?post=12028"},{"taxonomy":"product_cat","embeddable":true,"href":"https:\/\/dersuessestopp.com\/hr\/wp-json\/wp\/v2\/product_cat?post=12028"},{"taxonomy":"product_tag","embeddable":true,"href":"https:\/\/dersuessestopp.com\/hr\/wp-json\/wp\/v2\/product_tag?post=12028"}],"curies":[{"name":"wp","href":"https:\/\/api.w.org\/{rel}","templated":true}]}}