{"id":12024,"date":"2025-10-09T01:02:36","date_gmt":"2025-10-09T01:02:36","guid":{"rendered":"https:\/\/dersuessestopp.com\/?post_type=product&#038;p=12024"},"modified":"2025-10-09T01:03:33","modified_gmt":"2025-10-09T01:03:33","slug":"gn-400-g-tn","status":"publish","type":"product","link":"https:\/\/dersuessestopp.com\/hr\/product\/gn-400-g-tn\/","title":{"rendered":"GN 400 G TN"},"content":{"rendered":"<p>&nbsp;<\/p>\n<h2><img decoding=\"async\" src=\"https:\/\/customer.klimaitalia.it\/api\/file\/image\/9003\" \/><\/h2>\n<h2>Opis proizvoda<\/h2>\n<p data-start=\"187\" data-end=\"758\">The <strong data-start=\"191\" data-end=\"206\">GN 400 G TN<\/strong> je profesionalac <strong data-start=\"225\" data-end=\"260\">hladnjak s izlo\u017ebom staklenih vrata<\/strong> dizajniran za barove, restorane i prodava\u010de pi\u0107a. Ima <strong data-start=\"331\" data-end=\"369\">sustav hla\u0111enja uz pomo\u0107 stati\u010dkog ventilatora<\/strong> koji odr\u017eava konzistentne temperature izme\u0111u <strong data-start=\"417\" data-end=\"435\">+2\u00b0C i +10\u00b0C<\/strong>, idealno za skladi\u0161tenje pi\u0107a i kvarljive robe. Izgra\u0111eno s <strong data-start=\"498\" data-end=\"535\">tijelo od \u010delika obra\u0111enog antikorozivnom obradom<\/strong> i <strong data-start=\"540\" data-end=\"556\">ABS unutra\u0161njost<\/strong>, ovaj hladnjak kombinira izdr\u017eljivost s modernim dizajnom. <strong data-start=\"614\" data-end=\"647\">vrata od kaljenog stakla bez okvira<\/strong>, <strong data-start=\"649\" data-end=\"665\">LED rasvjeta<\/strong>, i <strong data-start=\"671\" data-end=\"697\">mehanizam za samozatvaranje<\/strong> osigurati izvrsnu vidljivost proizvoda i energetsku u\u010dinkovitost.<\/p>\n<p data-start=\"760\" data-end=\"779\"><strong data-start=\"760\" data-end=\"777\">Klju\u010dne zna\u010dajke:<\/strong><\/p>\n<ul data-start=\"780\" data-end=\"1229\">\n<li data-start=\"780\" data-end=\"820\">\n<p data-start=\"782\" data-end=\"820\"><strong data-start=\"782\" data-end=\"804\">Raspon temperature:<\/strong> +2\u00b0C do +10\u00b0C<\/p>\n<\/li>\n<li data-start=\"821\" data-end=\"849\">\n<p data-start=\"823\" data-end=\"849\"><strong data-start=\"823\" data-end=\"836\">Kapacitet:<\/strong> 400 litara<\/p>\n<\/li>\n<li data-start=\"850\" data-end=\"908\">\n<p data-start=\"852\" data-end=\"908\"><strong data-start=\"852\" data-end=\"885\">Vrata od kaljenog stakla bez okvira<\/strong> s ugra\u0111enom ru\u010dkom<\/p>\n<\/li>\n<li data-start=\"909\" data-end=\"961\">\n<p data-start=\"911\" data-end=\"961\"><strong data-start=\"911\" data-end=\"942\">Hla\u0111enje uz pomo\u0107 stati\u010dkog ventilatora<\/strong> za ravnomjeran protok zraka<\/p>\n<\/li>\n<li data-start=\"962\" data-end=\"1014\">\n<p data-start=\"964\" data-end=\"1014\"><strong data-start=\"964\" data-end=\"989\">Elektroni\u010dki termostat<\/strong> s automatskim odmrzavanjem<\/p>\n<\/li>\n<li data-start=\"1015\" data-end=\"1053\">\n<p data-start=\"1017\" data-end=\"1053\"><strong data-start=\"1017\" data-end=\"1051\">Vertikalna LED unutarnja rasvjeta<\/strong><\/p>\n<\/li>\n<li data-start=\"1054\" data-end=\"1097\">\n<p data-start=\"1056\" data-end=\"1097\"><strong data-start=\"1056\" data-end=\"1077\">Samozatvaraju\u0107a vrata<\/strong> s bravom i klju\u010dem<\/p>\n<\/li>\n<li data-start=\"1098\" data-end=\"1148\">\n<p data-start=\"1100\" data-end=\"1148\"><strong data-start=\"1100\" data-end=\"1128\">Opcionalni Smart Link WiFi<\/strong> daljinsko pra\u0107enje<\/p>\n<\/li>\n<li data-start=\"1149\" data-end=\"1189\">\n<p data-start=\"1151\" data-end=\"1189\"><strong data-start=\"1151\" data-end=\"1174\">Potro\u0161nja energije:<\/strong> 2,02 kWh\/24 h<\/p>\n<\/li>\n<li data-start=\"1190\" data-end=\"1229\">\n<p data-start=\"1192\" data-end=\"1229\"><strong data-start=\"1192\" data-end=\"1207\">Dimenzije:<\/strong> 600 \u00d7 625 \u00d7 1860 mm<\/p>\n<\/li>\n<\/ul>\n<p>r<\/p>\n<h2>Tehni\u010dke specifikacije<\/h2>\n<table>\n<tbody>\n<tr>\n<td>\u00a0Kapacitet<\/td>\n<td>GN 400 G TN \u2013 GN 400 G TN CRNA<\/td>\n<\/tr>\n<tr>\n<td>Boca lt 1<\/td>\n<td>60<\/td>\n<\/tr>\n<tr>\n<td>Boca kl. 75<\/td>\n<td>85<\/td>\n<\/tr>\n<tr>\n<td>Boca klasa 66<\/td>\n<td>90<\/td>\n<\/tr>\n<tr>\n<td>Boca cl. 50<\/td>\n<td>198<\/td>\n<\/tr>\n<tr>\n<td>Boca klasa 33<\/td>\n<td>182<\/td>\n<\/tr>\n<tr>\n<td>\u010clanak 33.<\/td>\n<td>228<\/td>\n<\/tr>\n<tr>\n<td colspan=\"2\">\u00a0Varijabilni podaci ovisno o razli\u010ditom pakiranju<\/td>\n<\/tr>\n<\/tbody>\n<\/table>\n<p>&nbsp;<\/p>\n<table>\n<tbody>\n<tr>\n<td>Dimenzije mm<\/td>\n<td>GN 400 G TN \u2013 GN 400 G TN CRNA<\/td>\n<\/tr>\n<tr>\n<td>Vanjske dimenzije (\u0160xDxV)<\/td>\n<td>600 x 625 x 1860<\/td>\n<\/tr>\n<tr>\n<td>Dimenzije pakiranja (\u0160xDxV)<\/td>\n<td>660 x 725 x 2000<\/td>\n<\/tr>\n<tr>\n<td>\u0160irina<\/td>\n<td>457<\/td>\n<\/tr>\n<tr>\n<td>Dubina<\/td>\n<td>474<\/td>\n<\/tr>\n<tr>\n<td>Visina<\/td>\n<td>1600<\/td>\n<\/tr>\n<tr>\n<td>Min. dubina<\/td>\n<td>264<\/td>\n<\/tr>\n<tr>\n<td>Min. visina<\/td>\n<td>1390<\/td>\n<\/tr>\n<tr>\n<td>Bo\u010dna naljepnica<\/td>\n<td>525 x 1850<\/td>\n<\/tr>\n<tr>\n<td>Naljepnica za staklo<\/td>\n<td>408 x 1477<\/td>\n<\/tr>\n<\/tbody>\n<\/table>\n<p>&nbsp;<\/p>\n<table>\n<tbody>\n<tr>\n<td>Tehni\u010dke zna\u010dajke<\/td>\n<td>GN 400 G TN \u2013 GN 400 G TN CRNA<\/td>\n<\/tr>\n<tr>\n<td>Raspon temperature<\/td>\n<td>+2 \u00b0C \/ +10 \u00b0C<\/td>\n<\/tr>\n<tr>\n<td>Klimatski razred<\/td>\n<td>4<\/td>\n<\/tr>\n<tr>\n<td>Kapacitet<\/td>\n<td>Poru\u010dnik 400<\/td>\n<\/tr>\n<tr>\n<td>Tijelo<\/td>\n<td>Prethodno obojeni lim s antikorozivnom obradom<\/td>\n<\/tr>\n<tr>\n<td>Unutarnja obloga<\/td>\n<td>ABS<\/td>\n<\/tr>\n<tr>\n<td>Termostat<\/td>\n<td>Elektronika<\/td>\n<\/tr>\n<tr>\n<td>Razina buke<\/td>\n<td>dB 45,9<\/td>\n<\/tr>\n<tr>\n<td>Daljinski upravlja\u010d<\/td>\n<td>Izborno<\/td>\n<\/tr>\n<tr>\n<td>Debljina izolacije<\/td>\n<td>70 mm<\/td>\n<\/tr>\n<tr>\n<td>Odmrzavanje<\/td>\n<td>Automatski<\/td>\n<\/tr>\n<tr>\n<td>Rasvjeta<\/td>\n<td>2 vertikalne LED diode<\/td>\n<\/tr>\n<tr>\n<td>Samozatvaraju\u0107a vrata<\/td>\n<td>Da<\/td>\n<\/tr>\n<tr>\n<td>Brava i klju\u010d<\/td>\n<td>Da<\/td>\n<\/tr>\n<tr>\n<td>Vrata koja se mogu okrenuti<\/td>\n<td>&#8211;<\/td>\n<\/tr>\n<tr>\n<td>Police (\u0160xV)<\/td>\n<td>Br. 5 \u2013 652 x 542 mm + Br. 1 \u2013 652 x 347 mm<\/td>\n<\/tr>\n<tr>\n<td>Kota\u010di\u0107i-Noge<\/td>\n<td>2 noge + 2 kota\u010di\u0107a<\/td>\n<\/tr>\n<tr>\n<td>Vrata<\/td>\n<td>Kaljeno staklo<\/td>\n<\/tr>\n<tr>\n<td>Neto-bruto te\u017eina<\/td>\n<td>Kg 75 \/ 88<\/td>\n<\/tr>\n<tr>\n<td>Napon<\/td>\n<td>V 220-240<\/td>\n<\/tr>\n<tr>\n<td>Frekvencija<\/td>\n<td>Hz 50<\/td>\n<\/tr>\n<tr>\n<td>Rashladno sredstvo<\/td>\n<td>R600A<\/td>\n<\/tr>\n<tr>\n<td>Apsorpcija<\/td>\n<td>Z 235<\/td>\n<\/tr>\n<tr>\n<td>Potro\u0161nja energije<\/td>\n<td>kWh\/24 sata 2,02<\/td>\n<\/tr>\n<\/tbody>\n<\/table>","protected":false},"excerpt":{"rendered":"<p>&nbsp; Product Description The GN 400 G TN is a professional glass door display refrigerator designed for bars, restaurants, and beverage retailers. It features a static-fan assisted cooling system that maintains consistent temperatures between +2\u00b0C and +10\u00b0C, ideal for storing drinks and perishable goods. Built with an anti-corrosion treated steel body and ABS interior, this [&hellip;]<\/p>\n","protected":false},"featured_media":12025,"comment_status":"open","ping_status":"closed","template":"","meta":[],"product_brand":[],"product_cat":[51],"product_tag":[],"class_list":{"0":"post-12024","1":"product","2":"type-product","3":"status-publish","4":"has-post-thumbnail","6":"product_cat-kitchen-catering-cooling","8":"first","9":"instock","10":"shipping-taxable","11":"product-type-simple"},"_links":{"self":[{"href":"https:\/\/dersuessestopp.com\/hr\/wp-json\/wp\/v2\/product\/12024","targetHints":{"allow":["GET"]}}],"collection":[{"href":"https:\/\/dersuessestopp.com\/hr\/wp-json\/wp\/v2\/product"}],"about":[{"href":"https:\/\/dersuessestopp.com\/hr\/wp-json\/wp\/v2\/types\/product"}],"replies":[{"embeddable":true,"href":"https:\/\/dersuessestopp.com\/hr\/wp-json\/wp\/v2\/comments?post=12024"}],"version-history":[{"count":1,"href":"https:\/\/dersuessestopp.com\/hr\/wp-json\/wp\/v2\/product\/12024\/revisions"}],"predecessor-version":[{"id":12026,"href":"https:\/\/dersuessestopp.com\/hr\/wp-json\/wp\/v2\/product\/12024\/revisions\/12026"}],"wp:featuredmedia":[{"embeddable":true,"href":"https:\/\/dersuessestopp.com\/hr\/wp-json\/wp\/v2\/media\/12025"}],"wp:attachment":[{"href":"https:\/\/dersuessestopp.com\/hr\/wp-json\/wp\/v2\/media?parent=12024"}],"wp:term":[{"taxonomy":"product_brand","embeddable":true,"href":"https:\/\/dersuessestopp.com\/hr\/wp-json\/wp\/v2\/product_brand?post=12024"},{"taxonomy":"product_cat","embeddable":true,"href":"https:\/\/dersuessestopp.com\/hr\/wp-json\/wp\/v2\/product_cat?post=12024"},{"taxonomy":"product_tag","embeddable":true,"href":"https:\/\/dersuessestopp.com\/hr\/wp-json\/wp\/v2\/product_tag?post=12024"}],"curies":[{"name":"wp","href":"https:\/\/api.w.org\/{rel}","templated":true}]}}