{"id":12019,"date":"2025-10-09T01:00:19","date_gmt":"2025-10-09T01:00:19","guid":{"rendered":"https:\/\/dersuessestopp.com\/?post_type=product&#038;p=12019"},"modified":"2025-10-09T01:00:19","modified_gmt":"2025-10-09T01:00:19","slug":"gn-400-g-tn-blk","status":"publish","type":"product","link":"https:\/\/dersuessestopp.com\/hr\/product\/gn-400-g-tn-blk\/","title":{"rendered":"GN 400 G TN BLK"},"content":{"rendered":"<p><img decoding=\"async\" src=\"https:\/\/customer.klimaitalia.it\/api\/file\/image\/9010\" \/><\/p>\n<h2><\/h2>\n<p>&nbsp;<\/p>\n<h2>Opis proizvoda<\/h2>\n<p data-start=\"218\" data-end=\"810\">The <strong data-start=\"222\" data-end=\"237\">GN 400 G TN<\/strong> je premija <strong data-start=\"251\" data-end=\"296\">hladnjak za pi\u0107a sa stati\u010dkim ventilatorom<\/strong> s <strong data-start=\"304\" data-end=\"323\">vrata od punog stakla<\/strong>, idealno za barove, restorane i maloprodajne prostore. S <strong data-start=\"386\" data-end=\"408\">Kapacitet od 400 litara<\/strong>, nudi optimalnu vidljivost i u\u010dinkovito hla\u0111enje izme\u0111u <strong data-start=\"469\" data-end=\"487\">+2\u00b0C i +10\u00b0C<\/strong>. Izgra\u0111eno s <strong data-start=\"503\" data-end=\"548\">vanjska strana od antikorozivno obojenog \u010delika<\/strong> i izdr\u017eljiv <strong data-start=\"563\" data-end=\"579\">ABS unutra\u0161njost<\/strong>, kombinira modernu estetiku s pouzdano\u0161\u0107u. Opremljen s <strong data-start=\"643\" data-end=\"668\">LED vertikalna rasvjeta<\/strong>, <strong data-start=\"670\" data-end=\"706\">samozatvaraju\u0107a vrata od kaljenog stakla<\/strong>, i <strong data-start=\"712\" data-end=\"737\">elektroni\u010dki termostat<\/strong>, osigurava preciznu kontrolu temperature i profesionalnu prezentaciju.<\/p>\n<p data-start=\"812\" data-end=\"831\"><strong data-start=\"812\" data-end=\"829\">Klju\u010dne zna\u010dajke:<\/strong><\/p>\n<ul data-start=\"832\" data-end=\"1318\">\n<li data-start=\"832\" data-end=\"872\">\n<p data-start=\"834\" data-end=\"872\"><strong data-start=\"834\" data-end=\"856\">Raspon temperature:<\/strong> +2\u00b0C do +10\u00b0C<\/p>\n<\/li>\n<li data-start=\"873\" data-end=\"901\">\n<p data-start=\"875\" data-end=\"901\"><strong data-start=\"875\" data-end=\"888\">Kapacitet:<\/strong> 400 litara<\/p>\n<\/li>\n<li data-start=\"902\" data-end=\"966\">\n<p data-start=\"904\" data-end=\"966\"><strong data-start=\"904\" data-end=\"937\">Vrata od kaljenog stakla bez okvira<\/strong> s <strong data-start=\"943\" data-end=\"964\">integrirana ru\u010dka<\/strong><\/p>\n<\/li>\n<li data-start=\"967\" data-end=\"1009\">\n<p data-start=\"969\" data-end=\"1009\"><strong data-start=\"969\" data-end=\"1007\">Sustav hla\u0111enja uz pomo\u0107 stati\u010dkog ventilatora<\/strong><\/p>\n<\/li>\n<li data-start=\"1010\" data-end=\"1059\">\n<p data-start=\"1012\" data-end=\"1059\"><strong data-start=\"1012\" data-end=\"1037\">Elektroni\u010dki termostat<\/strong> za preciznu kontrolu<\/p>\n<\/li>\n<li data-start=\"1060\" data-end=\"1115\">\n<p data-start=\"1062\" data-end=\"1115\"><strong data-start=\"1062\" data-end=\"1087\">2 vertikalna LED svjetla<\/strong> za unutarnju rasvjetu<\/p>\n<\/li>\n<li data-start=\"1116\" data-end=\"1163\">\n<p data-start=\"1118\" data-end=\"1163\"><strong data-start=\"1118\" data-end=\"1139\">Samozatvaraju\u0107a vrata<\/strong> s <strong data-start=\"1145\" data-end=\"1161\">brava i klju\u010d<\/strong><\/p>\n<\/li>\n<li data-start=\"1164\" data-end=\"1189\">\n<p data-start=\"1166\" data-end=\"1189\"><strong data-start=\"1166\" data-end=\"1187\">Automatsko odmrzavanje<\/strong><\/p>\n<\/li>\n<li data-start=\"1190\" data-end=\"1237\">\n<p data-start=\"1192\" data-end=\"1237\"><strong data-start=\"1192\" data-end=\"1220\">Opcionalni Smart Link WiFi<\/strong> daljinski upravlja\u010d<\/p>\n<\/li>\n<li data-start=\"1238\" data-end=\"1278\">\n<p data-start=\"1240\" data-end=\"1278\"><strong data-start=\"1240\" data-end=\"1263\">Potro\u0161nja energije:<\/strong> 2,02 kWh\/24 h<\/p>\n<\/li>\n<li data-start=\"1279\" data-end=\"1318\">\n<p data-start=\"1281\" data-end=\"1318\"><strong data-start=\"1281\" data-end=\"1296\">Dimenzije:<\/strong> 600 \u00d7 625 \u00d7 1860 mm<\/p>\n<\/li>\n<\/ul>\n<h2>Tehni\u010dke specifikacije<\/h2>\n<table>\n<tbody>\n<tr>\n<td>\u00a0Kapacitet<\/td>\n<td>GN 400 G TN \u2013 GN 400 G TN CRNA<\/td>\n<\/tr>\n<tr>\n<td>Boca lt 1<\/td>\n<td>60<\/td>\n<\/tr>\n<tr>\n<td>Boca kl. 75<\/td>\n<td>85<\/td>\n<\/tr>\n<tr>\n<td>Boca klasa 66<\/td>\n<td>90<\/td>\n<\/tr>\n<tr>\n<td>Boca cl. 50<\/td>\n<td>198<\/td>\n<\/tr>\n<tr>\n<td>Boca klasa 33<\/td>\n<td>182<\/td>\n<\/tr>\n<tr>\n<td>\u010clanak 33.<\/td>\n<td>228<\/td>\n<\/tr>\n<tr>\n<td colspan=\"2\">\u00a0Varijabilni podaci ovisno o razli\u010ditom pakiranju<\/td>\n<\/tr>\n<\/tbody>\n<\/table>\n<p>&nbsp;<\/p>\n<table>\n<tbody>\n<tr>\n<td>\u00a0Dimenzije mm<\/td>\n<td>GN 400 G TN \u2013 GN 400 G TN CRNA<\/td>\n<\/tr>\n<tr>\n<td>Vanjske dimenzije (\u0160xDxV)<\/td>\n<td>600 x 625 x 1860<\/td>\n<\/tr>\n<tr>\n<td>Dimenzije pakiranja (\u0160xDxV)<\/td>\n<td>660 x 725 x 2000<\/td>\n<\/tr>\n<tr>\n<td>\u0160irina<\/td>\n<td>457<\/td>\n<\/tr>\n<tr>\n<td>Dubina<\/td>\n<td>474<\/td>\n<\/tr>\n<tr>\n<td>Visina<\/td>\n<td>1600<\/td>\n<\/tr>\n<tr>\n<td>Min. dubina<\/td>\n<td>264<\/td>\n<\/tr>\n<tr>\n<td>Min. visina<\/td>\n<td>1390<\/td>\n<\/tr>\n<tr>\n<td>Bo\u010dna naljepnica<\/td>\n<td>525 x 1850<\/td>\n<\/tr>\n<tr>\n<td>Naljepnica za staklo<\/td>\n<td>408 x 1477<\/td>\n<\/tr>\n<\/tbody>\n<\/table>\n<p>&nbsp;<\/p>\n<table>\n<tbody>\n<tr>\n<td>Tehni\u010dke zna\u010dajke<\/td>\n<td>GN 400 G TN \u2013 GN 400 G TN CRNA<\/td>\n<\/tr>\n<tr>\n<td>Raspon temperature<\/td>\n<td>+2 \u00b0C \/ +10 \u00b0C<\/td>\n<\/tr>\n<tr>\n<td>Klimatski razred<\/td>\n<td>4<\/td>\n<\/tr>\n<tr>\n<td>Kapacitet<\/td>\n<td>Poru\u010dnik 400<\/td>\n<\/tr>\n<tr>\n<td>Tijelo<\/td>\n<td>Prethodno obojeni lim s antikorozivnom obradom<\/td>\n<\/tr>\n<tr>\n<td>Unutarnja obloga<\/td>\n<td>ABS<\/td>\n<\/tr>\n<tr>\n<td>Termostat<\/td>\n<td>Elektronika<\/td>\n<\/tr>\n<tr>\n<td>Razina buke<\/td>\n<td>dB 45,9<\/td>\n<\/tr>\n<tr>\n<td>Daljinski upravlja\u010d<\/td>\n<td>Izborno<\/td>\n<\/tr>\n<tr>\n<td>Debljina izolacije<\/td>\n<td>70 mm<\/td>\n<\/tr>\n<tr>\n<td>Odmrzavanje<\/td>\n<td>Automatski<\/td>\n<\/tr>\n<tr>\n<td>Rasvjeta<\/td>\n<td>2 vertikalne LED diode<\/td>\n<\/tr>\n<tr>\n<td>Samozatvaraju\u0107a vrata<\/td>\n<td>Da<\/td>\n<\/tr>\n<tr>\n<td>Brava i klju\u010d<\/td>\n<td>Da<\/td>\n<\/tr>\n<tr>\n<td>\u00a0Vrata koja se mogu okrenuti<\/td>\n<td>&#8211;<\/td>\n<\/tr>\n<tr>\n<td>Police (\u0160xV)<\/td>\n<td>Br. 5 \u2013 652 x 542 mm + Br. 1 \u2013 652 x 347 mm<\/td>\n<\/tr>\n<tr>\n<td>Kota\u010di\u0107i-Noge<\/td>\n<td>2 noge + 2 kota\u010di\u0107a<\/td>\n<\/tr>\n<tr>\n<td>Vrata<\/td>\n<td>Kaljeno staklo<\/td>\n<\/tr>\n<tr>\n<td>Neto-bruto te\u017eina<\/td>\n<td>Kg 75 \/ 88<\/td>\n<\/tr>\n<tr>\n<td>Napon<\/td>\n<td>V 220-240<\/td>\n<\/tr>\n<tr>\n<td>Frekvencija<\/td>\n<td>Hz 50<\/td>\n<\/tr>\n<tr>\n<td>Rashladno sredstvo<\/td>\n<td>R600A<\/td>\n<\/tr>\n<tr>\n<td>Apsorpcija<\/td>\n<td>Z 235<\/td>\n<\/tr>\n<tr>\n<td>Potro\u0161nja energije<\/td>\n<td>kWh\/24 sata 2,02<\/td>\n<\/tr>\n<\/tbody>\n<\/table>","protected":false},"excerpt":{"rendered":"<p>&nbsp; Product Description The GN 400 G TN is a premium static-fan assisted beverage refrigerator with a full glass door, ideal for bars, restaurants, and retail environments. With a 400-liter capacity, it offers optimal visibility and efficient cooling between +2\u00b0C and +10\u00b0C. Built with an anti-corrosion pre-painted steel exterior and a durable ABS interior, it [&hellip;]<\/p>\n","protected":false},"featured_media":12020,"comment_status":"open","ping_status":"closed","template":"","meta":[],"product_brand":[],"product_cat":[51],"product_tag":[],"class_list":{"0":"post-12019","1":"product","2":"type-product","3":"status-publish","4":"has-post-thumbnail","6":"product_cat-kitchen-catering-cooling","8":"first","9":"instock","10":"shipping-taxable","11":"product-type-simple"},"_links":{"self":[{"href":"https:\/\/dersuessestopp.com\/hr\/wp-json\/wp\/v2\/product\/12019","targetHints":{"allow":["GET"]}}],"collection":[{"href":"https:\/\/dersuessestopp.com\/hr\/wp-json\/wp\/v2\/product"}],"about":[{"href":"https:\/\/dersuessestopp.com\/hr\/wp-json\/wp\/v2\/types\/product"}],"replies":[{"embeddable":true,"href":"https:\/\/dersuessestopp.com\/hr\/wp-json\/wp\/v2\/comments?post=12019"}],"version-history":[{"count":1,"href":"https:\/\/dersuessestopp.com\/hr\/wp-json\/wp\/v2\/product\/12019\/revisions"}],"predecessor-version":[{"id":12023,"href":"https:\/\/dersuessestopp.com\/hr\/wp-json\/wp\/v2\/product\/12019\/revisions\/12023"}],"wp:featuredmedia":[{"embeddable":true,"href":"https:\/\/dersuessestopp.com\/hr\/wp-json\/wp\/v2\/media\/12020"}],"wp:attachment":[{"href":"https:\/\/dersuessestopp.com\/hr\/wp-json\/wp\/v2\/media?parent=12019"}],"wp:term":[{"taxonomy":"product_brand","embeddable":true,"href":"https:\/\/dersuessestopp.com\/hr\/wp-json\/wp\/v2\/product_brand?post=12019"},{"taxonomy":"product_cat","embeddable":true,"href":"https:\/\/dersuessestopp.com\/hr\/wp-json\/wp\/v2\/product_cat?post=12019"},{"taxonomy":"product_tag","embeddable":true,"href":"https:\/\/dersuessestopp.com\/hr\/wp-json\/wp\/v2\/product_tag?post=12019"}],"curies":[{"name":"wp","href":"https:\/\/api.w.org\/{rel}","templated":true}]}}