{"id":12016,"date":"2025-10-09T00:54:21","date_gmt":"2025-10-09T00:54:21","guid":{"rendered":"https:\/\/dersuessestopp.com\/?post_type=product&#038;p=12016"},"modified":"2025-10-09T00:54:21","modified_gmt":"2025-10-09T00:54:21","slug":"oko-03-vrha","status":"publish","type":"product","link":"https:\/\/dersuessestopp.com\/hr\/product\/abt-03-top\/","title":{"rendered":"ABT 03 VRH"},"content":{"rendered":"<p><img decoding=\"async\" src=\"https:\/\/customer.klimaitalia.it\/api\/file\/image\/5036\" \/><\/p>\n<h2>Opis proizvoda<\/h2>\n<p data-start=\"240\" data-end=\"787\">The <strong data-start=\"244\" data-end=\"258\">ABT 03 VRH<\/strong> je profesionalac <strong data-start=\"277\" data-end=\"294\">brzi hladnjak<\/strong> dizajnirano za brzo hla\u0111enje i zamrzavanje u komercijalnim kuhinjama, pekarama i ugostiteljskim objektima. Izra\u0111eno od <strong data-start=\"407\" data-end=\"435\">Nehr\u0111aju\u0107i \u010delik AISI 304<\/strong>, osigurava trajnost, higijenu i jednostavno \u010di\u0161\u0107enje. S <strong data-start=\"498\" data-end=\"538\">temperaturni raspon od -35\u00b0C do +5\u00b0C<\/strong>, u\u010dinkovito smanjuje temperaturu sredi\u0161ta hrane s +70\u00b0C na +3\u00b0C za 90 minuta ili na -18\u00b0C za 240 minuta. <strong data-start=\"650\" data-end=\"675\">elektroni\u010dki termostat<\/strong> jam\u010di preciznu kontrolu, dok <strong data-start=\"714\" data-end=\"751\">ispariva\u010d obra\u0111en antikorozivnom obradom<\/strong> osigurava dugotrajne performanse.<\/p>\n<p data-start=\"789\" data-end=\"808\"><strong data-start=\"789\" data-end=\"806\">Klju\u010dne zna\u010dajke:<\/strong><\/p>\n<ul data-start=\"809\" data-end=\"1255\">\n<li data-start=\"809\" data-end=\"849\">\n<p data-start=\"811\" data-end=\"849\"><strong data-start=\"811\" data-end=\"833\">Raspon temperature:<\/strong> -35\u00b0C do +5\u00b0C<\/p>\n<\/li>\n<li data-start=\"850\" data-end=\"894\">\n<p data-start=\"852\" data-end=\"894\"><strong data-start=\"852\" data-end=\"865\">Kapacitet:<\/strong> 3 GN 2\/3 posude (354 \u00d7 325 mm)<\/p>\n<\/li>\n<li data-start=\"895\" data-end=\"953\">\n<p data-start=\"897\" data-end=\"953\"><strong data-start=\"897\" data-end=\"916\">Brzo hla\u0111enje:<\/strong> +70\u00b0C do +3\u00b0C u 90 minuta (8 kg)<\/p>\n<\/li>\n<li data-start=\"954\" data-end=\"1008\">\n<p data-start=\"956\" data-end=\"1008\"><strong data-start=\"956\" data-end=\"969\">Zamrzavanje:<\/strong> +70\u00b0C do -18\u00b0C za 240 minuta (5 kg)<\/p>\n<\/li>\n<li data-start=\"1009\" data-end=\"1059\">\n<p data-start=\"1011\" data-end=\"1059\"><strong data-start=\"1011\" data-end=\"1039\">Nehr\u0111aju\u0107i \u010delik AISI 304<\/strong> tijelo i unutra\u0161njost<\/p>\n<\/li>\n<li data-start=\"1060\" data-end=\"1109\">\n<p data-start=\"1062\" data-end=\"1109\"><strong data-start=\"1062\" data-end=\"1087\">Elektroni\u010dki termostat<\/strong> za preciznu kontrolu<\/p>\n<\/li>\n<li data-start=\"1110\" data-end=\"1151\">\n<p data-start=\"1112\" data-end=\"1151\"><strong data-start=\"1112\" data-end=\"1149\">Ispariva\u010d obra\u0111en antikorozivno<\/strong><\/p>\n<\/li>\n<li data-start=\"1152\" data-end=\"1174\">\n<p data-start=\"1154\" data-end=\"1174\"><strong data-start=\"1154\" data-end=\"1172\">Ru\u010dno odmrzavanje<\/strong><\/p>\n<\/li>\n<li data-start=\"1175\" data-end=\"1216\">\n<p data-start=\"1177\" data-end=\"1216\"><strong data-start=\"1177\" data-end=\"1214\">Energetski u\u010dinkovito rashladno sredstvo R290<\/strong><\/p>\n<\/li>\n<li data-start=\"1217\" data-end=\"1255\">\n<p data-start=\"1219\" data-end=\"1255\"><strong data-start=\"1219\" data-end=\"1234\">Dimenzije:<\/strong> 660 \u00d7 650 \u00d7 430 mm<\/p>\n<\/li>\n<\/ul>\n<h2>Tehni\u010dke specifikacije<\/h2>\n<table>\n<tbody>\n<tr>\n<td>\u00a0Dimenzije mm<\/td>\n<td>ABT 03 VRH<\/td>\n<\/tr>\n<tr>\n<td>Vanjske dimenzije (\u0160xDxV)<\/td>\n<td>660 x 650 x 430<\/td>\n<\/tr>\n<tr>\n<td>Dimenzije pakiranja (\u0160xDxV)<\/td>\n<td>730 x 740 x 580<\/td>\n<\/tr>\n<tr>\n<td>\u0160irina<\/td>\n<td>340<\/td>\n<\/tr>\n<tr>\n<td>Dubina<\/td>\n<td>510<\/td>\n<\/tr>\n<tr>\n<td>Visina<\/td>\n<td>270<\/td>\n<\/tr>\n<\/tbody>\n<\/table>\n<p>&nbsp;<\/p>\n<table>\n<tbody>\n<tr>\n<td>Tehni\u010dke zna\u010dajke<\/td>\n<td>ABT 03 VRH<\/td>\n<\/tr>\n<tr>\n<td>Raspon temperature<\/td>\n<td>-35 \u00b0C \/ +5 \u00b0C<\/td>\n<\/tr>\n<tr>\n<td>Klimatski razred<\/td>\n<td>5<\/td>\n<\/tr>\n<tr>\n<td>Neto bruto volumen<\/td>\n<td>Poru\u010dnik 30\/33<\/td>\n<\/tr>\n<tr>\n<td>Tijelo<\/td>\n<td>Nehr\u0111aju\u0107i \u010delik AISI 304<\/td>\n<\/tr>\n<tr>\n<td>Unutarnja obloga, uklju\u010den poklopac ispariva\u010da<\/td>\n<td>Nehr\u0111aju\u0107i \u010delik AISI 304<\/td>\n<\/tr>\n<tr>\n<td>Termostat<\/td>\n<td>Elektronika<\/td>\n<\/tr>\n<tr>\n<td>Razina buke<\/td>\n<td>dB 42<\/td>\n<\/tr>\n<tr>\n<td>Debljina izolacije<\/td>\n<td>60 mm<\/td>\n<\/tr>\n<tr>\n<td>Odmrzavanje<\/td>\n<td>Priru\u010dnik<\/td>\n<\/tr>\n<tr>\n<td>Vrijeme brzog hla\u0111enja od 70 C\u00b0 do +3\u00b0C<\/td>\n<td>minuta<\/td>\n<\/tr>\n<tr>\n<td>Vrijeme brzog hla\u0111enja od 70 C\u00b0 do -18\u00b0C<\/td>\n<td>minuta<\/td>\n<\/tr>\n<tr>\n<td>Kapacitet i dimenzije (\u0160xV) \u2013 Tave (nisu uklju\u010dene)<\/td>\n<td>tave<\/td>\n<\/tr>\n<tr>\n<td>\u00a0Kota\u010di\u0107i-Noge<\/td>\n<td>4 stope<\/td>\n<\/tr>\n<tr>\n<td>Neto-bruto te\u017eina<\/td>\n<td>Kg 42 \/ 52<\/td>\n<\/tr>\n<tr>\n<td>Napon<\/td>\n<td>V 220<\/td>\n<\/tr>\n<tr>\n<td>Frekvencija<\/td>\n<td>Hz 50<\/td>\n<\/tr>\n<tr>\n<td>Rashladno sredstvo<\/td>\n<td>290 kuna<\/td>\n<\/tr>\n<tr>\n<td>Apsorpcija<\/td>\n<td>Z 500<\/td>\n<\/tr>\n<\/tbody>\n<\/table>","protected":false},"excerpt":{"rendered":"<p>Product Description The ABT 03 TOP is a professional blast chiller designed for rapid cooling and freezing in commercial kitchens, bakeries, and catering environments. Built from AISI 304 stainless steel, it ensures durability, hygiene, and ease of cleaning. With a temperature range from -35\u00b0C to +5\u00b0C, it efficiently reduces food core temperature from +70\u00b0C to [&hellip;]<\/p>\n","protected":false},"featured_media":12017,"comment_status":"open","ping_status":"closed","template":"","meta":[],"product_brand":[],"product_cat":[51],"product_tag":[],"class_list":{"0":"post-12016","1":"product","2":"type-product","3":"status-publish","4":"has-post-thumbnail","6":"product_cat-kitchen-catering-cooling","8":"first","9":"instock","10":"shipping-taxable","11":"product-type-simple"},"_links":{"self":[{"href":"https:\/\/dersuessestopp.com\/hr\/wp-json\/wp\/v2\/product\/12016","targetHints":{"allow":["GET"]}}],"collection":[{"href":"https:\/\/dersuessestopp.com\/hr\/wp-json\/wp\/v2\/product"}],"about":[{"href":"https:\/\/dersuessestopp.com\/hr\/wp-json\/wp\/v2\/types\/product"}],"replies":[{"embeddable":true,"href":"https:\/\/dersuessestopp.com\/hr\/wp-json\/wp\/v2\/comments?post=12016"}],"version-history":[{"count":1,"href":"https:\/\/dersuessestopp.com\/hr\/wp-json\/wp\/v2\/product\/12016\/revisions"}],"predecessor-version":[{"id":12018,"href":"https:\/\/dersuessestopp.com\/hr\/wp-json\/wp\/v2\/product\/12016\/revisions\/12018"}],"wp:featuredmedia":[{"embeddable":true,"href":"https:\/\/dersuessestopp.com\/hr\/wp-json\/wp\/v2\/media\/12017"}],"wp:attachment":[{"href":"https:\/\/dersuessestopp.com\/hr\/wp-json\/wp\/v2\/media?parent=12016"}],"wp:term":[{"taxonomy":"product_brand","embeddable":true,"href":"https:\/\/dersuessestopp.com\/hr\/wp-json\/wp\/v2\/product_brand?post=12016"},{"taxonomy":"product_cat","embeddable":true,"href":"https:\/\/dersuessestopp.com\/hr\/wp-json\/wp\/v2\/product_cat?post=12016"},{"taxonomy":"product_tag","embeddable":true,"href":"https:\/\/dersuessestopp.com\/hr\/wp-json\/wp\/v2\/product_tag?post=12016"}],"curies":[{"name":"wp","href":"https:\/\/api.w.org\/{rel}","templated":true}]}}