{"id":10602,"date":"2025-09-29T15:00:38","date_gmt":"2025-09-29T15:00:38","guid":{"rendered":"https:\/\/dersuessestopp.com\/?post_type=product&#038;p=10602"},"modified":"2025-09-29T15:00:52","modified_gmt":"2025-09-29T15:00:52","slug":"cl-372-vg-crna","status":"publish","type":"product","link":"https:\/\/dersuessestopp.com\/hr\/product\/cl-372-vg-black\/","title":{"rendered":"CL 372 VG CRNA"},"content":{"rendered":"<p>Stati\u010dki hladnjak za pi\u0107a s mije\u0161alicom<\/p>","protected":false},"excerpt":{"rendered":"<p>Stati\u010dki hladnjak za pi\u0107a s mije\u0161alicom, ENERGETSKI KLASA<\/p>","protected":false},"featured_media":10645,"comment_status":"open","ping_status":"closed","template":"","meta":[],"product_brand":[],"product_cat":[100],"product_tag":[],"class_list":{"0":"post-10602","1":"product","2":"type-product","3":"status-publish","4":"has-post-thumbnail","6":"product_cat-display-fridges-visicoolers","8":"first","9":"instock","10":"shipping-taxable","11":"purchasable","12":"product-type-simple"},"_links":{"self":[{"href":"https:\/\/dersuessestopp.com\/hr\/wp-json\/wp\/v2\/product\/10602","targetHints":{"allow":["GET"]}}],"collection":[{"href":"https:\/\/dersuessestopp.com\/hr\/wp-json\/wp\/v2\/product"}],"about":[{"href":"https:\/\/dersuessestopp.com\/hr\/wp-json\/wp\/v2\/types\/product"}],"replies":[{"embeddable":true,"href":"https:\/\/dersuessestopp.com\/hr\/wp-json\/wp\/v2\/comments?post=10602"}],"version-history":[{"count":1,"href":"https:\/\/dersuessestopp.com\/hr\/wp-json\/wp\/v2\/product\/10602\/revisions"}],"predecessor-version":[{"id":10646,"href":"https:\/\/dersuessestopp.com\/hr\/wp-json\/wp\/v2\/product\/10602\/revisions\/10646"}],"wp:featuredmedia":[{"embeddable":true,"href":"https:\/\/dersuessestopp.com\/hr\/wp-json\/wp\/v2\/media\/10645"}],"wp:attachment":[{"href":"https:\/\/dersuessestopp.com\/hr\/wp-json\/wp\/v2\/media?parent=10602"}],"wp:term":[{"taxonomy":"product_brand","embeddable":true,"href":"https:\/\/dersuessestopp.com\/hr\/wp-json\/wp\/v2\/product_brand?post=10602"},{"taxonomy":"product_cat","embeddable":true,"href":"https:\/\/dersuessestopp.com\/hr\/wp-json\/wp\/v2\/product_cat?post=10602"},{"taxonomy":"product_tag","embeddable":true,"href":"https:\/\/dersuessestopp.com\/hr\/wp-json\/wp\/v2\/product_tag?post=10602"}],"curies":[{"name":"wp","href":"https:\/\/api.w.org\/{rel}","templated":true}]}}