{"id":10601,"date":"2025-09-29T15:00:38","date_gmt":"2025-09-29T15:00:38","guid":{"rendered":"https:\/\/dersuessestopp.com\/?post_type=product&#038;p=10601"},"modified":"2025-09-29T15:00:52","modified_gmt":"2025-09-29T15:00:52","slug":"clan-372-vgc","status":"publish","type":"product","link":"https:\/\/dersuessestopp.com\/hr\/product\/cl-372-vgc\/","title":{"rendered":"CL 372 VGC"},"content":{"rendered":"<p>Stati\u010dki hladnjak za pi\u0107a s mije\u0161alicom<\/p>","protected":false},"excerpt":{"rendered":"<p>Stati\u010dki hladnjak za pi\u0107a s mije\u0161alicom, ENERGETSKI KLASA<\/p>","protected":false},"featured_media":10643,"comment_status":"open","ping_status":"closed","template":"","meta":[],"product_brand":[],"product_cat":[100],"product_tag":[],"class_list":{"0":"post-10601","1":"product","2":"type-product","3":"status-publish","4":"has-post-thumbnail","6":"product_cat-display-fridges-visicoolers","8":"first","9":"instock","10":"shipping-taxable","11":"purchasable","12":"product-type-simple"},"_links":{"self":[{"href":"https:\/\/dersuessestopp.com\/hr\/wp-json\/wp\/v2\/product\/10601","targetHints":{"allow":["GET"]}}],"collection":[{"href":"https:\/\/dersuessestopp.com\/hr\/wp-json\/wp\/v2\/product"}],"about":[{"href":"https:\/\/dersuessestopp.com\/hr\/wp-json\/wp\/v2\/types\/product"}],"replies":[{"embeddable":true,"href":"https:\/\/dersuessestopp.com\/hr\/wp-json\/wp\/v2\/comments?post=10601"}],"version-history":[{"count":1,"href":"https:\/\/dersuessestopp.com\/hr\/wp-json\/wp\/v2\/product\/10601\/revisions"}],"predecessor-version":[{"id":10644,"href":"https:\/\/dersuessestopp.com\/hr\/wp-json\/wp\/v2\/product\/10601\/revisions\/10644"}],"wp:featuredmedia":[{"embeddable":true,"href":"https:\/\/dersuessestopp.com\/hr\/wp-json\/wp\/v2\/media\/10643"}],"wp:attachment":[{"href":"https:\/\/dersuessestopp.com\/hr\/wp-json\/wp\/v2\/media?parent=10601"}],"wp:term":[{"taxonomy":"product_brand","embeddable":true,"href":"https:\/\/dersuessestopp.com\/hr\/wp-json\/wp\/v2\/product_brand?post=10601"},{"taxonomy":"product_cat","embeddable":true,"href":"https:\/\/dersuessestopp.com\/hr\/wp-json\/wp\/v2\/product_cat?post=10601"},{"taxonomy":"product_tag","embeddable":true,"href":"https:\/\/dersuessestopp.com\/hr\/wp-json\/wp\/v2\/product_tag?post=10601"}],"curies":[{"name":"wp","href":"https:\/\/api.w.org\/{rel}","templated":true}]}}