{"id":10539,"date":"2025-09-29T15:00:17","date_gmt":"2025-09-29T15:00:17","guid":{"rendered":"https:\/\/dersuessestopp.com\/?post_type=product&#038;p=10539"},"modified":"2025-10-08T19:40:24","modified_gmt":"2025-10-08T19:40:24","slug":"cw-160-g2tb","status":"publish","type":"product","link":"https:\/\/dersuessestopp.com\/hr\/product\/cw-160-g2tb\/","title":{"rendered":"CW 160 G2TB"},"content":{"rendered":"<p><img fetchpriority=\"high\" decoding=\"async\" class=\"alignnone wp-image-11654 size-full\" src=\"https:\/\/dersuessestopp.com\/wp-content\/uploads\/2025\/09\/cw160g1tb.jpg\" alt=\"\" width=\"2000\" height=\"600\" srcset=\"https:\/\/dersuessestopp.com\/wp-content\/uploads\/2025\/09\/cw160g1tb.jpg 2000w, https:\/\/dersuessestopp.com\/wp-content\/uploads\/2025\/09\/cw160g1tb-300x90.jpg 300w, https:\/\/dersuessestopp.com\/wp-content\/uploads\/2025\/09\/cw160g1tb-1024x307.jpg 1024w, https:\/\/dersuessestopp.com\/wp-content\/uploads\/2025\/09\/cw160g1tb-768x230.jpg 768w, https:\/\/dersuessestopp.com\/wp-content\/uploads\/2025\/09\/cw160g1tb-1536x461.jpg 1536w, https:\/\/dersuessestopp.com\/wp-content\/uploads\/2025\/09\/cw160g1tb-250x75.jpg 250w, https:\/\/dersuessestopp.com\/wp-content\/uploads\/2025\/09\/cw160g1tb-600x180.jpg 600w\" sizes=\"(max-width: 2000px) 100vw, 2000px\" \/><\/p>\n<p data-start=\"209\" data-end=\"506\">The <strong data-start=\"213\" data-end=\"228\">CW 160 G2TB<\/strong> je vrhunski hladnjak za vino s dvije zone dizajniran za istinske ljubitelje vina i profesionalce koji cijene stil i preciznost. <strong data-start=\"357\" data-end=\"392\">potpuno crna staklena vrata bez okvira<\/strong>, <strong data-start=\"394\" data-end=\"433\">elegantne klizne metalne police u obliku slova Z<\/strong>, i <strong data-start=\"439\" data-end=\"455\">LED rasvjeta<\/strong> \u010dine ga prekrasnim dodatkom svakom modernom prostoru.<\/p>\n<p data-start=\"508\" data-end=\"710\">S <strong data-start=\"513\" data-end=\"546\">neovisne temperaturne zone<\/strong>, CW 160 G2TB omogu\u0107uje savr\u0161ene uvjete skladi\u0161tenja i crnih i bijelih vina - osiguravaju\u0107i da je svaka boca sa\u010duvana i spremna za poslu\u017eivanje na idealnoj temperaturi.<\/p>\n<h4 data-start=\"712\" data-end=\"733\"><strong data-start=\"717\" data-end=\"733\">Klju\u010dne zna\u010dajke<\/strong><\/h4>\n<ul data-start=\"734\" data-end=\"1207\">\n<li data-start=\"734\" data-end=\"811\">\n<p data-start=\"736\" data-end=\"811\"><strong data-start=\"736\" data-end=\"769\">Dvozonska kontrola temperature<\/strong> s elektroni\u010dkim termostatom osjetljivim na dodir<\/p>\n<\/li>\n<li data-start=\"812\" data-end=\"879\">\n<p data-start=\"814\" data-end=\"879\"><strong data-start=\"814\" data-end=\"847\">Klizne metalne police u obliku slova Z<\/strong> s glatkim izvla\u010denjem ladice<\/p>\n<\/li>\n<li data-start=\"880\" data-end=\"931\">\n<p data-start=\"882\" data-end=\"931\"><strong data-start=\"882\" data-end=\"906\">Ravnomjerna cirkulacija zraka<\/strong> s aksijalnim ventilatorskim hla\u0111enjem<\/p>\n<\/li>\n<li data-start=\"932\" data-end=\"978\">\n<p data-start=\"934\" data-end=\"978\"><strong data-start=\"934\" data-end=\"955\">Automatsko odmrzavanje<\/strong> za jednostavno odr\u017eavanje<\/p>\n<\/li>\n<li data-start=\"979\" data-end=\"1055\">\n<p data-start=\"981\" data-end=\"1055\"><strong data-start=\"981\" data-end=\"1021\">Vertikalna i horizontalna LED rasvjeta<\/strong> za elegantnu prezentaciju boca<\/p>\n<\/li>\n<li data-start=\"1056\" data-end=\"1136\">\n<p data-start=\"1058\" data-end=\"1136\"><strong data-start=\"1058\" data-end=\"1093\">Reverzibilna staklena vrata bez okvira<\/strong> s <strong data-start=\"1099\" data-end=\"1115\">brava i klju\u010d<\/strong> za dodatnu sigurnost<\/p>\n<\/li>\n<li data-start=\"1137\" data-end=\"1207\">\n<p data-start=\"1139\" data-end=\"1207\"><strong data-start=\"1139\" data-end=\"1180\">Izdr\u017eljiva, prethodno obojena karoserija protiv korozije<\/strong> s <strong data-start=\"1186\" data-end=\"1205\">unutarnja ABS obloga<\/strong><\/p>\n<\/li>\n<\/ul>\n<p data-start=\"1209\" data-end=\"1375\">CW 160 G2TB kombinira sofisticirani dizajn s naprednom tehnologijom hla\u0111enja - savr\u0161eno rje\u0161enje za profesionalno skladi\u0161tenje vina ili vrhunsku ku\u0107nu kolekciju.<\/p>\n<table cellspacing=\"0\">\n<tbody>\n<tr>\n<td bgcolor=\"#FFFFFF\">\n<p class=\"s7\">\u00a0Dimenzije mm<\/p>\n<\/td>\n<td bgcolor=\"#FFFFFF\">\n<p class=\"s7\"><span dir=\"auto\">CW 160 G1TB<\/span><\/p>\n<\/td>\n<td bgcolor=\"#FFFFFF\">\n<p class=\"s7\"><span dir=\"auto\">CW 160 G2TB<\/span><\/p>\n<\/td>\n<\/tr>\n<tr>\n<td>\n<p class=\"s13\">\u00a0Vanjske dimenzije (\u0160xDxV)<\/p>\n<\/td>\n<td>\n<p class=\"s13\">595 x 700 x 1604<\/p>\n<\/td>\n<td>\n<p class=\"s13\"><span dir=\"auto\">595 x 700 x 1604<\/span><\/p>\n<\/td>\n<\/tr>\n<tr>\n<td>\n<p class=\"s13\"><span dir=\"auto\">Dimenzije pakiranja (\u00a0<\/span><span dir=\"auto\">\u0160xDxV)<\/span><\/p>\n<\/td>\n<td>\n<p class=\"s13\">645 x 770 x 1796<\/p>\n<\/td>\n<td>\n<p class=\"s13\"><span dir=\"auto\">645 x 770 x 1796<\/span><\/p>\n<\/td>\n<\/tr>\n<tr>\n<td>\n<p class=\"s13\"><span dir=\"auto\">\u00a0<\/span><span dir=\"auto\">\u0160irina<\/span><\/p>\n<\/td>\n<td>\n<p class=\"s13\">500<\/p>\n<\/td>\n<td>\n<p class=\"s13\"><span dir=\"auto\">500<\/span><\/p>\n<\/td>\n<\/tr>\n<tr>\n<td>\n<p class=\"s13\"><span dir=\"auto\">\u00a0<\/span><span dir=\"auto\">Dubina<\/span><\/p>\n<\/td>\n<td>\n<p class=\"s13\">540<\/p>\n<\/td>\n<td>\n<p class=\"s13\"><span dir=\"auto\">540<\/span><\/p>\n<\/td>\n<\/tr>\n<tr>\n<td>\n<p class=\"s13\"><span dir=\"auto\">\u00a0<\/span><span dir=\"auto\">Visina<\/span><\/p>\n<\/td>\n<td>\n<p class=\"s13\">1425<\/p>\n<\/td>\n<td>\n<p class=\"s13\"><span dir=\"auto\">1425<\/span><\/p>\n<\/td>\n<\/tr>\n<tr>\n<td>\n<p class=\"s13\"><span dir=\"auto\">\u00a0<\/span><span dir=\"auto\">Min. dubina<\/span><\/p>\n<\/td>\n<td>\n<p class=\"s13\">380<\/p>\n<\/td>\n<td>\n<p class=\"s13\"><span dir=\"auto\">380<\/span><\/p>\n<\/td>\n<\/tr>\n<tr>\n<td>\n<p class=\"s13\"><span dir=\"auto\">\u00a0<\/span><span dir=\"auto\">Min. visina<\/span><\/p>\n<\/td>\n<td>\n<p class=\"s13\">1215<\/p>\n<\/td>\n<td>\n<p class=\"s13\"><span dir=\"auto\">1215<\/span><\/p>\n<\/td>\n<\/tr>\n<tr>\n<td>\n<p class=\"s13\"><span dir=\"auto\">Strana\u00a0<\/span><span dir=\"auto\">Naljepnica<\/span><\/p>\n<\/td>\n<td>\n<p class=\"s13\">648 x 1585<\/p>\n<\/td>\n<td>\n<p class=\"s13\"><span dir=\"auto\">648 x 1585<\/span><\/p>\n<\/td>\n<\/tr>\n<tr>\n<td>\n<p class=\"s13\"><span dir=\"auto\">Naljepnica za staklo<\/span><\/p>\n<\/td>\n<td>\n<p class=\"s13\">462 x 1340<\/p>\n<\/td>\n<td>\n<p class=\"s13\"><span dir=\"auto\">462 x 1340<\/span><\/p>\n<\/td>\n<\/tr>\n<\/tbody>\n<\/table>\n<p>&nbsp;<\/p>\n<table cellspacing=\"0\">\n<tbody>\n<tr>\n<td bgcolor=\"#FFFFFF\">\n<p class=\"s7\"><span dir=\"auto\">Tehni\u010dke zna\u010dajke<\/span><\/p>\n<\/td>\n<td bgcolor=\"#FFFFFF\">\n<p class=\"s15\"><span dir=\"auto\">\u00a0\u00a0\u00a0\u00a0\u00a0\u00a0\u00a0\u00a0 CW 160 G1TB \u00a0\u00a0\u00a0\u00a0\u00a0\u00a0\u00a0\u00a0\u00a0\u00a0\u00a0\u00a0\u00a0\u00a0\u00a0\u00a0\u00a0\u00a0\u00a0<\/span><\/p>\n<\/td>\n<td bgcolor=\"#FFFFFF\">\n<p class=\"s15\">CW 160 G2TB<\/p>\n<\/td>\n<\/tr>\n<tr>\n<td>\n<p class=\"s13\">\u00a0Raspon temperature<\/p>\n<\/td>\n<td>\n<p class=\"s13\">+2 \u00b0C \/ +20 \u00b0C<\/p>\n<\/td>\n<td>\n<p class=\"s13\">+2 \u00b0C \/ +12 \u00b0C | +12 \u00b0C \/ +20 \u00b0C<\/p>\n<\/td>\n<\/tr>\n<tr>\n<td>\n<p class=\"s13\"><span dir=\"auto\">Klima\u00a0<\/span><span dir=\"auto\">Razred<\/span><\/p>\n<\/td>\n<td>\n<p class=\"s13\">S-ST<\/p>\n<\/td>\n<td>\n<p class=\"s13\"><span dir=\"auto\">S-ST<\/span><\/p>\n<\/td>\n<\/tr>\n<tr>\n<td>\n<p class=\"s13\">\u00a0Neto bruto volumen<\/p>\n<\/td>\n<td>\n<p class=\"s13\">Poru\u010dnik 358\/375<\/p>\n<\/td>\n<td>\n<p class=\"s13\">Poru\u010dnik 350\/373<\/p>\n<\/td>\n<\/tr>\n<tr>\n<td>\n<p class=\"s13\"><span dir=\"auto\">Vanjska povr\u0161ina tijela<\/span><\/p>\n<\/td>\n<td>\n<p class=\"s13\"><span dir=\"auto\">Prethodno obojeni lim <\/span><span dir=\"auto\">s antikorozivnom obradom<\/span><\/p>\n<\/td>\n<td>\n<p class=\"s13\"><span dir=\"auto\">Prethodno obojeni lim <\/span><span dir=\"auto\">s antikorozivnom obradom<\/span><\/p>\n<\/td>\n<\/tr>\n<tr>\n<td>\n<p class=\"s13\"><span dir=\"auto\">Porta\u00a0<\/span><span dir=\"auto\">Vrata<\/span><\/p>\n<\/td>\n<td>\n<p class=\"s13\"><span dir=\"auto\">Crna\u00a0<\/span><span dir=\"auto\">puna \u010da\u0161a<\/span><\/p>\n<\/td>\n<td>\n<p class=\"s13\"><span dir=\"auto\">Crna\u00a0<\/span><span dir=\"auto\">puna \u010da\u0161a<\/span><\/p>\n<\/td>\n<\/tr>\n<tr>\n<td>\n<p class=\"s13\"><span dir=\"auto\">Unutarnji\u00a0<\/span><span dir=\"auto\">Obloga<\/span><\/p>\n<\/td>\n<td>\n<p class=\"s13\"><span dir=\"auto\">ABS<\/span><\/p>\n<\/td>\n<td>\n<p class=\"s13\"><span dir=\"auto\">ABS<\/span><\/p>\n<\/td>\n<\/tr>\n<tr>\n<td>\n<p class=\"s13\"><span dir=\"auto\">Termostat\u00a0<\/span><span dir=\"auto\">Termostat<\/span><\/p>\n<\/td>\n<td>\n<p class=\"s13\">\u00a0Elektroni\u010dki zaslon osjetljiv na dodir<\/p>\n<\/td>\n<td>\n<p class=\"s13\"><span dir=\"auto\">\u00a0<\/span><span dir=\"auto\">Elektronika\u00a0<\/span><span dir=\"auto\">Zaslon osjetljiv na dodir<\/span><\/p>\n<\/td>\n<\/tr>\n<tr>\n<td>\n<p class=\"s13\"><span dir=\"auto\">Buka\u00a0<\/span><span dir=\"auto\">razina<\/span><\/p>\n<\/td>\n<td>\n<p class=\"s13\">dB 38<\/p>\n<\/td>\n<td>\n<p class=\"s13\"><span dir=\"auto\">dB 38<\/span><\/p>\n<\/td>\n<\/tr>\n<tr>\n<td>\n<p class=\"s13\">\u00a0Debljina izolacije<\/p>\n<\/td>\n<td>\n<p class=\"s13\">55 mm<\/p>\n<\/td>\n<td>\n<p class=\"s13\"><span dir=\"auto\">55 mm<\/span><\/p>\n<\/td>\n<\/tr>\n<tr>\n<td>\n<p class=\"s13\"><span dir=\"auto\">Odmrzavanje\u00a0<\/span><span dir=\"auto\">Odmrzavanje<\/span><\/p>\n<\/td>\n<td>\n<p class=\"s13\"><span dir=\"auto\">Automatski kompresor\u00a0<\/span><span dir=\"auto\">ciklus<\/span><\/p>\n<\/td>\n<td>\n<p class=\"s13\"><span dir=\"auto\">Automatski kompresor\u00a0<\/span><span dir=\"auto\">ciklus<\/span><\/p>\n<\/td>\n<\/tr>\n<tr>\n<td>\n<p class=\"s13\"><span dir=\"auto\">Rasvjeta<\/span><span dir=\"auto\">\u200b<\/span><\/p>\n<\/td>\n<td>\n<p class=\"s13\"><span dir=\"auto\">LED diode: 2 vertikalne + 1 horizontalne<\/span><\/p>\n<\/td>\n<td>\n<p class=\"s13\"><span dir=\"auto\">LED diode: 2 vertikalne + 2 horizontalne<\/span><\/p>\n<\/td>\n<\/tr>\n<tr>\n<td>\n<p class=\"s13\"><span dir=\"auto\">Reverzibilno\u00a0<\/span><span dir=\"auto\">vrata<\/span><\/p>\n<\/td>\n<td>\n<p class=\"s13\"><span dir=\"auto\">Da<\/span><span dir=\"auto\">\u200b<\/span><\/p>\n<\/td>\n<td>\n<p class=\"s13\"><span dir=\"auto\">Da<\/span><span dir=\"auto\">\u200b<\/span><\/p>\n<\/td>\n<\/tr>\n<tr>\n<td>\n<p class=\"s13\"><span dir=\"auto\">Zaklju\u010daj\u00a0<\/span><span dir=\"auto\">i klju\u010d<\/span><\/p>\n<\/td>\n<td>\n<p class=\"s13\"><span dir=\"auto\">Da<\/span><span dir=\"auto\">\u200b<\/span><\/p>\n<\/td>\n<td>\n<p class=\"s13\"><span dir=\"auto\">Da<\/span><span dir=\"auto\">\u200b<\/span><\/p>\n<\/td>\n<\/tr>\n<tr>\n<td>\n<p class=\"s13\"><span dir=\"auto\">\u017d\u00a0<\/span><span dir=\"auto\">-oblik kliznih polica (\u0160xD)<\/span><\/p>\n<\/td>\n<td>\n<p class=\"s13\">Br. 9 \u2013 452 x 535 mm<\/p>\n<p class=\"s13\">Br. 1 \u2013 452 x 380 mm<\/p>\n<\/td>\n<td>\n<p class=\"s13\">Br. 8 \u2013 452 x 535 mm<\/p>\n<p class=\"s13\"><span dir=\"auto\">Br. 1 \u2013 452 x 380 mm<\/span><\/p>\n<\/td>\n<\/tr>\n<tr>\n<td>\n<p class=\"s13\"><span dir=\"auto\">Kota\u010di\u0107i\u00a0<\/span><span dir=\"auto\">-Stopala<\/span><\/p>\n<\/td>\n<td>\n<p class=\"s13\"><span dir=\"auto\">4 stope<\/span><\/p>\n<\/td>\n<td>\n<p class=\"s13\"><span dir=\"auto\">4 stope<\/span><\/p>\n<\/td>\n<\/tr>\n<tr>\n<td>\n<p class=\"s13\"><span dir=\"auto\">Neto-\u00a0<\/span><span dir=\"auto\">Bruto te\u017eina<\/span><\/p>\n<\/td>\n<td>\n<p class=\"s13\">Kg 87 \/ 93<\/p>\n<\/td>\n<td>\n<p class=\"s13\">Kg 89 \/ 95<\/p>\n<\/td>\n<\/tr>\n<tr>\n<td>\n<p class=\"s13\"><span dir=\"auto\">Napon<\/span><span dir=\"auto\">\u200b<\/span><\/p>\n<\/td>\n<td>\n<p class=\"s13\"><span dir=\"auto\">U 220. godini<\/span><\/p>\n<\/td>\n<td>\n<p class=\"s13\"><span dir=\"auto\">U 220. godini<\/span><\/p>\n<\/td>\n<\/tr>\n<tr>\n<td>\n<p class=\"s13\"><span dir=\"auto\">Frekvencija<\/span><span dir=\"auto\">\u200b<\/span><\/p>\n<\/td>\n<td>\n<p class=\"s13\">Hz 50<\/p>\n<\/td>\n<td>\n<p class=\"s13\"><span dir=\"auto\">Hz 50<\/span><\/p>\n<\/td>\n<\/tr>\n<tr>\n<td>\n<p class=\"s13\"><span dir=\"auto\">Rashladno sredstvo \/\u00a0<\/span><span dir=\"auto\">Rashladno sredstvo<\/span><\/p>\n<\/td>\n<td>\n<p class=\"s13\">R600A<\/p>\n<\/td>\n<td>\n<p class=\"s13\"><span dir=\"auto\">R600A<\/span><\/p>\n<\/td>\n<\/tr>\n<tr>\n<td>\n<p class=\"s13\"><span dir=\"auto\">Apsorpcija<\/span><span dir=\"auto\">\u200b<\/span><\/p>\n<\/td>\n<td>\n<p class=\"s13\"><span dir=\"auto\">U 130. godini<\/span><\/p>\n<\/td>\n<td>\n<p class=\"s13\"><span dir=\"auto\">U 130. godini<\/span><\/p>\n<\/td>\n<\/tr>\n<tr>\n<td>\n<p class=\"s13\"><span dir=\"auto\">Energija\u00a0<\/span><span dir=\"auto\">Potro\u0161nja<\/span><\/p>\n<\/td>\n<td>\n<p class=\"s13\"><span dir=\"auto\">kWh\/24 sata 0,395<\/span><\/p>\n<\/td>\n<td>\n<p class=\"s13\"><span dir=\"auto\">kWh\/24 sata 0,385<\/span><\/p>\n<\/td>\n<\/tr>\n<\/tbody>\n<\/table>","protected":false},"excerpt":{"rendered":"<p>Ventilirani hladnjak za vino s dvostrukom temperaturnom zonom ENERGETSKE KLASE<\/p>","protected":false},"featured_media":10583,"comment_status":"open","ping_status":"closed","template":"","meta":[],"product_brand":[],"product_cat":[49],"product_tag":[],"class_list":{"0":"post-10539","1":"product","2":"type-product","3":"status-publish","4":"has-post-thumbnail","6":"product_cat-wine-fridges","8":"first","9":"instock","10":"shipping-taxable","11":"purchasable","12":"product-type-simple"},"_links":{"self":[{"href":"https:\/\/dersuessestopp.com\/hr\/wp-json\/wp\/v2\/product\/10539","targetHints":{"allow":["GET"]}}],"collection":[{"href":"https:\/\/dersuessestopp.com\/hr\/wp-json\/wp\/v2\/product"}],"about":[{"href":"https:\/\/dersuessestopp.com\/hr\/wp-json\/wp\/v2\/types\/product"}],"replies":[{"embeddable":true,"href":"https:\/\/dersuessestopp.com\/hr\/wp-json\/wp\/v2\/comments?post=10539"}],"version-history":[{"count":3,"href":"https:\/\/dersuessestopp.com\/hr\/wp-json\/wp\/v2\/product\/10539\/revisions"}],"predecessor-version":[{"id":11658,"href":"https:\/\/dersuessestopp.com\/hr\/wp-json\/wp\/v2\/product\/10539\/revisions\/11658"}],"wp:featuredmedia":[{"embeddable":true,"href":"https:\/\/dersuessestopp.com\/hr\/wp-json\/wp\/v2\/media\/10583"}],"wp:attachment":[{"href":"https:\/\/dersuessestopp.com\/hr\/wp-json\/wp\/v2\/media?parent=10539"}],"wp:term":[{"taxonomy":"product_brand","embeddable":true,"href":"https:\/\/dersuessestopp.com\/hr\/wp-json\/wp\/v2\/product_brand?post=10539"},{"taxonomy":"product_cat","embeddable":true,"href":"https:\/\/dersuessestopp.com\/hr\/wp-json\/wp\/v2\/product_cat?post=10539"},{"taxonomy":"product_tag","embeddable":true,"href":"https:\/\/dersuessestopp.com\/hr\/wp-json\/wp\/v2\/product_tag?post=10539"}],"curies":[{"name":"wp","href":"https:\/\/api.w.org\/{rel}","templated":true}]}}