{"id":10538,"date":"2025-09-29T15:00:17","date_gmt":"2025-09-29T15:00:17","guid":{"rendered":"https:\/\/dersuessestopp.com\/?post_type=product&#038;p=10538"},"modified":"2025-10-08T20:33:03","modified_gmt":"2025-10-08T20:33:03","slug":"cw-180-g-1-zlica","status":"publish","type":"product","link":"https:\/\/dersuessestopp.com\/hr\/product\/cw-180-g1tb\/","title":{"rendered":"CW 180 G1TB"},"content":{"rendered":"<p data-start=\"227\" data-end=\"508\"><img fetchpriority=\"high\" decoding=\"async\" class=\"alignnone wp-image-11661 size-full\" src=\"https:\/\/dersuessestopp.com\/wp-content\/uploads\/2025\/09\/180cw.jpg\" alt=\"\" width=\"2000\" height=\"600\" srcset=\"https:\/\/dersuessestopp.com\/wp-content\/uploads\/2025\/09\/180cw.jpg 2000w, https:\/\/dersuessestopp.com\/wp-content\/uploads\/2025\/09\/180cw-300x90.jpg 300w, https:\/\/dersuessestopp.com\/wp-content\/uploads\/2025\/09\/180cw-1024x307.jpg 1024w, https:\/\/dersuessestopp.com\/wp-content\/uploads\/2025\/09\/180cw-768x230.jpg 768w, https:\/\/dersuessestopp.com\/wp-content\/uploads\/2025\/09\/180cw-1536x461.jpg 1536w, https:\/\/dersuessestopp.com\/wp-content\/uploads\/2025\/09\/180cw-250x75.jpg 250w, https:\/\/dersuessestopp.com\/wp-content\/uploads\/2025\/09\/180cw-600x180.jpg 600w\" sizes=\"(max-width: 2000px) 100vw, 2000px\" \/><\/p>\n<p data-start=\"227\" data-end=\"508\">Do\u017eivite preciznost i stil uz <strong data-start=\"267\" data-end=\"282\">CW 180 G2TB<\/strong>, vrhunski hladnjak za vino s dvije zone dizajniran za profesionalnu i ku\u0107nu upotrebu. <strong data-start=\"365\" data-end=\"400\">vrata od crnog stakla bez okvira<\/strong>, <strong data-start=\"402\" data-end=\"435\">Klizne metalne police u obliku slova Z<\/strong>, i <strong data-start=\"441\" data-end=\"457\">LED rasvjeta<\/strong> u\u010dinit \u0107e ga istaknutim sredi\u0161njim dijelom svakog interijera.<\/p>\n<p data-start=\"510\" data-end=\"782\">S <strong data-start=\"515\" data-end=\"552\">dvije neovisne temperaturne zone<\/strong>, mo\u017eete \u010duvati i crna i bijela vina u idealnim uvjetima. <strong data-start=\"618\" data-end=\"656\">elektroni\u010dki termostat s dodirnim zaslonom<\/strong> osigurava preciznu kontrolu, dok <strong data-start=\"693\" data-end=\"721\">automatski sustav odmrzavanja<\/strong> i <strong data-start=\"726\" data-end=\"747\">aksijalno hla\u0111enje ventilatorom<\/strong> odr\u017eavati dosljedne performanse.<\/p>\n<p data-start=\"784\" data-end=\"803\"><strong data-start=\"784\" data-end=\"801\">Klju\u010dne zna\u010dajke:<\/strong><\/p>\n<ul data-start=\"804\" data-end=\"1113\">\n<li data-start=\"804\" data-end=\"837\">\n<p data-start=\"806\" data-end=\"837\">Dvozonska kontrola temperature<\/p>\n<\/li>\n<li data-start=\"838\" data-end=\"871\">\n<p data-start=\"840\" data-end=\"871\">Klizne metalne police u obliku slova Z<\/p>\n<\/li>\n<li data-start=\"872\" data-end=\"910\">\n<p data-start=\"874\" data-end=\"910\">Elektroni\u010dki termostat s dodirnim zaslonom<\/p>\n<\/li>\n<li data-start=\"911\" data-end=\"942\">\n<p data-start=\"913\" data-end=\"942\">Ravnomjerno hla\u0111enje aksijalnim ventilatorom<\/p>\n<\/li>\n<li data-start=\"943\" data-end=\"971\">\n<p data-start=\"945\" data-end=\"971\">Automatski sustav odmrzavanja<\/p>\n<\/li>\n<li data-start=\"972\" data-end=\"1012\">\n<p data-start=\"974\" data-end=\"1012\">LED rasvjeta (vertikalna i horizontalna)<\/p>\n<\/li>\n<li data-start=\"1013\" data-end=\"1066\">\n<p data-start=\"1015\" data-end=\"1066\">Staklena vrata bez okvira s dvostrukim otvaranjem i bravom<\/p>\n<\/li>\n<li data-start=\"1067\" data-end=\"1113\">\n<p data-start=\"1069\" data-end=\"1113\">Izdr\u017eljivo tijelo otporno na koroziju s ABS oblogom<\/p>\n<\/li>\n<\/ul>\n<table cellspacing=\"0\">\n<tbody>\n<tr>\n<td bgcolor=\"#FFFFFF\">\n<p class=\"s7\"><span dir=\"auto\">\u00a0Dimenzije mm<\/span><\/p>\n<\/td>\n<td bgcolor=\"#FFFFFF\">\n<p class=\"s7\"><span dir=\"auto\">CW 180 G1TB<\/span><\/p>\n<\/td>\n<td bgcolor=\"#FFFFFF\">\n<p class=\"s7\"><span dir=\"auto\">CW 180 G2TB<\/span><\/p>\n<\/td>\n<\/tr>\n<tr>\n<td>\n<p class=\"s13\"><span dir=\"auto\">\u00a0Vanjske dimenzije ( <\/span><span dir=\"auto\">\u0160xDxV)<\/span><\/p>\n<\/td>\n<td>\n<p class=\"s13\"><span dir=\"auto\">595 x 700 x 1804<\/span><\/p>\n<\/td>\n<td>\n<p class=\"s13\"><span dir=\"auto\">595 x 700 x 1804<\/span><\/p>\n<\/td>\n<\/tr>\n<tr>\n<td>\n<p class=\"s13\"><span dir=\"auto\">\u00a0Dimenzije pakiranja ( <\/span><span dir=\"auto\">\u0160xDxV)<\/span><\/p>\n<\/td>\n<td>\n<p class=\"s13\"><span dir=\"auto\">645 x 770 x 1996<\/span><\/p>\n<\/td>\n<td>\n<p class=\"s13\"><span dir=\"auto\">645 x 770 x 1996<\/span><\/p>\n<\/td>\n<\/tr>\n<tr>\n<td>\n<p class=\"s13\"><span dir=\"auto\">\u00a0<\/span><span dir=\"auto\">\u0160irina<\/span><\/p>\n<\/td>\n<td>\n<p class=\"s13\"><span dir=\"auto\">500<\/span><\/p>\n<\/td>\n<td>\n<p class=\"s13\"><span dir=\"auto\">500<\/span><\/p>\n<\/td>\n<\/tr>\n<tr>\n<td>\n<p class=\"s13\"><span dir=\"auto\">\u00a0Dubina<\/span><\/p>\n<\/td>\n<td>\n<p class=\"s13\"><span dir=\"auto\">540<\/span><\/p>\n<\/td>\n<td>\n<p class=\"s13\"><span dir=\"auto\">540<\/span><\/p>\n<\/td>\n<\/tr>\n<tr>\n<td>\n<p class=\"s13\"><span dir=\"auto\">\u00a0<\/span><span dir=\"auto\">Visina<\/span><\/p>\n<\/td>\n<td>\n<p class=\"s13\"><span dir=\"auto\">1630<\/span><\/p>\n<\/td>\n<td>\n<p class=\"s13\"><span dir=\"auto\">1630<\/span><\/p>\n<\/td>\n<\/tr>\n<tr>\n<td>\n<p class=\"s13\"><span dir=\"auto\">\u00a0<\/span><span dir=\"auto\">Min. dubina<\/span><\/p>\n<\/td>\n<td>\n<p class=\"s13\"><span dir=\"auto\">380<\/span><\/p>\n<\/td>\n<td>\n<p class=\"s13\"><span dir=\"auto\">380<\/span><\/p>\n<\/td>\n<\/tr>\n<tr>\n<td>\n<p class=\"s13\"><span dir=\"auto\">\u00a0<\/span><span dir=\"auto\">Min. visina<\/span><\/p>\n<\/td>\n<td>\n<p class=\"s13\"><span dir=\"auto\">1420<\/span><\/p>\n<\/td>\n<td>\n<p class=\"s13\"><span dir=\"auto\">1420<\/span><\/p>\n<\/td>\n<\/tr>\n<tr>\n<td>\n<p class=\"s13\"><span dir=\"auto\">\u00a0Strana <\/span><span dir=\"auto\">Naljepnica<\/span><\/p>\n<\/td>\n<td>\n<p class=\"s13\"><span dir=\"auto\">648 x 1785<\/span><\/p>\n<\/td>\n<td>\n<p class=\"s13\"><span dir=\"auto\">648 x 1785<\/span><\/p>\n<\/td>\n<\/tr>\n<tr>\n<td>\n<p class=\"s13\"><span dir=\"auto\">\u00a0Naljepnica za staklo<\/span><\/p>\n<\/td>\n<td>\n<p class=\"s13\"><span dir=\"auto\">462 x 1540<\/span><\/p>\n<\/td>\n<td>\n<p class=\"s13\"><span dir=\"auto\">462 x 1540<\/span><\/p>\n<\/td>\n<\/tr>\n<\/tbody>\n<\/table>\n<p>&nbsp;<\/p>\n<table cellspacing=\"0\">\n<tbody>\n<tr>\n<td bgcolor=\"#FFFFFF\">\n<p class=\"s7\"><span dir=\"auto\">Tehni\u010dke zna\u010dajke<\/span><\/p>\n<\/td>\n<td bgcolor=\"#FFFFFF\">\n<p class=\"s7\"><span dir=\"auto\">CW 180 G1TB<\/span><\/p>\n<\/td>\n<td bgcolor=\"#FFFFFF\">\n<p class=\"s7\"><span dir=\"auto\">CW 180 G2TB<\/span><\/p>\n<\/td>\n<\/tr>\n<tr>\n<td>\n<p class=\"s13\"><span dir=\"auto\">\u00a0<\/span><span dir=\"auto\">Raspon temperature<\/span><\/p>\n<\/td>\n<td>\n<p class=\"s13\"><span dir=\"auto\">+2 \u00b0C \/ +20 \u00b0C<\/span><\/p>\n<\/td>\n<td>\n<p class=\"s13\"><span dir=\"auto\">+2 \u00b0C \/ +12 \u00b0C | +12 \u00b0C \/ +20 \u00b0C<\/span><\/p>\n<\/td>\n<\/tr>\n<tr>\n<td>\n<p class=\"s13\"><span dir=\"auto\">\u00a0Klima <\/span><span dir=\"auto\">Razred<\/span><\/p>\n<\/td>\n<td>\n<p class=\"s13\"><span dir=\"auto\">S-ST<\/span><\/p>\n<\/td>\n<td>\n<p class=\"s13\"><span dir=\"auto\">S-ST<\/span><\/p>\n<\/td>\n<\/tr>\n<tr>\n<td>\n<p class=\"s13\"><span dir=\"auto\">\u00a0<\/span><span dir=\"auto\">Neto bruto volumen<\/span><\/p>\n<\/td>\n<td>\n<p class=\"s13\"><span dir=\"auto\">Poru\u010dnik 409\/425<\/span><\/p>\n<\/td>\n<td>\n<p class=\"s13\"><span dir=\"auto\">Poru\u010dnik 400\/423<\/span><\/p>\n<\/td>\n<\/tr>\n<tr>\n<td>\n<p class=\"s13\"><span dir=\"auto\">\u00a0Vanjska povr\u0161ina tijela<\/span><\/p>\n<\/td>\n<td>\n<p class=\"s13\"><span dir=\"auto\">Prethodno obojeni lim <\/span><span dir=\"auto\">s antikorozivnom obradom<\/span><\/p>\n<\/td>\n<td>\n<p class=\"s13\"><span dir=\"auto\">Prethodno obojeni lim <\/span><span dir=\"auto\">s antikorozivnom obradom<\/span><\/p>\n<\/td>\n<\/tr>\n<tr>\n<td>\n<p class=\"s13\"><span dir=\"auto\">\u00a0Vrata<\/span><span dir=\"auto\">\u200b<\/span><\/p>\n<\/td>\n<td>\n<p class=\"s13\"><span dir=\"auto\">Crna\u00a0<\/span><span dir=\"auto\">puna \u010da\u0161a<\/span><\/p>\n<\/td>\n<td>\n<p class=\"s13\"><span dir=\"auto\">Crna\u00a0<\/span><span dir=\"auto\">puna \u010da\u0161a<\/span><\/p>\n<\/td>\n<\/tr>\n<tr>\n<td>\n<p class=\"s13\"><span dir=\"auto\">\u00a0Unutarnja povr\u0161ina\u00a0<\/span><\/p>\n<\/td>\n<td>\n<p class=\"s13\"><span dir=\"auto\">ABS<\/span><\/p>\n<\/td>\n<td>\n<p class=\"s13\"><span dir=\"auto\">ABS<\/span><\/p>\n<\/td>\n<\/tr>\n<tr>\n<td>\n<p class=\"s13\"><span dir=\"auto\">\u00a0<\/span><span dir=\"auto\">Termostat<\/span><\/p>\n<\/td>\n<td>\n<p class=\"s13\"><span dir=\"auto\">\u00a0Elektronika<\/span><span dir=\"auto\">\u00a0Zaslon osjetljiv na dodir<\/span><\/p>\n<\/td>\n<td>\n<p class=\"s13\"><span dir=\"auto\">\u00a0<\/span><span dir=\"auto\">Elektronika<\/span><span dir=\"auto\">\u00a0Zaslon osjetljiv na dodir<\/span><\/p>\n<\/td>\n<\/tr>\n<tr>\n<td>\n<p class=\"s13\"><span dir=\"auto\">\u00a0Buka <\/span><span dir=\"auto\">razina<\/span><\/p>\n<\/td>\n<td>\n<p class=\"s13\"><span dir=\"auto\">dB 38<\/span><\/p>\n<\/td>\n<td>\n<p class=\"s13\"><span dir=\"auto\">dB 44<\/span><\/p>\n<\/td>\n<\/tr>\n<tr>\n<td>\n<p class=\"s13\"><span dir=\"auto\">\u00a0Izolacija <\/span><span dir=\"auto\">debljina<\/span><\/p>\n<\/td>\n<td>\n<p class=\"s13\"><span dir=\"auto\">55 mm<\/span><\/p>\n<\/td>\n<td>\n<p class=\"s13\"><span dir=\"auto\">55 mm<\/span><\/p>\n<\/td>\n<\/tr>\n<tr>\n<td>\n<p class=\"s13\"><span dir=\"auto\">\u00a0Odmrzavanje <\/span><span dir=\"auto\">Odmrzavanje<\/span><\/p>\n<\/td>\n<td>\n<p class=\"s13\"><span dir=\"auto\">Automatski kompresor\u00a0<\/span><span dir=\"auto\">ciklus<\/span><\/p>\n<\/td>\n<td>\n<p class=\"s13\"><span dir=\"auto\">Automatski kompresor\u00a0<\/span><span dir=\"auto\">ciklus<\/span><\/p>\n<\/td>\n<\/tr>\n<tr>\n<td>\n<p class=\"s13\"><span dir=\"auto\">\u00a0Rasvjeta<\/span><span dir=\"auto\">\u200b<\/span><\/p>\n<\/td>\n<td>\n<p class=\"s13\"><span dir=\"auto\">LED diode: 2 vertikalne + 1 horizontalne<\/span><\/p>\n<\/td>\n<td>\n<p class=\"s13\"><span dir=\"auto\">LED diode: 2 vertikalne + 2 horizontalne<\/span><\/p>\n<\/td>\n<\/tr>\n<tr>\n<td>\n<p class=\"s13\"><span dir=\"auto\">\u00a0Reverzibilno <\/span><span dir=\"auto\">vrata<\/span><\/p>\n<\/td>\n<td>\n<p class=\"s13\"><span dir=\"auto\">Da<\/span><span dir=\"auto\">\u200b<\/span><\/p>\n<\/td>\n<td>\n<p class=\"s13\"><span dir=\"auto\">Da<\/span><span dir=\"auto\">\u200b<\/span><\/p>\n<\/td>\n<\/tr>\n<tr>\n<td>\n<p class=\"s13\"><span dir=\"auto\">\u00a0Zaklju\u010daj <\/span><span dir=\"auto\">i klju\u010d<\/span><\/p>\n<\/td>\n<td>\n<p class=\"s13\"><span dir=\"auto\">Da<\/span><span dir=\"auto\">\u200b<\/span><\/p>\n<\/td>\n<td>\n<p class=\"s13\"><span dir=\"auto\">Da<\/span><span dir=\"auto\">\u200b<\/span><\/p>\n<\/td>\n<\/tr>\n<tr>\n<td>\n<p class=\"s13\"><span dir=\"auto\">\u00a0\u017d <\/span><span dir=\"auto\">-oblik kliznih polica (\u0160xD)<\/span><\/p>\n<\/td>\n<td>\n<p class=\"s13\"><span dir=\"auto\">Br. 10 \u2013 mm 452 x 535<\/span><\/p>\n<p class=\"s13\"><span dir=\"auto\">Br. 1 \u2013 452 x 380 mm<\/span><\/p>\n<\/td>\n<td>\n<p class=\"s13\"><span dir=\"auto\">Br. 9 \u2013 452 x 535 mm<\/span><\/p>\n<p class=\"s13\"><span dir=\"auto\">Br. 1 \u2013 452 x 380 mm<\/span><\/p>\n<\/td>\n<\/tr>\n<tr>\n<td>\n<p class=\"s13\"><span dir=\"auto\">\u00a0Kota\u010di\u0107i <\/span><span dir=\"auto\">-Stopala<\/span><\/p>\n<\/td>\n<td>\n<p class=\"s13\"><span dir=\"auto\">4 stope<\/span><\/p>\n<\/td>\n<td>\n<p class=\"s13\"><span dir=\"auto\">4 stope<\/span><\/p>\n<\/td>\n<\/tr>\n<tr>\n<td>\n<p class=\"s13\"><span dir=\"auto\">\u00a0Neto- <\/span><span dir=\"auto\">Bruto te\u017eina<\/span><\/p>\n<\/td>\n<td>\n<p class=\"s13\"><span dir=\"auto\">Kg 109 \/ 117<\/span><\/p>\n<\/td>\n<td>\n<p class=\"s13\"><span dir=\"auto\">Kg 111 \/ 119<\/span><\/p>\n<\/td>\n<\/tr>\n<tr>\n<td>\n<p class=\"s13\"><span dir=\"auto\">\u00a0Napon<\/span><span dir=\"auto\">\u200b<\/span><\/p>\n<\/td>\n<td>\n<p class=\"s13\"><span dir=\"auto\">V 220<\/span><\/p>\n<\/td>\n<td>\n<p class=\"s13\"><span dir=\"auto\">V 220<\/span><\/p>\n<\/td>\n<\/tr>\n<tr>\n<td>\n<p class=\"s13\"><span dir=\"auto\">\u00a0Frekvencija<\/span><span dir=\"auto\">\u200b<\/span><\/p>\n<\/td>\n<td>\n<p class=\"s13\"><span dir=\"auto\">Hz 50<\/span><\/p>\n<\/td>\n<td>\n<p class=\"s13\"><span dir=\"auto\">Hz 50<\/span><\/p>\n<\/td>\n<\/tr>\n<tr>\n<td>\n<p class=\"s13\"><span dir=\"auto\">\u00a0Rashladno sredstvo<\/span><span dir=\"auto\">\u200b<\/span><\/p>\n<\/td>\n<td>\n<p class=\"s13\"><span dir=\"auto\">R600A<\/span><\/p>\n<\/td>\n<td>\n<p class=\"s13\"><span dir=\"auto\">R600A<\/span><\/p>\n<\/td>\n<\/tr>\n<tr>\n<td>\n<p class=\"s13\"><span dir=\"auto\">\u00a0Apsorpcija<\/span><span dir=\"auto\">\u200b<\/span><\/p>\n<\/td>\n<td>\n<p class=\"s13\"><span dir=\"auto\">Z 130<\/span><\/p>\n<\/td>\n<td>\n<p class=\"s13\"><span dir=\"auto\">Z 130<\/span><\/p>\n<\/td>\n<\/tr>\n<tr>\n<td>\n<p class=\"s13\"><span dir=\"auto\" style=\"font-family: inherit; font-size: inherit;\">\u00a0<\/span><span dir=\"auto\" style=\"font-family: inherit; font-size: inherit;\">Potro\u0161nja energije<\/span><\/p>\n<\/td>\n<td>\n<p class=\"s13\"><span dir=\"auto\">kWh\/24 sata 0,425<\/span><\/p>\n<\/td>\n<td>\n<p class=\"s13\"><span dir=\"auto\">kWh\/24 sata 0,5<\/span><\/p>\n<\/td>\n<\/tr>\n<\/tbody>\n<\/table>","protected":false},"excerpt":{"rendered":"<p>Ventilirani hladnjak za vino ENERGETSKI KLASA<\/p>","protected":false},"featured_media":10581,"comment_status":"open","ping_status":"closed","template":"","meta":[],"product_brand":[],"product_cat":[49],"product_tag":[],"class_list":{"0":"post-10538","1":"product","2":"type-product","3":"status-publish","4":"has-post-thumbnail","6":"product_cat-wine-fridges","8":"first","9":"instock","10":"shipping-taxable","11":"purchasable","12":"product-type-simple"},"_links":{"self":[{"href":"https:\/\/dersuessestopp.com\/hr\/wp-json\/wp\/v2\/product\/10538","targetHints":{"allow":["GET"]}}],"collection":[{"href":"https:\/\/dersuessestopp.com\/hr\/wp-json\/wp\/v2\/product"}],"about":[{"href":"https:\/\/dersuessestopp.com\/hr\/wp-json\/wp\/v2\/types\/product"}],"replies":[{"embeddable":true,"href":"https:\/\/dersuessestopp.com\/hr\/wp-json\/wp\/v2\/comments?post=10538"}],"version-history":[{"count":4,"href":"https:\/\/dersuessestopp.com\/hr\/wp-json\/wp\/v2\/product\/10538\/revisions"}],"predecessor-version":[{"id":11664,"href":"https:\/\/dersuessestopp.com\/hr\/wp-json\/wp\/v2\/product\/10538\/revisions\/11664"}],"wp:featuredmedia":[{"embeddable":true,"href":"https:\/\/dersuessestopp.com\/hr\/wp-json\/wp\/v2\/media\/10581"}],"wp:attachment":[{"href":"https:\/\/dersuessestopp.com\/hr\/wp-json\/wp\/v2\/media?parent=10538"}],"wp:term":[{"taxonomy":"product_brand","embeddable":true,"href":"https:\/\/dersuessestopp.com\/hr\/wp-json\/wp\/v2\/product_brand?post=10538"},{"taxonomy":"product_cat","embeddable":true,"href":"https:\/\/dersuessestopp.com\/hr\/wp-json\/wp\/v2\/product_cat?post=10538"},{"taxonomy":"product_tag","embeddable":true,"href":"https:\/\/dersuessestopp.com\/hr\/wp-json\/wp\/v2\/product_tag?post=10538"}],"curies":[{"name":"wp","href":"https:\/\/api.w.org\/{rel}","templated":true}]}}