{"id":10478,"date":"2025-09-29T14:59:56","date_gmt":"2025-09-29T14:59:56","guid":{"rendered":"https:\/\/dersuessestopp.com\/?post_type=product&#038;p=10478"},"modified":"2025-10-08T21:04:39","modified_gmt":"2025-10-08T21:04:39","slug":"deluxe-92-psv","status":"publish","type":"product","link":"https:\/\/dersuessestopp.com\/hr\/product\/deluxe-92-psv\/","title":{"rendered":"DELUXE 92 PSV"},"content":{"rendered":"<p data-start=\"240\" data-end=\"572\"><img fetchpriority=\"high\" decoding=\"async\" class=\"alignnone wp-image-11722 size-full\" src=\"https:\/\/dersuessestopp.com\/wp-content\/uploads\/2025\/09\/DELUXE-92-PSV.jpg\" alt=\"\" width=\"2000\" height=\"600\" srcset=\"https:\/\/dersuessestopp.com\/wp-content\/uploads\/2025\/09\/DELUXE-92-PSV.jpg 2000w, https:\/\/dersuessestopp.com\/wp-content\/uploads\/2025\/09\/DELUXE-92-PSV-300x90.jpg 300w, https:\/\/dersuessestopp.com\/wp-content\/uploads\/2025\/09\/DELUXE-92-PSV-1024x307.jpg 1024w, https:\/\/dersuessestopp.com\/wp-content\/uploads\/2025\/09\/DELUXE-92-PSV-768x230.jpg 768w, https:\/\/dersuessestopp.com\/wp-content\/uploads\/2025\/09\/DELUXE-92-PSV-1536x461.jpg 1536w, https:\/\/dersuessestopp.com\/wp-content\/uploads\/2025\/09\/DELUXE-92-PSV-250x75.jpg 250w, https:\/\/dersuessestopp.com\/wp-content\/uploads\/2025\/09\/DELUXE-92-PSV-600x180.jpg 600w\" sizes=\"(max-width: 2000px) 100vw, 2000px\" \/><\/p>\n<p data-start=\"240\" data-end=\"572\">The <strong data-start=\"244\" data-end=\"261\">DELUXE 92 PSV<\/strong> je profinjeni, profesionalni pult za izlaganje slastica dizajniran da kombinira stil, performanse i prakti\u010dnost. Sa svojim <strong data-start=\"385\" data-end=\"415\">\u010detverostrana staklena konstrukcija<\/strong>, <strong data-start=\"417\" data-end=\"455\">tijelo od nehr\u0111aju\u0107eg \u010delika sa zrcalnim sjajem<\/strong>, i <strong data-start=\"461\" data-end=\"485\">crni sjajni akcenti<\/strong>, pru\u017ea vrhunsku izlo\u017ebu za va\u0161e slastice, peciva i rashla\u0111ene delicije.<\/p>\n<p data-start=\"574\" data-end=\"905\">Opremljen s <strong data-start=\"590\" data-end=\"619\">ventilirani sustav hla\u0111enja<\/strong> i jedan <strong data-start=\"626\" data-end=\"666\">temperaturni raspon od +2\u00b0C do +10\u00b0C<\/strong>, DELUXE 92 PSV osigurava savr\u0161eno i dosljedno o\u010duvanje va\u0161ih proizvoda. <strong data-start=\"752\" data-end=\"777\">elektroni\u010dki termostat<\/strong> omogu\u0107uje preciznu kontrolu temperature, dok <strong data-start=\"824\" data-end=\"845\">automatsko odmrzavanje<\/strong> Sustav jam\u010di jednostavno odr\u017eavanje i pouzdanost.<\/p>\n<p data-start=\"907\" data-end=\"926\"><strong data-start=\"907\" data-end=\"924\">Klju\u010dne zna\u010dajke:<\/strong><\/p>\n<ul data-start=\"927\" data-end=\"1407\">\n<li data-start=\"927\" data-end=\"993\">\n<p data-start=\"929\" data-end=\"993\">Ventilirani pult za izlaganje slastica s dizajnom od \u010detverostrukog stakla<\/p>\n<\/li>\n<li data-start=\"994\" data-end=\"1030\">\n<p data-start=\"996\" data-end=\"1030\">Raspon temperature: +2\u00b0C do +10\u00b0C<\/p>\n<\/li>\n<li data-start=\"1031\" data-end=\"1112\">\n<p data-start=\"1033\" data-end=\"1112\">Ku\u0107i\u0161te od nehr\u0111aju\u0107eg \u010delika s efektom zrcalne zavr\u0161ne obrade (AISI 304) i vanj\u0161tina od crnog sjajnog stakla<\/p>\n<\/li>\n<li data-start=\"1113\" data-end=\"1175\">\n<p data-start=\"1115\" data-end=\"1175\">Dvije police od kaljenog stakla s prednjim rubom od nehr\u0111aju\u0107eg \u010delika<\/p>\n<\/li>\n<li data-start=\"1176\" data-end=\"1233\">\n<p data-start=\"1178\" data-end=\"1233\">Elektroni\u010dki termostat za preciznu kontrolu temperature<\/p>\n<\/li>\n<li data-start=\"1234\" data-end=\"1262\">\n<p data-start=\"1236\" data-end=\"1262\">Automatski sustav odmrzavanja<\/p>\n<\/li>\n<li data-start=\"1263\" data-end=\"1310\">\n<p data-start=\"1265\" data-end=\"1310\">LED rasvjeta za optimalnu vidljivost proizvoda<\/p>\n<\/li>\n<li data-start=\"1311\" data-end=\"1355\">\n<p data-start=\"1313\" data-end=\"1355\">Opcionalni Smart Link Wi-Fi daljinski upravlja\u010d<\/p>\n<\/li>\n<li data-start=\"1356\" data-end=\"1407\">\n<p data-start=\"1358\" data-end=\"1407\">Montirano na \u010detiri kota\u010di\u0107a za lak\u0161e pomicanje<\/p>\n<\/li>\n<\/ul>\n<p data-start=\"1409\" data-end=\"1581\">Elegantan, u\u010dinkovit i napravljen za profesionalne performanse \u2014 <strong data-start=\"1474\" data-end=\"1491\">DELUXE 92 PSV<\/strong> podi\u017ee izgled slastica uz o\u010duvanje savr\u0161ene svje\u017eine svake kreacije.<\/p>\n<table style=\"height: 370px;\" width=\"662\" cellspacing=\"0\">\n<tbody>\n<tr>\n<td bgcolor=\"#FFFFFF\">\n<p class=\"s11\"><span dir=\"auto\">\u00a0Dimenzije mm<\/span><\/p>\n<\/td>\n<td bgcolor=\"#FFFFFF\">\n<p class=\"s11\"><span dir=\"auto\">DELUXE 92 PSV<\/span><\/p>\n<\/td>\n<td bgcolor=\"#FFFFFF\">\n<p class=\"s11\"><span dir=\"auto\">DELUXE 122 PSV<\/span><\/p>\n<\/td>\n<td bgcolor=\"#FFFFFF\">\n<p class=\"s11\"><span dir=\"auto\">DELUXE 152 PSV<\/span><\/p>\n<\/td>\n<\/tr>\n<tr>\n<td>\n<p class=\"s12\"><span dir=\"auto\">Vanjske dimenzije (\u00a0<\/span><span dir=\"auto\">\u0160xDxV)<\/span><\/p>\n<\/td>\n<td>\n<p class=\"s12\"><span dir=\"auto\">900 x 740 x 1200<\/span><\/p>\n<\/td>\n<td>\n<p class=\"s12\"><span dir=\"auto\">1200 x 740 x 1200<\/span><\/p>\n<\/td>\n<td>\n<p class=\"s12\"><span dir=\"auto\">1500 x 740 x 1200<\/span><\/p>\n<\/td>\n<\/tr>\n<tr>\n<td>\n<p class=\"s12\"><span dir=\"auto\">Dimenzije pakiranja (\u00a0<\/span><span dir=\"auto\">\u0160xDxV)<\/span><\/p>\n<\/td>\n<td>\n<p class=\"s12\"><span dir=\"auto\">980 x 830 x 1350<\/span><\/p>\n<\/td>\n<td>\n<p class=\"s12\"><span dir=\"auto\">1280 x 830 x 1350<\/span><\/p>\n<\/td>\n<td>\n<p class=\"s12\"><span dir=\"auto\">1580 x 830 x 1350<\/span><\/p>\n<\/td>\n<\/tr>\n<tr>\n<td>\n<p class=\"s12\"><span dir=\"auto\">\u0160irina<\/span><\/p>\n<\/td>\n<td>\n<p class=\"s12\"><span dir=\"auto\">840<\/span><\/p>\n<\/td>\n<td>\n<p class=\"s12\"><span dir=\"auto\">1140<\/span><\/p>\n<\/td>\n<td>\n<p class=\"s12\"><span dir=\"auto\">1440<\/span><\/p>\n<\/td>\n<\/tr>\n<tr>\n<td>\n<p class=\"s12\"><span dir=\"auto\">\u00a0<\/span><span dir=\"auto\">Dubina<\/span><\/p>\n<\/td>\n<td>\n<p class=\"s12\"><span dir=\"auto\">630<\/span><\/p>\n<\/td>\n<td>\n<p class=\"s12\"><span dir=\"auto\">630<\/span><\/p>\n<\/td>\n<td>\n<p class=\"s12\"><span dir=\"auto\">630<\/span><\/p>\n<\/td>\n<\/tr>\n<tr>\n<td>\n<p class=\"s12\"><span dir=\"auto\">Visina<\/span><\/p>\n<\/td>\n<td>\n<p class=\"s12\"><span dir=\"auto\">690<\/span><\/p>\n<\/td>\n<td>\n<p class=\"s12\"><span dir=\"auto\">690<\/span><\/p>\n<\/td>\n<td>\n<p class=\"s12\"><span dir=\"auto\">690<\/span><\/p>\n<\/td>\n<\/tr>\n<\/tbody>\n<\/table>\n<p>&nbsp;<\/p>\n<table style=\"height: 1252px;\" width=\"1109\" cellspacing=\"0\">\n<tbody>\n<tr>\n<td bgcolor=\"#FFFFFF\">\n<p class=\"s11\"><span dir=\"auto\">Tehni\u010dke zna\u010dajke<\/span><\/p>\n<\/td>\n<td bgcolor=\"#FFFFFF\">\n<p class=\"s11\"><span dir=\"auto\">DELUXE 92 PSV<\/span><\/p>\n<\/td>\n<td bgcolor=\"#FFFFFF\">\n<p class=\"s11\"><span dir=\"auto\">DELUXE 122 PSV<\/span><\/p>\n<\/td>\n<td bgcolor=\"#FFFFFF\">\n<p class=\"s11\"><span dir=\"auto\">DELUXE 152 PSV<\/span><\/p>\n<\/td>\n<\/tr>\n<tr>\n<td>\n<p class=\"s12\"><span dir=\"auto\">\u00a0<\/span><span dir=\"auto\">Raspon temperature<\/span><\/p>\n<\/td>\n<td>\n<p class=\"s12\"><span dir=\"auto\">+2 \u00b0C \/ +10 \u00b0C<\/span><\/p>\n<\/td>\n<td>\n<p class=\"s12\"><span dir=\"auto\">+2 \u00b0C \/ +10 \u00b0C<\/span><\/p>\n<\/td>\n<td>\n<p class=\"s12\"><span dir=\"auto\">+2 \u00b0C \/ +10 \u00b0C<\/span><\/p>\n<\/td>\n<\/tr>\n<tr>\n<td>\n<p class=\"s12\"><span dir=\"auto\">Klima\u00a0<\/span><span dir=\"auto\">Razred<\/span><\/p>\n<\/td>\n<td>\n<p class=\"s12\"><span dir=\"auto\">4<\/span><\/p>\n<\/td>\n<td>\n<p class=\"s12\"><span dir=\"auto\">4<\/span><\/p>\n<\/td>\n<td>\n<p class=\"s12\"><span dir=\"auto\">4<\/span><\/p>\n<\/td>\n<\/tr>\n<tr>\n<td>\n<p class=\"s12\"><span dir=\"auto\">\u00a0<\/span><span dir=\"auto\">Neto bruto volumen<\/span><\/p>\n<\/td>\n<td>\n<p class=\"s12\"><span dir=\"auto\">Poru\u010dnik 370\/415<\/span><\/p>\n<\/td>\n<td>\n<p class=\"s12\"><span dir=\"auto\">Poru\u010dnik 495\/555<\/span><\/p>\n<\/td>\n<td>\n<p class=\"s12\"><span dir=\"auto\">Lt.620 \/ 700<\/span><\/p>\n<\/td>\n<\/tr>\n<tr>\n<td>\n<p class=\"s12\"><span dir=\"auto\">Vanjska povr\u0161ina tijela<\/span><\/p>\n<\/td>\n<td>\n<p class=\"s12\"><span dir=\"auto\">Nehr\u0111aju\u0107i \u010delik AISI 304<\/span><\/p>\n<\/td>\n<td>\n<p class=\"s12\"><span dir=\"auto\">Nehr\u0111aju\u0107i \u010delik AISI 304<\/span><\/p>\n<\/td>\n<td>\n<p class=\"s12\"><span dir=\"auto\">Nehr\u0111aju\u0107i \u010delik AISI 304<\/span><\/p>\n<\/td>\n<\/tr>\n<tr>\n<td>\n<p class=\"s12\"><span dir=\"auto\">Unutarnja povr\u0161ina\u00a0<\/span><span dir=\"auto\">Unutarnja obloga<\/span><\/p>\n<\/td>\n<td>\n<p class=\"s12\"><span dir=\"auto\">Nehr\u0111aju\u0107i \u010delik AISI 304<\/span><\/p>\n<\/td>\n<td>\n<p class=\"s12\"><span dir=\"auto\">Nehr\u0111aju\u0107i \u010delik AISI 304<\/span><\/p>\n<\/td>\n<td>\n<p class=\"s12\"><span dir=\"auto\">Nehr\u0111aju\u0107i \u010delik AISI 304<\/span><\/p>\n<\/td>\n<\/tr>\n<tr>\n<td>\n<p class=\"s12\"><span dir=\"auto\">Termostat<\/span><span dir=\"auto\">\u200b<\/span><\/p>\n<\/td>\n<td>\n<p class=\"s12\"><span dir=\"auto\">Elektronika<\/span><span dir=\"auto\">\u200b<\/span><\/p>\n<\/td>\n<td>\n<p class=\"s12\"><span dir=\"auto\">Elektronika<\/span><span dir=\"auto\">\u200b<\/span><\/p>\n<\/td>\n<td>\n<p class=\"s12\"><span dir=\"auto\">Elektronika<\/span><span dir=\"auto\">\u200b<\/span><\/p>\n<\/td>\n<\/tr>\n<tr>\n<td>\n<p class=\"s12\"><span dir=\"auto\">Pametna veza WiFi | Daljinski upravlja\u010d\u00a0<\/span><span dir=\"auto\">Kontrolirati<\/span><\/p>\n<\/td>\n<td>\n<p class=\"s12\"><span dir=\"auto\">Izborno<\/span><\/p>\n<\/td>\n<td>\n<p class=\"s12\"><span dir=\"auto\">Izborno<\/span><\/p>\n<\/td>\n<td>\n<p class=\"s12\"><span dir=\"auto\">Izborno<\/span><\/p>\n<\/td>\n<\/tr>\n<tr>\n<td>\n<p class=\"s12\"><span dir=\"auto\">Buka\u00a0<\/span><span dir=\"auto\">razina<\/span><\/p>\n<\/td>\n<td>\n<p class=\"s12\"><span dir=\"auto\">dB 58<\/span><\/p>\n<\/td>\n<td>\n<p class=\"s12\"><span dir=\"auto\">dB 61<\/span><\/p>\n<\/td>\n<td>\n<p class=\"s12\"><span dir=\"auto\">dB 67<\/span><\/p>\n<\/td>\n<\/tr>\n<tr>\n<td>\n<p class=\"s12\"><span dir=\"auto\">Izolacija\u00a0<\/span><span dir=\"auto\">debljina<\/span><\/p>\n<\/td>\n<td>\n<p class=\"s12\"><span dir=\"auto\">45 mm<\/span><\/p>\n<\/td>\n<td>\n<p class=\"s12\"><span dir=\"auto\">45 mm<\/span><\/p>\n<\/td>\n<td>\n<p class=\"s12\"><span dir=\"auto\">45 mm<\/span><\/p>\n<\/td>\n<\/tr>\n<tr>\n<td>\n<p class=\"s12\"><span dir=\"auto\">Odmrzavanje\u00a0<\/span><span dir=\"auto\">Odmrzavanje<\/span><\/p>\n<\/td>\n<td>\n<p class=\"s12\"><span dir=\"auto\">Automatski kompresor\u00a0<\/span><span dir=\"auto\">ciklus<\/span><\/p>\n<\/td>\n<td>\n<p class=\"s12\"><span dir=\"auto\">Automatski kompresor\u00a0<\/span><span dir=\"auto\">ciklus<\/span><\/p>\n<\/td>\n<td>\n<p class=\"s12\"><span dir=\"auto\">Automatski kompresor\u00a0<\/span><span dir=\"auto\">ciklus<\/span><\/p>\n<\/td>\n<\/tr>\n<tr>\n<td>\n<p class=\"s12\"><span dir=\"auto\">Rasvjeta<\/span><span dir=\"auto\">\u200b<\/span><\/p>\n<\/td>\n<td>\n<p class=\"s12\"><span dir=\"auto\">3 horizontalne LED diode\u00a0<\/span><\/p>\n<\/td>\n<td>\n<p class=\"s12\"><span dir=\"auto\">3 horizontalne LED diode\u00a0<\/span><\/p>\n<\/td>\n<td>\n<p class=\"s12\"><span dir=\"auto\">3 horizontalne LED diode\u00a0<\/span><\/p>\n<\/td>\n<\/tr>\n<tr>\n<td>\n<p class=\"s12\"><span dir=\"auto\">Police od kaljenog stakla (\u0160xD)<\/span><\/p>\n<\/td>\n<td>\n<p class=\"s12\"><span dir=\"auto\">Br. 1 mm 738 x 278<\/span><\/p>\n<p class=\"s12\"><span dir=\"auto\">Br. 1 mm 738 x 318<\/span><\/p>\n<\/td>\n<td>\n<p class=\"s12\"><span dir=\"auto\">Br. 1 mm 1038\u00d7278 Br. 1 mm 1038\u00d7318<\/span><\/p>\n<\/td>\n<td>\n<p class=\"s12\"><span dir=\"auto\">Br. 1 mm 1338\u00d7278 Br. 1 mm 1338\u00d7318<\/span><\/p>\n<\/td>\n<\/tr>\n<tr>\n<td>\n<p class=\"s12\"><span dir=\"auto\">Kota\u010di\u0107i\u00a0<\/span><span dir=\"auto\">-Stopala<\/span><\/p>\n<\/td>\n<td>\n<p class=\"s12\"><span dir=\"auto\">4 kota\u010da \/\u00a0<\/span><span dir=\"auto\">4 kota\u010di\u0107a<\/span><\/p>\n<\/td>\n<td>\n<p class=\"s12\"><span dir=\"auto\">4 kota\u010da \/\u00a0<\/span><span dir=\"auto\">4 kota\u010di\u0107a<\/span><\/p>\n<\/td>\n<td>\n<p class=\"s12\"><span dir=\"auto\">4 kota\u010da \/\u00a0<\/span><span dir=\"auto\">4 kota\u010di\u0107a<\/span><\/p>\n<\/td>\n<\/tr>\n<tr>\n<td>\n<p class=\"s12\"><span dir=\"auto\">Neto-\u00a0<\/span><span dir=\"auto\">Bruto te\u017eina<\/span><\/p>\n<\/td>\n<td>\n<p class=\"s12\"><span dir=\"auto\">155 \/ 195 kg<\/span><\/p>\n<\/td>\n<td>\n<p class=\"s12\"><span dir=\"auto\">185 \/ 230 kg<\/span><\/p>\n<\/td>\n<td>\n<p class=\"s12\"><span dir=\"auto\">Kg 220 \/ 270<\/span><\/p>\n<\/td>\n<\/tr>\n<tr>\n<td>\n<p class=\"s12\"><span dir=\"auto\">Napon<\/span><span dir=\"auto\">\u200b<\/span><\/p>\n<\/td>\n<td>\n<p class=\"s12\"><span dir=\"auto\">V 220-240<\/span><\/p>\n<\/td>\n<td>\n<p class=\"s12\"><span dir=\"auto\">V 220-240<\/span><\/p>\n<\/td>\n<td>\n<p class=\"s12\"><span dir=\"auto\">V 220-240<\/span><\/p>\n<\/td>\n<\/tr>\n<tr>\n<td>\n<p class=\"s12\"><span dir=\"auto\">Frekvencija<\/span><span dir=\"auto\">\u200b<\/span><\/p>\n<\/td>\n<td>\n<p class=\"s12\"><span dir=\"auto\">Hz 50<\/span><\/p>\n<\/td>\n<td>\n<p class=\"s12\"><span dir=\"auto\">Hz 50<\/span><\/p>\n<\/td>\n<td>\n<p class=\"s12\"><span dir=\"auto\">Hz 50<\/span><\/p>\n<\/td>\n<\/tr>\n<tr>\n<td>\n<p class=\"s12\"><span dir=\"auto\">Rashladno sredstvo<\/span><span dir=\"auto\">\u200b<\/span><\/p>\n<\/td>\n<td>\n<p class=\"s12\"><span dir=\"auto\">290 kuna<\/span><\/p>\n<\/td>\n<td>\n<p class=\"s12\"><span dir=\"auto\">290 kuna<\/span><\/p>\n<\/td>\n<td>\n<p class=\"s12\"><span dir=\"auto\">290 kuna<\/span><\/p>\n<\/td>\n<\/tr>\n<tr>\n<td>\n<p class=\"s12\"><span dir=\"auto\">Apsorpcija<\/span><span dir=\"auto\">\u200b<\/span><\/p>\n<\/td>\n<td>\n<p class=\"s12\"><span dir=\"auto\">Z 400<\/span><\/p>\n<\/td>\n<td>\n<p class=\"s12\"><span dir=\"auto\">Z 445<\/span><\/p>\n<\/td>\n<td>\n<p class=\"s12\"><span dir=\"auto\">Z 515<\/span><\/p>\n<\/td>\n<\/tr>\n<tr>\n<td>\n<p class=\"s12\"><span dir=\"auto\">\u00a0<\/span><span dir=\"auto\">Potro\u0161nja energije<\/span><\/p>\n<\/td>\n<td>\n<p class=\"s12\"><span dir=\"auto\">kWh\/24 sata 6,13<\/span><\/p>\n<\/td>\n<td>\n<p class=\"s12\"><span dir=\"auto\">kWh\/24 sata 7,56<\/span><\/p>\n<\/td>\n<td>\n<p class=\"s12\"><span dir=\"auto\">kWh\/24 sata 8,92<\/span><\/p>\n<\/td>\n<\/tr>\n<\/tbody>\n<\/table>","protected":false},"excerpt":{"rendered":"<p>+2 \u00b0C \/ +10 \u00b0C Ventilirani pult za peciva, \u010detiri staklene stranice, klizna vrata ENERGETSKI KLASA<\/p>","protected":false},"featured_media":10525,"comment_status":"open","ping_status":"closed","template":"","meta":[],"product_brand":[],"product_cat":[119,53],"product_tag":[],"class_list":{"0":"post-10478","1":"product","2":"type-product","3":"status-publish","4":"has-post-thumbnail","6":"product_cat-hot-and-cold-display-cases","7":"product_cat-pastry-bakery-cooling","9":"first","10":"instock","11":"shipping-taxable","12":"purchasable","13":"product-type-simple"},"_links":{"self":[{"href":"https:\/\/dersuessestopp.com\/hr\/wp-json\/wp\/v2\/product\/10478","targetHints":{"allow":["GET"]}}],"collection":[{"href":"https:\/\/dersuessestopp.com\/hr\/wp-json\/wp\/v2\/product"}],"about":[{"href":"https:\/\/dersuessestopp.com\/hr\/wp-json\/wp\/v2\/types\/product"}],"replies":[{"embeddable":true,"href":"https:\/\/dersuessestopp.com\/hr\/wp-json\/wp\/v2\/comments?post=10478"}],"version-history":[{"count":3,"href":"https:\/\/dersuessestopp.com\/hr\/wp-json\/wp\/v2\/product\/10478\/revisions"}],"predecessor-version":[{"id":11726,"href":"https:\/\/dersuessestopp.com\/hr\/wp-json\/wp\/v2\/product\/10478\/revisions\/11726"}],"wp:featuredmedia":[{"embeddable":true,"href":"https:\/\/dersuessestopp.com\/hr\/wp-json\/wp\/v2\/media\/10525"}],"wp:attachment":[{"href":"https:\/\/dersuessestopp.com\/hr\/wp-json\/wp\/v2\/media?parent=10478"}],"wp:term":[{"taxonomy":"product_brand","embeddable":true,"href":"https:\/\/dersuessestopp.com\/hr\/wp-json\/wp\/v2\/product_brand?post=10478"},{"taxonomy":"product_cat","embeddable":true,"href":"https:\/\/dersuessestopp.com\/hr\/wp-json\/wp\/v2\/product_cat?post=10478"},{"taxonomy":"product_tag","embeddable":true,"href":"https:\/\/dersuessestopp.com\/hr\/wp-json\/wp\/v2\/product_tag?post=10478"}],"curies":[{"name":"wp","href":"https:\/\/api.w.org\/{rel}","templated":true}]}}