{"id":10474,"date":"2025-09-29T14:59:56","date_gmt":"2025-09-29T14:59:56","guid":{"rendered":"https:\/\/dersuessestopp.com\/?post_type=product&#038;p=10474"},"modified":"2025-10-08T21:10:17","modified_gmt":"2025-10-08T21:10:17","slug":"deluxe-123-psv","status":"publish","type":"product","link":"https:\/\/dersuessestopp.com\/hr\/product\/deluxe-123-psv\/","title":{"rendered":"DELUXE 123 PSV"},"content":{"rendered":"<p data-start=\"174\" data-end=\"509\"><img fetchpriority=\"high\" decoding=\"async\" class=\"alignnone wp-image-11736 size-full\" src=\"https:\/\/dersuessestopp.com\/wp-content\/uploads\/2025\/09\/DELUXE-93_123_153_PSV-Dettagli.jpg\" alt=\"\" width=\"2000\" height=\"600\" srcset=\"https:\/\/dersuessestopp.com\/wp-content\/uploads\/2025\/09\/DELUXE-93_123_153_PSV-Dettagli.jpg 2000w, https:\/\/dersuessestopp.com\/wp-content\/uploads\/2025\/09\/DELUXE-93_123_153_PSV-Dettagli-300x90.jpg 300w, https:\/\/dersuessestopp.com\/wp-content\/uploads\/2025\/09\/DELUXE-93_123_153_PSV-Dettagli-1024x307.jpg 1024w, https:\/\/dersuessestopp.com\/wp-content\/uploads\/2025\/09\/DELUXE-93_123_153_PSV-Dettagli-768x230.jpg 768w, https:\/\/dersuessestopp.com\/wp-content\/uploads\/2025\/09\/DELUXE-93_123_153_PSV-Dettagli-1536x461.jpg 1536w, https:\/\/dersuessestopp.com\/wp-content\/uploads\/2025\/09\/DELUXE-93_123_153_PSV-Dettagli-250x75.jpg 250w, https:\/\/dersuessestopp.com\/wp-content\/uploads\/2025\/09\/DELUXE-93_123_153_PSV-Dettagli-600x180.jpg 600w\" sizes=\"(max-width: 2000px) 100vw, 2000px\" \/><\/p>\n<p data-start=\"174\" data-end=\"509\">The <strong data-start=\"178\" data-end=\"196\">DELUXE 123 PSV<\/strong> je profesionalni rashladni vitrin dizajniran za stilsko izlaganje peciva, kola\u010da i slastica. Izra\u0111en za eleganciju i funkcionalnost, ima... <strong data-start=\"357\" data-end=\"387\">\u010detverostrana staklena konstrukcija<\/strong>, <strong data-start=\"389\" data-end=\"424\">ventilirani rashladni sustav<\/strong>, i <strong data-start=\"430\" data-end=\"452\">klizna stra\u017enja vrata<\/strong>, osiguravaju\u0107i i iznimnu vidljivost i jednostavan pristup.<\/p>\n<p data-start=\"511\" data-end=\"792\">S <strong data-start=\"518\" data-end=\"558\">temperaturni raspon od +2 \u00b0C do +10 \u00b0C<\/strong>, DELUXE 123 PSV odr\u017eava savr\u0161ene uvjete poslu\u017eivanja osjetljivih proizvoda. <strong data-start=\"643\" data-end=\"676\">tijelo od nehr\u0111aju\u0107eg \u010delika AISI 304<\/strong> s <strong data-start=\"684\" data-end=\"713\">crna sjajna staklena zavr\u0161na obrada<\/strong> dodaje moderan i profinjen izgled pogodan za vrhunske slasti\u010darnice i kafi\u0107e.<\/p>\n<p data-start=\"794\" data-end=\"813\"><strong data-start=\"794\" data-end=\"811\">Klju\u010dne zna\u010dajke:<\/strong><\/p>\n<ul data-start=\"814\" data-end=\"1309\">\n<li data-start=\"814\" data-end=\"868\">\n<p data-start=\"816\" data-end=\"868\">\u010cetverostrani ventilirani stakleni vitrin za peciva<\/p>\n<\/li>\n<li data-start=\"869\" data-end=\"929\">\n<p data-start=\"871\" data-end=\"929\">3 police od kaljenog stakla s prednjim rubom od nehr\u0111aju\u0107eg \u010delika<\/p>\n<\/li>\n<li data-start=\"930\" data-end=\"967\">\n<p data-start=\"932\" data-end=\"967\">Raspon temperature: +2 \u00b0C \u2013 +10 \u00b0C<\/p>\n<\/li>\n<li data-start=\"968\" data-end=\"1022\">\n<p data-start=\"970\" data-end=\"1022\">Elektroni\u010dki termostat s preciznim digitalnim upravljanjem<\/p>\n<\/li>\n<li data-start=\"1023\" data-end=\"1064\">\n<p data-start=\"1025\" data-end=\"1064\">Automatsko odmrzavanje za minimalno odr\u017eavanje<\/p>\n<\/li>\n<li data-start=\"1065\" data-end=\"1123\">\n<p data-start=\"1067\" data-end=\"1123\">Unutarnja LED rasvjeta za optimalnu prezentaciju proizvoda<\/p>\n<\/li>\n<li data-start=\"1124\" data-end=\"1171\">\n<p data-start=\"1126\" data-end=\"1171\">Opcionalno daljinsko pra\u0107enje putem Smart Link Wi-Fi mre\u017ee<\/p>\n<\/li>\n<li data-start=\"1172\" data-end=\"1218\">\n<p data-start=\"1174\" data-end=\"1218\">Montirano na kota\u010di\u0107e za lak\u0161e kretanje<\/p>\n<\/li>\n<li data-start=\"1219\" data-end=\"1268\">\n<p data-start=\"1221\" data-end=\"1268\">Vanjske dimenzije: <strong data-start=\"1242\" data-end=\"1266\">1200 \u00d7 740 \u00d7 1300 mm<\/strong><\/p>\n<\/li>\n<li data-start=\"1269\" data-end=\"1309\">\n<p data-start=\"1271\" data-end=\"1309\">Klimatska klasa 4, rad s niskom razinom buke<\/p>\n<\/li>\n<\/ul>\n<p data-start=\"1311\" data-end=\"1474\">Elegantno, u\u010dinkovito i izdr\u017eljivo - <strong data-start=\"1349\" data-end=\"1367\">DELUXE 123 PSV<\/strong> pru\u017ea vrhunske performanse i stil, \u0161to ga \u010dini savr\u0161enim sredi\u0161njim dijelom svakog modernog izloga za slastice.<\/p>\n<table style=\"height: 361px;\" width=\"702\" cellspacing=\"0\">\n<tbody>\n<tr>\n<td bgcolor=\"#FFFFFF\">\n<p class=\"s12\"><span dir=\"auto\">\u00a0Dimenzije mm<\/span><\/p>\n<\/td>\n<td bgcolor=\"#FFFFFF\">\n<p class=\"s12\"><span dir=\"auto\">DELUXE 93 PSV<\/span><\/p>\n<\/td>\n<td bgcolor=\"#FFFFFF\">\n<p class=\"s12\"><span dir=\"auto\">DELUXE 123 PSV<\/span><\/p>\n<\/td>\n<td bgcolor=\"#FFFFFF\">\n<p class=\"s12\"><span dir=\"auto\">DELUXE 153 PSV<\/span><\/p>\n<\/td>\n<\/tr>\n<tr>\n<td>\n<p class=\"s13\"><span dir=\"auto\">Vanjske dimenzije (\u00a0<\/span><span dir=\"auto\">\u0160xDxV)<\/span><\/p>\n<\/td>\n<td>\n<p class=\"s13\"><span dir=\"auto\">900 x 740 x 1300<\/span><\/p>\n<\/td>\n<td>\n<p class=\"s13\"><span dir=\"auto\">1200 x 740 x 1300<\/span><\/p>\n<\/td>\n<td>\n<p class=\"s13\"><span dir=\"auto\">1500 x 740 x 1300<\/span><\/p>\n<\/td>\n<\/tr>\n<tr>\n<td>\n<p class=\"s13\"><span dir=\"auto\">Dimenzije pakiranja (\u00a0<\/span><span dir=\"auto\">\u0160xDxV)<\/span><\/p>\n<\/td>\n<td>\n<p class=\"s13\"><span dir=\"auto\">980 x 830 x 1430<\/span><\/p>\n<\/td>\n<td>\n<p class=\"s13\"><span dir=\"auto\">1280 x 830 x 1430<\/span><\/p>\n<\/td>\n<td>\n<p class=\"s13\"><span dir=\"auto\">1580 x 830 x 1430<\/span><\/p>\n<\/td>\n<\/tr>\n<tr>\n<td>\n<p class=\"s13\"><span dir=\"auto\">\u00a0<\/span><span dir=\"auto\">\u0160irina<\/span><\/p>\n<\/td>\n<td>\n<p class=\"s13\"><span dir=\"auto\">840<\/span><\/p>\n<\/td>\n<td>\n<p class=\"s13\"><span dir=\"auto\">1140<\/span><\/p>\n<\/td>\n<td>\n<p class=\"s13\"><span dir=\"auto\">1440<\/span><\/p>\n<\/td>\n<\/tr>\n<tr>\n<td>\n<p class=\"s13\"><span dir=\"auto\">\u00a0<\/span><span dir=\"auto\">Dubina<\/span><\/p>\n<\/td>\n<td>\n<p class=\"s13\"><span dir=\"auto\">630<\/span><\/p>\n<\/td>\n<td>\n<p class=\"s13\"><span dir=\"auto\">630<\/span><\/p>\n<\/td>\n<td>\n<p class=\"s13\"><span dir=\"auto\">630<\/span><\/p>\n<\/td>\n<\/tr>\n<tr>\n<td>\n<p class=\"s13\"><span dir=\"auto\">\u00a0<\/span><span dir=\"auto\">Visina<\/span><\/p>\n<\/td>\n<td>\n<p class=\"s13\"><span dir=\"auto\">790<\/span><\/p>\n<\/td>\n<td>\n<p class=\"s13\"><span dir=\"auto\">790<\/span><\/p>\n<\/td>\n<td>\n<p class=\"s13\"><span dir=\"auto\">790<\/span><\/p>\n<\/td>\n<\/tr>\n<\/tbody>\n<\/table>\n<p>&nbsp;<\/p>\n<table style=\"height: 1221px;\" width=\"1194\" cellspacing=\"0\">\n<tbody>\n<tr>\n<td bgcolor=\"#FFFFFF\">\n<p class=\"s12\"><span dir=\"auto\">Tehni\u010dke zna\u010dajke<\/span><\/p>\n<\/td>\n<td bgcolor=\"#FFFFFF\">\n<p class=\"s12\"><span dir=\"auto\">DELUXE 93 PSV<\/span><\/p>\n<\/td>\n<td bgcolor=\"#FFFFFF\">\n<p class=\"s12\"><span dir=\"auto\">DELUXE 123 PSV<\/span><\/p>\n<\/td>\n<td bgcolor=\"#FFFFFF\">\n<p class=\"s12\"><span dir=\"auto\">DELUXE 153 PSV<\/span><\/p>\n<\/td>\n<\/tr>\n<tr>\n<td>\n<p class=\"s13\"><span dir=\"auto\">\u00a0<\/span><span dir=\"auto\">Raspon temperature<\/span><\/p>\n<\/td>\n<td>\n<p class=\"s13\"><span dir=\"auto\">+2 \u00b0C \/ +10 \u00b0C<\/span><\/p>\n<\/td>\n<td>\n<p class=\"s13\"><span dir=\"auto\">+2 \u00b0C \/ +10 \u00b0C<\/span><\/p>\n<\/td>\n<td>\n<p class=\"s13\"><span dir=\"auto\">+2 \u00b0C \/ +10 \u00b0C<\/span><\/p>\n<\/td>\n<\/tr>\n<tr>\n<td>\n<p class=\"s13\"><span dir=\"auto\">Klima\u00a0<\/span><span dir=\"auto\">Razred<\/span><\/p>\n<\/td>\n<td>\n<p class=\"s13\"><span dir=\"auto\">4<\/span><\/p>\n<\/td>\n<td>\n<p class=\"s13\"><span dir=\"auto\">4<\/span><\/p>\n<\/td>\n<td>\n<p class=\"s13\"><span dir=\"auto\">4<\/span><\/p>\n<\/td>\n<\/tr>\n<tr>\n<td>\n<p class=\"s13\"><span dir=\"auto\">\u00a0<\/span><span dir=\"auto\">Neto bruto volumen<\/span><\/p>\n<\/td>\n<td>\n<p class=\"s13\"><span dir=\"auto\">Poru\u010dnik 415\/460<\/span><\/p>\n<\/td>\n<td>\n<p class=\"s13\"><span dir=\"auto\">Poru\u010dnik 550\/610<\/span><\/p>\n<\/td>\n<td>\n<p class=\"s13\"><span dir=\"auto\">Poru\u010dnik 690\/770<\/span><\/p>\n<\/td>\n<\/tr>\n<tr>\n<td>\n<p class=\"s13\"><span dir=\"auto\">Vanjska povr\u0161ina tijela<\/span><\/p>\n<\/td>\n<td>\n<p class=\"s13\"><span dir=\"auto\">Nehr\u0111aju\u0107i \u010delik AISI 304<\/span><\/p>\n<\/td>\n<td>\n<p class=\"s13\"><span dir=\"auto\">Nehr\u0111aju\u0107i \u010delik AISI 304<\/span><\/p>\n<\/td>\n<td>\n<p class=\"s13\"><span dir=\"auto\">Nehr\u0111aju\u0107i \u010delik AISI 304<\/span><\/p>\n<\/td>\n<\/tr>\n<tr>\n<td>\n<p class=\"s13\"><span dir=\"auto\">Unutarnja povr\u0161ina\u00a0<\/span><span dir=\"auto\">Unutarnja obloga<\/span><\/p>\n<\/td>\n<td>\n<p class=\"s13\"><span dir=\"auto\">Nehr\u0111aju\u0107i \u010delik AISI 304<\/span><\/p>\n<\/td>\n<td>\n<p class=\"s13\"><span dir=\"auto\">Nehr\u0111aju\u0107i \u010delik AISI 304<\/span><\/p>\n<\/td>\n<td>\n<p class=\"s13\"><span dir=\"auto\">Nehr\u0111aju\u0107i \u010delik AISI 304<\/span><\/p>\n<\/td>\n<\/tr>\n<tr>\n<td>\n<p class=\"s13\"><span dir=\"auto\">Termostat<\/span><span dir=\"auto\">\u200b<\/span><\/p>\n<\/td>\n<td>\n<p class=\"s13\"><span dir=\"auto\">Elektronika<\/span><span dir=\"auto\">\u200b<\/span><\/p>\n<\/td>\n<td>\n<p class=\"s13\"><span dir=\"auto\">Elektronika<\/span><span dir=\"auto\">\u200b<\/span><\/p>\n<\/td>\n<td>\n<p class=\"s13\"><span dir=\"auto\">Elektronika<\/span><span dir=\"auto\">\u200b<\/span><\/p>\n<\/td>\n<\/tr>\n<tr>\n<td>\n<p class=\"s13\"><span dir=\"auto\">Pametna veza WiFi | Daljinski upravlja\u010d\u00a0<\/span><span dir=\"auto\">Kontrolirati<\/span><\/p>\n<\/td>\n<td>\n<p class=\"s13\"><span dir=\"auto\">Izborno<\/span><\/p>\n<\/td>\n<td>\n<p class=\"s13\"><span dir=\"auto\">Izborno<\/span><\/p>\n<\/td>\n<td>\n<p class=\"s13\"><span dir=\"auto\">Izborno<\/span><\/p>\n<\/td>\n<\/tr>\n<tr>\n<td>\n<p class=\"s13\"><span dir=\"auto\">Buka\u00a0<\/span><span dir=\"auto\">razina<\/span><\/p>\n<\/td>\n<td>\n<p class=\"s13\"><span dir=\"auto\">dB 58<\/span><\/p>\n<\/td>\n<td>\n<p class=\"s13\"><span dir=\"auto\">dB 61<\/span><\/p>\n<\/td>\n<td>\n<p class=\"s13\"><span dir=\"auto\">dB 67<\/span><\/p>\n<\/td>\n<\/tr>\n<tr>\n<td>\n<p class=\"s13\"><span dir=\"auto\">Izolacija\u00a0<\/span><span dir=\"auto\">debljina<\/span><\/p>\n<\/td>\n<td>\n<p class=\"s13\"><span dir=\"auto\">45 mm<\/span><\/p>\n<\/td>\n<td>\n<p class=\"s13\"><span dir=\"auto\">45 mm<\/span><\/p>\n<\/td>\n<td>\n<p class=\"s13\"><span dir=\"auto\">45 mm<\/span><\/p>\n<\/td>\n<\/tr>\n<tr>\n<td>\n<p class=\"s13\"><span dir=\"auto\">Odmrzavanje\u00a0<\/span><span dir=\"auto\">Odmrzavanje<\/span><\/p>\n<\/td>\n<td>\n<p class=\"s13\"><span dir=\"auto\">Automatski kompresor\u00a0<\/span><span dir=\"auto\">ciklus<\/span><\/p>\n<\/td>\n<td>\n<p class=\"s13\"><span dir=\"auto\">Automatski kompresor\u00a0<\/span><span dir=\"auto\">ciklus<\/span><\/p>\n<\/td>\n<td>\n<p class=\"s13\"><span dir=\"auto\">Automatski kompresor\u00a0<\/span><span dir=\"auto\">ciklus<\/span><\/p>\n<\/td>\n<\/tr>\n<tr>\n<td>\n<p class=\"s13\"><span dir=\"auto\">Rasvjeta<\/span><span dir=\"auto\">\u200b<\/span><\/p>\n<\/td>\n<td>\n<p class=\"s13\"><span dir=\"auto\">4 horizontalne LED diode\u00a0<\/span><span dir=\"auto\">Horizontalno<\/span><\/p>\n<\/td>\n<td>\n<p class=\"s13\"><span dir=\"auto\">4 horizontalne LED diode\u00a0<\/span><span dir=\"auto\">Horizontalno<\/span><\/p>\n<\/td>\n<td>\n<p class=\"s13\"><span dir=\"auto\">4 horizontalne LED diode\u00a0<\/span><span dir=\"auto\">Horizontalno<\/span><\/p>\n<\/td>\n<\/tr>\n<tr>\n<td>\n<p class=\"s13\"><span dir=\"auto\">Police od kaljenog stakla (\u0160xD)<\/span><\/p>\n<\/td>\n<td>\n<p class=\"s13\"><span dir=\"auto\">Br. 1 mm 738 \u00d7 278 Br. 2 mm 738 x 318<\/span><\/p>\n<\/td>\n<td>\n<p class=\"s13\"><span dir=\"auto\">Br. 1 mm 1038\u00d7278 Br. 2 mm 1038\u00d7318<\/span><\/p>\n<\/td>\n<td>\n<p class=\"s13\"><span dir=\"auto\">Br. 1 mm 1338\u00d7278 Br. 2 mm 1338\u00d7318<\/span><\/p>\n<\/td>\n<\/tr>\n<tr>\n<td>\n<p class=\"s13\"><span dir=\"auto\">Kota\u010di\u0107i\u00a0<\/span><span dir=\"auto\">-Stopala<\/span><\/p>\n<\/td>\n<td>\n<p class=\"s13\"><span dir=\"auto\">4 kota\u010da \/\u00a0<\/span><span dir=\"auto\">4 kota\u010di\u0107a<\/span><\/p>\n<\/td>\n<td>\n<p class=\"s13\"><span dir=\"auto\">4 kota\u010da \/\u00a0<\/span><span dir=\"auto\">4 kota\u010di\u0107a<\/span><\/p>\n<\/td>\n<td>\n<p class=\"s13\"><span dir=\"auto\">4 kota\u010da \/\u00a0<\/span><span dir=\"auto\">4 kota\u010di\u0107a<\/span><\/p>\n<\/td>\n<\/tr>\n<tr>\n<td>\n<p class=\"s13\"><span dir=\"auto\">Neto-\u00a0<\/span><span dir=\"auto\">Bruto te\u017eina<\/span><\/p>\n<\/td>\n<td>\n<p class=\"s13\"><span dir=\"auto\">170 \/ 215 kg<\/span><\/p>\n<\/td>\n<td>\n<p class=\"s13\"><span dir=\"auto\">205 \/ 255 kg<\/span><\/p>\n<\/td>\n<td>\n<p class=\"s13\"><span dir=\"auto\">245 \/ 300 kg<\/span><\/p>\n<\/td>\n<\/tr>\n<tr>\n<td>\n<p class=\"s13\"><span dir=\"auto\">Napon<\/span><span dir=\"auto\">\u200b<\/span><\/p>\n<\/td>\n<td>\n<p class=\"s13\"><span dir=\"auto\">V 220-240<\/span><\/p>\n<\/td>\n<td>\n<p class=\"s13\"><span dir=\"auto\">V 220-240<\/span><\/p>\n<\/td>\n<td>\n<p class=\"s13\"><span dir=\"auto\">V 220-240<\/span><\/p>\n<\/td>\n<\/tr>\n<tr>\n<td>\n<p class=\"s13\"><span dir=\"auto\">Frekvencija<\/span><span dir=\"auto\">\u200b<\/span><\/p>\n<\/td>\n<td>\n<p class=\"s13\"><span dir=\"auto\">Hz 50<\/span><\/p>\n<\/td>\n<td>\n<p class=\"s13\"><span dir=\"auto\">Hz 50<\/span><\/p>\n<\/td>\n<td>\n<p class=\"s13\"><span dir=\"auto\">Hz 50<\/span><\/p>\n<\/td>\n<\/tr>\n<tr>\n<td>\n<p class=\"s13\"><span dir=\"auto\">Rashladno sredstvo<\/span><span dir=\"auto\">\u200b<\/span><\/p>\n<\/td>\n<td>\n<p class=\"s13\"><span dir=\"auto\">290 kuna<\/span><\/p>\n<\/td>\n<td>\n<p class=\"s13\"><span dir=\"auto\">290 kuna<\/span><\/p>\n<\/td>\n<td>\n<p class=\"s13\"><span dir=\"auto\">290 kuna<\/span><\/p>\n<\/td>\n<\/tr>\n<tr>\n<td>\n<p class=\"s13\"><span dir=\"auto\">Apsorpcija<\/span><span dir=\"auto\">\u200b<\/span><\/p>\n<\/td>\n<td>\n<p class=\"s13\"><span dir=\"auto\">Z 410<\/span><\/p>\n<\/td>\n<td>\n<p class=\"s13\"><span dir=\"auto\">Z 500<\/span><\/p>\n<\/td>\n<td>\n<p class=\"s13\"><span dir=\"auto\">Z 570<\/span><\/p>\n<\/td>\n<\/tr>\n<tr>\n<td>\n<p class=\"s13\"><span dir=\"auto\">\u00a0<\/span><span dir=\"auto\">Potro\u0161nja energije<\/span><\/p>\n<\/td>\n<td>\n<p class=\"s13\"><span dir=\"auto\">kWh\/24 sata 7,02<\/span><\/p>\n<\/td>\n<td>\n<p class=\"s13\"><span dir=\"auto\">kWh\/24 sata 8,55<\/span><\/p>\n<\/td>\n<td>\n<p class=\"s13\"><span dir=\"auto\">kWh\/24 sata 11,01<\/span><\/p>\n<\/td>\n<\/tr>\n<\/tbody>\n<\/table>","protected":false},"excerpt":{"rendered":"<p>+2 \u00b0C \/ +10 \u00b0C Ventilirani pult za peciva, \u010detiri staklene stranice, klizna vrata ENERGETSKI KLASA<\/p>","protected":false},"featured_media":10517,"comment_status":"open","ping_status":"closed","template":"","meta":[],"product_brand":[],"product_cat":[119,53],"product_tag":[],"class_list":{"0":"post-10474","1":"product","2":"type-product","3":"status-publish","4":"has-post-thumbnail","6":"product_cat-hot-and-cold-display-cases","7":"product_cat-pastry-bakery-cooling","9":"first","10":"instock","11":"shipping-taxable","12":"purchasable","13":"product-type-simple"},"_links":{"self":[{"href":"https:\/\/dersuessestopp.com\/hr\/wp-json\/wp\/v2\/product\/10474","targetHints":{"allow":["GET"]}}],"collection":[{"href":"https:\/\/dersuessestopp.com\/hr\/wp-json\/wp\/v2\/product"}],"about":[{"href":"https:\/\/dersuessestopp.com\/hr\/wp-json\/wp\/v2\/types\/product"}],"replies":[{"embeddable":true,"href":"https:\/\/dersuessestopp.com\/hr\/wp-json\/wp\/v2\/comments?post=10474"}],"version-history":[{"count":4,"href":"https:\/\/dersuessestopp.com\/hr\/wp-json\/wp\/v2\/product\/10474\/revisions"}],"predecessor-version":[{"id":11756,"href":"https:\/\/dersuessestopp.com\/hr\/wp-json\/wp\/v2\/product\/10474\/revisions\/11756"}],"wp:featuredmedia":[{"embeddable":true,"href":"https:\/\/dersuessestopp.com\/hr\/wp-json\/wp\/v2\/media\/10517"}],"wp:attachment":[{"href":"https:\/\/dersuessestopp.com\/hr\/wp-json\/wp\/v2\/media?parent=10474"}],"wp:term":[{"taxonomy":"product_brand","embeddable":true,"href":"https:\/\/dersuessestopp.com\/hr\/wp-json\/wp\/v2\/product_brand?post=10474"},{"taxonomy":"product_cat","embeddable":true,"href":"https:\/\/dersuessestopp.com\/hr\/wp-json\/wp\/v2\/product_cat?post=10474"},{"taxonomy":"product_tag","embeddable":true,"href":"https:\/\/dersuessestopp.com\/hr\/wp-json\/wp\/v2\/product_tag?post=10474"}],"curies":[{"name":"wp","href":"https:\/\/api.w.org\/{rel}","templated":true}]}}