{"id":10473,"date":"2025-09-29T14:59:56","date_gmt":"2025-09-29T14:59:56","guid":{"rendered":"https:\/\/dersuessestopp.com\/?post_type=product&#038;p=10473"},"modified":"2025-10-08T21:12:40","modified_gmt":"2025-10-08T21:12:40","slug":"deluxe-153-psv","status":"publish","type":"product","link":"https:\/\/dersuessestopp.com\/hr\/product\/deluxe-153-psv\/","title":{"rendered":"DELUXE 153 PSV"},"content":{"rendered":"<p data-start=\"187\" data-end=\"582\"><img fetchpriority=\"high\" decoding=\"async\" class=\"alignnone wp-image-11736 size-full\" src=\"https:\/\/dersuessestopp.com\/wp-content\/uploads\/2025\/09\/DELUXE-93_123_153_PSV-Dettagli.jpg\" alt=\"\" width=\"2000\" height=\"600\" srcset=\"https:\/\/dersuessestopp.com\/wp-content\/uploads\/2025\/09\/DELUXE-93_123_153_PSV-Dettagli.jpg 2000w, https:\/\/dersuessestopp.com\/wp-content\/uploads\/2025\/09\/DELUXE-93_123_153_PSV-Dettagli-300x90.jpg 300w, https:\/\/dersuessestopp.com\/wp-content\/uploads\/2025\/09\/DELUXE-93_123_153_PSV-Dettagli-1024x307.jpg 1024w, https:\/\/dersuessestopp.com\/wp-content\/uploads\/2025\/09\/DELUXE-93_123_153_PSV-Dettagli-768x230.jpg 768w, https:\/\/dersuessestopp.com\/wp-content\/uploads\/2025\/09\/DELUXE-93_123_153_PSV-Dettagli-1536x461.jpg 1536w, https:\/\/dersuessestopp.com\/wp-content\/uploads\/2025\/09\/DELUXE-93_123_153_PSV-Dettagli-250x75.jpg 250w, https:\/\/dersuessestopp.com\/wp-content\/uploads\/2025\/09\/DELUXE-93_123_153_PSV-Dettagli-600x180.jpg 600w\" sizes=\"(max-width: 2000px) 100vw, 2000px\" \/><\/p>\n<p data-start=\"187\" data-end=\"582\">The <strong data-start=\"191\" data-end=\"209\">DELUXE 153 PSV<\/strong> je najve\u0107i model u DELUXE PSV seriji, dizajniran za profesionalne slasti\u010darnice i luksuzne kafi\u0107e koji zahtijevaju i kapacitet i stil. Sa svojim <strong data-start=\"360\" data-end=\"398\">panoramski stakleni prikaz s \u010detiri strane<\/strong>, <strong data-start=\"400\" data-end=\"422\">ventilirano hla\u0111enje<\/strong>, i <strong data-start=\"428\" data-end=\"477\">vrhunska konstrukcija od nehr\u0111aju\u0107eg \u010delika AISI 304<\/strong>, ovaj pult nudi izvanrednu vidljivost i izdr\u017eljivost za sve va\u0161e ohla\u0111ene kola\u010de i deserte.<\/p>\n<p data-start=\"584\" data-end=\"842\">Djeluju\u0107i u <strong data-start=\"599\" data-end=\"639\">temperaturni raspon od +2 \u00b0C do +10 \u00b0C<\/strong>, DELUXE 153 PSV osigurava idealne uvjete skladi\u0161tenja, \u010duvaju\u0107i svje\u017einu i izgled. <strong data-start=\"735\" data-end=\"760\">elektroni\u010dki termostat<\/strong> jam\u010di preciznu kontrolu, dok <strong data-start=\"795\" data-end=\"819\">automatsko odmrzavanje<\/strong> smanjuje odr\u017eavanje.<\/p>\n<p data-start=\"844\" data-end=\"863\"><strong data-start=\"844\" data-end=\"861\">Klju\u010dne zna\u010dajke:<\/strong><\/p>\n<ul data-start=\"864\" data-end=\"1518\">\n<li data-start=\"864\" data-end=\"928\">\n<p data-start=\"866\" data-end=\"928\">\u010cetverostrani ventilirani izlo\u017ebeni prostor za peciva s kliznim stra\u017enjim vratima<\/p>\n<\/li>\n<li data-start=\"929\" data-end=\"970\">\n<p data-start=\"931\" data-end=\"970\">Raspon temperature: <strong data-start=\"950\" data-end=\"968\">+2 \u00b0C \/ +10 \u00b0C<\/strong><\/p>\n<\/li>\n<li data-start=\"971\" data-end=\"995\">\n<p data-start=\"973\" data-end=\"995\">Klimatski razred: <strong data-start=\"988\" data-end=\"993\">4<\/strong><\/p>\n<\/li>\n<li data-start=\"996\" data-end=\"1037\">\n<p data-start=\"998\" data-end=\"1037\">Kapacitet: <strong data-start=\"1008\" data-end=\"1035\">Neto 620 l \/ Bruto 700 l<\/strong><\/p>\n<\/li>\n<li data-start=\"1038\" data-end=\"1092\">\n<p data-start=\"1040\" data-end=\"1092\"><strong data-start=\"1040\" data-end=\"1068\">Nehr\u0111aju\u0107i \u010delik AISI 304<\/strong> interijera i eksterijera<\/p>\n<\/li>\n<li data-start=\"1093\" data-end=\"1155\">\n<p data-start=\"1095\" data-end=\"1155\"><strong data-start=\"1095\" data-end=\"1120\">Elektroni\u010dki termostat<\/strong> s digitalnim prikazom temperature<\/p>\n<\/li>\n<li data-start=\"1156\" data-end=\"1204\">\n<p data-start=\"1158\" data-end=\"1204\"><strong data-start=\"1158\" data-end=\"1202\">Automatski sustav odmrzavanja s zaustavljanjem kompresora<\/strong><\/p>\n<\/li>\n<li data-start=\"1205\" data-end=\"1251\">\n<p data-start=\"1207\" data-end=\"1251\"><strong data-start=\"1207\" data-end=\"1223\">LED rasvjeta<\/strong> za vrhunsku prezentaciju<\/p>\n<\/li>\n<li data-start=\"1252\" data-end=\"1323\">\n<p data-start=\"1254\" data-end=\"1323\"><strong data-start=\"1254\" data-end=\"1280\">Police od kaljenog stakla<\/strong> (2 kom, 1338 \u00d7 278 mm i 1338 \u00d7 318 mm)<\/p>\n<\/li>\n<li data-start=\"1324\" data-end=\"1375\">\n<p data-start=\"1326\" data-end=\"1375\"><strong data-start=\"1326\" data-end=\"1373\">Opcionalno daljinsko pra\u0107enje putem Smart Link Wi-Fi mre\u017ee<\/strong><\/p>\n<\/li>\n<li data-start=\"1376\" data-end=\"1402\">\n<p data-start=\"1378\" data-end=\"1402\"><strong data-start=\"1378\" data-end=\"1394\">Razina buke:<\/strong> 67 dB<\/p>\n<\/li>\n<li data-start=\"1403\" data-end=\"1438\">\n<p data-start=\"1405\" data-end=\"1438\"><strong data-start=\"1405\" data-end=\"1430\">Debljina izolacije:<\/strong> 45 mm<\/p>\n<\/li>\n<li data-start=\"1439\" data-end=\"1488\">\n<p data-start=\"1441\" data-end=\"1488\"><strong data-start=\"1441\" data-end=\"1465\">Vanjske dimenzije:<\/strong> 1500 \u00d7 740 \u00d7 1200 mm<\/p>\n<\/li>\n<li data-start=\"1489\" data-end=\"1518\">\n<p data-start=\"1491\" data-end=\"1518\"><strong data-start=\"1491\" data-end=\"1509\">Razmak polica:<\/strong> 225 mm<\/p>\n<\/li>\n<\/ul>\n<p data-start=\"1520\" data-end=\"1710\">Elegantno, robusno i energetski u\u010dinkovito \u2014 <strong data-start=\"1564\" data-end=\"1582\">DELUXE 153 PSV<\/strong> je vrhunski pult za izlaganje slastica, koji kombinira talijanski dizajn i izvrsnost hla\u0111enja za moderne maloprodajne prostore.<\/p>\n<table style=\"height: 361px;\" width=\"702\" cellspacing=\"0\">\n<tbody>\n<tr>\n<td bgcolor=\"#FFFFFF\">\n<p class=\"s12\"><span dir=\"auto\">Dimenzije mm<\/span><\/p>\n<\/td>\n<td bgcolor=\"#FFFFFF\">\n<p class=\"s12\"><span dir=\"auto\">DELUXE 93 PSV<\/span><\/p>\n<\/td>\n<td bgcolor=\"#FFFFFF\">\n<p class=\"s12\"><span dir=\"auto\">DELUXE 123 PSV<\/span><\/p>\n<\/td>\n<td bgcolor=\"#FFFFFF\">\n<p class=\"s12\"><span dir=\"auto\">DELUXE 153 PSV<\/span><\/p>\n<\/td>\n<\/tr>\n<tr>\n<td>\n<p class=\"s13\"><span dir=\"auto\">Vanjske dimenzije (\u00a0<\/span><span dir=\"auto\">\u0160xDxV)<\/span><\/p>\n<\/td>\n<td>\n<p class=\"s13\"><span dir=\"auto\">900 x 740 x 1300<\/span><\/p>\n<\/td>\n<td>\n<p class=\"s13\"><span dir=\"auto\">1200 x 740 x 1300<\/span><\/p>\n<\/td>\n<td>\n<p class=\"s13\"><span dir=\"auto\">1500 x 740 x 1300<\/span><\/p>\n<\/td>\n<\/tr>\n<tr>\n<td>\n<p class=\"s13\"><span dir=\"auto\">Dimenzije pakiranja (\u00a0<\/span><span dir=\"auto\">\u0160xDxV)<\/span><\/p>\n<\/td>\n<td>\n<p class=\"s13\"><span dir=\"auto\">980 x 830 x 1430<\/span><\/p>\n<\/td>\n<td>\n<p class=\"s13\"><span dir=\"auto\">1280 x 830 x 1430<\/span><\/p>\n<\/td>\n<td>\n<p class=\"s13\"><span dir=\"auto\">1580 x 830 x 1430<\/span><\/p>\n<\/td>\n<\/tr>\n<tr>\n<td>\n<p class=\"s13\"><span dir=\"auto\">\u00a0<\/span><span dir=\"auto\">\u0160irina<\/span><\/p>\n<\/td>\n<td>\n<p class=\"s13\"><span dir=\"auto\">840<\/span><\/p>\n<\/td>\n<td>\n<p class=\"s13\"><span dir=\"auto\">1140<\/span><\/p>\n<\/td>\n<td>\n<p class=\"s13\"><span dir=\"auto\">1440<\/span><\/p>\n<\/td>\n<\/tr>\n<tr>\n<td>\n<p class=\"s13\"><span dir=\"auto\">\u00a0<\/span><span dir=\"auto\">Dubina<\/span><\/p>\n<\/td>\n<td>\n<p class=\"s13\"><span dir=\"auto\">630<\/span><\/p>\n<\/td>\n<td>\n<p class=\"s13\"><span dir=\"auto\">630<\/span><\/p>\n<\/td>\n<td>\n<p class=\"s13\"><span dir=\"auto\">630<\/span><\/p>\n<\/td>\n<\/tr>\n<tr>\n<td>\n<p class=\"s13\"><span dir=\"auto\">\u00a0<\/span><span dir=\"auto\">Visina<\/span><\/p>\n<\/td>\n<td>\n<p class=\"s13\"><span dir=\"auto\">790<\/span><\/p>\n<\/td>\n<td>\n<p class=\"s13\"><span dir=\"auto\">790<\/span><\/p>\n<\/td>\n<td>\n<p class=\"s13\"><span dir=\"auto\">790<\/span><\/p>\n<\/td>\n<\/tr>\n<\/tbody>\n<\/table>\n<p>&nbsp;<\/p>\n<table style=\"height: 1221px;\" width=\"1194\" cellspacing=\"0\">\n<tbody>\n<tr>\n<td bgcolor=\"#FFFFFF\">\n<p class=\"s12\"><span dir=\"auto\">Tehni\u010dke zna\u010dajke<\/span><\/p>\n<\/td>\n<td bgcolor=\"#FFFFFF\">\n<p class=\"s12\"><span dir=\"auto\">DELUXE 93 PSV<\/span><\/p>\n<\/td>\n<td bgcolor=\"#FFFFFF\">\n<p class=\"s12\"><span dir=\"auto\">DELUXE 123 PSV<\/span><\/p>\n<\/td>\n<td bgcolor=\"#FFFFFF\">\n<p class=\"s12\"><span dir=\"auto\">DELUXE 153 PSV<\/span><\/p>\n<\/td>\n<\/tr>\n<tr>\n<td>\n<p class=\"s13\"><span dir=\"auto\">\u00a0<\/span><span dir=\"auto\">Raspon temperature<\/span><\/p>\n<\/td>\n<td>\n<p class=\"s13\"><span dir=\"auto\">+2 \u00b0C \/ +10 \u00b0C<\/span><\/p>\n<\/td>\n<td>\n<p class=\"s13\"><span dir=\"auto\">+2 \u00b0C \/ +10 \u00b0C<\/span><\/p>\n<\/td>\n<td>\n<p class=\"s13\"><span dir=\"auto\">+2 \u00b0C \/ +10 \u00b0C<\/span><\/p>\n<\/td>\n<\/tr>\n<tr>\n<td>\n<p class=\"s13\"><span dir=\"auto\">Klima\u00a0<\/span><span dir=\"auto\">Razred<\/span><\/p>\n<\/td>\n<td>\n<p class=\"s13\"><span dir=\"auto\">4<\/span><\/p>\n<\/td>\n<td>\n<p class=\"s13\"><span dir=\"auto\">4<\/span><\/p>\n<\/td>\n<td>\n<p class=\"s13\"><span dir=\"auto\">4<\/span><\/p>\n<\/td>\n<\/tr>\n<tr>\n<td>\n<p class=\"s13\"><span dir=\"auto\">\u00a0<\/span><span dir=\"auto\">Neto bruto volumen<\/span><\/p>\n<\/td>\n<td>\n<p class=\"s13\"><span dir=\"auto\">Poru\u010dnik 415\/460<\/span><\/p>\n<\/td>\n<td>\n<p class=\"s13\"><span dir=\"auto\">Poru\u010dnik 550\/610<\/span><\/p>\n<\/td>\n<td>\n<p class=\"s13\"><span dir=\"auto\">Poru\u010dnik 690\/770<\/span><\/p>\n<\/td>\n<\/tr>\n<tr>\n<td>\n<p class=\"s13\"><span dir=\"auto\">Vanjska povr\u0161ina tijela<\/span><\/p>\n<\/td>\n<td>\n<p class=\"s13\"><span dir=\"auto\">Nehr\u0111aju\u0107i \u010delik AISI 304<\/span><\/p>\n<\/td>\n<td>\n<p class=\"s13\"><span dir=\"auto\">Nehr\u0111aju\u0107i \u010delik AISI 304<\/span><\/p>\n<\/td>\n<td>\n<p class=\"s13\"><span dir=\"auto\">Nehr\u0111aju\u0107i \u010delik AISI 304<\/span><\/p>\n<\/td>\n<\/tr>\n<tr>\n<td>\n<p class=\"s13\"><span dir=\"auto\">Unutarnja povr\u0161ina\u00a0<\/span><span dir=\"auto\">Unutarnja obloga<\/span><\/p>\n<\/td>\n<td>\n<p class=\"s13\"><span dir=\"auto\">Nehr\u0111aju\u0107i \u010delik AISI 304<\/span><\/p>\n<\/td>\n<td>\n<p class=\"s13\"><span dir=\"auto\">Nehr\u0111aju\u0107i \u010delik AISI 304<\/span><\/p>\n<\/td>\n<td>\n<p class=\"s13\"><span dir=\"auto\">Nehr\u0111aju\u0107i \u010delik AISI 304<\/span><\/p>\n<\/td>\n<\/tr>\n<tr>\n<td>\n<p class=\"s13\"><span dir=\"auto\">Termostat<\/span><span dir=\"auto\">\u200b<\/span><\/p>\n<\/td>\n<td>\n<p class=\"s13\"><span dir=\"auto\">Elektronika<\/span><span dir=\"auto\">\u200b<\/span><\/p>\n<\/td>\n<td>\n<p class=\"s13\"><span dir=\"auto\">Elektronika<\/span><span dir=\"auto\">\u200b<\/span><\/p>\n<\/td>\n<td>\n<p class=\"s13\"><span dir=\"auto\">Elektronika<\/span><span dir=\"auto\">\u200b<\/span><\/p>\n<\/td>\n<\/tr>\n<tr>\n<td>\n<p class=\"s13\"><span dir=\"auto\">Pametna veza WiFi | Daljinski upravlja\u010d\u00a0<\/span><span dir=\"auto\">Kontrolirati<\/span><\/p>\n<\/td>\n<td>\n<p class=\"s13\"><span dir=\"auto\">Izborno<\/span><\/p>\n<\/td>\n<td>\n<p class=\"s13\"><span dir=\"auto\">Izborno<\/span><\/p>\n<\/td>\n<td>\n<p class=\"s13\"><span dir=\"auto\">Izborno<\/span><\/p>\n<\/td>\n<\/tr>\n<tr>\n<td>\n<p class=\"s13\"><span dir=\"auto\">Buka\u00a0<\/span><span dir=\"auto\">razina<\/span><\/p>\n<\/td>\n<td>\n<p class=\"s13\"><span dir=\"auto\">dB 58<\/span><\/p>\n<\/td>\n<td>\n<p class=\"s13\"><span dir=\"auto\">dB 61<\/span><\/p>\n<\/td>\n<td>\n<p class=\"s13\"><span dir=\"auto\">dB 67<\/span><\/p>\n<\/td>\n<\/tr>\n<tr>\n<td>\n<p class=\"s13\"><span dir=\"auto\">Izolacija\u00a0<\/span><span dir=\"auto\">debljina<\/span><\/p>\n<\/td>\n<td>\n<p class=\"s13\"><span dir=\"auto\">45 mm<\/span><\/p>\n<\/td>\n<td>\n<p class=\"s13\"><span dir=\"auto\">45 mm<\/span><\/p>\n<\/td>\n<td>\n<p class=\"s13\"><span dir=\"auto\">45 mm<\/span><\/p>\n<\/td>\n<\/tr>\n<tr>\n<td>\n<p class=\"s13\"><span dir=\"auto\">Odmrzavanje\u00a0<\/span><span dir=\"auto\">Odmrzavanje<\/span><\/p>\n<\/td>\n<td>\n<p class=\"s13\"><span dir=\"auto\">Automatski kompresor\u00a0<\/span><span dir=\"auto\">ciklus<\/span><\/p>\n<\/td>\n<td>\n<p class=\"s13\"><span dir=\"auto\">Automatski kompresor\u00a0<\/span><span dir=\"auto\">ciklus<\/span><\/p>\n<\/td>\n<td>\n<p class=\"s13\"><span dir=\"auto\">Automatski kompresor\u00a0<\/span><span dir=\"auto\">ciklus<\/span><\/p>\n<\/td>\n<\/tr>\n<tr>\n<td>\n<p class=\"s13\"><span dir=\"auto\">Rasvjeta<\/span><span dir=\"auto\">\u200b<\/span><\/p>\n<\/td>\n<td>\n<p class=\"s13\"><span dir=\"auto\">4 horizontalne LED diode\u00a0<\/span><span dir=\"auto\">Horizontalno<\/span><\/p>\n<\/td>\n<td>\n<p class=\"s13\"><span dir=\"auto\">4 horizontalne LED diode\u00a0<\/span><span dir=\"auto\">Horizontalno<\/span><\/p>\n<\/td>\n<td>\n<p class=\"s13\"><span dir=\"auto\">4 horizontalne LED diode\u00a0<\/span><span dir=\"auto\">Horizontalno<\/span><\/p>\n<\/td>\n<\/tr>\n<tr>\n<td>\n<p class=\"s13\"><span dir=\"auto\">Police od kaljenog stakla (\u0160xD)<\/span><\/p>\n<\/td>\n<td>\n<p class=\"s13\"><span dir=\"auto\">Br. 1 mm 738 \u00d7 278 Br. 2 mm 738 x 318<\/span><\/p>\n<\/td>\n<td>\n<p class=\"s13\"><span dir=\"auto\">Br. 1 mm 1038\u00d7278 Br. 2 mm 1038\u00d7318<\/span><\/p>\n<\/td>\n<td>\n<p class=\"s13\"><span dir=\"auto\">Br. 1 mm 1338\u00d7278 Br. 2 mm 1338\u00d7318<\/span><\/p>\n<\/td>\n<\/tr>\n<tr>\n<td>\n<p class=\"s13\"><span dir=\"auto\">Kota\u010di\u0107i\u00a0<\/span><span dir=\"auto\">-Stopala<\/span><\/p>\n<\/td>\n<td>\n<p class=\"s13\"><span dir=\"auto\">4 kota\u010da \/\u00a0<\/span><span dir=\"auto\">4 kota\u010di\u0107a<\/span><\/p>\n<\/td>\n<td>\n<p class=\"s13\"><span dir=\"auto\">4 kota\u010da \/\u00a0<\/span><span dir=\"auto\">4 kota\u010di\u0107a<\/span><\/p>\n<\/td>\n<td>\n<p class=\"s13\"><span dir=\"auto\">4 kota\u010da \/\u00a0<\/span><span dir=\"auto\">4 kota\u010di\u0107a<\/span><\/p>\n<\/td>\n<\/tr>\n<tr>\n<td>\n<p class=\"s13\"><span dir=\"auto\">Neto-\u00a0<\/span><span dir=\"auto\">Bruto te\u017eina<\/span><\/p>\n<\/td>\n<td>\n<p class=\"s13\"><span dir=\"auto\">170 \/ 215 kg<\/span><\/p>\n<\/td>\n<td>\n<p class=\"s13\"><span dir=\"auto\">205 \/ 255 kg<\/span><\/p>\n<\/td>\n<td>\n<p class=\"s13\"><span dir=\"auto\">245 \/ 300 kg<\/span><\/p>\n<\/td>\n<\/tr>\n<tr>\n<td>\n<p class=\"s13\"><span dir=\"auto\">Napon<\/span><span dir=\"auto\">\u200b<\/span><\/p>\n<\/td>\n<td>\n<p class=\"s13\"><span dir=\"auto\">V 220-240<\/span><\/p>\n<\/td>\n<td>\n<p class=\"s13\"><span dir=\"auto\">V 220-240<\/span><\/p>\n<\/td>\n<td>\n<p class=\"s13\"><span dir=\"auto\">V 220-240<\/span><\/p>\n<\/td>\n<\/tr>\n<tr>\n<td>\n<p class=\"s13\"><span dir=\"auto\">Frekvencija<\/span><span dir=\"auto\">\u200b<\/span><\/p>\n<\/td>\n<td>\n<p class=\"s13\"><span dir=\"auto\">Hz 50<\/span><\/p>\n<\/td>\n<td>\n<p class=\"s13\"><span dir=\"auto\">Hz 50<\/span><\/p>\n<\/td>\n<td>\n<p class=\"s13\"><span dir=\"auto\">Hz 50<\/span><\/p>\n<\/td>\n<\/tr>\n<tr>\n<td>\n<p class=\"s13\"><span dir=\"auto\">Rashladno sredstvo<\/span><span dir=\"auto\">\u200b<\/span><\/p>\n<\/td>\n<td>\n<p class=\"s13\"><span dir=\"auto\">290 kuna<\/span><\/p>\n<\/td>\n<td>\n<p class=\"s13\"><span dir=\"auto\">290 kuna<\/span><\/p>\n<\/td>\n<td>\n<p class=\"s13\"><span dir=\"auto\">290 kuna<\/span><\/p>\n<\/td>\n<\/tr>\n<tr>\n<td>\n<p class=\"s13\"><span dir=\"auto\">Apsorpcija<\/span><span dir=\"auto\">\u200b<\/span><\/p>\n<\/td>\n<td>\n<p class=\"s13\"><span dir=\"auto\">Z 410<\/span><\/p>\n<\/td>\n<td>\n<p class=\"s13\"><span dir=\"auto\">Z 500<\/span><\/p>\n<\/td>\n<td>\n<p class=\"s13\"><span dir=\"auto\">Z 570<\/span><\/p>\n<\/td>\n<\/tr>\n<tr>\n<td>\n<p class=\"s13\"><span dir=\"auto\">\u00a0<\/span><span dir=\"auto\">Potro\u0161nja energije<\/span><\/p>\n<\/td>\n<td>\n<p class=\"s13\"><span dir=\"auto\">kWh\/24 sata 7,02<\/span><\/p>\n<\/td>\n<td>\n<p class=\"s13\"><span dir=\"auto\">kWh\/24 sata 8,55<\/span><\/p>\n<\/td>\n<td>\n<p class=\"s13\"><span dir=\"auto\">kWh\/24 sata 11,01<\/span><\/p>\n<\/td>\n<\/tr>\n<\/tbody>\n<\/table>","protected":false},"excerpt":{"rendered":"<p>+2 \u00b0C \/ +10 \u00b0C Ventilirani pult za peciva, \u010detiri staklene stranice, klizna vrata ENERGETSKI KLASA<\/p>","protected":false},"featured_media":10515,"comment_status":"open","ping_status":"closed","template":"","meta":[],"product_brand":[],"product_cat":[119,53],"product_tag":[],"class_list":{"0":"post-10473","1":"product","2":"type-product","3":"status-publish","4":"has-post-thumbnail","6":"product_cat-hot-and-cold-display-cases","7":"product_cat-pastry-bakery-cooling","9":"first","10":"instock","11":"shipping-taxable","12":"purchasable","13":"product-type-simple"},"_links":{"self":[{"href":"https:\/\/dersuessestopp.com\/hr\/wp-json\/wp\/v2\/product\/10473","targetHints":{"allow":["GET"]}}],"collection":[{"href":"https:\/\/dersuessestopp.com\/hr\/wp-json\/wp\/v2\/product"}],"about":[{"href":"https:\/\/dersuessestopp.com\/hr\/wp-json\/wp\/v2\/types\/product"}],"replies":[{"embeddable":true,"href":"https:\/\/dersuessestopp.com\/hr\/wp-json\/wp\/v2\/comments?post=10473"}],"version-history":[{"count":4,"href":"https:\/\/dersuessestopp.com\/hr\/wp-json\/wp\/v2\/product\/10473\/revisions"}],"predecessor-version":[{"id":11758,"href":"https:\/\/dersuessestopp.com\/hr\/wp-json\/wp\/v2\/product\/10473\/revisions\/11758"}],"wp:featuredmedia":[{"embeddable":true,"href":"https:\/\/dersuessestopp.com\/hr\/wp-json\/wp\/v2\/media\/10515"}],"wp:attachment":[{"href":"https:\/\/dersuessestopp.com\/hr\/wp-json\/wp\/v2\/media?parent=10473"}],"wp:term":[{"taxonomy":"product_brand","embeddable":true,"href":"https:\/\/dersuessestopp.com\/hr\/wp-json\/wp\/v2\/product_brand?post=10473"},{"taxonomy":"product_cat","embeddable":true,"href":"https:\/\/dersuessestopp.com\/hr\/wp-json\/wp\/v2\/product_cat?post=10473"},{"taxonomy":"product_tag","embeddable":true,"href":"https:\/\/dersuessestopp.com\/hr\/wp-json\/wp\/v2\/product_tag?post=10473"}],"curies":[{"name":"wp","href":"https:\/\/api.w.org\/{rel}","templated":true}]}}