{"id":10472,"date":"2025-09-29T14:59:56","date_gmt":"2025-09-29T14:59:56","guid":{"rendered":"https:\/\/dersuessestopp.com\/?post_type=product&#038;p=10472"},"modified":"2025-10-08T21:17:24","modified_gmt":"2025-10-08T21:17:24","slug":"dlx-70","status":"publish","type":"product","link":"https:\/\/dersuessestopp.com\/hr\/product\/dlx-70\/","title":{"rendered":"DLX 70"},"content":{"rendered":"<p data-start=\"213\" data-end=\"554\"><img fetchpriority=\"high\" decoding=\"async\" class=\"alignnone wp-image-11760 size-full\" src=\"https:\/\/dersuessestopp.com\/wp-content\/uploads\/2025\/09\/dlx-70.jpg\" alt=\"\" width=\"2000\" height=\"600\" srcset=\"https:\/\/dersuessestopp.com\/wp-content\/uploads\/2025\/09\/dlx-70.jpg 2000w, https:\/\/dersuessestopp.com\/wp-content\/uploads\/2025\/09\/dlx-70-300x90.jpg 300w, https:\/\/dersuessestopp.com\/wp-content\/uploads\/2025\/09\/dlx-70-1024x307.jpg 1024w, https:\/\/dersuessestopp.com\/wp-content\/uploads\/2025\/09\/dlx-70-768x230.jpg 768w, https:\/\/dersuessestopp.com\/wp-content\/uploads\/2025\/09\/dlx-70-1536x461.jpg 1536w, https:\/\/dersuessestopp.com\/wp-content\/uploads\/2025\/09\/dlx-70-250x75.jpg 250w, https:\/\/dersuessestopp.com\/wp-content\/uploads\/2025\/09\/dlx-70-600x180.jpg 600w\" sizes=\"(max-width: 2000px) 100vw, 2000px\" \/><\/p>\n<p data-start=\"213\" data-end=\"554\">The <strong data-start=\"217\" data-end=\"227\">DLX 70<\/strong> je kompaktan i elegantan <strong data-start=\"253\" data-end=\"286\">ventilirani kuhinjski pultni displej<\/strong> dizajniran za prezentaciju slastica, grickalica i deserta. Izra\u0111en od profesionalnih materijala i profinjenog dizajna, ima <strong data-start=\"415\" data-end=\"445\">stakleni ogra\u0111eni prostor sa \u010detiri strane<\/strong>, <strong data-start=\"447\" data-end=\"469\">klizna stra\u017enja vrata<\/strong>, i <strong data-start=\"477\" data-end=\"515\">konstrukcija od nehr\u0111aju\u0107eg \u010delika AISI 304<\/strong>, osiguravaju\u0107i i stil i trajnost.<\/p>\n<p data-start=\"556\" data-end=\"834\">Djeluju\u0107i unutar <strong data-start=\"575\" data-end=\"614\">temperaturni raspon od 0 \u00b0C do +18 \u00b0C<\/strong>, DLX 70 odr\u017eava savr\u0161ene uvjete za ohla\u0111ene ili sobne kola\u010de, grickalice i pi\u0107a. <strong data-start=\"716\" data-end=\"741\">elektroni\u010dki termostat<\/strong> jam\u010di preciznu kontrolu, dok <strong data-start=\"780\" data-end=\"808\">automatski sustav odmrzavanja<\/strong> pojednostavljuje odr\u017eavanje.<\/p>\n<p data-start=\"836\" data-end=\"855\"><strong data-start=\"836\" data-end=\"853\">Klju\u010dne zna\u010dajke:<\/strong><\/p>\n<ul data-start=\"856\" data-end=\"1321\">\n<li data-start=\"856\" data-end=\"906\">\n<p data-start=\"858\" data-end=\"906\">Ventilirani pult za izlaganje peciva i grickalica<\/p>\n<\/li>\n<li data-start=\"907\" data-end=\"943\">\n<p data-start=\"909\" data-end=\"943\">Raspon temperature: 0 \u00b0C \/ +18 \u00b0C<\/p>\n<\/li>\n<li data-start=\"944\" data-end=\"986\">\n<p data-start=\"946\" data-end=\"986\">Kompaktni dizajn s kliznim stra\u017enjim vratima<\/p>\n<\/li>\n<li data-start=\"987\" data-end=\"1037\">\n<p data-start=\"989\" data-end=\"1037\">Nehr\u0111aju\u0107i \u010delik AISI 304 vanjska i unutarnja strana<\/p>\n<\/li>\n<li data-start=\"1038\" data-end=\"1096\">\n<p data-start=\"1040\" data-end=\"1096\">Police od kaljenog stakla s prednjim rubom od nehr\u0111aju\u0107eg \u010delika<\/p>\n<\/li>\n<li data-start=\"1097\" data-end=\"1145\">\n<p data-start=\"1099\" data-end=\"1145\">LED rasvjeta za bolju vidljivost proizvoda<\/p>\n<\/li>\n<li data-start=\"1146\" data-end=\"1203\">\n<p data-start=\"1148\" data-end=\"1203\">Elektroni\u010dki termostat za preciznu kontrolu temperature<\/p>\n<\/li>\n<li data-start=\"1204\" data-end=\"1241\">\n<p data-start=\"1206\" data-end=\"1241\">Automatsko odmrzavanje s zaustavljanjem kompresora<\/p>\n<\/li>\n<li data-start=\"1242\" data-end=\"1289\">\n<p data-start=\"1244\" data-end=\"1289\">Opcionalno daljinsko pra\u0107enje putem Smart Link Wi-Fi mre\u017ee<\/p>\n<\/li>\n<li data-start=\"1290\" data-end=\"1321\">\n<p data-start=\"1292\" data-end=\"1321\">Rad s niskom razinom buke (53 dB)<\/p>\n<\/li>\n<\/ul>\n<p data-start=\"1323\" data-end=\"1507\">Elegantno, u\u010dinkovito i kompaktno - <strong data-start=\"1361\" data-end=\"1371\">DLX 70<\/strong> nudi savr\u0161eno rje\u0161enje za male prostore i profesionalna okru\u017eenja koja zahtijevaju pouzdane performanse prezentacije i hla\u0111enja.<\/p>\n<table style=\"height: 360px;\" width=\"512\" cellspacing=\"0\">\n<tbody>\n<tr>\n<td bgcolor=\"#FFFFFF\">\n<p class=\"s12\"><span dir=\"auto\">\u00a0Dimenzije mm<\/span><\/p>\n<\/td>\n<td bgcolor=\"#FFFFFF\">\n<p class=\"s12\"><span dir=\"auto\">DLX 70<\/span><\/p>\n<\/td>\n<td bgcolor=\"#FFFFFF\">\n<p class=\"s12\"><span dir=\"auto\">DLX 90<\/span><\/p>\n<\/td>\n<\/tr>\n<tr>\n<td>\n<p class=\"s13\"><span dir=\"auto\">Vanjske dimenzije (\u00a0<\/span><span dir=\"auto\">\u0160xDxV)<\/span><\/p>\n<\/td>\n<td>\n<p class=\"s13\"><span dir=\"auto\">700 x 560 x 730<\/span><\/p>\n<\/td>\n<td>\n<p class=\"s13\"><span dir=\"auto\">900 x 560 x 730<\/span><\/p>\n<\/td>\n<\/tr>\n<tr>\n<td>\n<p class=\"s13\"><span dir=\"auto\">Dimenzije pakiranja (\u00a0<\/span><span dir=\"auto\">\u0160xDxV)<\/span><\/p>\n<\/td>\n<td>\n<p class=\"s13\"><span dir=\"auto\">785 x 645 x 850<\/span><\/p>\n<\/td>\n<td>\n<p class=\"s13\"><span dir=\"auto\">985 x 645 x 850<\/span><\/p>\n<\/td>\n<\/tr>\n<tr>\n<td>\n<p class=\"s13\"><span dir=\"auto\">\u00a0<\/span><span dir=\"auto\">\u0160irina<\/span><\/p>\n<\/td>\n<td>\n<p class=\"s13\"><span dir=\"auto\">670<\/span><\/p>\n<\/td>\n<td>\n<p class=\"s13\"><span dir=\"auto\">870<\/span><\/p>\n<\/td>\n<\/tr>\n<tr>\n<td>\n<p class=\"s13\"><span dir=\"auto\">Dubina<\/span><\/p>\n<\/td>\n<td>\n<p class=\"s13\"><span dir=\"auto\">460<\/span><\/p>\n<\/td>\n<td>\n<p class=\"s13\"><span dir=\"auto\">460<\/span><\/p>\n<\/td>\n<\/tr>\n<tr>\n<td>\n<p class=\"s13\"><span dir=\"auto\">\u00a0<\/span><span dir=\"auto\">Visina<\/span><\/p>\n<\/td>\n<td>\n<p class=\"s13\"><span dir=\"auto\">410<\/span><\/p>\n<\/td>\n<td>\n<p class=\"s13\"><span dir=\"auto\">410<\/span><\/p>\n<\/td>\n<\/tr>\n<\/tbody>\n<\/table>\n<p>&nbsp;<\/p>\n<table style=\"height: 1265px;\" width=\"946\" cellspacing=\"0\">\n<tbody>\n<tr>\n<td bgcolor=\"#FFFFFF\">\n<p class=\"s12\"><span dir=\"auto\">Tehni\u010dke zna\u010dajke<\/span><\/p>\n<\/td>\n<td bgcolor=\"#FFFFFF\">\n<p class=\"s12\"><span dir=\"auto\">DLX 70<\/span><\/p>\n<\/td>\n<td bgcolor=\"#FFFFFF\">\n<p class=\"s12\"><span dir=\"auto\">DLX 90<\/span><\/p>\n<\/td>\n<\/tr>\n<tr>\n<td>\n<p class=\"s13\"><span dir=\"auto\">Raspon temperature<\/span><\/p>\n<\/td>\n<td>\n<p class=\"s13\"><span dir=\"auto\">0 \u00b0C \/ +18 \u00b0C<\/span><\/p>\n<\/td>\n<td>\n<p class=\"s13\"><span dir=\"auto\">0 \u00b0C \/ +18 \u00b0C<\/span><\/p>\n<\/td>\n<\/tr>\n<tr>\n<td>\n<p class=\"s13\"><span dir=\"auto\">Klima\u00a0<\/span><span dir=\"auto\">Razred<\/span><\/p>\n<\/td>\n<td>\n<p class=\"s13\"><span dir=\"auto\">4<\/span><\/p>\n<\/td>\n<td>\n<p class=\"s13\"><span dir=\"auto\">4<\/span><\/p>\n<\/td>\n<\/tr>\n<tr>\n<td>\n<p class=\"s13\"><span dir=\"auto\">Neto bruto volumen<\/span><\/p>\n<\/td>\n<td>\n<p class=\"s13\"><span dir=\"auto\">Poru\u010dnik 120\/130<\/span><\/p>\n<\/td>\n<td>\n<p class=\"s13\"><span dir=\"auto\">Lt.160 \/ 175<\/span><\/p>\n<\/td>\n<\/tr>\n<tr>\n<td>\n<p class=\"s13\"><span dir=\"auto\">Vanjska povr\u0161ina \/\u00a0<\/span><span dir=\"auto\">Tijelo<\/span><\/p>\n<\/td>\n<td>\n<p class=\"s13\"><span dir=\"auto\">\u010celik AISI 304 \/\u00a0<\/span><span dir=\"auto\">Nehr\u0111aju\u0107i \u010delik AISI 304<\/span><\/p>\n<\/td>\n<td>\n<p class=\"s13\"><span dir=\"auto\">\u010celik AISI 304 \/\u00a0<\/span><span dir=\"auto\">Nehr\u0111aju\u0107i \u010delik AISI 304<\/span><\/p>\n<\/td>\n<\/tr>\n<tr>\n<td>\n<p class=\"s13\"><span dir=\"auto\">Unutarnja povr\u0161ina<\/span><\/p>\n<\/td>\n<td>\n<p class=\"s13\"><span dir=\"auto\">\u010celik AISI 304 \/\u00a0<\/span><span dir=\"auto\">Nehr\u0111aju\u0107i \u010delik AISI 304<\/span><\/p>\n<\/td>\n<td>\n<p class=\"s13\"><span dir=\"auto\">\u010celik AISI 304 \/\u00a0<\/span><span dir=\"auto\">Nehr\u0111aju\u0107i \u010delik AISI 304<\/span><\/p>\n<\/td>\n<\/tr>\n<tr>\n<td>\n<p class=\"s13\"><span dir=\"auto\">Termostat<\/span><span dir=\"auto\">\u200b<\/span><\/p>\n<\/td>\n<td>\n<p class=\"s13\"><span dir=\"auto\">Elektronika<\/span><span dir=\"auto\">\u200b<\/span><\/p>\n<\/td>\n<td>\n<p class=\"s13\"><span dir=\"auto\">Elektronika<\/span><span dir=\"auto\">\u200b<\/span><\/p>\n<\/td>\n<\/tr>\n<tr>\n<td>\n<p class=\"s13\"><span dir=\"auto\">Pametna veza WiFi | Daljinski upravlja\u010d\u00a0<\/span><span dir=\"auto\">Kontrolirati<\/span><\/p>\n<\/td>\n<td>\n<p class=\"s13\"><span dir=\"auto\">Izborno<\/span><\/p>\n<\/td>\n<td>\n<p class=\"s13\"><span dir=\"auto\">Izborno<\/span><\/p>\n<\/td>\n<\/tr>\n<tr>\n<td>\n<p class=\"s13\"><span dir=\"auto\">Buka\u00a0<\/span><span dir=\"auto\">razina<\/span><\/p>\n<\/td>\n<td>\n<p class=\"s13\"><span dir=\"auto\">dB 53<\/span><\/p>\n<\/td>\n<td>\n<p class=\"s13\"><span dir=\"auto\">dB 56<\/span><\/p>\n<\/td>\n<\/tr>\n<tr>\n<td>\n<p class=\"s13\"><span dir=\"auto\">Izolacija\u00a0<\/span><span dir=\"auto\">debljina<\/span><\/p>\n<\/td>\n<td>\n<p class=\"s13\"><span dir=\"auto\">45 mm<\/span><\/p>\n<\/td>\n<td>\n<p class=\"s13\"><span dir=\"auto\">45 mm<\/span><\/p>\n<\/td>\n<\/tr>\n<tr>\n<td>\n<p class=\"s13\"><span dir=\"auto\">Odmrzavanje\u00a0<\/span><span dir=\"auto\">Odmrzavanje<\/span><\/p>\n<\/td>\n<td>\n<p class=\"s13\"><span dir=\"auto\">Automatski kompresor\u00a0<\/span><span dir=\"auto\">ciklus<\/span><\/p>\n<\/td>\n<td>\n<p class=\"s13\"><span dir=\"auto\">Automatski kompresor\u00a0<\/span><span dir=\"auto\">ciklus<\/span><\/p>\n<\/td>\n<\/tr>\n<tr>\n<td>\n<p class=\"s13\"><span dir=\"auto\">Rasvjeta<\/span><span dir=\"auto\">\u200b<\/span><\/p>\n<\/td>\n<td>\n<p class=\"s13\"><span dir=\"auto\">1 horizontalna LED dioda<\/span><\/p>\n<\/td>\n<td>\n<p class=\"s13\"><span dir=\"auto\">1 horizontalna LED dioda<\/span><\/p>\n<\/td>\n<\/tr>\n<tr>\n<td>\n<p class=\"s13\"><span dir=\"auto\">Police od kaljenog stakla (\u0160xD)<\/span><\/p>\n<\/td>\n<td>\n<p class=\"s13\"><span dir=\"auto\">Br. 1 mm 580 x 228<\/span><\/p>\n<p class=\"s13\"><span dir=\"auto\">Br. 1 mm 580 x 278<\/span><\/p>\n<\/td>\n<td>\n<p class=\"s13\"><span dir=\"auto\">Br. 1 mm 780 x 228<\/span><\/p>\n<p class=\"s13\"><span dir=\"auto\">Br. 1 mm 780 x 278<\/span><\/p>\n<\/td>\n<\/tr>\n<tr>\n<td>\n<p class=\"s13\"><span dir=\"auto\">Kota\u010di\u0107i\u00a0<\/span><span dir=\"auto\">-Stopala<\/span><\/p>\n<\/td>\n<td>\n<p class=\"s13\"><span dir=\"auto\">4 stope<\/span><\/p>\n<\/td>\n<td>\n<p class=\"s13\"><span dir=\"auto\">4 stope<\/span><\/p>\n<\/td>\n<\/tr>\n<tr>\n<td>\n<p class=\"s13\"><span dir=\"auto\">Neto-\u00a0<\/span><span dir=\"auto\">Bruto te\u017eina<\/span><\/p>\n<\/td>\n<td>\n<p class=\"s13\"><span dir=\"auto\">Kg 70 \/ 93<\/span><\/p>\n<\/td>\n<td>\n<p class=\"s13\"><span dir=\"auto\">80 \/ 103 kg<\/span><\/p>\n<\/td>\n<\/tr>\n<tr>\n<td>\n<p class=\"s13\"><span dir=\"auto\">Napon<\/span><span dir=\"auto\">\u200b<\/span><\/p>\n<\/td>\n<td>\n<p class=\"s13\"><span dir=\"auto\">V 220-240<\/span><\/p>\n<\/td>\n<td>\n<p class=\"s13\"><span dir=\"auto\">V 220-240<\/span><\/p>\n<\/td>\n<\/tr>\n<tr>\n<td>\n<p class=\"s13\"><span dir=\"auto\">Frekvencija<\/span><span dir=\"auto\">\u200b<\/span><\/p>\n<\/td>\n<td>\n<p class=\"s13\"><span dir=\"auto\">Hz 50<\/span><\/p>\n<\/td>\n<td>\n<p class=\"s13\"><span dir=\"auto\">Hz 50<\/span><\/p>\n<\/td>\n<\/tr>\n<tr>\n<td>\n<p class=\"s13\"><span dir=\"auto\">Rashladno sredstvo<\/span><span dir=\"auto\">\u200b<\/span><\/p>\n<\/td>\n<td>\n<p class=\"s13\"><span dir=\"auto\">R600A<\/span><\/p>\n<\/td>\n<td>\n<p class=\"s13\"><span dir=\"auto\">R600A<\/span><\/p>\n<\/td>\n<\/tr>\n<tr>\n<td>\n<p class=\"s13\"><span dir=\"auto\">Apsorpcija<\/span><span dir=\"auto\">\u200b<\/span><\/p>\n<\/td>\n<td>\n<p class=\"s13\"><span dir=\"auto\">Z 185<\/span><\/p>\n<\/td>\n<td>\n<p class=\"s13\"><span dir=\"auto\">Z 200<\/span><\/p>\n<\/td>\n<\/tr>\n<tr>\n<td>\n<p class=\"s13\"><span dir=\"auto\">Potro\u0161nja energije<\/span><\/p>\n<\/td>\n<td>\n<p class=\"s13\"><span dir=\"auto\">kWh\/24 sata 3,05<\/span><\/p>\n<\/td>\n<td>\n<p class=\"s13\"><span dir=\"auto\">kWh\/24 sata 3,72<\/span><\/p>\n<\/td>\n<\/tr>\n<\/tbody>\n<\/table>","protected":false},"excerpt":{"rendered":"<p>0 \u00b0C \/ +18 \u00b0C Vitrina za grickalice\/peciva, klizna vrata<\/p>","protected":false},"featured_media":10513,"comment_status":"open","ping_status":"closed","template":"","meta":[],"product_brand":[],"product_cat":[119,53],"product_tag":[],"class_list":{"0":"post-10472","1":"product","2":"type-product","3":"status-publish","4":"has-post-thumbnail","6":"product_cat-hot-and-cold-display-cases","7":"product_cat-pastry-bakery-cooling","9":"first","10":"instock","11":"shipping-taxable","12":"purchasable","13":"product-type-simple"},"_links":{"self":[{"href":"https:\/\/dersuessestopp.com\/hr\/wp-json\/wp\/v2\/product\/10472","targetHints":{"allow":["GET"]}}],"collection":[{"href":"https:\/\/dersuessestopp.com\/hr\/wp-json\/wp\/v2\/product"}],"about":[{"href":"https:\/\/dersuessestopp.com\/hr\/wp-json\/wp\/v2\/types\/product"}],"replies":[{"embeddable":true,"href":"https:\/\/dersuessestopp.com\/hr\/wp-json\/wp\/v2\/comments?post=10472"}],"version-history":[{"count":3,"href":"https:\/\/dersuessestopp.com\/hr\/wp-json\/wp\/v2\/product\/10472\/revisions"}],"predecessor-version":[{"id":11761,"href":"https:\/\/dersuessestopp.com\/hr\/wp-json\/wp\/v2\/product\/10472\/revisions\/11761"}],"wp:featuredmedia":[{"embeddable":true,"href":"https:\/\/dersuessestopp.com\/hr\/wp-json\/wp\/v2\/media\/10513"}],"wp:attachment":[{"href":"https:\/\/dersuessestopp.com\/hr\/wp-json\/wp\/v2\/media?parent=10472"}],"wp:term":[{"taxonomy":"product_brand","embeddable":true,"href":"https:\/\/dersuessestopp.com\/hr\/wp-json\/wp\/v2\/product_brand?post=10472"},{"taxonomy":"product_cat","embeddable":true,"href":"https:\/\/dersuessestopp.com\/hr\/wp-json\/wp\/v2\/product_cat?post=10472"},{"taxonomy":"product_tag","embeddable":true,"href":"https:\/\/dersuessestopp.com\/hr\/wp-json\/wp\/v2\/product_tag?post=10472"}],"curies":[{"name":"wp","href":"https:\/\/api.w.org\/{rel}","templated":true}]}}