{"id":10413,"date":"2025-09-29T14:59:34","date_gmt":"2025-09-29T14:59:34","guid":{"rendered":"https:\/\/dersuessestopp.com\/?post_type=product&#038;p=10413"},"modified":"2025-10-08T22:31:31","modified_gmt":"2025-10-08T22:31:31","slug":"led-7","status":"publish","type":"product","link":"https:\/\/dersuessestopp.com\/hr\/product\/ice-7\/","title":{"rendered":"ICE 7"},"content":{"rendered":"<p data-start=\"196\" data-end=\"543\"><img fetchpriority=\"high\" decoding=\"async\" class=\"alignnone wp-image-11814 size-full\" src=\"https:\/\/dersuessestopp.com\/wp-content\/uploads\/2025\/09\/ICE7_ICE8-Dettagli.jpg\" alt=\"\" width=\"2000\" height=\"600\" srcset=\"https:\/\/dersuessestopp.com\/wp-content\/uploads\/2025\/09\/ICE7_ICE8-Dettagli.jpg 2000w, https:\/\/dersuessestopp.com\/wp-content\/uploads\/2025\/09\/ICE7_ICE8-Dettagli-300x90.jpg 300w, https:\/\/dersuessestopp.com\/wp-content\/uploads\/2025\/09\/ICE7_ICE8-Dettagli-1024x307.jpg 1024w, https:\/\/dersuessestopp.com\/wp-content\/uploads\/2025\/09\/ICE7_ICE8-Dettagli-768x230.jpg 768w, https:\/\/dersuessestopp.com\/wp-content\/uploads\/2025\/09\/ICE7_ICE8-Dettagli-1536x461.jpg 1536w, https:\/\/dersuessestopp.com\/wp-content\/uploads\/2025\/09\/ICE7_ICE8-Dettagli-250x75.jpg 250w, https:\/\/dersuessestopp.com\/wp-content\/uploads\/2025\/09\/ICE7_ICE8-Dettagli-600x180.jpg 600w\" sizes=\"(max-width: 2000px) 100vw, 2000px\" \/><\/p>\n<p data-start=\"196\" data-end=\"543\">The <strong data-start=\"200\" data-end=\"209\">ICE 7<\/strong> je kompaktan, profesionalan <strong data-start=\"237\" data-end=\"266\">zamrziva\u010d za sladoled<\/strong> dizajniran za predstavljanje gelata i smrznutih slastica u savr\u0161enom stanju. Radi izme\u0111u <strong data-start=\"354\" data-end=\"375\">-23 \u00b0C i -13 \u00b0C<\/strong>, osigurava pouzdano hla\u0111enje i dosljedne performanse. Njegov <strong data-start=\"437\" data-end=\"460\">moderni dizajn stakla<\/strong>, <strong data-start=\"462\" data-end=\"478\">LED rasvjeta<\/strong>, i <strong data-start=\"484\" data-end=\"500\">klizni poklopci<\/strong> osigurati potpunu vidljivost i jednostavan pristup.<\/p>\n<p data-start=\"545\" data-end=\"743\">Izgra\u0111eno s <strong data-start=\"558\" data-end=\"599\">izdr\u017eljiva, prethodno obojena karoserija protiv korozije<\/strong> i <strong data-start=\"604\" data-end=\"634\">unutra\u0161njost od reljefnog aluminija<\/strong>, ICE 7 nudi dugotrajnu kvalitetu i jednostavno odr\u017eavanje. Idealan za kafi\u0107e, slasti\u010darnice i slasti\u010darnice.<\/p>\n<p data-start=\"745\" data-end=\"923\"><strong data-start=\"745\" data-end=\"762\">Klju\u010dne zna\u010dajke:<\/strong> Stati\u010dko hla\u0111enje, LED rasvjeta, ru\u010dno odmrzavanje, mehani\u010dki termostat, brava s klju\u010dem i 4 kota\u010di\u0107a.<br data-start=\"866\" data-end=\"869\" \/><strong data-start=\"869\" data-end=\"882\">Kapacitet:<\/strong> 7 standardnih posuda za sladoled (nisu uklju\u010dene).<\/p>\n<table style=\"height: 740px;\" width=\"945\" cellspacing=\"0\">\n<tbody>\n<tr>\n<td bgcolor=\"#FFFFFF\">\n<p class=\"s10\"><span dir=\"auto\">Dimenzije mm<\/span><\/p>\n<\/td>\n<td bgcolor=\"#FFFFFF\">\n<p class=\"s10\"><span dir=\"auto\">ICE 7<\/span><\/p>\n<\/td>\n<td bgcolor=\"#FFFFFF\">\n<p class=\"s10\"><span dir=\"auto\">ICE 8<\/span><\/p>\n<\/td>\n<\/tr>\n<tr>\n<td>\n<p class=\"s11\"><span dir=\"auto\">Vanjske dimenzije (\u00a0<\/span><span dir=\"auto\">\u0160xDxV)<\/span><\/p>\n<\/td>\n<td>\n<p class=\"s11\"><span dir=\"auto\">1305 x 635 x 1240<\/span><\/p>\n<\/td>\n<td>\n<p class=\"s11\"><span dir=\"auto\">1555 x 635 x 1240<\/span><\/p>\n<\/td>\n<\/tr>\n<tr>\n<td>\n<p class=\"s11\"><span dir=\"auto\">Dimenzije pakiranja \u2013 rashladna baza (\u0160xDxV)\u00a0<\/span><span dir=\"auto\">)<\/span><\/p>\n<\/td>\n<td>\n<p class=\"s11\"><span dir=\"auto\">1355 x 700 x 965<\/span><\/p>\n<\/td>\n<td>\n<p class=\"s11\"><span dir=\"auto\">1610 x 700 x 965<\/span><\/p>\n<\/td>\n<\/tr>\n<tr>\n<td>\n<p class=\"s11\"><span dir=\"auto\">Dimenzije pakiranja \u2013 Staklena jedinica (\u0160xDxV)\u00a0<\/span><\/p>\n<\/td>\n<td>\n<p class=\"s11\"><span dir=\"auto\">1390 x 620 x 250<\/span><\/p>\n<\/td>\n<td>\n<p class=\"s11\"><span dir=\"auto\">1650 x 620 x 250<\/span><\/p>\n<\/td>\n<\/tr>\n<tr>\n<td>\n<p class=\"s11\"><span dir=\"auto\">\u00a0<\/span><span dir=\"auto\">\u0160irina<\/span><\/p>\n<\/td>\n<td>\n<p class=\"s11\"><span dir=\"auto\">1180<\/span><\/p>\n<\/td>\n<td>\n<p class=\"s11\"><span dir=\"auto\">1430<\/span><\/p>\n<\/td>\n<\/tr>\n<tr>\n<td>\n<p class=\"s11\"><span dir=\"auto\">Dubina<\/span><\/p>\n<\/td>\n<td>\n<p class=\"s11\"><span dir=\"auto\">510<\/span><\/p>\n<\/td>\n<td>\n<p class=\"s11\"><span dir=\"auto\">510<\/span><\/p>\n<\/td>\n<\/tr>\n<tr>\n<td>\n<p class=\"s11\"><span dir=\"auto\">Visina<\/span><\/p>\n<\/td>\n<td>\n<p class=\"s11\"><span dir=\"auto\">560<\/span><\/p>\n<\/td>\n<td>\n<p class=\"s11\"><span dir=\"auto\">560<\/span><\/p>\n<\/td>\n<\/tr>\n<tr>\n<td>\n<p class=\"s11\"><span dir=\"auto\">Min. visina<\/span><\/p>\n<\/td>\n<td>\n<p class=\"s11\"><span dir=\"auto\">330<\/span><\/p>\n<\/td>\n<td>\n<p class=\"s11\"><span dir=\"auto\">330<\/span><\/p>\n<\/td>\n<\/tr>\n<tr>\n<td>\n<p class=\"s11\"><span dir=\"auto\">\u00a0<\/span><span dir=\"auto\">Min. \u0161irina<\/span><\/p>\n<\/td>\n<td>\n<p class=\"s11\"><span dir=\"auto\">970<\/span><\/p>\n<\/td>\n<td>\n<p class=\"s11\"><span dir=\"auto\">1210<\/span><\/p>\n<\/td>\n<\/tr>\n<tr>\n<td>\n<p class=\"s11\"><span dir=\"auto\">Desna strana\u00a0<\/span><span dir=\"auto\">Naljepnica<\/span><\/p>\n<\/td>\n<td>\n<p class=\"s11\"><span dir=\"auto\">625 x 490\/379<\/span><\/p>\n<\/td>\n<td>\n<p class=\"s11\"><span dir=\"auto\">625 x 490\/379<\/span><\/p>\n<\/td>\n<\/tr>\n<tr>\n<td>\n<p class=\"s11\"><span dir=\"auto\">Naljepnica lijeve strane<\/span><\/p>\n<\/td>\n<td>\n<p class=\"s11\"><span dir=\"auto\">625 x 750\/638<\/span><\/p>\n<\/td>\n<td>\n<p class=\"s11\"><span dir=\"auto\">625 x 750\/638<\/span><\/p>\n<\/td>\n<\/tr>\n<tr>\n<td>\n<p class=\"s11\"><span dir=\"auto\">Ispred\u00a0<\/span><span dir=\"auto\">Naljepnica<\/span><\/p>\n<\/td>\n<td>\n<p class=\"s11\"><span dir=\"auto\">1295 x 643<\/span><\/p>\n<\/td>\n<td>\n<p class=\"s11\"><span dir=\"auto\">1545 x 643<\/span><\/p>\n<\/td>\n<\/tr>\n<\/tbody>\n<\/table>\n<p>&nbsp;<\/p>\n<table style=\"height: 1437px;\" width=\"1046\" cellspacing=\"0\">\n<tbody>\n<tr>\n<td bgcolor=\"#FFFFFF\">\n<p class=\"s10\"><span dir=\"auto\">Tehni\u010dke zna\u010dajke<\/span><\/p>\n<\/td>\n<td bgcolor=\"#FFFFFF\">\n<p class=\"s10\"><span dir=\"auto\">ICE 7<\/span><\/p>\n<\/td>\n<td bgcolor=\"#FFFFFF\">\n<p class=\"s10\"><span dir=\"auto\">ICE 8<\/span><\/p>\n<\/td>\n<\/tr>\n<tr>\n<td>\n<p class=\"s11\"><span dir=\"auto\">\u00a0<\/span><span dir=\"auto\">Raspon temperature<\/span><\/p>\n<\/td>\n<td>\n<p class=\"s11\"><span dir=\"auto\">-23 \u00b0C \/ -13 \u00b0C<\/span><\/p>\n<\/td>\n<td>\n<p class=\"s11\"><span dir=\"auto\">-23 \u00b0C \/ -13 \u00b0C<\/span><\/p>\n<\/td>\n<\/tr>\n<tr>\n<td>\n<p class=\"s11\"><span dir=\"auto\">Klima\u00a0<\/span><span dir=\"auto\">Razred<\/span><\/p>\n<\/td>\n<td>\n<p class=\"s11\"><span dir=\"auto\">4<\/span><\/p>\n<\/td>\n<td>\n<p class=\"s11\"><span dir=\"auto\">4<\/span><\/p>\n<\/td>\n<\/tr>\n<tr>\n<td>\n<p class=\"s11\"><span dir=\"auto\">\u00a0<\/span><span dir=\"auto\">Neto bruto volumen<\/span><\/p>\n<\/td>\n<td>\n<p class=\"s11\"><span dir=\"auto\">Poru\u010dnik 337 \/ 381<\/span><\/p>\n<\/td>\n<td>\n<p class=\"s11\"><span dir=\"auto\">Poru\u010dnik 414\/467<\/span><\/p>\n<\/td>\n<\/tr>\n<tr>\n<td>\n<p class=\"s11\"><span dir=\"auto\">Vanjska povr\u0161ina tijela<\/span><\/p>\n<\/td>\n<td>\n<p class=\"s11\"><span dir=\"auto\">Prethodno obojeni lim <\/span><span dir=\"auto\">s antikorozivnom obradom<\/span><\/p>\n<\/td>\n<td>\n<p class=\"s11\"><span dir=\"auto\">Prethodno obojeni lim <\/span><span dir=\"auto\">s antikorozivnom obradom<\/span><\/p>\n<\/td>\n<\/tr>\n<tr>\n<td>\n<p class=\"s11\"><span dir=\"auto\">Unutarnja povr\u0161ina\u00a0<\/span><span dir=\"auto\">Unutarnja obloga<\/span><\/p>\n<\/td>\n<td>\n<p class=\"s11\"><span dir=\"auto\">Reljefni aluminij<\/span><\/p>\n<\/td>\n<td>\n<p class=\"s11\"><span dir=\"auto\">Reljefni aluminij<\/span><\/p>\n<\/td>\n<\/tr>\n<tr>\n<td>\n<p class=\"s11\"><span dir=\"auto\">Termometar<\/span><span dir=\"auto\">\u200b<\/span><\/p>\n<\/td>\n<td>\n<p class=\"s11\"><span dir=\"auto\">Analogni<\/span><span dir=\"auto\">\u200b<\/span><\/p>\n<\/td>\n<td>\n<p class=\"s11\"><span dir=\"auto\">Analogni<\/span><span dir=\"auto\">\u200b<\/span><\/p>\n<\/td>\n<\/tr>\n<tr>\n<td>\n<p class=\"s11\"><span dir=\"auto\">Regulator temperature \/\u00a0<\/span><span dir=\"auto\">Kontroler<\/span><\/p>\n<\/td>\n<td>\n<p class=\"s11\"><span dir=\"auto\">\u00a0<\/span><span dir=\"auto\">Mehani\u010dki<\/span><\/p>\n<\/td>\n<td>\n<p class=\"s11\"><span dir=\"auto\">\u00a0<\/span><span dir=\"auto\">Mehani\u010dki<\/span><\/p>\n<\/td>\n<\/tr>\n<tr>\n<td>\n<p class=\"s11\"><span dir=\"auto\">Buka\u00a0<\/span><span dir=\"auto\">razina<\/span><\/p>\n<\/td>\n<td>\n<p class=\"s11\"><span dir=\"auto\">dB 52<\/span><\/p>\n<\/td>\n<td>\n<p class=\"s11\"><span dir=\"auto\">dB 53<\/span><\/p>\n<\/td>\n<\/tr>\n<tr>\n<td>\n<p class=\"s11\"><span dir=\"auto\">Izolacija\u00a0<\/span><span dir=\"auto\">debljina<\/span><\/p>\n<\/td>\n<td>\n<p class=\"s11\"><span dir=\"auto\">60 mm<\/span><\/p>\n<\/td>\n<td>\n<p class=\"s11\"><span dir=\"auto\">60 mm<\/span><\/p>\n<\/td>\n<\/tr>\n<tr>\n<td>\n<p class=\"s11\"><span dir=\"auto\">Odmrzavanje\u00a0<\/span><\/p>\n<\/td>\n<td>\n<p class=\"s11\"><span dir=\"auto\">\u00a0<\/span><span dir=\"auto\">Priru\u010dnik<\/span><\/p>\n<\/td>\n<td>\n<p class=\"s11\"><span dir=\"auto\">Priru\u010dnik\u00a0<\/span><\/p>\n<\/td>\n<\/tr>\n<tr>\n<td>\n<p class=\"s11\"><span dir=\"auto\">Rasvjeta\u00a0<\/span><\/p>\n<\/td>\n<td>\n<p class=\"s11\"><span dir=\"auto\">LED<\/span><\/p>\n<\/td>\n<td>\n<p class=\"s11\"><span dir=\"auto\">LED<\/span><\/p>\n<\/td>\n<\/tr>\n<tr>\n<td>\n<p class=\"s11\"><span dir=\"auto\">Zaklju\u010daj\u00a0<\/span><span dir=\"auto\">i klju\u010d<\/span><\/p>\n<\/td>\n<td>\n<p class=\"s11\"><span dir=\"auto\">Da<\/span><span dir=\"auto\">\u200b<\/span><\/p>\n<\/td>\n<td>\n<p class=\"s11\"><span dir=\"auto\">Da<\/span><span dir=\"auto\">\u200b<\/span><\/p>\n<\/td>\n<\/tr>\n<tr>\n<td>\n<p class=\"s11\"><span dir=\"auto\">Ko\u0161are od nehr\u0111aju\u0107eg \u010delika i dimenzije (\u0160xDxV)\u00a0<\/span><span dir=\"auto\">)<\/span><\/p>\n<\/td>\n<td>\n<p class=\"s11\"><span dir=\"auto\">Ne\u00a0<\/span><span dir=\"auto\">uklju\u010deno<\/span><\/p>\n<p class=\"s11\"><span dir=\"auto\">Br. 7 \u2013 mm 165 x 360 x 100 \u2013 l 4,25<\/span><\/p>\n<p class=\"s11\"><span dir=\"auto\">Br. 7 \u2013 165 x 360 x 120 mm \u2013 l. 5<\/span><\/p>\n<\/td>\n<td>\n<p class=\"s11\"><span dir=\"auto\">Ne\u00a0<\/span><span dir=\"auto\">uklju\u010deno<\/span><\/p>\n<p class=\"s11\"><span dir=\"auto\">Br. 8 \u2013 mm 165 x 360 x 100 \u2013 l 4,25<\/span><\/p>\n<p class=\"s11\"><span dir=\"auto\">Br. 8 \u2013 165 x 360 x 120 mm \u2013 l. 5<\/span><\/p>\n<\/td>\n<\/tr>\n<tr>\n<td>\n<p class=\"s11\"><span dir=\"auto\">Kota\u010di\u0107i\u00a0<\/span><span dir=\"auto\">-Stopala<\/span><\/p>\n<\/td>\n<td>\n<p class=\"s11\"><span dir=\"auto\">4 kota\u010da \/\u00a0<\/span><span dir=\"auto\">4 kota\u010di\u0107a<\/span><\/p>\n<\/td>\n<td>\n<p class=\"s11\"><span dir=\"auto\">4 kota\u010da \/\u00a0<\/span><span dir=\"auto\">4 kota\u010di\u0107a<\/span><\/p>\n<\/td>\n<\/tr>\n<tr>\n<td>\n<p class=\"s11\"><span dir=\"auto\">Neto-\u00a0<\/span><span dir=\"auto\">Bruto te\u017eina<\/span><\/p>\n<\/td>\n<td>\n<p class=\"s11\"><span dir=\"auto\">105 \/ 115 kg<\/span><\/p>\n<\/td>\n<td>\n<p class=\"s11\"><span dir=\"auto\">120 \/ 131 kg<\/span><\/p>\n<\/td>\n<\/tr>\n<tr>\n<td>\n<p class=\"s11\"><span dir=\"auto\">Napon<\/span><span dir=\"auto\">\u200b<\/span><\/p>\n<\/td>\n<td>\n<p class=\"s11\"><span dir=\"auto\">V 220-240<\/span><\/p>\n<\/td>\n<td>\n<p class=\"s11\"><span dir=\"auto\">V 220-240<\/span><\/p>\n<\/td>\n<\/tr>\n<tr>\n<td>\n<p class=\"s11\"><span dir=\"auto\">Frekvencija<\/span><span dir=\"auto\">\u200b<\/span><\/p>\n<\/td>\n<td>\n<p class=\"s11\"><span dir=\"auto\">Hz 50<\/span><\/p>\n<\/td>\n<td>\n<p class=\"s11\"><span dir=\"auto\">Hz 50<\/span><\/p>\n<\/td>\n<\/tr>\n<tr>\n<td>\n<p class=\"s11\"><span dir=\"auto\">Rashladno sredstvo<\/span><span dir=\"auto\">\u200b<\/span><\/p>\n<\/td>\n<td>\n<p class=\"s11\"><span dir=\"auto\">290 kuna<\/span><\/p>\n<\/td>\n<td>\n<p class=\"s11\"><span dir=\"auto\">290 kuna<\/span><\/p>\n<\/td>\n<\/tr>\n<tr>\n<td>\n<p class=\"s11\"><span dir=\"auto\">Apsorpcija<\/span><span dir=\"auto\">\u200b<\/span><\/p>\n<\/td>\n<td>\n<p class=\"s11\"><span dir=\"auto\">Z 299<\/span><\/p>\n<\/td>\n<td>\n<p class=\"s11\"><span dir=\"auto\">Z 293<\/span><\/p>\n<\/td>\n<\/tr>\n<tr>\n<td>\n<p class=\"s11\"><span dir=\"auto\">Potro\u0161nja energije<\/span><\/p>\n<\/td>\n<td>\n<p class=\"s11\"><span dir=\"auto\">kWh\/24 sata 4,3<\/span><\/p>\n<\/td>\n<td>\n<p class=\"s11\"><span dir=\"auto\">kWh\/24 sata 4,65<\/span><\/p>\n<\/td>\n<\/tr>\n<\/tbody>\n<\/table>","protected":false},"excerpt":{"rendered":"<p>-23 \u00b0C \/ -13 \u00b0C Stati\u010dna vitrina za sladoled<\/p>","protected":false},"featured_media":10464,"comment_status":"open","ping_status":"closed","template":"","meta":[],"product_brand":[],"product_cat":[116,53],"product_tag":[],"class_list":{"0":"post-10413","1":"product","2":"type-product","3":"status-publish","4":"has-post-thumbnail","6":"product_cat-gelato-display-cases","7":"product_cat-pastry-bakery-cooling","9":"first","10":"instock","11":"shipping-taxable","12":"purchasable","13":"product-type-simple"},"_links":{"self":[{"href":"https:\/\/dersuessestopp.com\/hr\/wp-json\/wp\/v2\/product\/10413","targetHints":{"allow":["GET"]}}],"collection":[{"href":"https:\/\/dersuessestopp.com\/hr\/wp-json\/wp\/v2\/product"}],"about":[{"href":"https:\/\/dersuessestopp.com\/hr\/wp-json\/wp\/v2\/types\/product"}],"replies":[{"embeddable":true,"href":"https:\/\/dersuessestopp.com\/hr\/wp-json\/wp\/v2\/comments?post=10413"}],"version-history":[{"count":4,"href":"https:\/\/dersuessestopp.com\/hr\/wp-json\/wp\/v2\/product\/10413\/revisions"}],"predecessor-version":[{"id":11868,"href":"https:\/\/dersuessestopp.com\/hr\/wp-json\/wp\/v2\/product\/10413\/revisions\/11868"}],"wp:featuredmedia":[{"embeddable":true,"href":"https:\/\/dersuessestopp.com\/hr\/wp-json\/wp\/v2\/media\/10464"}],"wp:attachment":[{"href":"https:\/\/dersuessestopp.com\/hr\/wp-json\/wp\/v2\/media?parent=10413"}],"wp:term":[{"taxonomy":"product_brand","embeddable":true,"href":"https:\/\/dersuessestopp.com\/hr\/wp-json\/wp\/v2\/product_brand?post=10413"},{"taxonomy":"product_cat","embeddable":true,"href":"https:\/\/dersuessestopp.com\/hr\/wp-json\/wp\/v2\/product_cat?post=10413"},{"taxonomy":"product_tag","embeddable":true,"href":"https:\/\/dersuessestopp.com\/hr\/wp-json\/wp\/v2\/product_tag?post=10413"}],"curies":[{"name":"wp","href":"https:\/\/api.w.org\/{rel}","templated":true}]}}