{"id":10339,"date":"2025-09-29T14:59:12","date_gmt":"2025-09-29T14:59:12","guid":{"rendered":"https:\/\/dersuessestopp.com\/?post_type=product&#038;p=10339"},"modified":"2025-10-08T22:18:48","modified_gmt":"2025-10-08T22:18:48","slug":"fr-372-vgc-st","status":"publish","type":"product","link":"https:\/\/dersuessestopp.com\/hr\/product\/fr-372-vgc-st\/","title":{"rendered":"FR 372 VGC ST"},"content":{"rendered":"<p><img fetchpriority=\"high\" decoding=\"async\" class=\"alignnone size-full wp-image-11871\" src=\"https:\/\/dersuessestopp.com\/wp-content\/uploads\/2025\/09\/FR372VGCST_FR372VST-Dettagli.jpg\" alt=\"\" width=\"2000\" height=\"600\" srcset=\"https:\/\/dersuessestopp.com\/wp-content\/uploads\/2025\/09\/FR372VGCST_FR372VST-Dettagli.jpg 2000w, https:\/\/dersuessestopp.com\/wp-content\/uploads\/2025\/09\/FR372VGCST_FR372VST-Dettagli-300x90.jpg 300w, https:\/\/dersuessestopp.com\/wp-content\/uploads\/2025\/09\/FR372VGCST_FR372VST-Dettagli-1024x307.jpg 1024w, https:\/\/dersuessestopp.com\/wp-content\/uploads\/2025\/09\/FR372VGCST_FR372VST-Dettagli-768x230.jpg 768w, https:\/\/dersuessestopp.com\/wp-content\/uploads\/2025\/09\/FR372VGCST_FR372VST-Dettagli-1536x461.jpg 1536w, https:\/\/dersuessestopp.com\/wp-content\/uploads\/2025\/09\/FR372VGCST_FR372VST-Dettagli-250x75.jpg 250w, https:\/\/dersuessestopp.com\/wp-content\/uploads\/2025\/09\/FR372VGCST_FR372VST-Dettagli-600x180.jpg 600w\" sizes=\"(max-width: 2000px) 100vw, 2000px\" \/><\/p>\n<p>&nbsp;<\/p>\n<p data-start=\"241\" data-end=\"476\">The <strong data-start=\"245\" data-end=\"262\">FR 372 VGC ST<\/strong> je profesionalac <strong data-start=\"281\" data-end=\"321\">stati\u010dki vertikalni zamrziva\u010d s ventilatorom<\/strong> dizajnirano za skladi\u0161tenje i izlaganje smrznutih proizvoda. Rad izme\u0111u <strong data-start=\"389\" data-end=\"410\">-24 \u00b0C i -18 \u00b0C<\/strong>, jam\u010di stabilno hla\u0111enje i energetski u\u010dinkovite performanse.<\/p>\n<p data-start=\"478\" data-end=\"696\">Njegovo <strong data-start=\"482\" data-end=\"516\">staklena vrata s pozadinskim osvjetljenjem nadstre\u0161nice<\/strong> i <strong data-start=\"521\" data-end=\"546\">LED unutarnja rasvjeta<\/strong> osigurati izvrsnu vidljivost proizvoda, dok <strong data-start=\"594\" data-end=\"619\">mehani\u010dki termostat<\/strong> i <strong data-start=\"624\" data-end=\"649\">ru\u010dni sustav odmrzavanja<\/strong> osigurati pouzdan rad s niskim odr\u017eavanjem.<\/p>\n<p data-start=\"698\" data-end=\"717\"><strong data-start=\"698\" data-end=\"715\">Klju\u010dne zna\u010dajke:<\/strong><\/p>\n<ul data-start=\"718\" data-end=\"967\">\n<li data-start=\"718\" data-end=\"749\">\n<p data-start=\"720\" data-end=\"749\">Stati\u010dko hla\u0111enje uz pomo\u0107 ventilatora<\/p>\n<\/li>\n<li data-start=\"750\" data-end=\"788\">\n<p data-start=\"752\" data-end=\"788\">Raspon temperature: -24 \u00b0C \/ -18 \u00b0C<\/p>\n<\/li>\n<li data-start=\"789\" data-end=\"828\">\n<p data-start=\"791\" data-end=\"828\">5 podesivih polica (488 \u00d7 392 mm)<\/p>\n<\/li>\n<li data-start=\"829\" data-end=\"874\">\n<p data-start=\"831\" data-end=\"874\">Samozatvaraju\u0107a staklena vrata s bravom i klju\u010dem<\/p>\n<\/li>\n<li data-start=\"875\" data-end=\"910\">\n<p data-start=\"877\" data-end=\"910\">LED rasvjeta i pozadinsko osvjetljenje nadstre\u0161nice<\/p>\n<\/li>\n<li data-start=\"911\" data-end=\"943\">\n<p data-start=\"913\" data-end=\"943\">2 kota\u010da + 2 podesive no\u017eice<\/p>\n<\/li>\n<li data-start=\"944\" data-end=\"967\">\n<p data-start=\"946\" data-end=\"967\">Neto kapacitet: 361 l<\/p>\n<\/li>\n<\/ul>\n<p data-start=\"969\" data-end=\"1051\">Izdr\u017eljiv, u\u010dinkovit i elegantan \u2014 idealan za profesionalno izlaganje smrznutih proizvoda.<\/p>\n<table style=\"height: 665px;\" width=\"524\" cellspacing=\"0\">\n<tbody>\n<tr>\n<td bgcolor=\"#FFFFFF\">\n<p class=\"s12\">\u00a0Dimenzije mm<\/p>\n<\/td>\n<td bgcolor=\"#FFFFFF\">\n<p class=\"s12\">FR 372 VGC ST<\/p>\n<\/td>\n<td bgcolor=\"#FFFFFF\">\n<p class=\"s12\"><span dir=\"auto\">FR 372 V ST<\/span><\/p>\n<\/td>\n<\/tr>\n<tr>\n<td>\n<p class=\"s13\">Vanjske dimenzije (\u0160xDxV)<\/p>\n<\/td>\n<td>\n<p class=\"s13\">640 x 670 x 2056<\/p>\n<\/td>\n<td>\n<p class=\"s13\">640 x 670 x 1875<\/p>\n<\/td>\n<\/tr>\n<tr>\n<td>\n<p class=\"s13\"><span dir=\"auto\">Dimenzije pakiranja (\u00a0<\/span><span dir=\"auto\">\u0160xDxV)<\/span><\/p>\n<\/td>\n<td>\n<p class=\"s13\">650 x 710 x 2160<\/p>\n<\/td>\n<td>\n<p class=\"s13\">650 x 710 x 1975<\/p>\n<\/td>\n<\/tr>\n<tr>\n<td>\n<p class=\"s13\"><span dir=\"auto\">\u00a0<\/span><span dir=\"auto\">\u0160irina<\/span><\/p>\n<\/td>\n<td>\n<p class=\"s13\">490<\/p>\n<\/td>\n<td>\n<p class=\"s13\"><span dir=\"auto\">490<\/span><\/p>\n<\/td>\n<\/tr>\n<tr>\n<td>\n<p class=\"s13\"><span dir=\"auto\">Dubina<\/span><\/p>\n<\/td>\n<td>\n<p class=\"s13\">469<\/p>\n<\/td>\n<td>\n<p class=\"s13\"><span dir=\"auto\">469<\/span><\/p>\n<\/td>\n<\/tr>\n<tr>\n<td>\n<p class=\"s13\"><span dir=\"auto\">Visina<\/span><\/p>\n<\/td>\n<td>\n<p class=\"s13\">1570<\/p>\n<\/td>\n<td>\n<p class=\"s13\"><span dir=\"auto\">1570<\/span><\/p>\n<\/td>\n<\/tr>\n<tr>\n<td>\n<p class=\"s13\"><span dir=\"auto\">Min. visina<\/span><\/p>\n<\/td>\n<td>\n<p class=\"s13\">259<\/p>\n<\/td>\n<td>\n<p class=\"s13\"><span dir=\"auto\">259<\/span><\/p>\n<\/td>\n<\/tr>\n<tr>\n<td>\n<p class=\"s13\"><span dir=\"auto\">\u00a0<\/span><span dir=\"auto\">Min. \u0161irina<\/span><\/p>\n<\/td>\n<td>\n<p class=\"s13\">1470<\/p>\n<\/td>\n<td>\n<p class=\"s13\"><span dir=\"auto\">1470<\/span><\/p>\n<\/td>\n<\/tr>\n<tr>\n<td>\n<p class=\"s13\"><span dir=\"auto\">Strana\u00a0<\/span><span dir=\"auto\">Naljepnica<\/span><\/p>\n<\/td>\n<td>\n<p class=\"s13\">537 x 2020<\/p>\n<\/td>\n<td>\n<p class=\"s13\">537 x 1832<\/p>\n<\/td>\n<\/tr>\n<tr>\n<td>\n<p class=\"s13\"><span dir=\"auto\">Naljepnica za staklo<\/span><\/p>\n<\/td>\n<td>\n<p class=\"s13\">548 x 1560<\/p>\n<\/td>\n<td>\n<p class=\"s13\"><span dir=\"auto\">548 x 1560<\/span><\/p>\n<\/td>\n<\/tr>\n<tr>\n<td>\n<p class=\"s13\"><span dir=\"auto\">Naljepnica za baldahin<\/span><\/p>\n<\/td>\n<td>\n<p class=\"s13\">625 x 187<\/p>\n<\/td>\n<td>\n<p class=\"s13\">&#8211;<\/p>\n<\/td>\n<\/tr>\n<\/tbody>\n<\/table>\n<p>&nbsp;<\/p>\n<table style=\"height: 1452px;\" width=\"990\" cellspacing=\"0\">\n<tbody>\n<tr>\n<td bgcolor=\"#FFFFFF\">\n<p class=\"s12\"><span dir=\"auto\">Tehni\u010dke zna\u010dajke<\/span><\/p>\n<\/td>\n<td bgcolor=\"#FFFFFF\">\n<p class=\"s12\"><span dir=\"auto\">FR 372 VGC ST<\/span><\/p>\n<\/td>\n<td bgcolor=\"#FFFFFF\">\n<p class=\"s12\"><span dir=\"auto\">FR 372 V ST<\/span><\/p>\n<\/td>\n<\/tr>\n<tr>\n<td>\n<p class=\"s13\">Raspon temperature<\/p>\n<\/td>\n<td>\n<p class=\"s13\">-24 \u00b0C \/ -18 \u00b0C<\/p>\n<\/td>\n<td>\n<p class=\"s13\"><span dir=\"auto\">-24 \u00b0C \/ -18 \u00b0C<\/span><\/p>\n<\/td>\n<\/tr>\n<tr>\n<td>\n<p class=\"s13\"><span dir=\"auto\">Klima\u00a0<\/span><span dir=\"auto\">Razred<\/span><\/p>\n<\/td>\n<td>\n<p class=\"s13\">4<\/p>\n<\/td>\n<td>\n<p class=\"s13\"><span dir=\"auto\">4<\/span><\/p>\n<\/td>\n<\/tr>\n<tr>\n<td>\n<p class=\"s13\">\u00a0Neto bruto volumen<\/p>\n<\/td>\n<td>\n<p class=\"s13\">Poru\u010dnik 361\/382<\/p>\n<\/td>\n<td>\n<p class=\"s13\"><span dir=\"auto\">Poru\u010dnik 361\/382<\/span><\/p>\n<\/td>\n<\/tr>\n<tr>\n<td>\n<p class=\"s13\"><span dir=\"auto\">Vanjska povr\u0161ina tijela<\/span><\/p>\n<\/td>\n<td>\n<p class=\"s13\"><span dir=\"auto\">Prethodno obojeni lim <\/span><span dir=\"auto\">s antikorozivnom obradom<\/span><\/p>\n<\/td>\n<td>\n<p class=\"s13\"><span dir=\"auto\">Prethodno obojeni lim <\/span><span dir=\"auto\">s antikorozivnom obradom<\/span><\/p>\n<\/td>\n<\/tr>\n<tr>\n<td>\n<p class=\"s13\"><span dir=\"auto\">Unutarnji\u00a0<\/span><span dir=\"auto\">Obloga<\/span><\/p>\n<\/td>\n<td>\n<p class=\"s13\"><span dir=\"auto\">ABS<\/span><\/p>\n<\/td>\n<td>\n<p class=\"s13\"><span dir=\"auto\">ABS<\/span><\/p>\n<\/td>\n<\/tr>\n<tr>\n<td>\n<p class=\"s13\">Termometar<\/p>\n<\/td>\n<td>\n<p class=\"s13\"><span dir=\"auto\">Analogni<\/span><span dir=\"auto\">\u200b<\/span><\/p>\n<\/td>\n<td>\n<p class=\"s13\"><span dir=\"auto\">Analogni<\/span><span dir=\"auto\">\u200b<\/span><\/p>\n<\/td>\n<\/tr>\n<tr>\n<td>\n<p class=\"s13\"><span dir=\"auto\">Regulator temperature \/\u00a0<\/span><span dir=\"auto\">Kontroler<\/span><\/p>\n<\/td>\n<td>\n<p class=\"s13\"><span dir=\"auto\">Mehani\u010dki<\/span><\/p>\n<\/td>\n<td>\n<p class=\"s13\"><span dir=\"auto\">Mehani\u010dki<\/span><\/p>\n<\/td>\n<\/tr>\n<tr>\n<td>\n<p class=\"s13\"><span dir=\"auto\">Buka\u00a0<\/span><span dir=\"auto\">razina<\/span><\/p>\n<\/td>\n<td>\n<p class=\"s13\">dB 54<\/p>\n<\/td>\n<td>\n<p class=\"s13\"><span dir=\"auto\">dB 54<\/span><\/p>\n<\/td>\n<\/tr>\n<tr>\n<td>\n<p class=\"s13\">Debljina izolacije<\/p>\n<\/td>\n<td>\n<p class=\"s13\">60 mm<\/p>\n<\/td>\n<td>\n<p class=\"s13\"><span dir=\"auto\">60 mm<\/span><\/p>\n<\/td>\n<\/tr>\n<tr>\n<td>\n<p class=\"s13\"><span dir=\"auto\">Odmrzavanje<\/span><\/p>\n<\/td>\n<td>\n<p class=\"s13\"><span dir=\"auto\">\u00a0<\/span><span dir=\"auto\">Priru\u010dnik<\/span><\/p>\n<\/td>\n<td>\n<p class=\"s13\"><span dir=\"auto\">Priru\u010dnik<\/span><\/p>\n<\/td>\n<\/tr>\n<tr>\n<td>\n<p class=\"s13\"><span dir=\"auto\">Rasvjeta<\/span><span dir=\"auto\">\u200b<\/span><\/p>\n<\/td>\n<td>\n<p class=\"s13\"><span dir=\"auto\">1 horizontalna LED dioda<\/span><\/p>\n<\/td>\n<td>\n<p class=\"s13\"><span dir=\"auto\">1 horizontalna LED dioda<\/span><\/p>\n<\/td>\n<\/tr>\n<tr>\n<td>\n<p class=\"s13\"><span dir=\"auto\">Samo-\u00a0<\/span><span dir=\"auto\">zatvaranje vrata<\/span><\/p>\n<\/td>\n<td>\n<p class=\"s13\"><span dir=\"auto\">Da<\/span><span dir=\"auto\">\u200b<\/span><\/p>\n<\/td>\n<td>\n<p class=\"s13\"><span dir=\"auto\">Da<\/span><span dir=\"auto\">\u200b<\/span><\/p>\n<\/td>\n<\/tr>\n<tr>\n<td>\n<p class=\"s13\"><span dir=\"auto\">Zaklju\u010daj\u00a0<\/span><span dir=\"auto\">i klju\u010d<\/span><\/p>\n<\/td>\n<td>\n<p class=\"s13\"><span dir=\"auto\">Da<\/span><span dir=\"auto\">\u200b<\/span><\/p>\n<\/td>\n<td>\n<p class=\"s14\"><span dir=\"auto\">&#8211;<\/span><\/p>\n<\/td>\n<\/tr>\n<tr>\n<td>\n<p class=\"s13\">Police (\u0160xV)<\/p>\n<\/td>\n<td>\n<p class=\"s13\">Br. 5 \u2013 488 x 392 mm<\/p>\n<\/td>\n<td>\n<p class=\"s13\"><span dir=\"auto\">Br. 5 \u2013 488 x 392 mm<\/span><\/p>\n<\/td>\n<\/tr>\n<tr>\n<td>\n<p class=\"s13\"><span dir=\"auto\">Kota\u010di\u0107i-Noge\u00a0<\/span><\/p>\n<\/td>\n<td>\n<p class=\"s14\">2 noge \u2013 2 kota\u010di\u0107a<\/p>\n<\/td>\n<td>\n<p class=\"s14\"><span dir=\"auto\">2 noge \u2013 2 kota\u010di\u0107a<\/span><\/p>\n<\/td>\n<\/tr>\n<tr>\n<td>\n<p class=\"s13\"><span dir=\"auto\">Neto-\u00a0<\/span><span dir=\"auto\">Bruto te\u017eina<\/span><\/p>\n<\/td>\n<td>\n<p class=\"s13\">Kg 100 \/ 109<\/p>\n<\/td>\n<td>\n<p class=\"s13\">Kg 98 \/ 106<\/p>\n<\/td>\n<\/tr>\n<tr>\n<td>\n<p class=\"s13\"><span dir=\"auto\">Napon<\/span><span dir=\"auto\">\u200b<\/span><\/p>\n<\/td>\n<td>\n<p class=\"s13\"><span dir=\"auto\">Na 220-240<\/span><\/p>\n<\/td>\n<td>\n<p class=\"s13\"><span dir=\"auto\">Na 220-240<\/span><\/p>\n<\/td>\n<\/tr>\n<tr>\n<td>\n<p class=\"s13\"><span dir=\"auto\">Frekvencija<\/span><span dir=\"auto\">\u200b<\/span><\/p>\n<\/td>\n<td>\n<p class=\"s13\">Hz 50<\/p>\n<\/td>\n<td>\n<p class=\"s13\"><span dir=\"auto\">Hz 50<\/span><\/p>\n<\/td>\n<\/tr>\n<tr>\n<td>\n<p class=\"s13\"><span dir=\"auto\">Rashladno sredstvo<\/span><\/p>\n<\/td>\n<td>\n<p class=\"s13\"><span dir=\"auto\">290 kuna<\/span><\/p>\n<\/td>\n<td>\n<p class=\"s13\"><span dir=\"auto\">290 kuna<\/span><\/p>\n<\/td>\n<\/tr>\n<tr>\n<td>\n<p class=\"s13\"><span dir=\"auto\">Apsorpcija<\/span><span dir=\"auto\">\u200b<\/span><\/p>\n<\/td>\n<td>\n<p class=\"s13\"><span dir=\"auto\">Godine 598.<\/span><\/p>\n<\/td>\n<td>\n<p class=\"s13\"><span dir=\"auto\">Godine 598.<\/span><\/p>\n<\/td>\n<\/tr>\n<tr>\n<td>\n<p class=\"s13\"><span dir=\"auto\">Energija\u00a0<\/span><span dir=\"auto\">Potro\u0161nja<\/span><\/p>\n<\/td>\n<td>\n<p class=\"s13\"><span dir=\"auto\">kWh\/24 sata 13,00<\/span><\/p>\n<\/td>\n<td>\n<p class=\"s13\"><span dir=\"auto\">kWh\/24 sata 13,00<\/span><\/p>\n<\/td>\n<\/tr>\n<\/tbody>\n<\/table>","protected":false},"excerpt":{"rendered":"<p>-24 \u00b0C \/ -18 \u00b0C Stati\u010dki uspravni zamrziva\u010d s mije\u0161alicom<\/p>","protected":false},"featured_media":10390,"comment_status":"open","ping_status":"closed","template":"","meta":[],"product_brand":[],"product_cat":[99,53],"product_tag":[],"class_list":{"0":"post-10339","1":"product","2":"type-product","3":"status-publish","4":"has-post-thumbnail","6":"product_cat-upright-freezers","7":"product_cat-pastry-bakery-cooling","9":"first","10":"instock","11":"shipping-taxable","12":"purchasable","13":"product-type-simple"},"_links":{"self":[{"href":"https:\/\/dersuessestopp.com\/hr\/wp-json\/wp\/v2\/product\/10339","targetHints":{"allow":["GET"]}}],"collection":[{"href":"https:\/\/dersuessestopp.com\/hr\/wp-json\/wp\/v2\/product"}],"about":[{"href":"https:\/\/dersuessestopp.com\/hr\/wp-json\/wp\/v2\/types\/product"}],"replies":[{"embeddable":true,"href":"https:\/\/dersuessestopp.com\/hr\/wp-json\/wp\/v2\/comments?post=10339"}],"version-history":[{"count":3,"href":"https:\/\/dersuessestopp.com\/hr\/wp-json\/wp\/v2\/product\/10339\/revisions"}],"predecessor-version":[{"id":11873,"href":"https:\/\/dersuessestopp.com\/hr\/wp-json\/wp\/v2\/product\/10339\/revisions\/11873"}],"wp:featuredmedia":[{"embeddable":true,"href":"https:\/\/dersuessestopp.com\/hr\/wp-json\/wp\/v2\/media\/10390"}],"wp:attachment":[{"href":"https:\/\/dersuessestopp.com\/hr\/wp-json\/wp\/v2\/media?parent=10339"}],"wp:term":[{"taxonomy":"product_brand","embeddable":true,"href":"https:\/\/dersuessestopp.com\/hr\/wp-json\/wp\/v2\/product_brand?post=10339"},{"taxonomy":"product_cat","embeddable":true,"href":"https:\/\/dersuessestopp.com\/hr\/wp-json\/wp\/v2\/product_cat?post=10339"},{"taxonomy":"product_tag","embeddable":true,"href":"https:\/\/dersuessestopp.com\/hr\/wp-json\/wp\/v2\/product_tag?post=10339"}],"curies":[{"name":"wp","href":"https:\/\/api.w.org\/{rel}","templated":true}]}}