{"id":10333,"date":"2025-09-29T14:59:11","date_gmt":"2025-09-29T14:59:11","guid":{"rendered":"https:\/\/dersuessestopp.com\/?post_type=product&#038;p=10333"},"modified":"2025-09-29T14:59:27","modified_gmt":"2025-09-29T14:59:27","slug":"sjekira-400-btv-gn1-1","status":"publish","type":"product","link":"https:\/\/dersuessestopp.com\/hr\/product\/ax-400-btv-gn1-1\/","title":{"rendered":"AX 400 BTV \u2013 GN1-1"},"content":{"rendered":"<p>-20 \u00b0C \/ -10 \u00b0C Ventilirani ormar od nehr\u0111aju\u0107eg \u010delika. Negativna temperatura<\/p>","protected":false},"excerpt":{"rendered":"<p>-20 \u00b0C \/ -10 \u00b0C Ventilirani ormar od nehr\u0111aju\u0107eg \u010delika. Negativna temperatura<\/p>","protected":false},"featured_media":10380,"comment_status":"open","ping_status":"closed","template":"","meta":[],"product_brand":[],"product_cat":[105],"product_tag":[],"class_list":{"0":"post-10333","1":"product","2":"type-product","3":"status-publish","4":"has-post-thumbnail","6":"product_cat-stainless-steel-cabinets","8":"first","9":"instock","10":"shipping-taxable","11":"purchasable","12":"product-type-simple"},"_links":{"self":[{"href":"https:\/\/dersuessestopp.com\/hr\/wp-json\/wp\/v2\/product\/10333","targetHints":{"allow":["GET"]}}],"collection":[{"href":"https:\/\/dersuessestopp.com\/hr\/wp-json\/wp\/v2\/product"}],"about":[{"href":"https:\/\/dersuessestopp.com\/hr\/wp-json\/wp\/v2\/types\/product"}],"replies":[{"embeddable":true,"href":"https:\/\/dersuessestopp.com\/hr\/wp-json\/wp\/v2\/comments?post=10333"}],"version-history":[{"count":1,"href":"https:\/\/dersuessestopp.com\/hr\/wp-json\/wp\/v2\/product\/10333\/revisions"}],"predecessor-version":[{"id":10381,"href":"https:\/\/dersuessestopp.com\/hr\/wp-json\/wp\/v2\/product\/10333\/revisions\/10381"}],"wp:featuredmedia":[{"embeddable":true,"href":"https:\/\/dersuessestopp.com\/hr\/wp-json\/wp\/v2\/media\/10380"}],"wp:attachment":[{"href":"https:\/\/dersuessestopp.com\/hr\/wp-json\/wp\/v2\/media?parent=10333"}],"wp:term":[{"taxonomy":"product_brand","embeddable":true,"href":"https:\/\/dersuessestopp.com\/hr\/wp-json\/wp\/v2\/product_brand?post=10333"},{"taxonomy":"product_cat","embeddable":true,"href":"https:\/\/dersuessestopp.com\/hr\/wp-json\/wp\/v2\/product_cat?post=10333"},{"taxonomy":"product_tag","embeddable":true,"href":"https:\/\/dersuessestopp.com\/hr\/wp-json\/wp\/v2\/product_tag?post=10333"}],"curies":[{"name":"wp","href":"https:\/\/api.w.org\/{rel}","templated":true}]}}