{"id":10331,"date":"2025-09-29T14:59:11","date_gmt":"2025-09-29T14:59:11","guid":{"rendered":"https:\/\/dersuessestopp.com\/?post_type=product&#038;p=10331"},"modified":"2025-09-29T14:59:25","modified_gmt":"2025-09-29T14:59:25","slug":"sjekira-600-riba","status":"publish","type":"product","link":"https:\/\/dersuessestopp.com\/hr\/product\/ax-600-fish\/","title":{"rendered":"AX 600 RIBA"},"content":{"rendered":"<p>-5 \u00b0C \/ +5 \u00b0C Ventilirani ormar od nehr\u0111aju\u0107eg \u010delika. Negativna temperatura<\/p>","protected":false},"excerpt":{"rendered":"<p>-5 \u00b0C \/ +5 \u00b0C Ventilirani ormar od nehr\u0111aju\u0107eg \u010delika. Negativna temperatura<\/p>","protected":false},"featured_media":10376,"comment_status":"open","ping_status":"closed","template":"","meta":[],"product_brand":[],"product_cat":[105],"product_tag":[],"class_list":{"0":"post-10331","1":"product","2":"type-product","3":"status-publish","4":"has-post-thumbnail","6":"product_cat-stainless-steel-cabinets","8":"first","9":"instock","10":"shipping-taxable","11":"purchasable","12":"product-type-simple"},"_links":{"self":[{"href":"https:\/\/dersuessestopp.com\/hr\/wp-json\/wp\/v2\/product\/10331","targetHints":{"allow":["GET"]}}],"collection":[{"href":"https:\/\/dersuessestopp.com\/hr\/wp-json\/wp\/v2\/product"}],"about":[{"href":"https:\/\/dersuessestopp.com\/hr\/wp-json\/wp\/v2\/types\/product"}],"replies":[{"embeddable":true,"href":"https:\/\/dersuessestopp.com\/hr\/wp-json\/wp\/v2\/comments?post=10331"}],"version-history":[{"count":1,"href":"https:\/\/dersuessestopp.com\/hr\/wp-json\/wp\/v2\/product\/10331\/revisions"}],"predecessor-version":[{"id":10377,"href":"https:\/\/dersuessestopp.com\/hr\/wp-json\/wp\/v2\/product\/10331\/revisions\/10377"}],"wp:featuredmedia":[{"embeddable":true,"href":"https:\/\/dersuessestopp.com\/hr\/wp-json\/wp\/v2\/media\/10376"}],"wp:attachment":[{"href":"https:\/\/dersuessestopp.com\/hr\/wp-json\/wp\/v2\/media?parent=10331"}],"wp:term":[{"taxonomy":"product_brand","embeddable":true,"href":"https:\/\/dersuessestopp.com\/hr\/wp-json\/wp\/v2\/product_brand?post=10331"},{"taxonomy":"product_cat","embeddable":true,"href":"https:\/\/dersuessestopp.com\/hr\/wp-json\/wp\/v2\/product_cat?post=10331"},{"taxonomy":"product_tag","embeddable":true,"href":"https:\/\/dersuessestopp.com\/hr\/wp-json\/wp\/v2\/product_tag?post=10331"}],"curies":[{"name":"wp","href":"https:\/\/api.w.org\/{rel}","templated":true}]}}