{"id":10270,"date":"2025-09-29T14:58:51","date_gmt":"2025-09-29T14:58:51","guid":{"rendered":"https:\/\/dersuessestopp.com\/?post_type=product&#038;p=10270"},"modified":"2025-10-09T00:15:22","modified_gmt":"2025-10-09T00:15:22","slug":"cax-2100-bt","status":"publish","type":"product","link":"https:\/\/dersuessestopp.com\/hr\/product\/cax-2100-bt\/","title":{"rendered":"CXF 2100 BT"},"content":{"rendered":"<p>&nbsp;<\/p>\n<h2><img decoding=\"async\" src=\"https:\/\/customer.klimaitalia.it\/api\/file\/image\/6658\" \/><\/h2>\n<h2>Opis proizvoda<\/h2>\n<p data-start=\"225\" data-end=\"743\">The <strong data-start=\"229\" data-end=\"244\">CXF 2100 BT<\/strong> je profesionalac <strong data-start=\"263\" data-end=\"302\">Ventilirani zamrziva\u010d s dvoja vrata<\/strong>, izgra\u0111en u potpunosti od premium materijala <strong data-start=\"332\" data-end=\"360\">Nehr\u0111aju\u0107i \u010delik AISI 304<\/strong> za maksimalnu izdr\u017eljivost i higijenu. Idealan za restorane, barove i ugostiteljske objekte, pru\u017ea pouzdano skladi\u0161tenje na niskim temperaturama unutar <strong data-start=\"505\" data-end=\"523\">\u201322\u00b0C do \u201318\u00b0C<\/strong> raspon. Sadr\u017ei <strong data-start=\"544\" data-end=\"569\">elektroni\u010dki termostat<\/strong>, <strong data-start=\"571\" data-end=\"598\">vrata s mekim zatvaranjem<\/strong>, i <strong data-start=\"604\" data-end=\"625\">automatsko odmrzavanje<\/strong> S elektri\u010dnim grija\u010dem, ova jedinica osigurava dosljedne performanse i jednostavno odr\u017eavanje u okru\u017eenjima s visokim zahtjevima.<\/p>\n<p data-start=\"745\" data-end=\"764\"><strong data-start=\"745\" data-end=\"762\">Klju\u010dne zna\u010dajke:<\/strong><\/p>\n<ul data-start=\"765\" data-end=\"1122\">\n<li data-start=\"765\" data-end=\"806\">\n<p data-start=\"767\" data-end=\"806\"><strong data-start=\"767\" data-end=\"789\">Raspon temperature:<\/strong> \u201322\u00b0C do \u201318\u00b0C<\/p>\n<\/li>\n<li data-start=\"807\" data-end=\"861\">\n<p data-start=\"809\" data-end=\"861\"><strong data-start=\"809\" data-end=\"838\">Ventilirani sustav hla\u0111enja<\/strong> za ravnomjerno zamrzavanje<\/p>\n<\/li>\n<li data-start=\"862\" data-end=\"916\">\n<p data-start=\"864\" data-end=\"916\"><strong data-start=\"864\" data-end=\"892\">Nehr\u0111aju\u0107i \u010delik AISI 304<\/strong> interijera i eksterijera<\/p>\n<\/li>\n<li data-start=\"917\" data-end=\"957\">\n<p data-start=\"919\" data-end=\"957\"><strong data-start=\"919\" data-end=\"955\">Vrata s mekim zatvaranjem i samozatvaranjem<\/strong><\/p>\n<\/li>\n<li data-start=\"958\" data-end=\"992\">\n<p data-start=\"960\" data-end=\"992\"><strong data-start=\"960\" data-end=\"990\">Automatsko elektri\u010dno odmrzavanje<\/strong><\/p>\n<\/li>\n<li data-start=\"993\" data-end=\"1040\">\n<p data-start=\"995\" data-end=\"1040\"><strong data-start=\"995\" data-end=\"1023\">Opcionalni Smart Link WiFi<\/strong> daljinski upravlja\u010d<\/p>\n<\/li>\n<li data-start=\"1041\" data-end=\"1082\">\n<p data-start=\"1043\" data-end=\"1082\"><strong data-start=\"1043\" data-end=\"1066\">Potro\u0161nja energije:<\/strong> 5,81 kWh\/24 h<\/p>\n<\/li>\n<li data-start=\"1083\" data-end=\"1122\">\n<p data-start=\"1085\" data-end=\"1122\"><strong data-start=\"1085\" data-end=\"1100\">Dimenzije:<\/strong> 1360 \u00d7 700 \u00d7 860 mm<\/p>\n<\/li>\n<\/ul>\n<h2>Tehni\u010dke specifikacije<\/h2>\n<table>\n<tbody>\n<tr>\n<td>Dimenzije mm \/ Dimenzije mm<\/td>\n<td>CXF 2100 TN<\/td>\n<td>CXF 2200 TN<\/td>\n<td>CXF 2100 BT<\/td>\n<td>CXF 2200 BT<\/td>\n<\/tr>\n<tr>\n<td>Vanjske dimenzije (\u0160xDxV)<\/td>\n<td>1360 x 700 x 860*<\/td>\n<td>1360 x 700 x 960*<\/td>\n<td>1360 x 700 x 860*<\/td>\n<td>1360 x 700 x 960*<\/td>\n<\/tr>\n<tr>\n<td>Dimenzije pakiranja (\u0160xDxV)<\/td>\n<td>1390 x 730 x 910<\/td>\n<td>1390 x 730 x 1010<\/td>\n<td>1390 x 730 x 910<\/td>\n<td>1390 x 730 x 1010<\/td>\n<\/tr>\n<tr>\n<td>\u0160irina<\/td>\n<td>795<\/td>\n<td>795<\/td>\n<td>795<\/td>\n<td>795<\/td>\n<\/tr>\n<tr>\n<td>Dubina<\/td>\n<td>580<\/td>\n<td>580<\/td>\n<td>580<\/td>\n<td>580<\/td>\n<\/tr>\n<tr>\n<td>Visina<\/td>\n<td>560<\/td>\n<td>560<\/td>\n<td>560<\/td>\n<td>560<\/td>\n<\/tr>\n<tr>\n<td colspan=\"5\">Ukupna visina jedinica uklju\u010duje no\u017eice pode\u0161ene na minimalnu visinu.<\/td>\n<\/tr>\n<\/tbody>\n<\/table>\n<p>&nbsp;<\/p>\n<table>\n<tbody>\n<tr>\n<td>Caratteristiche Tecniche \/ Tehni\u010dke zna\u010dajke<\/td>\n<td>CXF 2100 TN<\/td>\n<td>CXF 2200 TN<\/td>\n<td>CXF 2100 BT<\/td>\n<td>CXF 2200 BT<\/td>\n<\/tr>\n<tr>\n<td>Raspon temperature<\/td>\n<td>-2 \u00b0C \/ +8 \u00b0C<\/td>\n<td>-2 \u00b0C \/ +8 \u00b0C<\/td>\n<td>-22 \u00b0C \/ -18 \u00b0C<\/td>\n<td>-22 \u00b0C \/ -18 \u00b0C<\/td>\n<\/tr>\n<tr>\n<td>Klimatski razred<\/td>\n<td>5<\/td>\n<td>5<\/td>\n<td>4<\/td>\n<td>4<\/td>\n<\/tr>\n<tr>\n<td>Neto bruto volumen<\/td>\n<td>Poru\u010dnik 190 \/ 313,5<\/td>\n<td>Poru\u010dnik 190 \/ 313,5<\/td>\n<td>Poru\u010dnik 187 \/ 313,5<\/td>\n<td>Poru\u010dnik 187 \/ 313,5<\/td>\n<\/tr>\n<tr>\n<td>Tijelo<\/td>\n<td>Nehr\u0111aju\u0107i \u010delik AISI 304<\/td>\n<td>Nehr\u0111aju\u0107i \u010delik AISI 304<\/td>\n<td>Nehr\u0111aju\u0107i \u010delik AISI 304<\/td>\n<td>Nehr\u0111aju\u0107i \u010delik AISI 304<\/td>\n<\/tr>\n<tr>\n<td>Unutarnja obloga<\/td>\n<td>Nehr\u0111aju\u0107i \u010delik AISI 304<\/td>\n<td>Nehr\u0111aju\u0107i \u010delik AISI 304<\/td>\n<td>Nehr\u0111aju\u0107i \u010delik AISI 304<\/td>\n<td>Nehr\u0111aju\u0107i \u010delik AISI 304<\/td>\n<\/tr>\n<tr>\n<td>Termostat<\/td>\n<td>Elektronika<\/td>\n<td>Elektronika<\/td>\n<td>Elektronika<\/td>\n<td>Elektronika<\/td>\n<\/tr>\n<tr>\n<td>Razina buke<\/td>\n<td>dB 42<\/td>\n<td>dB 42<\/td>\n<td>dB 42<\/td>\n<td>dB 42<\/td>\n<\/tr>\n<tr>\n<td>Daljinski upravlja\u010d<\/td>\n<td>Izborno<\/td>\n<td>Izborno<\/td>\n<td>Izborno<\/td>\n<td>Izborno<\/td>\n<\/tr>\n<tr>\n<td>Debljina izolacije<\/td>\n<td>60 mm<\/td>\n<td>60 mm<\/td>\n<td>60 mm<\/td>\n<td>60 mm<\/td>\n<\/tr>\n<tr>\n<td>Odmrzavanje<\/td>\n<td>Automatski s elektri\u010dnim grija\u010dem<\/td>\n<td>Automatski s elektri\u010dnim grija\u010dem<\/td>\n<td>Automatski s elektri\u010dnim grija\u010dem<\/td>\n<td>Automatski s elektri\u010dnim grija\u010dem<\/td>\n<\/tr>\n<tr>\n<td>Police (\u0160xV)<\/td>\n<td>Br. 2 \u2013 mm 335 x 530 + Br. 2 \u2013 mm 390 x 505<\/td>\n<td>Br. 2 \u2013 mm 335 x 530 + Br. 2 \u2013 mm 390 x 505<\/td>\n<td>Br. 2 \u2013 mm 335 x 530 + Br. 2 \u2013 mm 390 x 505<\/td>\n<td>Br. 2 \u2013 mm 335 x 530 + Br. 2 \u2013 mm 390 x 505<\/td>\n<\/tr>\n<tr>\n<td>Samozatvaraju\u0107a vrata<\/td>\n<td>Meko zatvaranje<\/td>\n<td>Meko zatvaranje<\/td>\n<td>Meko zatvaranje<\/td>\n<td>Meko zatvaranje<\/td>\n<\/tr>\n<tr>\n<td>Visina za\u0161titne naslone<\/td>\n<td>&#8211;<\/td>\n<td>110 mm<\/td>\n<td>&#8211;<\/td>\n<td>110 mm<\/td>\n<\/tr>\n<tr>\n<td>\/ Kota\u010di\u0107i-Noge<\/td>\n<td>4 stope<\/td>\n<td>4 stope<\/td>\n<td>4 stope<\/td>\n<td>4 stope<\/td>\n<\/tr>\n<tr>\n<td>Kota\u010di\u0107i<\/td>\n<td>Opcionalno \u2013 v mm 140<\/td>\n<td>Opcionalno \u2013 v mm 140<\/td>\n<td>Opcionalno \u2013 v mm 140<\/td>\n<td>Opcionalno \u2013 v mm 140<\/td>\n<\/tr>\n<tr>\n<td>Neto-bruto te\u017eina<\/td>\n<td>Kg 98 \/ 113<\/td>\n<td>Kg 108 \/ 138<\/td>\n<td>Kg 103 \/ 118<\/td>\n<td>Kg 111 \/ 141<\/td>\n<\/tr>\n<tr>\n<td>Napon<\/td>\n<td>V 220-240<\/td>\n<td>V 220-240<\/td>\n<td>V 220-240<\/td>\n<td>V 220-240<\/td>\n<\/tr>\n<tr>\n<td>Frekvencija<\/td>\n<td>Hz 50<\/td>\n<td>Hz 50<\/td>\n<td>Hz 50<\/td>\n<td>Hz 50<\/td>\n<\/tr>\n<tr>\n<td>Rashladno sredstvo<\/td>\n<td>R600A<\/td>\n<td>R600A<\/td>\n<td>290 kuna<\/td>\n<td>290 kuna<\/td>\n<\/tr>\n<tr>\n<td>Apsorpcija<\/td>\n<td>Z 300<\/td>\n<td>Z 300<\/td>\n<td>Z 470<\/td>\n<td>Z 470<\/td>\n<\/tr>\n<tr>\n<td>Potro\u0161nja energije<\/td>\n<td>kWh\/24 sata 1,72<\/td>\n<td>kWh\/24 sata 1,72<\/td>\n<td>kWh\/24 sata 5,81<\/td>\n<td>kWh\/24 sata 5,81<\/td>\n<\/tr>\n<\/tbody>\n<\/table>","protected":false},"excerpt":{"rendered":"<p>-20 \u00b0C \/ -10 \u00b0C Ventilirani rashladni stol, dvoja vrata. Negativna temperatura<\/p>","protected":false},"featured_media":10320,"comment_status":"open","ping_status":"closed","template":"","meta":[],"product_brand":[],"product_cat":[51],"product_tag":[],"class_list":{"0":"post-10270","1":"product","2":"type-product","3":"status-publish","4":"has-post-thumbnail","6":"product_cat-kitchen-catering-cooling","8":"first","9":"instock","10":"shipping-taxable","11":"purchasable","12":"product-type-simple"},"_links":{"self":[{"href":"https:\/\/dersuessestopp.com\/hr\/wp-json\/wp\/v2\/product\/10270","targetHints":{"allow":["GET"]}}],"collection":[{"href":"https:\/\/dersuessestopp.com\/hr\/wp-json\/wp\/v2\/product"}],"about":[{"href":"https:\/\/dersuessestopp.com\/hr\/wp-json\/wp\/v2\/types\/product"}],"replies":[{"embeddable":true,"href":"https:\/\/dersuessestopp.com\/hr\/wp-json\/wp\/v2\/comments?post=10270"}],"version-history":[{"count":4,"href":"https:\/\/dersuessestopp.com\/hr\/wp-json\/wp\/v2\/product\/10270\/revisions"}],"predecessor-version":[{"id":11978,"href":"https:\/\/dersuessestopp.com\/hr\/wp-json\/wp\/v2\/product\/10270\/revisions\/11978"}],"wp:featuredmedia":[{"embeddable":true,"href":"https:\/\/dersuessestopp.com\/hr\/wp-json\/wp\/v2\/media\/10320"}],"wp:attachment":[{"href":"https:\/\/dersuessestopp.com\/hr\/wp-json\/wp\/v2\/media?parent=10270"}],"wp:term":[{"taxonomy":"product_brand","embeddable":true,"href":"https:\/\/dersuessestopp.com\/hr\/wp-json\/wp\/v2\/product_brand?post=10270"},{"taxonomy":"product_cat","embeddable":true,"href":"https:\/\/dersuessestopp.com\/hr\/wp-json\/wp\/v2\/product_cat?post=10270"},{"taxonomy":"product_tag","embeddable":true,"href":"https:\/\/dersuessestopp.com\/hr\/wp-json\/wp\/v2\/product_tag?post=10270"}],"curies":[{"name":"wp","href":"https:\/\/api.w.org\/{rel}","templated":true}]}}