{"id":10264,"date":"2025-09-29T14:58:51","date_gmt":"2025-09-29T14:58:51","guid":{"rendered":"https:\/\/dersuessestopp.com\/?post_type=product&#038;p=10264"},"modified":"2025-10-08T23:58:56","modified_gmt":"2025-10-08T23:58:56","slug":"cax-3100-tn-gn1-1","status":"publish","type":"product","link":"https:\/\/dersuessestopp.com\/hr\/product\/cax-3100-tn-gn1-1\/","title":{"rendered":"GN 3100 TN"},"content":{"rendered":"<p data-start=\"167\" data-end=\"597\">The <strong data-start=\"171\" data-end=\"194\">EKOFROST GN 3100 TN<\/strong> je <strong data-start=\"200\" data-end=\"240\">rashladni pult od nehr\u0111aju\u0107eg \u010delika<\/strong> s <strong data-start=\"246\" data-end=\"272\">troja ventilirana vrata<\/strong>, idealno za profesionalne kuhinje i ugostiteljske objekte. Izra\u0111eno od izdr\u017eljivog materijala <strong data-start=\"352\" data-end=\"380\">Nehr\u0111aju\u0107i \u010delik AISI 201<\/strong>, nudi pouzdano hla\u0111enje unutar <strong data-start=\"418\" data-end=\"434\">+2\u00b0C do +8\u00b0C<\/strong> raspon. Opremljen s <strong data-start=\"456\" data-end=\"478\">vrata s mekim zatvaranjem<\/strong>, <strong data-start=\"480\" data-end=\"501\">automatsko odmrzavanje<\/strong>, i <strong data-start=\"507\" data-end=\"526\">podesive no\u017eice<\/strong>, osigurava u\u010dinkovitost, higijenu i prakti\u010dnost u svakodnevnom radu.<\/p>\n<p data-start=\"599\" data-end=\"618\"><strong data-start=\"599\" data-end=\"616\">Klju\u010dne zna\u010dajke:<\/strong><\/p>\n<ul data-start=\"619\" data-end=\"912\">\n<li data-start=\"619\" data-end=\"658\">\n<p data-start=\"621\" data-end=\"658\">Raspon temperature: <strong data-start=\"640\" data-end=\"656\">+2\u00b0C do +8\u00b0C<\/strong><\/p>\n<\/li>\n<li data-start=\"659\" data-end=\"711\">\n<p data-start=\"661\" data-end=\"711\"><strong data-start=\"661\" data-end=\"689\">Nehr\u0111aju\u0107i \u010delik AISI 201<\/strong> interijer i eksterijer<\/p>\n<\/li>\n<li data-start=\"712\" data-end=\"745\">\n<p data-start=\"714\" data-end=\"745\"><strong data-start=\"714\" data-end=\"743\">3 samozatvaraju\u0107a vrata s mekim zatvaranjem<\/strong><\/p>\n<\/li>\n<li data-start=\"746\" data-end=\"805\">\n<p data-start=\"748\" data-end=\"805\"><strong data-start=\"748\" data-end=\"777\">Ventilirani sustav hla\u0111enja<\/strong> s <strong data-start=\"783\" data-end=\"803\">Rashladno sredstvo R290<\/strong><\/p>\n<\/li>\n<li data-start=\"806\" data-end=\"831\">\n<p data-start=\"808\" data-end=\"831\"><strong data-start=\"808\" data-end=\"829\">Automatsko odmrzavanje<\/strong><\/p>\n<\/li>\n<li data-start=\"832\" data-end=\"872\">\n<p data-start=\"834\" data-end=\"872\"><strong data-start=\"834\" data-end=\"857\">Potro\u0161nja energije:<\/strong> 3,34 kWh\/24 h<\/p>\n<\/li>\n<li data-start=\"873\" data-end=\"912\">\n<p data-start=\"875\" data-end=\"912\">Dimenzije: <strong data-start=\"887\" data-end=\"910\">1795 \u00d7 700 \u00d7 850 mm<\/strong><\/p>\n<\/li>\n<li data-start=\"873\" data-end=\"912\"><\/li>\n<\/ul>\n<table style=\"height: 1143px;\" width=\"586\" cellspacing=\"0\">\n<tbody>\n<tr>\n<td colspan=\"2\" bgcolor=\"#FFFFFF\">\n<p class=\"s3\"><span dir=\"auto\">TEHNI\u010cKE INFORMACIJE<\/span><\/p>\n<\/td>\n<\/tr>\n<tr>\n<td>\n<p class=\"s4\"><span dir=\"auto\">Model<\/span><\/p>\n<\/td>\n<td>\n<p class=\"s4\"><span dir=\"auto\">GN 3100 TN<\/span><\/p>\n<\/td>\n<\/tr>\n<tr>\n<td>\n<p class=\"s5\"><span dir=\"auto\">\u00a0Raspon temperature<\/span><\/p>\n<\/td>\n<td>\n<p class=\"s5\"><span dir=\"auto\">+2 \u00b0C \/ +8 \u00b0C<\/span><\/p>\n<\/td>\n<\/tr>\n<tr>\n<td>\n<p class=\"s5\"><span dir=\"auto\">Vanjske dimenzije (\u0160xDxV)<\/span><\/p>\n<\/td>\n<td>\n<p class=\"s5\"><span dir=\"auto\">1795 x 700 x 850 mm<\/span><\/p>\n<\/td>\n<\/tr>\n<tr>\n<td>\n<p class=\"s5\"><span dir=\"auto\">Dimenzije pakiranja (\u0160xDxV)<\/span><\/p>\n<\/td>\n<td>\n<p class=\"s5\"><span dir=\"auto\">1840 x 750 x 880 mm<\/span><\/p>\n<\/td>\n<\/tr>\n<tr>\n<td>\n<p class=\"s5\"><span dir=\"auto\">Unutarnje dimenzije (\u0160xDxV)<\/span><\/p>\n<\/td>\n<td>\n<p class=\"s5\"><span dir=\"auto\">1235 x 580 x 560 mm<\/span><\/p>\n<\/td>\n<\/tr>\n<tr>\n<td>\n<p class=\"s5\"><span dir=\"auto\">Neto volumen<\/span><\/p>\n<\/td>\n<td>\n<p class=\"s5\"><span dir=\"auto\">294 \/ 417 litara<\/span><\/p>\n<\/td>\n<\/tr>\n<tr>\n<td>\n<p class=\"s5\"><span dir=\"auto\">Neto te\u017eina\u00a0<\/span><\/p>\n<\/td>\n<td>\n<p class=\"s5\"><span dir=\"auto\">113\/140 kg<\/span><\/p>\n<\/td>\n<\/tr>\n<tr>\n<td>\n<p class=\"s5\"><span dir=\"auto\">Vanjska povr\u0161ina \/ Tijelo<\/span><\/p>\n<\/td>\n<td>\n<p class=\"s5\"><span dir=\"auto\">Nehr\u0111aju\u0107i \u010delik AISI 201<\/span><\/p>\n<\/td>\n<\/tr>\n<tr>\n<td>\n<p class=\"s5\"><span dir=\"auto\">Unutarnja povr\u0161ina\u00a0<\/span><\/p>\n<\/td>\n<td>\n<p class=\"s5\"><span dir=\"auto\">Nehr\u0111aju\u0107i \u010delik AISI 201<\/span><\/p>\n<\/td>\n<\/tr>\n<tr>\n<td>\n<p class=\"s5\"><span dir=\"auto\">Police<\/span><\/p>\n<\/td>\n<td>\n<p class=\"s5\"><span dir=\"auto\">3 police 333 x 530 mm<\/span><\/p>\n<\/td>\n<\/tr>\n<tr>\n<td>\n<p class=\"s5\"><span dir=\"auto\">Kota\u010di i stopala<\/span><\/p>\n<\/td>\n<td>\n<p class=\"s5\"><span dir=\"auto\">1,8 metara\u00a0<\/span><\/p>\n<\/td>\n<\/tr>\n<tr>\n<td>\n<p class=\"s5\"><span dir=\"auto\">Samozatvaraju\u0107a vrata<\/span><\/p>\n<\/td>\n<td>\n<p class=\"s5\"><span dir=\"auto\">Meko zatvaranje<\/span><\/p>\n<\/td>\n<\/tr>\n<tr>\n<td>\n<p class=\"s5\"><span dir=\"auto\">Rashladno sredstvo<\/span><\/p>\n<\/td>\n<td>\n<p class=\"s5\"><span dir=\"auto\">290 kuna<\/span><\/p>\n<\/td>\n<\/tr>\n<tr>\n<td>\n<p class=\"s5\"><span dir=\"auto\">Debljina izolacije<\/span><\/p>\n<\/td>\n<td>\n<p class=\"s5\"><span dir=\"auto\">60 mm<\/span><\/p>\n<\/td>\n<\/tr>\n<tr>\n<td>\n<p class=\"s5\"><span dir=\"auto\">U\u010destalost \/\u00a0<\/span><b><span dir=\"auto\">Napon<\/span><\/b><\/p>\n<\/td>\n<td>\n<p class=\"s5\"><span dir=\"auto\">50Hz \/ 220V<\/span><\/p>\n<\/td>\n<\/tr>\n<tr>\n<td>\n<p class=\"s5\"><span dir=\"auto\">Klimatski razred<\/span><\/p>\n<\/td>\n<td>\n<p class=\"s5\"><span dir=\"auto\">4<\/span><\/p>\n<\/td>\n<\/tr>\n<tr>\n<td>\n<p class=\"s5\"><span dir=\"auto\">Apsorpcija<\/span><\/p>\n<\/td>\n<td>\n<p class=\"s5\"><span dir=\"auto\">380 W<\/span><\/p>\n<\/td>\n<\/tr>\n<tr>\n<td>\n<p class=\"s5\"><span dir=\"auto\">Potro\u0161nja energije<\/span><\/p>\n<\/td>\n<td>\n<p class=\"s5\"><span dir=\"auto\">kWh\/24 sata 3,34<\/span><\/p>\n<\/td>\n<\/tr>\n<\/tbody>\n<\/table>","protected":false},"excerpt":{"rendered":"<p>-2 \u00b0C \/ +8 \u00b0C Ventilirani rashladni stol, troja vrata. Pozitivna temperatura<\/p>","protected":false},"featured_media":10308,"comment_status":"open","ping_status":"closed","template":"","meta":[],"product_brand":[],"product_cat":[51],"product_tag":[],"class_list":{"0":"post-10264","1":"product","2":"type-product","3":"status-publish","4":"has-post-thumbnail","6":"product_cat-kitchen-catering-cooling","8":"first","9":"instock","10":"shipping-taxable","11":"purchasable","12":"product-type-simple"},"_links":{"self":[{"href":"https:\/\/dersuessestopp.com\/hr\/wp-json\/wp\/v2\/product\/10264","targetHints":{"allow":["GET"]}}],"collection":[{"href":"https:\/\/dersuessestopp.com\/hr\/wp-json\/wp\/v2\/product"}],"about":[{"href":"https:\/\/dersuessestopp.com\/hr\/wp-json\/wp\/v2\/types\/product"}],"replies":[{"embeddable":true,"href":"https:\/\/dersuessestopp.com\/hr\/wp-json\/wp\/v2\/comments?post=10264"}],"version-history":[{"count":5,"href":"https:\/\/dersuessestopp.com\/hr\/wp-json\/wp\/v2\/product\/10264\/revisions"}],"predecessor-version":[{"id":11972,"href":"https:\/\/dersuessestopp.com\/hr\/wp-json\/wp\/v2\/product\/10264\/revisions\/11972"}],"wp:featuredmedia":[{"embeddable":true,"href":"https:\/\/dersuessestopp.com\/hr\/wp-json\/wp\/v2\/media\/10308"}],"wp:attachment":[{"href":"https:\/\/dersuessestopp.com\/hr\/wp-json\/wp\/v2\/media?parent=10264"}],"wp:term":[{"taxonomy":"product_brand","embeddable":true,"href":"https:\/\/dersuessestopp.com\/hr\/wp-json\/wp\/v2\/product_brand?post=10264"},{"taxonomy":"product_cat","embeddable":true,"href":"https:\/\/dersuessestopp.com\/hr\/wp-json\/wp\/v2\/product_cat?post=10264"},{"taxonomy":"product_tag","embeddable":true,"href":"https:\/\/dersuessestopp.com\/hr\/wp-json\/wp\/v2\/product_tag?post=10264"}],"curies":[{"name":"wp","href":"https:\/\/api.w.org\/{rel}","templated":true}]}}